{"id":184,"date":"2022-10-12T14:00:38","date_gmt":"2022-10-12T13:00:38","guid":{"rendered":"http:\/\/theyoungmessiah.com\/collegamento-bisessuale\/"},"modified":"2022-10-12T14:00:38","modified_gmt":"2022-10-12T13:00:38","slug":"collegamento-bisessuale","status":"publish","type":"page","link":"https:\/\/theyoungmessiah.com\/it\/collegamento-bisessuale\/","title":{"rendered":"Collegamento bisessuale"},"content":{"rendered":"<p>Ci sono alcuni diversi siti di incontri bisessuali che puoi usare per entrare in contatto con qualcuno. Questi siti sono progettati specificamente per le persone che sono interessate a uscire o collegarsi con qualcuno che \u00e8 bisessuale. Possono essere un ottimo modo per incontrare nuove persone ed esplorare la tua sessualit\u00e0. Tuttavia, \u00e8 importante essere cauti quando si utilizzano questi siti, in quanto ci sono alcune persone che potrebbero non essere autentiche. Assicurati sempre di chattare con le persone online prima di incontrarle di persona.<\/p>\n<h2>Siti web bisessuali<\/h2>\n<p>Ci sono molti siti web bisessuali che si rivolgono a coloro che sono interessati a uscire con uomini e donne. Questi siti in genere hanno un ampio pool di membri tra cui scegliere e offrono una variet\u00e0 di funzionalit\u00e0 che li rendono facili da usare ed efficaci nell&#8217;aiutare le persone a trovare corrispondenze compatibili. Alcuni dei siti di incontri bisessuali pi\u00f9 popolari includono Bicupid, BiPeopleMeet e BiCurious. Questi siti sono in circolazione da un po &#8216;e hanno stabilito la reputazione di essere affidabili e di successo nell&#8217;aiutare le persone a trovare ci\u00f2 che stanno cercando.<\/p>\n<h2>Incontri Bi Casuali<\/h2>\n<p>Ci sono molte ragioni per provare gli appuntamenti bi casuali. Forse sei curioso di esplorare la tua sessualit\u00e0 o sei interessato a provare qualcosa di nuovo con il tuo partner. Qualunque sia la ragione, gli appuntamenti bi casuali possono essere un ottimo modo per incontrare nuove persone e divertirsi.<\/p>\n<p>Ci sono alcune cose da tenere a mente se stai considerando appuntamenti bi casuali. Innanzitutto, \u00e8 importante essere onesti con te stesso e il tuo partner su ci\u00f2 che stai cercando. Sii chiaro sui tuoi confini e le tue aspettative e assicurati che tutti siano sulla stessa pagina. \u00c8 anche una buona idea fare qualche ricerca in anticipo in modo da sapere cosa aspettarsi.<\/p>\n<p>Se sei aperto e onesto su ci\u00f2 che stai cercando, gli appuntamenti bi casual possono essere un ottimo modo per esplorare la tua sessualit\u00e0 e divertirti. Assicurati solo di comunicare con il tuo partner e stabilisci alcuni limiti in modo che tutti siano a proprio agio e al sicuro.<\/p>\n<p>Non si pu\u00f2 negare che <a href=\"http:\/\/theyoungmessiah.com\/meet-for-sex\/\">gli appuntamenti online abbiano reso il collegamento pi\u00f9 facile che mai<\/a>. Ma per i single bisessuali, pu\u00f2 essere un po &#8216;pi\u00f9 difficile trovare una buona corrispondenza.<\/p>\n<p>Mentre ci sono molti siti di incontri e app che si rivolgono a single eterosessuali, non ci sono cos\u00ec tante opzioni per coloro che si identificano come bisessuali. E per questo motivo, i collegamenti bisessuali possono essere un po &#8216;pi\u00f9 difficili da trovare.<\/p>\n<p>Ma questo non significa che siano impossibili da trovare. Ci sono alcuni siti e app di incontri specifici per bisessuali l\u00e0 fuori, e anche alcuni siti e app di incontri generali che includono tutti gli orientamenti sessuali.<\/p>\n<p>Quindi, se stai cercando un collegamento bisessuale, non disperare. Ci sono molte persone l\u00e0 fuori che sono proprio come te.<\/p>\n<h3>Lovoo \u00b7<\/h3>\n<p>Lovoo \u00e8 un&#8217;app di appuntamenti che sta crescendo in popolarit\u00e0, specialmente tra i single bisessuali. L&#8217;app \u00e8 facile da usare e ha un&#8217;interfaccia user-friendly. Ha anche molte caratteristiche che lo rendono un&#8217;ottima opzione per gli appuntamenti bisessuali. Ad esempio, Lovoo ha una funzione che consente agli utenti di vedere chi \u00e8 online contemporaneamente a loro. Questo \u00e8 ottimo per trovare potenziali corrispondenze online e pronte a chattare. L&#8217;app ha anche una funzione &#8220;matchmaker&#8221; che aiuta gli utenti a trovare potenziali corrispondenze in base ai loro interessi. Nel complesso, Lovoo \u00e8 un&#8217;ottima opzione per i single bisessuali che sono alla ricerca di un&#8217;app di appuntamenti facile da usare e con molte funzionalit\u00e0.<\/p>\n<h3>BoneAMilf \u00b7<\/h3>\n<p>BoneAMilf \u00e8 una nuova app di appuntamenti che sta scuotendo la scena degli appuntamenti online per i bisessuali. Questa app \u00e8 progettata specificamente per coloro che sono attratti da donne mature e vogliono trovare un appuntamento o un collegamento con uno. L&#8217;app \u00e8 facile da usare e ha un&#8217;interfaccia pulita e moderna. Ha anche un ampio database di utenti, quindi sei sicuro di trovare qualcuno che soddisfi i tuoi criteri.<\/p>\n<h3>FriendFinder-X<\/h3>\n<p>FriendFinder-X \u00e8 un&#8217;ottima opzione per single bisessuali o coppie in cerca di divertimento sexy online. Il sito ha milioni di membri in tutto il mondo, quindi c&#8217;\u00e8 sicuramente qualcosa per tutti. Il processo di registrazione \u00e8 semplice e veloce e puoi iniziare a chattare, flirtare e collegarti subito.<\/p>\n<p>Il sito ha molte fantastiche funzionalit\u00e0, tra cui chat dal vivo, chat video e un mondo virtuale in cui puoi esplorare le tue fantasie. Puoi anche trovare membri locali con cui collegarti di persona. FriendFinder-X \u00e8 un&#8217;ottima opzione per chiunque cerchi un po &#8216;di divertimento bisessuale.<\/p>\n<h3>Insieme2notte<\/h3>\n<p>Se stai cercando un&#8217;app di appuntamenti che si rivolge a single bisessuali, allora ti consigliamo di dare un&#8217;occhiata a Together2Night. Questa app \u00e8 uno dei siti di incontri bisessuali pi\u00f9 popolari ed \u00e8 facile capire perch\u00e9. Il sito ha un&#8217;interfaccia pulita e facile da usare ed \u00e8 ricco di funzionalit\u00e0 che semplificano la connessione con altri single bisessuali. Soprattutto, \u00e8 gratuito iscriversi, quindi puoi iniziare subito a incontrare nuove persone.<\/p>\n","protected":false},"excerpt":{"rendered":"<p>Ci sono alcuni diversi siti di incontri bisessuali che puoi usare per entrare in contatto con qualcuno. Questi siti sono progettati specificamente per le persone che sono interessate a uscire o collegarsi con qualcuno che \u00e8 bisessuale. Possono essere un ottimo modo per incontrare nuove persone ed esplorare la tua sessualit\u00e0. Tuttavia, \u00e8 importante essere&#8230;<a class=\"read-more-link button\" href=\"https:\/\/theyoungmessiah.com\/it\/collegamento-bisessuale\/\">Read more<\/a><\/p>\n","protected":false},"author":1,"featured_media":0,"parent":0,"menu_order":0,"comment_status":"closed","ping_status":"closed","template":"","meta":[],"yoast_head":"<!-- This site is optimized with the Yoast SEO plugin v17.7.1 - https:\/\/yoast.com\/wordpress\/plugins\/seo\/ -->\n<title>Collegamento bisessuale - Online Adult Dating<\/title>\n<meta name=\"robots\" content=\"index, follow, max-snippet:-1, max-image-preview:large, max-video-preview:-1\" \/>\n<link rel=\"canonical\" href=\"https:\/\/theyoungmessiah.com\/it\/collegamento-bisessuale\/\" \/>\n<meta property=\"og:locale\" content=\"it_IT\" \/>\n<meta property=\"og:type\" content=\"article\" \/>\n<meta property=\"og:title\" content=\"Collegamento bisessuale - Online Adult Dating\" \/>\n<meta property=\"og:description\" content=\"Ci sono alcuni diversi siti di incontri bisessuali che puoi usare per entrare in contatto con qualcuno. Questi siti sono progettati specificamente per le persone che sono interessate a uscire o collegarsi con qualcuno che \u00e8 bisessuale. Possono essere un ottimo modo per incontrare nuove persone ed esplorare la tua sessualit\u00e0. Tuttavia, \u00e8 importante essere...Read more\" \/>\n<meta property=\"og:url\" content=\"https:\/\/theyoungmessiah.com\/it\/collegamento-bisessuale\/\" \/>\n<meta property=\"og:site_name\" content=\"Online Adult Dating\" \/>\n<meta name=\"twitter:card\" content=\"summary_large_image\" \/>\n<meta name=\"twitter:label1\" content=\"Tempo di lettura stimato\" \/>\n\t<meta name=\"twitter:data1\" content=\"4 minuti\" \/>\n<script type=\"application\/ld+json\" class=\"yoast-schema-graph\">{\"@context\":\"https:\/\/schema.org\",\"@graph\":[{\"@type\":\"WebSite\",\"@id\":\"https:\/\/theyoungmessiah.com\/it\/#website\",\"url\":\"https:\/\/theyoungmessiah.com\/it\/\",\"name\":\"Online Adult Dating\",\"description\":\"Local Sex Hookups\",\"potentialAction\":[{\"@type\":\"SearchAction\",\"target\":{\"@type\":\"EntryPoint\",\"urlTemplate\":\"https:\/\/theyoungmessiah.com\/it\/?s={search_term_string}\"},\"query-input\":\"required name=search_term_string\"}],\"inLanguage\":\"it-IT\"},{\"@type\":\"WebPage\",\"@id\":\"https:\/\/theyoungmessiah.com\/it\/collegamento-bisessuale\/#webpage\",\"url\":\"https:\/\/theyoungmessiah.com\/it\/collegamento-bisessuale\/\",\"name\":\"Collegamento bisessuale - Online Adult Dating\",\"isPartOf\":{\"@id\":\"https:\/\/theyoungmessiah.com\/it\/#website\"},\"datePublished\":\"2022-10-12T13:00:38+00:00\",\"dateModified\":\"2022-10-12T13:00:38+00:00\",\"breadcrumb\":{\"@id\":\"https:\/\/theyoungmessiah.com\/it\/collegamento-bisessuale\/#breadcrumb\"},\"inLanguage\":\"it-IT\",\"potentialAction\":[{\"@type\":\"ReadAction\",\"target\":[\"https:\/\/theyoungmessiah.com\/it\/collegamento-bisessuale\/\"]}]},{\"@type\":\"BreadcrumbList\",\"@id\":\"https:\/\/theyoungmessiah.com\/it\/collegamento-bisessuale\/#breadcrumb\",\"itemListElement\":[{\"@type\":\"ListItem\",\"position\":1,\"name\":\"Home\",\"item\":\"https:\/\/theyoungmessiah.com\/it\/\"},{\"@type\":\"ListItem\",\"position\":2,\"name\":\"Collegamento bisessuale\"}]}]}<\/script>\n<!-- \/ Yoast SEO plugin. -->","yoast_head_json":{"title":"Collegamento bisessuale - Online Adult Dating","robots":{"index":"index","follow":"follow","max-snippet":"max-snippet:-1","max-image-preview":"max-image-preview:large","max-video-preview":"max-video-preview:-1"},"canonical":"https:\/\/theyoungmessiah.com\/it\/collegamento-bisessuale\/","og_locale":"it_IT","og_type":"article","og_title":"Collegamento bisessuale - Online Adult Dating","og_description":"Ci sono alcuni diversi siti di incontri bisessuali che puoi usare per entrare in contatto con qualcuno. Questi siti sono progettati specificamente per le persone che sono interessate a uscire o collegarsi con qualcuno che \u00e8 bisessuale. Possono essere un ottimo modo per incontrare nuove persone ed esplorare la tua sessualit\u00e0. Tuttavia, \u00e8 importante essere...Read more","og_url":"https:\/\/theyoungmessiah.com\/it\/collegamento-bisessuale\/","og_site_name":"Online Adult Dating","twitter_card":"summary_large_image","twitter_misc":{"Tempo di lettura stimato":"4 minuti"},"schema":{"@context":"https:\/\/schema.org","@graph":[{"@type":"WebSite","@id":"https:\/\/theyoungmessiah.com\/it\/#website","url":"https:\/\/theyoungmessiah.com\/it\/","name":"Online Adult Dating","description":"Local Sex Hookups","potentialAction":[{"@type":"SearchAction","target":{"@type":"EntryPoint","urlTemplate":"https:\/\/theyoungmessiah.com\/it\/?s={search_term_string}"},"query-input":"required name=search_term_string"}],"inLanguage":"it-IT"},{"@type":"WebPage","@id":"https:\/\/theyoungmessiah.com\/it\/collegamento-bisessuale\/#webpage","url":"https:\/\/theyoungmessiah.com\/it\/collegamento-bisessuale\/","name":"Collegamento bisessuale - Online Adult Dating","isPartOf":{"@id":"https:\/\/theyoungmessiah.com\/it\/#website"},"datePublished":"2022-10-12T13:00:38+00:00","dateModified":"2022-10-12T13:00:38+00:00","breadcrumb":{"@id":"https:\/\/theyoungmessiah.com\/it\/collegamento-bisessuale\/#breadcrumb"},"inLanguage":"it-IT","potentialAction":[{"@type":"ReadAction","target":["https:\/\/theyoungmessiah.com\/it\/collegamento-bisessuale\/"]}]},{"@type":"BreadcrumbList","@id":"https:\/\/theyoungmessiah.com\/it\/collegamento-bisessuale\/#breadcrumb","itemListElement":[{"@type":"ListItem","position":1,"name":"Home","item":"https:\/\/theyoungmessiah.com\/it\/"},{"@type":"ListItem","position":2,"name":"Collegamento bisessuale"}]}]}},"_links":{"self":[{"href":"https:\/\/theyoungmessiah.com\/it\/wp-json\/wp\/v2\/pages\/184"}],"collection":[{"href":"https:\/\/theyoungmessiah.com\/it\/wp-json\/wp\/v2\/pages"}],"about":[{"href":"https:\/\/theyoungmessiah.com\/it\/wp-json\/wp\/v2\/types\/page"}],"author":[{"embeddable":true,"href":"https:\/\/theyoungmessiah.com\/it\/wp-json\/wp\/v2\/users\/1"}],"replies":[{"embeddable":true,"href":"https:\/\/theyoungmessiah.com\/it\/wp-json\/wp\/v2\/comments?post=184"}],"version-history":[{"count":0,"href":"https:\/\/theyoungmessiah.com\/it\/wp-json\/wp\/v2\/pages\/184\/revisions"}],"wp:attachment":[{"href":"https:\/\/theyoungmessiah.com\/it\/wp-json\/wp\/v2\/media?parent=184"}],"curies":[{"name":"wp","href":"https:\/\/api.w.org\/{rel}","templated":true}]}}