{"id":207,"date":"2022-10-12T13:59:28","date_gmt":"2022-10-12T12:59:28","guid":{"rendered":"http:\/\/theyoungmessiah.com\/siti-di-sugar-mummy\/"},"modified":"2022-10-12T13:59:28","modified_gmt":"2022-10-12T12:59:28","slug":"siti-di-sugar-mummy","status":"publish","type":"page","link":"https:\/\/theyoungmessiah.com\/it\/siti-di-sugar-mummy\/","title":{"rendered":"Siti di Sugar Mummy"},"content":{"rendered":"<p>Ci sono vari siti di mummie di zucchero disponibili su Internet. Questi siti Web forniscono una piattaforma per le donne anziane per connettersi con uomini pi\u00f9 giovani ai fini delle relazioni sessuali. I siti di mummie di zucchero in genere fanno pagare una quota associativa e le donne anziane offrono incentivi finanziari agli uomini pi\u00f9 giovani in cambio di favori sessuali. L&#8217;accordo \u00e8 reciprocamente vantaggioso, poich\u00e9 le donne anziane possono godere della compagnia di uomini pi\u00f9 giovani e attraenti e gli uomini pi\u00f9 giovani sperimentano relazioni sessuali con donne pi\u00f9 anziane e pi\u00f9 esperte.<\/p>\n<h2>Mamma di zucchero locale<\/h2>\n<p>Ci sono molte mamme di zucchero nella scena degli appuntamenti e sono disponibili in tutte le forme e dimensioni. Alcune sono donne anziane che sono alla ricerca di un uomo giovane e bello da viziare e coccolare, mentre altre sono semplicemente alla ricerca di qualcuno che possa farle sentire di nuovo giovani e vive. Non importa quale sia il tuo tipo, ci sar\u00e0 sicuramente una mamma di zucchero l\u00e0 fuori che \u00e8 perfetta per te. Il modo migliore per trovare la tua corrispondenza perfetta \u00e8 uscire e iniziare a uscire! Partecipa a eventi locali per single o iscriviti a un sito di incontri specificamente orientato verso le mamme di zucchero e gli uomini che le amano. Con un piccolo sforzo, sei sicuro di trovare la mamma dello zucchero dei tuoi sogni.<\/p>\n<p>Ci sono alcune cose da tenere a mente quando si cerca una mamma di zucchero online. Innanzitutto, \u00e8 importante essere onesti su ci\u00f2 che stai cercando. Sii chiaro sulle tue intenzioni e assicurati di comunicarle a potenziali corrispondenze. In secondo luogo, sii paziente e sii disposto a metterti al lavoro per trovare la persona giusta per te. Ci sono molte mamme di zucchero l\u00e0 fuori, ma potrebbe volerci del tempo per trovare quella giusta per te. Infine, quando trovi una mamma di zucchero con cui fai clic, assicurati di trattarla con rispetto e apprezzamento.<\/p>\n<h2>Date A Sugar Momma<\/h2>\n<p>Ci sono alcune cose da tenere a mente se sei interessato a uscire con una mamma di zucchero online. Innanzitutto, le mamme di zucchero sono in genere donne anziane, quindi dovrai stare bene con quello. In secondo luogo, di solito cercano qualcuno che possa farli sentire speciali e apprezzati, quindi assicurati di mostrare le tue migliori qualit\u00e0. Infine, probabilmente saranno molto generosi con il loro tempo e denaro, quindi preparati a essere viziato! Se pensi di poter gestire tutto questo, vai avanti e provalo. Chiss\u00e0, potresti trovare la mamma dello zucchero perfetta per te.<\/p>\n<h3>Un sacco di pesce<\/h3>\n<p>Plenty of Fish \u00e8 un&#8217;app di appuntamenti che consente agli utenti di creare un profilo, trovare corrispondenze e chattare con altri utenti. L&#8217;app ha una buona reputazione per essere facile da usare e per fornire un ampio pool di potenziali corrispondenze. Tuttavia, alcuni utenti si sono lamentati del fatto che l&#8217;app \u00e8 buggata e che \u00e8 difficile annullare un abbonamento. Nel complesso, Plenty of Fish \u00e8 una buona opzione per coloro che cercano un sito di mummie di zucchero.<\/p>\n<h3>XCheaters<\/h3>\n<p>Se stai cercando una mummia di zucchero, allora dovresti assolutamente dare un&#8217;occhiata a XCheaters. \u00c8 uno dei siti di mummie di zucchero pi\u00f9 popolari, e per una buona ragione. L&#8217;app \u00e8 facile da usare ed \u00e8 gratuita. Inoltre, ci sono tonnellate di mummie di zucchero sul sito che stanno cercando qualcuno proprio come te.<\/p>\n<p>Quindi, se stai cercando una mummia di zucchero, allora XCheaters \u00e8 sicuramente il sito che fa per te. L&#8217;app \u00e8 facile da usare e ci sono tonnellate di mummie di zucchero sul sito. Inoltre, l&#8217;iscrizione \u00e8 gratuita. Allora, cosa stai aspettando? Vai a dare un&#8217;occhiata!<\/p>\n<h3>Instasex<\/h3>\n<p>Instasex \u00e8 una nuova app di appuntamenti che promette di portare i siti di mummie di zucchero a un livello completamente nuovo. Con le sue caratteristiche uniche e l&#8217;interfaccia user-friendly, rende facile per gli utenti trovare e connettersi con i siti di mummie di zucchero. L&#8217;app consente inoltre agli utenti di chattare e condividere foto tra loro, rendendola un&#8217;ottima piattaforma per i siti di sugar mummy per connettersi e interagire tra loro.<\/p>\n<h3>Ricerca di accordi<\/h3>\n<p>Se stai cercando una mummia di zucchero, Seeking Arrangements \u00e8 l&#8217;app di appuntamenti che fa per te. Con oltre 10 milioni di membri in tutto il mondo, \u00e8 il pi\u00f9 grande sito di mummie di zucchero su Internet. Ed \u00e8 gratuito iscriversi! Puoi creare un profilo, cercare mummie di zucchero nella tua zona e inviare loro messaggi gratuitamente.<\/p>\n<p>La cosa migliore di Seeking Arrangements \u00e8 che \u00e8 un modo semplice e sicuro per incontrare le mummie di zucchero. Non devi preoccuparti di truffatori o profili falsi, perch\u00e9 il sito \u00e8 moderato da un team di professionisti. E se hai domande o dubbi, puoi sempre contattare l&#8217;assistenza clienti.<\/p>\n<p>Quindi, se stai cercando una mummia di zucchero, Seeking Arrangements \u00e8 l&#8217;app di appuntamenti perfetta per te. Iscriviti oggi e inizia a inviare messaggi alle mummie di zucchero nella tua zona!<\/p>\n","protected":false},"excerpt":{"rendered":"<p>Ci sono vari siti di mummie di zucchero disponibili su Internet. Questi siti Web forniscono una piattaforma per le donne anziane per connettersi con uomini pi\u00f9 giovani ai fini delle relazioni sessuali. I siti di mummie di zucchero in genere fanno pagare una quota associativa e le donne anziane offrono incentivi finanziari agli uomini pi\u00f9&#8230;<a class=\"read-more-link button\" href=\"https:\/\/theyoungmessiah.com\/it\/siti-di-sugar-mummy\/\">Read more<\/a><\/p>\n","protected":false},"author":1,"featured_media":0,"parent":0,"menu_order":0,"comment_status":"closed","ping_status":"closed","template":"","meta":[],"yoast_head":"<!-- This site is optimized with the Yoast SEO plugin v17.7.1 - https:\/\/yoast.com\/wordpress\/plugins\/seo\/ -->\n<title>Siti di Sugar Mummy - Online Adult Dating<\/title>\n<meta name=\"robots\" content=\"index, follow, max-snippet:-1, max-image-preview:large, max-video-preview:-1\" \/>\n<link rel=\"canonical\" href=\"https:\/\/theyoungmessiah.com\/it\/siti-di-sugar-mummy\/\" \/>\n<meta property=\"og:locale\" content=\"it_IT\" \/>\n<meta property=\"og:type\" content=\"article\" \/>\n<meta property=\"og:title\" content=\"Siti di Sugar Mummy - Online Adult Dating\" \/>\n<meta property=\"og:description\" content=\"Ci sono vari siti di mummie di zucchero disponibili su Internet. Questi siti Web forniscono una piattaforma per le donne anziane per connettersi con uomini pi\u00f9 giovani ai fini delle relazioni sessuali. I siti di mummie di zucchero in genere fanno pagare una quota associativa e le donne anziane offrono incentivi finanziari agli uomini pi\u00f9...Read more\" \/>\n<meta property=\"og:url\" content=\"https:\/\/theyoungmessiah.com\/it\/siti-di-sugar-mummy\/\" \/>\n<meta property=\"og:site_name\" content=\"Online Adult Dating\" \/>\n<meta name=\"twitter:card\" content=\"summary_large_image\" \/>\n<meta name=\"twitter:label1\" content=\"Tempo di lettura stimato\" \/>\n\t<meta name=\"twitter:data1\" content=\"4 minuti\" \/>\n<script type=\"application\/ld+json\" class=\"yoast-schema-graph\">{\"@context\":\"https:\/\/schema.org\",\"@graph\":[{\"@type\":\"WebSite\",\"@id\":\"https:\/\/theyoungmessiah.com\/it\/#website\",\"url\":\"https:\/\/theyoungmessiah.com\/it\/\",\"name\":\"Online Adult Dating\",\"description\":\"Local Sex Hookups\",\"potentialAction\":[{\"@type\":\"SearchAction\",\"target\":{\"@type\":\"EntryPoint\",\"urlTemplate\":\"https:\/\/theyoungmessiah.com\/it\/?s={search_term_string}\"},\"query-input\":\"required name=search_term_string\"}],\"inLanguage\":\"it-IT\"},{\"@type\":\"WebPage\",\"@id\":\"https:\/\/theyoungmessiah.com\/it\/siti-di-sugar-mummy\/#webpage\",\"url\":\"https:\/\/theyoungmessiah.com\/it\/siti-di-sugar-mummy\/\",\"name\":\"Siti di Sugar Mummy - Online Adult Dating\",\"isPartOf\":{\"@id\":\"https:\/\/theyoungmessiah.com\/it\/#website\"},\"datePublished\":\"2022-10-12T12:59:28+00:00\",\"dateModified\":\"2022-10-12T12:59:28+00:00\",\"breadcrumb\":{\"@id\":\"https:\/\/theyoungmessiah.com\/it\/siti-di-sugar-mummy\/#breadcrumb\"},\"inLanguage\":\"it-IT\",\"potentialAction\":[{\"@type\":\"ReadAction\",\"target\":[\"https:\/\/theyoungmessiah.com\/it\/siti-di-sugar-mummy\/\"]}]},{\"@type\":\"BreadcrumbList\",\"@id\":\"https:\/\/theyoungmessiah.com\/it\/siti-di-sugar-mummy\/#breadcrumb\",\"itemListElement\":[{\"@type\":\"ListItem\",\"position\":1,\"name\":\"Home\",\"item\":\"https:\/\/theyoungmessiah.com\/it\/\"},{\"@type\":\"ListItem\",\"position\":2,\"name\":\"Siti di Sugar Mummy\"}]}]}<\/script>\n<!-- \/ Yoast SEO plugin. -->","yoast_head_json":{"title":"Siti di Sugar Mummy - Online Adult Dating","robots":{"index":"index","follow":"follow","max-snippet":"max-snippet:-1","max-image-preview":"max-image-preview:large","max-video-preview":"max-video-preview:-1"},"canonical":"https:\/\/theyoungmessiah.com\/it\/siti-di-sugar-mummy\/","og_locale":"it_IT","og_type":"article","og_title":"Siti di Sugar Mummy - Online Adult Dating","og_description":"Ci sono vari siti di mummie di zucchero disponibili su Internet. Questi siti Web forniscono una piattaforma per le donne anziane per connettersi con uomini pi\u00f9 giovani ai fini delle relazioni sessuali. I siti di mummie di zucchero in genere fanno pagare una quota associativa e le donne anziane offrono incentivi finanziari agli uomini pi\u00f9...Read more","og_url":"https:\/\/theyoungmessiah.com\/it\/siti-di-sugar-mummy\/","og_site_name":"Online Adult Dating","twitter_card":"summary_large_image","twitter_misc":{"Tempo di lettura stimato":"4 minuti"},"schema":{"@context":"https:\/\/schema.org","@graph":[{"@type":"WebSite","@id":"https:\/\/theyoungmessiah.com\/it\/#website","url":"https:\/\/theyoungmessiah.com\/it\/","name":"Online Adult Dating","description":"Local Sex Hookups","potentialAction":[{"@type":"SearchAction","target":{"@type":"EntryPoint","urlTemplate":"https:\/\/theyoungmessiah.com\/it\/?s={search_term_string}"},"query-input":"required name=search_term_string"}],"inLanguage":"it-IT"},{"@type":"WebPage","@id":"https:\/\/theyoungmessiah.com\/it\/siti-di-sugar-mummy\/#webpage","url":"https:\/\/theyoungmessiah.com\/it\/siti-di-sugar-mummy\/","name":"Siti di Sugar Mummy - Online Adult Dating","isPartOf":{"@id":"https:\/\/theyoungmessiah.com\/it\/#website"},"datePublished":"2022-10-12T12:59:28+00:00","dateModified":"2022-10-12T12:59:28+00:00","breadcrumb":{"@id":"https:\/\/theyoungmessiah.com\/it\/siti-di-sugar-mummy\/#breadcrumb"},"inLanguage":"it-IT","potentialAction":[{"@type":"ReadAction","target":["https:\/\/theyoungmessiah.com\/it\/siti-di-sugar-mummy\/"]}]},{"@type":"BreadcrumbList","@id":"https:\/\/theyoungmessiah.com\/it\/siti-di-sugar-mummy\/#breadcrumb","itemListElement":[{"@type":"ListItem","position":1,"name":"Home","item":"https:\/\/theyoungmessiah.com\/it\/"},{"@type":"ListItem","position":2,"name":"Siti di Sugar Mummy"}]}]}},"_links":{"self":[{"href":"https:\/\/theyoungmessiah.com\/it\/wp-json\/wp\/v2\/pages\/207"}],"collection":[{"href":"https:\/\/theyoungmessiah.com\/it\/wp-json\/wp\/v2\/pages"}],"about":[{"href":"https:\/\/theyoungmessiah.com\/it\/wp-json\/wp\/v2\/types\/page"}],"author":[{"embeddable":true,"href":"https:\/\/theyoungmessiah.com\/it\/wp-json\/wp\/v2\/users\/1"}],"replies":[{"embeddable":true,"href":"https:\/\/theyoungmessiah.com\/it\/wp-json\/wp\/v2\/comments?post=207"}],"version-history":[{"count":0,"href":"https:\/\/theyoungmessiah.com\/it\/wp-json\/wp\/v2\/pages\/207\/revisions"}],"wp:attachment":[{"href":"https:\/\/theyoungmessiah.com\/it\/wp-json\/wp\/v2\/media?parent=207"}],"curies":[{"name":"wp","href":"https:\/\/api.w.org\/{rel}","templated":true}]}}