{"id":209,"date":"2022-10-12T14:00:02","date_gmt":"2022-10-12T13:00:02","guid":{"rendered":"http:\/\/theyoungmessiah.com\/siti-di-incontri-per-incontri-sposati\/"},"modified":"2022-10-12T14:00:02","modified_gmt":"2022-10-12T13:00:02","slug":"siti-di-incontri-per-incontri-sposati","status":"publish","type":"page","link":"https:\/\/theyoungmessiah.com\/it\/siti-di-incontri-per-incontri-sposati\/","title":{"rendered":"Siti di incontri per incontri sposati"},"content":{"rendered":"<p>Ci sono un certo numero di siti di incontri di relazioni sposate che consentono alle persone di collegarsi con altri che sono anche sposati. Questi siti in genere richiedono una quota associativa e offrono una variet\u00e0 di funzionalit\u00e0 progettate per aiutare le persone a connettersi con altri che sono interessati ad avere una relazione. Alcune delle funzionalit\u00e0 offerte da questi siti includono messaggistica privata, chat room e database ricercabili dei membri. Molti di questi siti offrono anche consigli e supporto per le persone che stanno pensando di avere una relazione o che sono gi\u00e0 coinvolte in una.<\/p>\n<h2>Collegamenti discreti<\/h2>\n<p>I collegamenti discreti stanno diventando sempre pi\u00f9 popolari man mano che le persone cercano modi per divertirsi senza impegno. Questi arrangiamenti sono perfetti per coloro che vogliono godersi la compagnia di un&#8217;altra persona senza vincoli. Ci sono molti modi per trovare qualcuno con cui collegarsi e ci sono altrettanti motivi per cui le persone scelgono di farlo. Sia che tu stia cercando una fuga veloce o qualcosa di un po &#8216;pi\u00f9 a lungo termine, c&#8217;\u00e8 qualcuno l\u00e0 fuori che sta cercando la stessa cosa. Tutto quello che devi fare \u00e8 trovarli.<\/p>\n<p>Ora ci sono app di appuntamenti sposati disponibili per coloro che sono interessati a perseguire relazioni extraconiugali. Mentre queste app rendono pi\u00f9 facile connettersi con potenziali partner, comportano anche alcuni rischi. Ad esempio, se il tuo coniuge dovesse scoprire il tuo utilizzo di un&#8217;app di appuntamenti sposati, potrebbe potenzialmente danneggiare la tua relazione. Inoltre, c&#8217;\u00e8 sempre il potenziale per incontrare qualcuno che non \u00e8 chi afferma di essere online, il che pu\u00f2 portare a situazioni pericolose. Se decidi di utilizzare un&#8217;app di appuntamenti sposati, \u00e8 importante essere onesti con i tuoi potenziali partner sul tuo stato civile e incontrarti sempre in un luogo pubblico.<\/p>\n<h2>Trova un collegamento discreto<\/h2>\n<p>Ci sono molti modi per trovare un collegamento discreto online. Puoi utilizzare un sito di incontri specializzato in collegamenti, oppure puoi utilizzare un sito di incontri generale ed essere semplicemente in anticipo su ci\u00f2 che stai cercando. Puoi anche utilizzare siti di social media come Facebook e Twitter per trovare potenziali collegamenti. Un&#8217;altra opzione \u00e8 quella di utilizzare un sito come Craigslist, che ha una sezione dedicata agli incontri casuali. Assicurati solo di essere sicuro e usa il buon senso quando incontri qualcuno online.<\/p>\n<h3>Esca<\/h3>\n<p>Tinder \u00e8 una delle app di appuntamenti pi\u00f9 popolari con oltre 50 milioni di utenti. \u00c8 stata descritta come una &#8220;app di collegamento&#8221; ma pu\u00f2 anche essere utilizzata per appuntamenti ed \u00e8 stata utilizzata da persone in relazioni per affari. Tinder \u00e8 veloce e facile da usare e puoi connetterti con persone nella tua zona che stanno cercando la tua stessa cosa. L&#8217;app \u00e8 scaricabile e utilizzabile gratuitamente, ma ci sono alcune funzionalit\u00e0 a pagamento che puoi utilizzare per ottenere di pi\u00f9 dall&#8217;app. Nel complesso, Tinder \u00e8 un&#8217;ottima app di appuntamenti per le persone che sono alla ricerca di un modo semplice e veloce per connettersi con le persone nella loro zona.<\/p>\n<h3>XPickup<\/h3>\n<p>Se stai cercando un sito di incontri per affari che ti permetta di esplorare le tue opzioni e trovare una corrispondenza, XPickup \u00e8 un&#8217;ottima scelta. Il sito ha una vasta base di utenti e una vasta gamma di funzionalit\u00e0, che lo rendono un&#8217;ottima opzione per trovare una corrispondenza. Il sito ha anche una buona reputazione per essere sicuro e protetto, quindi puoi essere sicuro che le tue informazioni siano al sicuro. Nel complesso, XPickup \u00e8 un&#8217;ottima scelta per gli appuntamenti con relazioni coniugali.<\/p>\n<h3>Uberhorny<\/h3>\n<p>Se stai cercando un&#8217;app di appuntamenti per aiutarti ad avere una relazione coniugale, allora Uberhorny \u00e8 un&#8217;ottima opzione. L&#8217;app \u00e8 facile da usare e ha molte fantastiche funzionalit\u00e0 per aiutarti a trovare qualcuno con cui imbrogliare. La funzione di ricerca \u00e8 molto completa e puoi restringere i risultati in base a una variet\u00e0 di criteri. Anche il sistema di messaggistica \u00e8 molto buono e puoi facilmente tenere traccia delle tue conversazioni. Nel complesso, Uberhorny \u00e8 un&#8217;ottima opzione per gli appuntamenti con relazioni coniugali e lo consigliamo a chiunque cerchi un modo discreto per tradire il proprio coniuge.<\/p>\n<h3>OnlyFlings<\/h3>\n<p>Se stai cercando un sito di incontri discreto, allora OnlyFlings \u00e8 un&#8217;ottima opzione. Il sito \u00e8 facile da usare e offre una variet\u00e0 di funzionalit\u00e0 per aiutarti a trovare una corrispondenza. Il sito ha anche una buona reputazione per la sicurezza e la privacy.<\/p>\n","protected":false},"excerpt":{"rendered":"<p>Ci sono un certo numero di siti di incontri di relazioni sposate che consentono alle persone di collegarsi con altri che sono anche sposati. Questi siti in genere richiedono una quota associativa e offrono una variet\u00e0 di funzionalit\u00e0 progettate per aiutare le persone a connettersi con altri che sono interessati ad avere una relazione. Alcune&#8230;<a class=\"read-more-link button\" href=\"https:\/\/theyoungmessiah.com\/it\/siti-di-incontri-per-incontri-sposati\/\">Read more<\/a><\/p>\n","protected":false},"author":1,"featured_media":0,"parent":0,"menu_order":0,"comment_status":"closed","ping_status":"closed","template":"","meta":[],"yoast_head":"<!-- This site is optimized with the Yoast SEO plugin v17.7.1 - https:\/\/yoast.com\/wordpress\/plugins\/seo\/ -->\n<title>Siti di incontri per incontri sposati - Online Adult Dating<\/title>\n<meta name=\"robots\" content=\"index, follow, max-snippet:-1, max-image-preview:large, max-video-preview:-1\" \/>\n<link rel=\"canonical\" href=\"https:\/\/theyoungmessiah.com\/it\/siti-di-incontri-per-incontri-sposati\/\" \/>\n<meta property=\"og:locale\" content=\"it_IT\" \/>\n<meta property=\"og:type\" content=\"article\" \/>\n<meta property=\"og:title\" content=\"Siti di incontri per incontri sposati - Online Adult Dating\" \/>\n<meta property=\"og:description\" content=\"Ci sono un certo numero di siti di incontri di relazioni sposate che consentono alle persone di collegarsi con altri che sono anche sposati. Questi siti in genere richiedono una quota associativa e offrono una variet\u00e0 di funzionalit\u00e0 progettate per aiutare le persone a connettersi con altri che sono interessati ad avere una relazione. Alcune...Read more\" \/>\n<meta property=\"og:url\" content=\"https:\/\/theyoungmessiah.com\/it\/siti-di-incontri-per-incontri-sposati\/\" \/>\n<meta property=\"og:site_name\" content=\"Online Adult Dating\" \/>\n<meta name=\"twitter:card\" content=\"summary_large_image\" \/>\n<meta name=\"twitter:label1\" content=\"Tempo di lettura stimato\" \/>\n\t<meta name=\"twitter:data1\" content=\"4 minuti\" \/>\n<script type=\"application\/ld+json\" class=\"yoast-schema-graph\">{\"@context\":\"https:\/\/schema.org\",\"@graph\":[{\"@type\":\"WebSite\",\"@id\":\"https:\/\/theyoungmessiah.com\/it\/#website\",\"url\":\"https:\/\/theyoungmessiah.com\/it\/\",\"name\":\"Online Adult Dating\",\"description\":\"Local Sex Hookups\",\"potentialAction\":[{\"@type\":\"SearchAction\",\"target\":{\"@type\":\"EntryPoint\",\"urlTemplate\":\"https:\/\/theyoungmessiah.com\/it\/?s={search_term_string}\"},\"query-input\":\"required name=search_term_string\"}],\"inLanguage\":\"it-IT\"},{\"@type\":\"WebPage\",\"@id\":\"https:\/\/theyoungmessiah.com\/it\/siti-di-incontri-per-incontri-sposati\/#webpage\",\"url\":\"https:\/\/theyoungmessiah.com\/it\/siti-di-incontri-per-incontri-sposati\/\",\"name\":\"Siti di incontri per incontri sposati - Online Adult Dating\",\"isPartOf\":{\"@id\":\"https:\/\/theyoungmessiah.com\/it\/#website\"},\"datePublished\":\"2022-10-12T13:00:02+00:00\",\"dateModified\":\"2022-10-12T13:00:02+00:00\",\"breadcrumb\":{\"@id\":\"https:\/\/theyoungmessiah.com\/it\/siti-di-incontri-per-incontri-sposati\/#breadcrumb\"},\"inLanguage\":\"it-IT\",\"potentialAction\":[{\"@type\":\"ReadAction\",\"target\":[\"https:\/\/theyoungmessiah.com\/it\/siti-di-incontri-per-incontri-sposati\/\"]}]},{\"@type\":\"BreadcrumbList\",\"@id\":\"https:\/\/theyoungmessiah.com\/it\/siti-di-incontri-per-incontri-sposati\/#breadcrumb\",\"itemListElement\":[{\"@type\":\"ListItem\",\"position\":1,\"name\":\"Home\",\"item\":\"https:\/\/theyoungmessiah.com\/it\/\"},{\"@type\":\"ListItem\",\"position\":2,\"name\":\"Siti di incontri per incontri sposati\"}]}]}<\/script>\n<!-- \/ Yoast SEO plugin. -->","yoast_head_json":{"title":"Siti di incontri per incontri sposati - Online Adult Dating","robots":{"index":"index","follow":"follow","max-snippet":"max-snippet:-1","max-image-preview":"max-image-preview:large","max-video-preview":"max-video-preview:-1"},"canonical":"https:\/\/theyoungmessiah.com\/it\/siti-di-incontri-per-incontri-sposati\/","og_locale":"it_IT","og_type":"article","og_title":"Siti di incontri per incontri sposati - Online Adult Dating","og_description":"Ci sono un certo numero di siti di incontri di relazioni sposate che consentono alle persone di collegarsi con altri che sono anche sposati. Questi siti in genere richiedono una quota associativa e offrono una variet\u00e0 di funzionalit\u00e0 progettate per aiutare le persone a connettersi con altri che sono interessati ad avere una relazione. Alcune...Read more","og_url":"https:\/\/theyoungmessiah.com\/it\/siti-di-incontri-per-incontri-sposati\/","og_site_name":"Online Adult Dating","twitter_card":"summary_large_image","twitter_misc":{"Tempo di lettura stimato":"4 minuti"},"schema":{"@context":"https:\/\/schema.org","@graph":[{"@type":"WebSite","@id":"https:\/\/theyoungmessiah.com\/it\/#website","url":"https:\/\/theyoungmessiah.com\/it\/","name":"Online Adult Dating","description":"Local Sex Hookups","potentialAction":[{"@type":"SearchAction","target":{"@type":"EntryPoint","urlTemplate":"https:\/\/theyoungmessiah.com\/it\/?s={search_term_string}"},"query-input":"required name=search_term_string"}],"inLanguage":"it-IT"},{"@type":"WebPage","@id":"https:\/\/theyoungmessiah.com\/it\/siti-di-incontri-per-incontri-sposati\/#webpage","url":"https:\/\/theyoungmessiah.com\/it\/siti-di-incontri-per-incontri-sposati\/","name":"Siti di incontri per incontri sposati - Online Adult Dating","isPartOf":{"@id":"https:\/\/theyoungmessiah.com\/it\/#website"},"datePublished":"2022-10-12T13:00:02+00:00","dateModified":"2022-10-12T13:00:02+00:00","breadcrumb":{"@id":"https:\/\/theyoungmessiah.com\/it\/siti-di-incontri-per-incontri-sposati\/#breadcrumb"},"inLanguage":"it-IT","potentialAction":[{"@type":"ReadAction","target":["https:\/\/theyoungmessiah.com\/it\/siti-di-incontri-per-incontri-sposati\/"]}]},{"@type":"BreadcrumbList","@id":"https:\/\/theyoungmessiah.com\/it\/siti-di-incontri-per-incontri-sposati\/#breadcrumb","itemListElement":[{"@type":"ListItem","position":1,"name":"Home","item":"https:\/\/theyoungmessiah.com\/it\/"},{"@type":"ListItem","position":2,"name":"Siti di incontri per incontri sposati"}]}]}},"_links":{"self":[{"href":"https:\/\/theyoungmessiah.com\/it\/wp-json\/wp\/v2\/pages\/209"}],"collection":[{"href":"https:\/\/theyoungmessiah.com\/it\/wp-json\/wp\/v2\/pages"}],"about":[{"href":"https:\/\/theyoungmessiah.com\/it\/wp-json\/wp\/v2\/types\/page"}],"author":[{"embeddable":true,"href":"https:\/\/theyoungmessiah.com\/it\/wp-json\/wp\/v2\/users\/1"}],"replies":[{"embeddable":true,"href":"https:\/\/theyoungmessiah.com\/it\/wp-json\/wp\/v2\/comments?post=209"}],"version-history":[{"count":0,"href":"https:\/\/theyoungmessiah.com\/it\/wp-json\/wp\/v2\/pages\/209\/revisions"}],"wp:attachment":[{"href":"https:\/\/theyoungmessiah.com\/it\/wp-json\/wp\/v2\/media?parent=209"}],"curies":[{"name":"wp","href":"https:\/\/api.w.org\/{rel}","templated":true}]}}