{"id":226,"date":"2022-10-12T13:52:14","date_gmt":"2022-10-12T12:52:14","guid":{"rendered":"http:\/\/theyoungmessiah.com\/siti-di-collegamento-locali-gratuiti\/"},"modified":"2022-10-12T13:52:14","modified_gmt":"2022-10-12T12:52:14","slug":"siti-di-collegamento-locali-gratuiti","status":"publish","type":"page","link":"https:\/\/theyoungmessiah.com\/it\/siti-di-collegamento-locali-gratuiti\/","title":{"rendered":"Siti di collegamento locali gratuiti"},"content":{"rendered":"<p>Ci sono molti siti di <a href=\"http:\/\/theyoungmessiah.com\/free-milf-chat-sites\/\">collegamento locali<\/a> che possono aiutarti a trovare qualcuno con cui collegarti. Tutto quello che devi fare \u00e8 creare un profilo e iniziare a cercare qualcuno che soddisfi i tuoi criteri. Entrare in contatto con qualcuno pu\u00f2 essere un ottimo modo per divertirsi e sperimentare cose nuove, ma \u00e8 importante essere sicuri e responsabili quando lo si fa. Assicurati di conoscere bene la persona prima di incontrarti e di incontrarti sempre in un luogo pubblico. Con un po &#8216;di pianificazione e fortuna, puoi trovare qualcuno con cui collegarti su uno di questi siti locali.<\/p>\n<h2>Local Hook Up vicino a me<\/h2>\n<p>Non c&#8217;\u00e8 niente come l&#8217;emozione di incontrare qualcuno di nuovo e l&#8217;anticipazione di ci\u00f2 che potrebbe accadere dopo. Quando si tratta di trovare un collegamento locale vicino a me, non mancano le opzioni. Sia che tu stia cercando un incontro casuale o qualcosa di un po &#8216;pi\u00f9 serio, c&#8217;\u00e8 sicuramente qualcuno l\u00e0 fuori che \u00e8 giusto per te.<\/p>\n<p>La cosa grandiosa di Internet \u00e8 che ha aperto il mondo degli appuntamenti e del collegamento a tutti. Non importa dove vivi, ci sar\u00e0 sicuramente qualcuno nelle vicinanze che sta cercando la tua stessa cosa. Tutto quello che devi fare \u00e8 metterti in gioco e vedere cosa succede.<\/p>\n<p>Chiss\u00e0, potresti semplicemente trovare l&#8217;amore della tua vita. O, per lo meno, avrai delle belle storie da raccontare ai tuoi amici.<\/p>\n<p>Ci sono molti siti di incontri e app l\u00e0 fuori che offrono collegamenti locali gratuiti. Ci\u00f2 significa che puoi usarli per trovare persone nella tua zona che stanno cercando la tua stessa cosa. Tutto quello che devi fare \u00e8 creare un profilo e iniziare a cercare. Puoi anche utilizzare questi siti Web e app per chattare con persone nella tua zona che cercano la tua stessa cosa.<\/p>\n<h2>Collegamenti locali vicino a me<\/h2>\n<p>Ci sono molte opzioni di collegamento locale vicino a me quando si tratta di appuntamenti online. Puoi trovare siti Web e app appositamente progettati per aiutarti a connetterti con altri single nella tua zona. Questo rende facile trovare una data o un collegamento senza dover viaggiare molto lontano. Ci sono anche molte persone che usano gli appuntamenti online come un modo per incontrare nuove persone e fare nuove amicizie. Sia che tu stia cercando un collegamento casuale o una relazione seria, c&#8217;\u00e8 qualcuno l\u00e0 fuori per te.<\/p>\n<h3>BBWCupid<\/h3>\n<p>BBWCupid \u00e8 una delle app di appuntamenti pi\u00f9 popolari per donne e uomini curvy che li amano. L&#8217;app \u00e8 scaricabile e utilizzabile gratuitamente e offre un abbonamento premium per $ 9.99 \/ mese che sblocca alcune funzionalit\u00e0 extra.<\/p>\n<p>L&#8217;app \u00e8 ben progettata e facile da usare, con un&#8217;interfaccia pulita e moderna. \u00c8 anche una delle poche app di appuntamenti che si rivolge specificamente alle donne curvy e ai loro ammiratori.<\/p>\n<p>Uno svantaggio \u00e8 che non ci sono molti utenti nella mia zona, quindi pu\u00f2 essere difficile trovare corrispondenze. Ma nel complesso, penso che BBWCupid sia un&#8217;ottima app di appuntamenti per donne curvy e i loro ammiratori.<\/p>\n<h3>Un sacco di pesce<\/h3>\n<p>Se stai cercando un sito di collegamento locale, Plenty of Fish \u00e8 un&#8217;ottima opzione. Ha una vasta base di utenti ed \u00e8 facile da usare. Tuttavia, non ha tante funzionalit\u00e0 come alcuni degli altri siti in questo elenco.<\/p>\n<h3>Bumble<\/h3>\n<p>Bumble \u00e8 un&#8217;applicazione social e di appuntamenti basata sulla posizione che facilita la comunicazione tra gli utenti interessati. Nelle partite eterosessuali, solo gli utenti di sesso femminile possono avviare il contatto con utenti di sesso maschile, mentre nelle partite dello stesso sesso entrambi i partecipanti possono avviare il contatto. Gli utenti possono registrarsi utilizzando il proprio numero di telefono o profilo Facebook e avere la possibilit\u00e0 di nascondere la propria et\u00e0, posizione e nome agli altri utenti. Bumble ha sede ad Austin, in Texas, e ha oltre 50 milioni di utenti in tutto il mondo.<\/p>\n<p>L&#8217;app \u00e8 progettata per creare connessioni significative, con l&#8217;obiettivo del matrimonio o di relazioni a lungo termine. L&#8217;app ha una valutazione a 4 stelle sull&#8217;App Store, con gli utenti che lodano la sua facilit\u00e0 d&#8217;uso e le sue funzionalit\u00e0 di sicurezza. Tuttavia, alcuni utenti si sono lamentati del fatto che l&#8217;app \u00e8 troppo focalizzata sul collegamento e che \u00e8 difficile trovare una relazione seria. Nel complesso, Bumble \u00e8 un&#8217;ottima opzione per coloro che cercano una relazione seria o semplicemente un modo semplice e divertente per incontrare nuove persone.<\/p>\n<h3>Zoosk \u00b7<\/h3>\n<p>Zoosk \u00e8 un&#8217;app di appuntamenti che ti consente di visualizzare i profili di single locali nella tua zona. Puoi anche visualizzare le foto di single locali e vedere chi \u00e8 online ora. L&#8217;app ha anche una funzione di messaggistica in modo da poter inviare messaggi alle tue partite. L&#8217;app pu\u00f2 essere scaricata e utilizzata gratuitamente, ma \u00e8 possibile eseguire l&#8217;aggiornamento a un abbonamento a pagamento per sbloccare tutte le funzionalit\u00e0. L&#8217;app \u00e8 disponibile per iPhone e Android.<\/p>\n","protected":false},"excerpt":{"rendered":"<p>Ci sono molti siti di collegamento locali che possono aiutarti a trovare qualcuno con cui collegarti. Tutto quello che devi fare \u00e8 creare un profilo e iniziare a cercare qualcuno che soddisfi i tuoi criteri. Entrare in contatto con qualcuno pu\u00f2 essere un ottimo modo per divertirsi e sperimentare cose nuove, ma \u00e8 importante essere&#8230;<a class=\"read-more-link button\" href=\"https:\/\/theyoungmessiah.com\/it\/siti-di-collegamento-locali-gratuiti\/\">Read more<\/a><\/p>\n","protected":false},"author":1,"featured_media":0,"parent":0,"menu_order":0,"comment_status":"closed","ping_status":"closed","template":"","meta":[],"yoast_head":"<!-- This site is optimized with the Yoast SEO plugin v17.7.1 - https:\/\/yoast.com\/wordpress\/plugins\/seo\/ -->\n<title>Siti di collegamento locali gratuiti - Online Adult Dating<\/title>\n<meta name=\"robots\" content=\"index, follow, max-snippet:-1, max-image-preview:large, max-video-preview:-1\" \/>\n<link rel=\"canonical\" href=\"https:\/\/theyoungmessiah.com\/it\/siti-di-collegamento-locali-gratuiti\/\" \/>\n<meta property=\"og:locale\" content=\"it_IT\" \/>\n<meta property=\"og:type\" content=\"article\" \/>\n<meta property=\"og:title\" content=\"Siti di collegamento locali gratuiti - Online Adult Dating\" \/>\n<meta property=\"og:description\" content=\"Ci sono molti siti di collegamento locali che possono aiutarti a trovare qualcuno con cui collegarti. Tutto quello che devi fare \u00e8 creare un profilo e iniziare a cercare qualcuno che soddisfi i tuoi criteri. Entrare in contatto con qualcuno pu\u00f2 essere un ottimo modo per divertirsi e sperimentare cose nuove, ma \u00e8 importante essere...Read more\" \/>\n<meta property=\"og:url\" content=\"https:\/\/theyoungmessiah.com\/it\/siti-di-collegamento-locali-gratuiti\/\" \/>\n<meta property=\"og:site_name\" content=\"Online Adult Dating\" \/>\n<meta name=\"twitter:card\" content=\"summary_large_image\" \/>\n<meta name=\"twitter:label1\" content=\"Tempo di lettura stimato\" \/>\n\t<meta name=\"twitter:data1\" content=\"4 minuti\" \/>\n<script type=\"application\/ld+json\" class=\"yoast-schema-graph\">{\"@context\":\"https:\/\/schema.org\",\"@graph\":[{\"@type\":\"WebSite\",\"@id\":\"https:\/\/theyoungmessiah.com\/it\/#website\",\"url\":\"https:\/\/theyoungmessiah.com\/it\/\",\"name\":\"Online Adult Dating\",\"description\":\"Local Sex Hookups\",\"potentialAction\":[{\"@type\":\"SearchAction\",\"target\":{\"@type\":\"EntryPoint\",\"urlTemplate\":\"https:\/\/theyoungmessiah.com\/it\/?s={search_term_string}\"},\"query-input\":\"required name=search_term_string\"}],\"inLanguage\":\"it-IT\"},{\"@type\":\"WebPage\",\"@id\":\"https:\/\/theyoungmessiah.com\/it\/siti-di-collegamento-locali-gratuiti\/#webpage\",\"url\":\"https:\/\/theyoungmessiah.com\/it\/siti-di-collegamento-locali-gratuiti\/\",\"name\":\"Siti di collegamento locali gratuiti - Online Adult Dating\",\"isPartOf\":{\"@id\":\"https:\/\/theyoungmessiah.com\/it\/#website\"},\"datePublished\":\"2022-10-12T12:52:14+00:00\",\"dateModified\":\"2022-10-12T12:52:14+00:00\",\"breadcrumb\":{\"@id\":\"https:\/\/theyoungmessiah.com\/it\/siti-di-collegamento-locali-gratuiti\/#breadcrumb\"},\"inLanguage\":\"it-IT\",\"potentialAction\":[{\"@type\":\"ReadAction\",\"target\":[\"https:\/\/theyoungmessiah.com\/it\/siti-di-collegamento-locali-gratuiti\/\"]}]},{\"@type\":\"BreadcrumbList\",\"@id\":\"https:\/\/theyoungmessiah.com\/it\/siti-di-collegamento-locali-gratuiti\/#breadcrumb\",\"itemListElement\":[{\"@type\":\"ListItem\",\"position\":1,\"name\":\"Home\",\"item\":\"https:\/\/theyoungmessiah.com\/it\/\"},{\"@type\":\"ListItem\",\"position\":2,\"name\":\"Siti di collegamento locali gratuiti\"}]}]}<\/script>\n<!-- \/ Yoast SEO plugin. -->","yoast_head_json":{"title":"Siti di collegamento locali gratuiti - Online Adult Dating","robots":{"index":"index","follow":"follow","max-snippet":"max-snippet:-1","max-image-preview":"max-image-preview:large","max-video-preview":"max-video-preview:-1"},"canonical":"https:\/\/theyoungmessiah.com\/it\/siti-di-collegamento-locali-gratuiti\/","og_locale":"it_IT","og_type":"article","og_title":"Siti di collegamento locali gratuiti - Online Adult Dating","og_description":"Ci sono molti siti di collegamento locali che possono aiutarti a trovare qualcuno con cui collegarti. Tutto quello che devi fare \u00e8 creare un profilo e iniziare a cercare qualcuno che soddisfi i tuoi criteri. Entrare in contatto con qualcuno pu\u00f2 essere un ottimo modo per divertirsi e sperimentare cose nuove, ma \u00e8 importante essere...Read more","og_url":"https:\/\/theyoungmessiah.com\/it\/siti-di-collegamento-locali-gratuiti\/","og_site_name":"Online Adult Dating","twitter_card":"summary_large_image","twitter_misc":{"Tempo di lettura stimato":"4 minuti"},"schema":{"@context":"https:\/\/schema.org","@graph":[{"@type":"WebSite","@id":"https:\/\/theyoungmessiah.com\/it\/#website","url":"https:\/\/theyoungmessiah.com\/it\/","name":"Online Adult Dating","description":"Local Sex Hookups","potentialAction":[{"@type":"SearchAction","target":{"@type":"EntryPoint","urlTemplate":"https:\/\/theyoungmessiah.com\/it\/?s={search_term_string}"},"query-input":"required name=search_term_string"}],"inLanguage":"it-IT"},{"@type":"WebPage","@id":"https:\/\/theyoungmessiah.com\/it\/siti-di-collegamento-locali-gratuiti\/#webpage","url":"https:\/\/theyoungmessiah.com\/it\/siti-di-collegamento-locali-gratuiti\/","name":"Siti di collegamento locali gratuiti - Online Adult Dating","isPartOf":{"@id":"https:\/\/theyoungmessiah.com\/it\/#website"},"datePublished":"2022-10-12T12:52:14+00:00","dateModified":"2022-10-12T12:52:14+00:00","breadcrumb":{"@id":"https:\/\/theyoungmessiah.com\/it\/siti-di-collegamento-locali-gratuiti\/#breadcrumb"},"inLanguage":"it-IT","potentialAction":[{"@type":"ReadAction","target":["https:\/\/theyoungmessiah.com\/it\/siti-di-collegamento-locali-gratuiti\/"]}]},{"@type":"BreadcrumbList","@id":"https:\/\/theyoungmessiah.com\/it\/siti-di-collegamento-locali-gratuiti\/#breadcrumb","itemListElement":[{"@type":"ListItem","position":1,"name":"Home","item":"https:\/\/theyoungmessiah.com\/it\/"},{"@type":"ListItem","position":2,"name":"Siti di collegamento locali gratuiti"}]}]}},"_links":{"self":[{"href":"https:\/\/theyoungmessiah.com\/it\/wp-json\/wp\/v2\/pages\/226"}],"collection":[{"href":"https:\/\/theyoungmessiah.com\/it\/wp-json\/wp\/v2\/pages"}],"about":[{"href":"https:\/\/theyoungmessiah.com\/it\/wp-json\/wp\/v2\/types\/page"}],"author":[{"embeddable":true,"href":"https:\/\/theyoungmessiah.com\/it\/wp-json\/wp\/v2\/users\/1"}],"replies":[{"embeddable":true,"href":"https:\/\/theyoungmessiah.com\/it\/wp-json\/wp\/v2\/comments?post=226"}],"version-history":[{"count":0,"href":"https:\/\/theyoungmessiah.com\/it\/wp-json\/wp\/v2\/pages\/226\/revisions"}],"wp:attachment":[{"href":"https:\/\/theyoungmessiah.com\/it\/wp-json\/wp\/v2\/media?parent=226"}],"curies":[{"name":"wp","href":"https:\/\/api.w.org\/{rel}","templated":true}]}}