{"id":228,"date":"2022-10-12T13:52:31","date_gmt":"2022-10-12T12:52:31","guid":{"rendered":"http:\/\/theyoungmessiah.com\/app-di-appuntamenti-per-anziani\/"},"modified":"2022-10-12T13:52:31","modified_gmt":"2022-10-12T12:52:31","slug":"app-di-appuntamenti-per-anziani","status":"publish","type":"page","link":"https:\/\/theyoungmessiah.com\/it\/app-di-appuntamenti-per-anziani\/","title":{"rendered":"App di appuntamenti per anziani"},"content":{"rendered":"<p>Esistono diverse app di appuntamenti per anziani, ma la pi\u00f9 popolare \u00e8 Tinder. Tinder \u00e8 <a href=\"http:\/\/theyoungmessiah.com\/free-local-hookups-sites\/\">un&#8217;app di appuntamenti<\/a> che consente agli utenti di scorrere verso sinistra o destra su potenziali corrispondenze. Se due utenti scorrono verso destra l&#8217;uno sull&#8217;altro, vengono abbinati e possono chattare. Tinder \u00e8 pi\u00f9 comunemente usato per il collegamento, ma pu\u00f2 anche essere usato per appuntamenti.<\/p>\n<h2>Siti di incontri per over 40<\/h2>\n<p>Ci sono molti siti di incontri per over 40 l\u00e0 fuori, quindi pu\u00f2 essere travolgente cercare di decidere quale \u00e8 giusto per te. Un buon punto di partenza \u00e8 pensare a ci\u00f2 che stai cercando in un partner. Vuoi qualcuno che sia divertente e accomodante? Qualcuno che \u00e8 serio e motivato? Una volta che sai cosa stai cercando, puoi iniziare a restringere le tue opzioni.<\/p>\n<p>Un&#8217;altra cosa da considerare \u00e8 il tipo di appuntamenti che ti interessa. Stai cercando qualcosa di casual o sei interessato a qualcosa di pi\u00f9 serio? Esistono siti di incontri per entrambi i tipi di relazioni, quindi dovrai decidere quale \u00e8 giusto per te.<\/p>\n<p>Se hai pi\u00f9 di 40 anni e sei single, non c&#8217;\u00e8 motivo di disperare. Ci sono molti siti di incontri l\u00e0 fuori che possono aiutarti a trovare il partner perfetto. Prenditi il tuo tempo, fai le tue ricerche e troverai quello giusto per te.<\/p>\n<h2>Siti di incontri per anziani gratuiti<\/h2>\n<p>Ci sono molti siti di incontri per anziani gratuiti disponibili online, ma non tutti valgono il tuo tempo. I migliori siti di incontri senior gratuiti sono quelli che ti danno la possibilit\u00e0 di incontrare nuove persone, costruire relazioni e forse anche trovare l&#8217;amore. Per trovare i migliori siti di incontri senior gratuiti, ti consigliamo di assicurarti che abbiano una vasta base di utenti, offrano molte funzionalit\u00e0 e abbiano una reputazione positiva. Con cos\u00ec tanti siti di incontri senior gratuiti tra cui scegliere, \u00e8 importante trovare quello giusto per te.<\/p>\n<p>Ci sono molte ragioni per cui le persone potrebbero scegliere di uscire pi\u00f9 tardi nella vita. Forse sono pi\u00f9 maturi e hanno un&#8217;idea migliore di ci\u00f2 che stanno cercando in una relazione. Forse hanno divorziato o hanno avuto qualche altra esperienza di vita che li ha resi pi\u00f9 cauti nell&#8217;essere coinvolti con qualcuno. Qualunque sia la ragione, ci sono molti single maturi l\u00e0 fuori che utilizzano siti di incontri online per trovare amore e compagnia.<\/p>\n<p>Se stai pensando di provare gli appuntamenti online, \u00e8 importante scegliere un sito orientato verso single maturi. Ti consigliamo di cercare un sito che abbia una base di membri ampia e attiva, oltre a un solido set di funzionalit\u00e0 e misure di sicurezza. E, naturalmente, ti consigliamo di assicurarti che il sito che scegli sia quello che ti senti a tuo agio nell&#8217;usare.<\/p>\n<p>Con un po &#8216;di ricerca, dovresti essere in grado di trovare un sito di incontri online perfetto per te. E, chiss\u00e0, potresti semplicemente trovare l&#8217;amore della tua vita.<\/p>\n<h3>LuckyCrush<\/h3>\n<p>Se stai cercando un&#8217;app di appuntamenti per anziani basata sulla fortuna, LuckyCrush \u00e8 un&#8217;ottima opzione. \u00c8 un&#8217;app gratuita che ti abbina ad altri utenti in base alla tua posizione e puoi chattare con loro se sei entrambi interessati. L&#8217;app ha anche una valutazione a 4 stelle sull&#8217;App Store, quindi vale sicuramente la pena dare un&#8217;occhiata.<\/p>\n<h3>OneNightFriend<\/h3>\n<p>Se stai cercando un&#8217;app di appuntamenti per anziani, OneNightFriend \u00e8 un&#8217;ottima opzione. \u00c8 facile da usare e ha molte funzionalit\u00e0 che lo rendono un&#8217;ottima scelta per gli anziani. L&#8217;app \u00e8 scaricabile e utilizzabile gratuitamente ed \u00e8 disponibile su dispositivi iOS e Android. OneNightFriend \u00e8 un ottimo modo per incontrare nuove persone e trovare potenziali corrispondenze. L&#8217;app \u00e8 facile da usare e ha molte funzionalit\u00e0 che la rendono un&#8217;ottima scelta per gli anziani. OneNightFriend \u00e8 un ottimo modo per incontrare nuove persone e trovare potenziali corrispondenze.<\/p>\n<h3>XPickup<\/h3>\n<p>XPickup \u00e8 una nuova app di appuntamenti progettata specificamente per gli anziani. \u00c8 disponibile gratuitamente su App Store e Google Play. L&#8217;app ha un&#8217;interfaccia semplice e intuitiva. Gli utenti possono creare un profilo e aggiungere foto. Possono quindi cercare altri anziani che sono alla ricerca di un appuntamento. XPickup offre anche una funzione di chat, in modo che gli utenti possano comunicare tra loro. L&#8217;app \u00e8 sicura ed \u00e8 facile da usare. Nel complesso, XPickup \u00e8 un&#8217;ottima app di appuntamenti per anziani.<\/p>\n<h3>BoneAMilf \u00b7<\/h3>\n<p>Se stai cercando un&#8217;app di appuntamenti specificamente progettata per gli anziani, allora dovresti assolutamente dare un&#8217;occhiata a BoneAMilf. Questa app \u00e8 ricca di funzionalit\u00e0 che semplificano la ricerca e la connessione con potenziali corrispondenze e ha anche un&#8217;ottima interfaccia utente.<\/p>\n<p>Una delle cose migliori di BoneAMilf \u00e8 che offre una vasta gamma di opzioni di ricerca, in modo da poter trovare facilmente persone che soddisfano i tuoi criteri specifici. Puoi anche utilizzare l&#8217;app per visualizzare i profili di altri utenti e vedere chi \u00e8 attualmente online.<\/p>\n<p>L&#8217;app ha anche un sistema di messaggistica integrato, in modo da poter chattare facilmente con potenziali corrispondenze. Nel complesso, BoneAMilf \u00e8 un&#8217;ottima opzione per gli anziani che sono alla ricerca di un&#8217;app di appuntamenti facile da usare e ricca di funzionalit\u00e0.<\/p>\n","protected":false},"excerpt":{"rendered":"<p>Esistono diverse app di appuntamenti per anziani, ma la pi\u00f9 popolare \u00e8 Tinder. Tinder \u00e8 un&#8217;app di appuntamenti che consente agli utenti di scorrere verso sinistra o destra su potenziali corrispondenze. Se due utenti scorrono verso destra l&#8217;uno sull&#8217;altro, vengono abbinati e possono chattare. Tinder \u00e8 pi\u00f9 comunemente usato per il collegamento, ma pu\u00f2 anche&#8230;<a class=\"read-more-link button\" href=\"https:\/\/theyoungmessiah.com\/it\/app-di-appuntamenti-per-anziani\/\">Read more<\/a><\/p>\n","protected":false},"author":1,"featured_media":0,"parent":0,"menu_order":0,"comment_status":"closed","ping_status":"closed","template":"","meta":[],"yoast_head":"<!-- This site is optimized with the Yoast SEO plugin v17.7.1 - https:\/\/yoast.com\/wordpress\/plugins\/seo\/ -->\n<title>App di appuntamenti per anziani - Online Adult Dating<\/title>\n<meta name=\"robots\" content=\"index, follow, max-snippet:-1, max-image-preview:large, max-video-preview:-1\" \/>\n<link rel=\"canonical\" href=\"https:\/\/theyoungmessiah.com\/it\/app-di-appuntamenti-per-anziani\/\" \/>\n<meta property=\"og:locale\" content=\"it_IT\" \/>\n<meta property=\"og:type\" content=\"article\" \/>\n<meta property=\"og:title\" content=\"App di appuntamenti per anziani - Online Adult Dating\" \/>\n<meta property=\"og:description\" content=\"Esistono diverse app di appuntamenti per anziani, ma la pi\u00f9 popolare \u00e8 Tinder. Tinder \u00e8 un&#8217;app di appuntamenti che consente agli utenti di scorrere verso sinistra o destra su potenziali corrispondenze. Se due utenti scorrono verso destra l&#8217;uno sull&#8217;altro, vengono abbinati e possono chattare. Tinder \u00e8 pi\u00f9 comunemente usato per il collegamento, ma pu\u00f2 anche...Read more\" \/>\n<meta property=\"og:url\" content=\"https:\/\/theyoungmessiah.com\/it\/app-di-appuntamenti-per-anziani\/\" \/>\n<meta property=\"og:site_name\" content=\"Online Adult Dating\" \/>\n<meta name=\"twitter:card\" content=\"summary_large_image\" \/>\n<meta name=\"twitter:label1\" content=\"Tempo di lettura stimato\" \/>\n\t<meta name=\"twitter:data1\" content=\"4 minuti\" \/>\n<script type=\"application\/ld+json\" class=\"yoast-schema-graph\">{\"@context\":\"https:\/\/schema.org\",\"@graph\":[{\"@type\":\"WebSite\",\"@id\":\"https:\/\/theyoungmessiah.com\/it\/#website\",\"url\":\"https:\/\/theyoungmessiah.com\/it\/\",\"name\":\"Online Adult Dating\",\"description\":\"Local Sex Hookups\",\"potentialAction\":[{\"@type\":\"SearchAction\",\"target\":{\"@type\":\"EntryPoint\",\"urlTemplate\":\"https:\/\/theyoungmessiah.com\/it\/?s={search_term_string}\"},\"query-input\":\"required name=search_term_string\"}],\"inLanguage\":\"it-IT\"},{\"@type\":\"WebPage\",\"@id\":\"https:\/\/theyoungmessiah.com\/it\/app-di-appuntamenti-per-anziani\/#webpage\",\"url\":\"https:\/\/theyoungmessiah.com\/it\/app-di-appuntamenti-per-anziani\/\",\"name\":\"App di appuntamenti per anziani - Online Adult Dating\",\"isPartOf\":{\"@id\":\"https:\/\/theyoungmessiah.com\/it\/#website\"},\"datePublished\":\"2022-10-12T12:52:31+00:00\",\"dateModified\":\"2022-10-12T12:52:31+00:00\",\"breadcrumb\":{\"@id\":\"https:\/\/theyoungmessiah.com\/it\/app-di-appuntamenti-per-anziani\/#breadcrumb\"},\"inLanguage\":\"it-IT\",\"potentialAction\":[{\"@type\":\"ReadAction\",\"target\":[\"https:\/\/theyoungmessiah.com\/it\/app-di-appuntamenti-per-anziani\/\"]}]},{\"@type\":\"BreadcrumbList\",\"@id\":\"https:\/\/theyoungmessiah.com\/it\/app-di-appuntamenti-per-anziani\/#breadcrumb\",\"itemListElement\":[{\"@type\":\"ListItem\",\"position\":1,\"name\":\"Home\",\"item\":\"https:\/\/theyoungmessiah.com\/it\/\"},{\"@type\":\"ListItem\",\"position\":2,\"name\":\"App di appuntamenti per anziani\"}]}]}<\/script>\n<!-- \/ Yoast SEO plugin. -->","yoast_head_json":{"title":"App di appuntamenti per anziani - Online Adult Dating","robots":{"index":"index","follow":"follow","max-snippet":"max-snippet:-1","max-image-preview":"max-image-preview:large","max-video-preview":"max-video-preview:-1"},"canonical":"https:\/\/theyoungmessiah.com\/it\/app-di-appuntamenti-per-anziani\/","og_locale":"it_IT","og_type":"article","og_title":"App di appuntamenti per anziani - Online Adult Dating","og_description":"Esistono diverse app di appuntamenti per anziani, ma la pi\u00f9 popolare \u00e8 Tinder. Tinder \u00e8 un&#8217;app di appuntamenti che consente agli utenti di scorrere verso sinistra o destra su potenziali corrispondenze. Se due utenti scorrono verso destra l&#8217;uno sull&#8217;altro, vengono abbinati e possono chattare. Tinder \u00e8 pi\u00f9 comunemente usato per il collegamento, ma pu\u00f2 anche...Read more","og_url":"https:\/\/theyoungmessiah.com\/it\/app-di-appuntamenti-per-anziani\/","og_site_name":"Online Adult Dating","twitter_card":"summary_large_image","twitter_misc":{"Tempo di lettura stimato":"4 minuti"},"schema":{"@context":"https:\/\/schema.org","@graph":[{"@type":"WebSite","@id":"https:\/\/theyoungmessiah.com\/it\/#website","url":"https:\/\/theyoungmessiah.com\/it\/","name":"Online Adult Dating","description":"Local Sex Hookups","potentialAction":[{"@type":"SearchAction","target":{"@type":"EntryPoint","urlTemplate":"https:\/\/theyoungmessiah.com\/it\/?s={search_term_string}"},"query-input":"required name=search_term_string"}],"inLanguage":"it-IT"},{"@type":"WebPage","@id":"https:\/\/theyoungmessiah.com\/it\/app-di-appuntamenti-per-anziani\/#webpage","url":"https:\/\/theyoungmessiah.com\/it\/app-di-appuntamenti-per-anziani\/","name":"App di appuntamenti per anziani - Online Adult Dating","isPartOf":{"@id":"https:\/\/theyoungmessiah.com\/it\/#website"},"datePublished":"2022-10-12T12:52:31+00:00","dateModified":"2022-10-12T12:52:31+00:00","breadcrumb":{"@id":"https:\/\/theyoungmessiah.com\/it\/app-di-appuntamenti-per-anziani\/#breadcrumb"},"inLanguage":"it-IT","potentialAction":[{"@type":"ReadAction","target":["https:\/\/theyoungmessiah.com\/it\/app-di-appuntamenti-per-anziani\/"]}]},{"@type":"BreadcrumbList","@id":"https:\/\/theyoungmessiah.com\/it\/app-di-appuntamenti-per-anziani\/#breadcrumb","itemListElement":[{"@type":"ListItem","position":1,"name":"Home","item":"https:\/\/theyoungmessiah.com\/it\/"},{"@type":"ListItem","position":2,"name":"App di appuntamenti per anziani"}]}]}},"_links":{"self":[{"href":"https:\/\/theyoungmessiah.com\/it\/wp-json\/wp\/v2\/pages\/228"}],"collection":[{"href":"https:\/\/theyoungmessiah.com\/it\/wp-json\/wp\/v2\/pages"}],"about":[{"href":"https:\/\/theyoungmessiah.com\/it\/wp-json\/wp\/v2\/types\/page"}],"author":[{"embeddable":true,"href":"https:\/\/theyoungmessiah.com\/it\/wp-json\/wp\/v2\/users\/1"}],"replies":[{"embeddable":true,"href":"https:\/\/theyoungmessiah.com\/it\/wp-json\/wp\/v2\/comments?post=228"}],"version-history":[{"count":0,"href":"https:\/\/theyoungmessiah.com\/it\/wp-json\/wp\/v2\/pages\/228\/revisions"}],"wp:attachment":[{"href":"https:\/\/theyoungmessiah.com\/it\/wp-json\/wp\/v2\/media?parent=228"}],"curies":[{"name":"wp","href":"https:\/\/api.w.org\/{rel}","templated":true}]}}