{"id":246,"date":"2022-10-12T13:51:02","date_gmt":"2022-10-12T12:51:02","guid":{"rendered":"http:\/\/theyoungmessiah.com\/donne-locali-in-cerca-di-sesso\/"},"modified":"2022-10-12T13:51:02","modified_gmt":"2022-10-12T12:51:02","slug":"donne-locali-in-cerca-di-sesso","status":"publish","type":"page","link":"https:\/\/theyoungmessiah.com\/it\/donne-locali-in-cerca-di-sesso\/","title":{"rendered":"Donne locali in cerca di sesso"},"content":{"rendered":"<p>Le donne locali in cerca di sesso sono spesso disposte a collegarsi con gli uomini che incontrano online. Esistono numerosi siti Web e app che si rivolgono a questa fascia demografica, semplificando la connessione con potenziali partner. In molti casi, queste donne sono semplicemente alla ricerca di una connessione fisica e non sono interessate a nient&#8217;altro. Tuttavia, ci sono anche alcune donne che sono alla ricerca di una relazione pi\u00f9 seria. Queste donne possono essere pi\u00f9 difficili da trovare, ma sono l\u00e0 fuori. Il modo migliore per trovarli \u00e8 utilizzare un sito di incontri o un&#8217;app che ti consenta di cercare donne che <a href=\"http:\/\/theyoungmessiah.com\/date-in-your-area\/\">cercano qualcosa di pi\u00f9 di un semplice collegamento<\/a>.<\/p>\n<h2>Donne che vogliono scopare<\/h2>\n<p>Non c&#8217;\u00e8 niente di sbagliato nel voler scopare, e ci sono molte donne l\u00e0 fuori che si sentono allo stesso modo. La chiave \u00e8 trovare qualcuno che condivida i tuoi desideri e con cui sei compatibile.<\/p>\n<p>Ci sono alcune cose da tenere a mente quando si cerca un amico del cazzo.<\/p>\n<ul>\n<li>Innanzitutto, assicurati di essere sulla stessa pagina di ci\u00f2 che stai cercando. Non ha senso essere coinvolti con qualcuno se non sei sulla stessa pagina di ci\u00f2 che stai facendo.<\/li>\n<li>In secondo luogo, assicurati di essere entrambi a tuo agio l&#8217;uno con l&#8217;altro. Se non vi sentite a vostro agio l&#8217;uno con l&#8217;altro, non sar\u00e0 un buon momento.<\/li>\n<li>In terzo luogo, la comunicazione \u00e8 fondamentale. Assicurati di comunicare ci\u00f2 che vuoi e di cui hai bisogno dalla relazione. Se non sei sulla stessa pagina, non funzioner\u00e0.<\/li>\n<li>Infine, non aver paura di sperimentare. Se non sei sicuro di ci\u00f2 che vuoi, prova cose diverse e vedi cosa funziona per te. Non c&#8217;\u00e8 un modo giusto per fare le cose, quindi non aver paura di esplorare.<\/li>\n<\/ul>\n<p>Ci sono molti modi per incontrare donne arrapate vicino a te, ma il modo pi\u00f9 popolare \u00e8 sicuramente l&#8217;appuntamento online. Questo perch\u00e9 gli appuntamenti online ti offrono molte pi\u00f9 opzioni e molta pi\u00f9 flessibilit\u00e0 quando si tratta di scegliere chi vuoi incontrare. Puoi anche utilizzare gli appuntamenti online per trovare donne che cercano la tua stessa cosa, il che \u00e8 molto pi\u00f9 facile che cercare di prenderle di persona.<\/p>\n<h2>Incontra donne locali per il sesso<\/h2>\n<p>Ci sono molti siti web che ti permettono di incontrare donne locali per fare sesso. Puoi utilizzare questi siti Web per trovare donne che cercano sesso nella tua zona. Puoi anche utilizzare questi siti Web per trovare donne che cercano una relazione. \u00c8 possibile utilizzare questi siti Web per trovare donne che sono alla ricerca di un&#8217;avventura di una notte. Puoi utilizzare questi siti Web per trovare donne che sono alla ricerca di un incontro casuale.<\/p>\n<h3>Zoosk \u00b7<\/h3>\n<p>Zoosk \u00e8 un&#8217;app di appuntamenti che ti consente di connetterti con donne locali in cerca di sesso. L&#8217;app \u00e8 facile da usare e ha una variet\u00e0 di funzionalit\u00e0 che la rendono un&#8217;ottima opzione per coloro che cercano un collegamento casuale o una relazione pi\u00f9 seria. L&#8217;app ha anche una vasta base di utenti, il che significa che \u00e8 pi\u00f9 probabile trovare qualcuno che sia una buona corrispondenza per te.<\/p>\n<h3>Milfaholic<\/h3>\n<p>Ci sono molte app di appuntamenti l\u00e0 fuori, ma Milfaholic \u00e8 una delle uniche specificamente progettate per donne anziane e uomini pi\u00f9 giovani. Questa app \u00e8 perfetta per chiunque sia alla ricerca di una relazione senza vincoli con una donna anziana calda. Il processo di registrazione \u00e8 semplice e veloce e puoi iniziare subito a inviare messaggi alle donne. Le donne su Milfaholic sono tutte locali, quindi puoi essere sicuro di trovare qualcuno nella tua zona. E se stai cercando qualcosa di un po &#8216;pi\u00f9 a lungo termine, puoi anche usare Milfaholic per trovare donne anziane interessate a uscire con uomini pi\u00f9 giovani.<\/p>\n<h3>Flingster \u00b7<\/h3>\n<p>Se stai cercando un&#8217;avventura o un collegamento, Flingster \u00e8 sicuramente l&#8217;app di appuntamenti che fa per te. L&#8217;app \u00e8 incredibilmente facile da usare ed \u00e8 gratuita per registrarsi. Puoi sfogliare i profili locali e inviare messaggi a chiunque ti interessi. L&#8217;app \u00e8 anche molto popolare tra le donne locali in cerca di sesso. La funzione di ricerca \u00e8 molto user-friendly e puoi filtrare per posizione, et\u00e0 e interessi. Nel complesso, Flingster \u00e8 un&#8217;ottima opzione per chiunque cerchi un collegamento casuale o un&#8217;avventura.<\/p>\n<h3>ComeWithYou<\/h3>\n<p>ComeWithYou \u00e8 una nuova app di appuntamenti che sta ottenendo un sacco di buzz. L&#8217;app \u00e8 progettata per aiutare le donne a trovare uomini locali per il sesso occasionale. L&#8217;app \u00e8 molto facile da usare e ci vogliono solo pochi secondi per registrarsi. L&#8217;app \u00e8 scaricabile gratuitamente ed \u00e8 disponibile sia per iOS che per Android. ComeWithYou \u00e8 un&#8217;ottima opzione per le donne che sono alla ricerca di sesso occasionale. L&#8217;app \u00e8 molto facile da usare ed \u00e8 scaricabile gratuitamente. L&#8217;app \u00e8 disponibile anche per iOS e Android.<\/p>\n","protected":false},"excerpt":{"rendered":"<p>Le donne locali in cerca di sesso sono spesso disposte a collegarsi con gli uomini che incontrano online. Esistono numerosi siti Web e app che si rivolgono a questa fascia demografica, semplificando la connessione con potenziali partner. In molti casi, queste donne sono semplicemente alla ricerca di una connessione fisica e non sono interessate a&#8230;<a class=\"read-more-link button\" href=\"https:\/\/theyoungmessiah.com\/it\/donne-locali-in-cerca-di-sesso\/\">Read more<\/a><\/p>\n","protected":false},"author":1,"featured_media":0,"parent":0,"menu_order":0,"comment_status":"closed","ping_status":"closed","template":"","meta":[],"yoast_head":"<!-- This site is optimized with the Yoast SEO plugin v17.7.1 - https:\/\/yoast.com\/wordpress\/plugins\/seo\/ -->\n<title>Donne locali in cerca di sesso - Online Adult Dating<\/title>\n<meta name=\"robots\" content=\"index, follow, max-snippet:-1, max-image-preview:large, max-video-preview:-1\" \/>\n<link rel=\"canonical\" href=\"https:\/\/theyoungmessiah.com\/it\/donne-locali-in-cerca-di-sesso\/\" \/>\n<meta property=\"og:locale\" content=\"it_IT\" \/>\n<meta property=\"og:type\" content=\"article\" \/>\n<meta property=\"og:title\" content=\"Donne locali in cerca di sesso - Online Adult Dating\" \/>\n<meta property=\"og:description\" content=\"Le donne locali in cerca di sesso sono spesso disposte a collegarsi con gli uomini che incontrano online. Esistono numerosi siti Web e app che si rivolgono a questa fascia demografica, semplificando la connessione con potenziali partner. In molti casi, queste donne sono semplicemente alla ricerca di una connessione fisica e non sono interessate a...Read more\" \/>\n<meta property=\"og:url\" content=\"https:\/\/theyoungmessiah.com\/it\/donne-locali-in-cerca-di-sesso\/\" \/>\n<meta property=\"og:site_name\" content=\"Online Adult Dating\" \/>\n<meta name=\"twitter:card\" content=\"summary_large_image\" \/>\n<meta name=\"twitter:label1\" content=\"Tempo di lettura stimato\" \/>\n\t<meta name=\"twitter:data1\" content=\"4 minuti\" \/>\n<script type=\"application\/ld+json\" class=\"yoast-schema-graph\">{\"@context\":\"https:\/\/schema.org\",\"@graph\":[{\"@type\":\"WebSite\",\"@id\":\"https:\/\/theyoungmessiah.com\/it\/#website\",\"url\":\"https:\/\/theyoungmessiah.com\/it\/\",\"name\":\"Online Adult Dating\",\"description\":\"Local Sex Hookups\",\"potentialAction\":[{\"@type\":\"SearchAction\",\"target\":{\"@type\":\"EntryPoint\",\"urlTemplate\":\"https:\/\/theyoungmessiah.com\/it\/?s={search_term_string}\"},\"query-input\":\"required name=search_term_string\"}],\"inLanguage\":\"it-IT\"},{\"@type\":\"WebPage\",\"@id\":\"https:\/\/theyoungmessiah.com\/it\/donne-locali-in-cerca-di-sesso\/#webpage\",\"url\":\"https:\/\/theyoungmessiah.com\/it\/donne-locali-in-cerca-di-sesso\/\",\"name\":\"Donne locali in cerca di sesso - Online Adult Dating\",\"isPartOf\":{\"@id\":\"https:\/\/theyoungmessiah.com\/it\/#website\"},\"datePublished\":\"2022-10-12T12:51:02+00:00\",\"dateModified\":\"2022-10-12T12:51:02+00:00\",\"breadcrumb\":{\"@id\":\"https:\/\/theyoungmessiah.com\/it\/donne-locali-in-cerca-di-sesso\/#breadcrumb\"},\"inLanguage\":\"it-IT\",\"potentialAction\":[{\"@type\":\"ReadAction\",\"target\":[\"https:\/\/theyoungmessiah.com\/it\/donne-locali-in-cerca-di-sesso\/\"]}]},{\"@type\":\"BreadcrumbList\",\"@id\":\"https:\/\/theyoungmessiah.com\/it\/donne-locali-in-cerca-di-sesso\/#breadcrumb\",\"itemListElement\":[{\"@type\":\"ListItem\",\"position\":1,\"name\":\"Home\",\"item\":\"https:\/\/theyoungmessiah.com\/it\/\"},{\"@type\":\"ListItem\",\"position\":2,\"name\":\"Donne locali in cerca di sesso\"}]}]}<\/script>\n<!-- \/ Yoast SEO plugin. -->","yoast_head_json":{"title":"Donne locali in cerca di sesso - Online Adult Dating","robots":{"index":"index","follow":"follow","max-snippet":"max-snippet:-1","max-image-preview":"max-image-preview:large","max-video-preview":"max-video-preview:-1"},"canonical":"https:\/\/theyoungmessiah.com\/it\/donne-locali-in-cerca-di-sesso\/","og_locale":"it_IT","og_type":"article","og_title":"Donne locali in cerca di sesso - Online Adult Dating","og_description":"Le donne locali in cerca di sesso sono spesso disposte a collegarsi con gli uomini che incontrano online. Esistono numerosi siti Web e app che si rivolgono a questa fascia demografica, semplificando la connessione con potenziali partner. In molti casi, queste donne sono semplicemente alla ricerca di una connessione fisica e non sono interessate a...Read more","og_url":"https:\/\/theyoungmessiah.com\/it\/donne-locali-in-cerca-di-sesso\/","og_site_name":"Online Adult Dating","twitter_card":"summary_large_image","twitter_misc":{"Tempo di lettura stimato":"4 minuti"},"schema":{"@context":"https:\/\/schema.org","@graph":[{"@type":"WebSite","@id":"https:\/\/theyoungmessiah.com\/it\/#website","url":"https:\/\/theyoungmessiah.com\/it\/","name":"Online Adult Dating","description":"Local Sex Hookups","potentialAction":[{"@type":"SearchAction","target":{"@type":"EntryPoint","urlTemplate":"https:\/\/theyoungmessiah.com\/it\/?s={search_term_string}"},"query-input":"required name=search_term_string"}],"inLanguage":"it-IT"},{"@type":"WebPage","@id":"https:\/\/theyoungmessiah.com\/it\/donne-locali-in-cerca-di-sesso\/#webpage","url":"https:\/\/theyoungmessiah.com\/it\/donne-locali-in-cerca-di-sesso\/","name":"Donne locali in cerca di sesso - Online Adult Dating","isPartOf":{"@id":"https:\/\/theyoungmessiah.com\/it\/#website"},"datePublished":"2022-10-12T12:51:02+00:00","dateModified":"2022-10-12T12:51:02+00:00","breadcrumb":{"@id":"https:\/\/theyoungmessiah.com\/it\/donne-locali-in-cerca-di-sesso\/#breadcrumb"},"inLanguage":"it-IT","potentialAction":[{"@type":"ReadAction","target":["https:\/\/theyoungmessiah.com\/it\/donne-locali-in-cerca-di-sesso\/"]}]},{"@type":"BreadcrumbList","@id":"https:\/\/theyoungmessiah.com\/it\/donne-locali-in-cerca-di-sesso\/#breadcrumb","itemListElement":[{"@type":"ListItem","position":1,"name":"Home","item":"https:\/\/theyoungmessiah.com\/it\/"},{"@type":"ListItem","position":2,"name":"Donne locali in cerca di sesso"}]}]}},"_links":{"self":[{"href":"https:\/\/theyoungmessiah.com\/it\/wp-json\/wp\/v2\/pages\/246"}],"collection":[{"href":"https:\/\/theyoungmessiah.com\/it\/wp-json\/wp\/v2\/pages"}],"about":[{"href":"https:\/\/theyoungmessiah.com\/it\/wp-json\/wp\/v2\/types\/page"}],"author":[{"embeddable":true,"href":"https:\/\/theyoungmessiah.com\/it\/wp-json\/wp\/v2\/users\/1"}],"replies":[{"embeddable":true,"href":"https:\/\/theyoungmessiah.com\/it\/wp-json\/wp\/v2\/comments?post=246"}],"version-history":[{"count":0,"href":"https:\/\/theyoungmessiah.com\/it\/wp-json\/wp\/v2\/pages\/246\/revisions"}],"wp:attachment":[{"href":"https:\/\/theyoungmessiah.com\/it\/wp-json\/wp\/v2\/media?parent=246"}],"curies":[{"name":"wp","href":"https:\/\/api.w.org\/{rel}","templated":true}]}}