{"id":247,"date":"2022-10-12T13:51:18","date_gmt":"2022-10-12T12:51:18","guid":{"rendered":"http:\/\/theyoungmessiah.com\/horny-persone-vicino-a-me\/"},"modified":"2022-10-12T13:51:18","modified_gmt":"2022-10-12T12:51:18","slug":"horny-persone-vicino-a-me","status":"publish","type":"page","link":"https:\/\/theyoungmessiah.com\/it\/horny-persone-vicino-a-me\/","title":{"rendered":"Horny Persone vicino a me"},"content":{"rendered":"<p>Ci sono molte persone arrapate vicino a te se stai cercando di collegarti. Il modo migliore per trovarli \u00e8 utilizzare un&#8217;app di appuntamenti o di collegamento come Tinder, Bumble o Grindr. Puoi anche provare ad andare in bar o club popolari nella tua zona. Se stai lottando per trovare qualcuno, puoi sempre chiedere ai tuoi amici se conoscono qualcuno che potrebbe essere interessato.<\/p>\n<p><a href=\"http:\/\/theyoungmessiah.com\/local-women-looking-for-sex\/\">Le donne<\/a> arrapate possono essere trovate su Internet e di solito sono gi\u00f9 a chiacchierare di tutto e di tutto. Tuttavia, quando si tratta di appuntamenti, ci sono alcune cose che dovresti tenere a mente. In primo luogo, le donne arrapate sono spesso molto avanti, quindi dovrai essere preparato per questo. In secondo luogo, di solito sono alla ricerca di un collegamento rapido, quindi non aspettarti nulla di troppo serio. Infine, le donne arrapate sono spesso piuttosto selvagge a letto, quindi preparati per divertirti!<\/p>\n<h2>Incontro con Le ragazze cornute<\/h2>\n<p>Non c&#8217;\u00e8 niente di meglio che incontrare una ragazza sexy online e sapere che \u00e8 arrapata come te. \u00c8 un ottimo modo per conoscere qualcuno e scendere allo stesso tempo. Assicurati solo di essere sicuro e di utilizzare un sito affidabile.<\/p>\n<p>Ci sono molte donne arrapate vicino a me e in tutto il paese che stanno cercando un ragazzo proprio come te. Puoi trovarli online su qualsiasi numero di siti di incontri. Tutto quello che devi fare \u00e8 impostare un profilo, mettere alcune immagini e iniziare a inviare messaggi. Le donne su questi siti Web sono solitamente aperte a incontrarsi per il sesso occasionale, quindi non dovresti avere problemi a trovare qualcuno con cui collegarti.<\/p>\n<h3>Viale chat<\/h3>\n<p>Se stai cercando un&#8217;app di appuntamenti che ti aiuti a trovare persone arrapate vicino a te, Chat Avenue \u00e8 una buona opzione. L&#8217;app ha una vasta base di utenti, quindi \u00e8 probabile che tu trovi qualcuno interessato a collegarsi. L&#8217;app \u00e8 scaricabile e utilizzabile gratuitamente ed \u00e8 facile registrarsi e iniziare a chattare con le persone. Tuttavia, l&#8217;app non \u00e8 priva di difetti. Alcuni utenti hanno segnalato che l&#8217;app \u00e8 buggata e si blocca spesso. Inoltre, l&#8217;app non ha molte funzionalit\u00e0, quindi non \u00e8 cos\u00ec completa come alcune delle altre app di appuntamenti l\u00e0 fuori. Nel complesso, Chat Avenue \u00e8 un&#8217;opzione decente per trovare persone arrapate con cui collegarsi.<\/p>\n<h3>Zoosk \u00b7<\/h3>\n<p>Se stai cercando un&#8217;app di appuntamenti che faciliti il collegamento con single locali, Zoosk \u00e8 un&#8217;ottima scelta. Con oltre 30 milioni di membri, \u00e8 una delle app di appuntamenti pi\u00f9 popolari in circolazione. Ed \u00e8 particolarmente popolare tra le persone arrapate vicino a me.<\/p>\n<p>L&#8217;app Zoosk \u00e8 scaricabile e utilizzabile gratuitamente ed \u00e8 abbastanza facile da usare. Basta creare un profilo, caricare una foto e iniziare a cercare single locali. Puoi filtrare la ricerca per posizione, et\u00e0 e interessi e inviare messaggi a chiunque attiri la tua attenzione.<\/p>\n<p>L&#8217;unico aspetto negativo di Zoosk \u00e8 che non \u00e8 cos\u00ec popolare come alcune delle altre app di appuntamenti l\u00e0 fuori, quindi potresti avere pi\u00f9 difficolt\u00e0 a trovare corrispondenze. Ma se stai cercando un collegamento rapido, vale sicuramente la pena provare.<\/p>\n<h3>Fling.com<\/h3>\n<p>Fling.com \u00e8 un&#8217;app di appuntamenti che ti consente di trovare persone arrapate vicino a te. L&#8217;app \u00e8 scaricabile e utilizzabile gratuitamente e offre una variet\u00e0 di funzionalit\u00e0 per aiutarti a trovare una corrispondenza. Puoi cercare gli utenti per posizione, et\u00e0 e sesso e puoi inviare loro un messaggio per avviare una conversazione. L&#8217;app include anche una funzione &#8220;fling finder&#8221; che ti consente di trovare utenti che sono alla ricerca di un&#8217;avventura. nel complesso, l&#8217;app \u00e8 un ottimo modo per incontrare nuove persone e farsi posare.<\/p>\n<h3>Bumble<\/h3>\n<p>Bumble \u00e8 un&#8217;app di appuntamenti che ti consente di trovare potenziali appuntamenti vicino a te. \u00c8 simile ad altre app di appuntamenti come Tinder e OkCupid, ma ha alcune differenze chiave. In primo luogo, le donne hanno il controllo. Devono fare la prima mossa e possono solo inviare messaggi agli uomini con cui hanno abbinato. In secondo luogo, l&#8217;app \u00e8 orientata verso relazioni pi\u00f9 serie. Non \u00e8 casuale come Tinder e hai maggiori probabilit\u00e0 di trovare qualcuno che cerca una relazione a lungo termine. Nel complesso, Bumble \u00e8 un&#8217;ottima app di appuntamenti per le donne che vogliono avere il controllo e per le persone che sono alla ricerca di relazioni pi\u00f9 serie.<\/p>\n","protected":false},"excerpt":{"rendered":"<p>Ci sono molte persone arrapate vicino a te se stai cercando di collegarti. Il modo migliore per trovarli \u00e8 utilizzare un&#8217;app di appuntamenti o di collegamento come Tinder, Bumble o Grindr. Puoi anche provare ad andare in bar o club popolari nella tua zona. Se stai lottando per trovare qualcuno, puoi sempre chiedere ai tuoi&#8230;<a class=\"read-more-link button\" href=\"https:\/\/theyoungmessiah.com\/it\/horny-persone-vicino-a-me\/\">Read more<\/a><\/p>\n","protected":false},"author":1,"featured_media":0,"parent":0,"menu_order":0,"comment_status":"closed","ping_status":"closed","template":"","meta":[],"yoast_head":"<!-- This site is optimized with the Yoast SEO plugin v17.7.1 - https:\/\/yoast.com\/wordpress\/plugins\/seo\/ -->\n<title>Horny Persone vicino a me - Online Adult Dating<\/title>\n<meta name=\"robots\" content=\"index, follow, max-snippet:-1, max-image-preview:large, max-video-preview:-1\" \/>\n<link rel=\"canonical\" href=\"https:\/\/theyoungmessiah.com\/it\/horny-persone-vicino-a-me\/\" \/>\n<meta property=\"og:locale\" content=\"it_IT\" \/>\n<meta property=\"og:type\" content=\"article\" \/>\n<meta property=\"og:title\" content=\"Horny Persone vicino a me - Online Adult Dating\" \/>\n<meta property=\"og:description\" content=\"Ci sono molte persone arrapate vicino a te se stai cercando di collegarti. Il modo migliore per trovarli \u00e8 utilizzare un&#8217;app di appuntamenti o di collegamento come Tinder, Bumble o Grindr. Puoi anche provare ad andare in bar o club popolari nella tua zona. Se stai lottando per trovare qualcuno, puoi sempre chiedere ai tuoi...Read more\" \/>\n<meta property=\"og:url\" content=\"https:\/\/theyoungmessiah.com\/it\/horny-persone-vicino-a-me\/\" \/>\n<meta property=\"og:site_name\" content=\"Online Adult Dating\" \/>\n<meta name=\"twitter:card\" content=\"summary_large_image\" \/>\n<meta name=\"twitter:label1\" content=\"Tempo di lettura stimato\" \/>\n\t<meta name=\"twitter:data1\" content=\"3 minuti\" \/>\n<script type=\"application\/ld+json\" class=\"yoast-schema-graph\">{\"@context\":\"https:\/\/schema.org\",\"@graph\":[{\"@type\":\"WebSite\",\"@id\":\"https:\/\/theyoungmessiah.com\/it\/#website\",\"url\":\"https:\/\/theyoungmessiah.com\/it\/\",\"name\":\"Online Adult Dating\",\"description\":\"Local Sex Hookups\",\"potentialAction\":[{\"@type\":\"SearchAction\",\"target\":{\"@type\":\"EntryPoint\",\"urlTemplate\":\"https:\/\/theyoungmessiah.com\/it\/?s={search_term_string}\"},\"query-input\":\"required name=search_term_string\"}],\"inLanguage\":\"it-IT\"},{\"@type\":\"WebPage\",\"@id\":\"https:\/\/theyoungmessiah.com\/it\/horny-persone-vicino-a-me\/#webpage\",\"url\":\"https:\/\/theyoungmessiah.com\/it\/horny-persone-vicino-a-me\/\",\"name\":\"Horny Persone vicino a me - Online Adult Dating\",\"isPartOf\":{\"@id\":\"https:\/\/theyoungmessiah.com\/it\/#website\"},\"datePublished\":\"2022-10-12T12:51:18+00:00\",\"dateModified\":\"2022-10-12T12:51:18+00:00\",\"breadcrumb\":{\"@id\":\"https:\/\/theyoungmessiah.com\/it\/horny-persone-vicino-a-me\/#breadcrumb\"},\"inLanguage\":\"it-IT\",\"potentialAction\":[{\"@type\":\"ReadAction\",\"target\":[\"https:\/\/theyoungmessiah.com\/it\/horny-persone-vicino-a-me\/\"]}]},{\"@type\":\"BreadcrumbList\",\"@id\":\"https:\/\/theyoungmessiah.com\/it\/horny-persone-vicino-a-me\/#breadcrumb\",\"itemListElement\":[{\"@type\":\"ListItem\",\"position\":1,\"name\":\"Home\",\"item\":\"https:\/\/theyoungmessiah.com\/it\/\"},{\"@type\":\"ListItem\",\"position\":2,\"name\":\"Horny Persone vicino a me\"}]}]}<\/script>\n<!-- \/ Yoast SEO plugin. -->","yoast_head_json":{"title":"Horny Persone vicino a me - Online Adult Dating","robots":{"index":"index","follow":"follow","max-snippet":"max-snippet:-1","max-image-preview":"max-image-preview:large","max-video-preview":"max-video-preview:-1"},"canonical":"https:\/\/theyoungmessiah.com\/it\/horny-persone-vicino-a-me\/","og_locale":"it_IT","og_type":"article","og_title":"Horny Persone vicino a me - Online Adult Dating","og_description":"Ci sono molte persone arrapate vicino a te se stai cercando di collegarti. Il modo migliore per trovarli \u00e8 utilizzare un&#8217;app di appuntamenti o di collegamento come Tinder, Bumble o Grindr. Puoi anche provare ad andare in bar o club popolari nella tua zona. Se stai lottando per trovare qualcuno, puoi sempre chiedere ai tuoi...Read more","og_url":"https:\/\/theyoungmessiah.com\/it\/horny-persone-vicino-a-me\/","og_site_name":"Online Adult Dating","twitter_card":"summary_large_image","twitter_misc":{"Tempo di lettura stimato":"3 minuti"},"schema":{"@context":"https:\/\/schema.org","@graph":[{"@type":"WebSite","@id":"https:\/\/theyoungmessiah.com\/it\/#website","url":"https:\/\/theyoungmessiah.com\/it\/","name":"Online Adult Dating","description":"Local Sex Hookups","potentialAction":[{"@type":"SearchAction","target":{"@type":"EntryPoint","urlTemplate":"https:\/\/theyoungmessiah.com\/it\/?s={search_term_string}"},"query-input":"required name=search_term_string"}],"inLanguage":"it-IT"},{"@type":"WebPage","@id":"https:\/\/theyoungmessiah.com\/it\/horny-persone-vicino-a-me\/#webpage","url":"https:\/\/theyoungmessiah.com\/it\/horny-persone-vicino-a-me\/","name":"Horny Persone vicino a me - Online Adult Dating","isPartOf":{"@id":"https:\/\/theyoungmessiah.com\/it\/#website"},"datePublished":"2022-10-12T12:51:18+00:00","dateModified":"2022-10-12T12:51:18+00:00","breadcrumb":{"@id":"https:\/\/theyoungmessiah.com\/it\/horny-persone-vicino-a-me\/#breadcrumb"},"inLanguage":"it-IT","potentialAction":[{"@type":"ReadAction","target":["https:\/\/theyoungmessiah.com\/it\/horny-persone-vicino-a-me\/"]}]},{"@type":"BreadcrumbList","@id":"https:\/\/theyoungmessiah.com\/it\/horny-persone-vicino-a-me\/#breadcrumb","itemListElement":[{"@type":"ListItem","position":1,"name":"Home","item":"https:\/\/theyoungmessiah.com\/it\/"},{"@type":"ListItem","position":2,"name":"Horny Persone vicino a me"}]}]}},"_links":{"self":[{"href":"https:\/\/theyoungmessiah.com\/it\/wp-json\/wp\/v2\/pages\/247"}],"collection":[{"href":"https:\/\/theyoungmessiah.com\/it\/wp-json\/wp\/v2\/pages"}],"about":[{"href":"https:\/\/theyoungmessiah.com\/it\/wp-json\/wp\/v2\/types\/page"}],"author":[{"embeddable":true,"href":"https:\/\/theyoungmessiah.com\/it\/wp-json\/wp\/v2\/users\/1"}],"replies":[{"embeddable":true,"href":"https:\/\/theyoungmessiah.com\/it\/wp-json\/wp\/v2\/comments?post=247"}],"version-history":[{"count":0,"href":"https:\/\/theyoungmessiah.com\/it\/wp-json\/wp\/v2\/pages\/247\/revisions"}],"wp:attachment":[{"href":"https:\/\/theyoungmessiah.com\/it\/wp-json\/wp\/v2\/media?parent=247"}],"curies":[{"name":"wp","href":"https:\/\/api.w.org\/{rel}","templated":true}]}}