{"id":278,"date":"2022-10-12T13:50:25","date_gmt":"2022-10-12T12:50:25","guid":{"rendered":"http:\/\/theyoungmessiah.com\/incontri-milf-locali\/"},"modified":"2022-10-12T13:50:25","modified_gmt":"2022-10-12T12:50:25","slug":"incontri-milf-locali","status":"publish","type":"page","link":"https:\/\/theyoungmessiah.com\/it\/incontri-milf-locali\/","title":{"rendered":"Incontri Milf locali"},"content":{"rendered":"<p>Ci sono molti modi per ottenere un collegamento milf gratuito. Puoi trovare siti Web specializzati in collegamenti milf oppure puoi utilizzare normali siti di incontri. Puoi anche provare siti di social media come Facebook e Twitter. Qualunque sia il metodo che scegli, assicurati di essere rispettoso e rispettoso nei confronti della milf con cui stai cercando di entrare in contatto.<\/p>\n<h2>Incontri MILF<\/h2>\n<p>C&#8217;\u00e8 qualcosa di intrigante nelle milfs. Hanno esperienza, sanno cosa vogliono e non hanno paura di inseguirlo. Ecco perch\u00e9 gli appuntamenti con le milf possono essere cos\u00ec eccitanti. Puoi imparare da qualcuno che sa cosa sta facendo e puoi sperimentare cose nuove.<\/p>\n<p>Tuttavia, <a href=\"http:\/\/theyoungmessiah.com\/granny-hookup\/\">gli appuntamenti con<\/a> milf possono anche essere impegnativi. Queste donne sono spesso occupate e potrebbero non avere molto tempo per uscire. Ecco perch\u00e9 \u00e8 importante essere pazienti e capire che le cose potrebbero non accadere sempre cos\u00ec velocemente come vorresti.<\/p>\n<p>Se sei interessato agli appuntamenti con milf, allora \u00e8 importante essere rispettosi e capire cosa sta cercando. Non sta cercando un&#8217;avventura di una notte, sta cercando una relazione. Quindi prenditi il tuo tempo, conoscila e vedi dove vanno le cose.<\/p>\n<p>Non si pu\u00f2 negare che gli appuntamenti online abbiano i suoi vantaggi: puoi raggiungere un pool pi\u00f9 ampio di potenziali partner e puoi farlo comodamente da casa tua. Ma una cosa che gli appuntamenti online non possono darti \u00e8 la possibilit\u00e0 di incontrare subito qualcuno di persona. Ed \u00e8 qui che entrano in gioco le MILF locali.<\/p>\n<p>Le MILF locali sono ottime per le persone che vogliono portare offline il processo di appuntamenti online il pi\u00f9 rapidamente possibile. Sono anche perfetti per coloro che potrebbero essere un po &#8216;arrugginiti quando si tratta di appuntamenti. Dopotutto, niente batte la pratica.<\/p>\n<p>Quindi, se stai cercando di incontrare qualcuno di speciale e non sei sicuro da dove iniziare, perch\u00e9 non provare a cercare MILF locali nella tua zona? Potresti essere sorpreso di quante donne attraenti e idonee sono l\u00e0 fuori e di quanto sia facile trovarle.<\/p>\n<h2>Incontra una MILF<\/h2>\n<p>C&#8217;\u00e8 qualcosa nell&#8217;uscire con una MILF che ti fa sentire un uomo. Forse \u00e8 perch\u00e9 sanno quello che vogliono, o forse \u00e8 perch\u00e9 non hanno paura di inseguirlo. Ad ogni modo, se stai cercando di incontrare una MILF, non c&#8217;\u00e8 posto migliore per farlo che online.<\/p>\n<p>Ci sono molti siti di incontri MILF l\u00e0 fuori, ma non tutti sono creati uguali. Vuoi assicurarti di utilizzare un sito popolare e con una buona reputazione. Vuoi anche assicurarti di utilizzare un sito che ha molti membri attivi. In questo modo, \u00e8 pi\u00f9 probabile che tu trovi qualcuno che \u00e8 effettivamente interessato a incontrarsi.<\/p>\n<p>Una volta trovato un sito di incontri MILF che ti piace, registrati e crea un profilo. Assicurati di includere alcune immagini e un po &#8216;di te stesso. Quindi, inizia a cercare MILF nella tua zona. Quando trovi qualcuno che ti interessa, inviagli un messaggio e vedi se \u00e8 interessato a incontrarsi.<\/p>\n<p>Se giochi bene le tue carte, potresti incontrare una MILF in pochissimo tempo. Ricorda solo di essere rispettoso e di prendere le cose lentamente. Dopotutto, non vuoi precipitarti in nulla e finire per farti male.<\/p>\n<h3>OnlyFlings<\/h3>\n<p>Se stai cercando un collegamento milf gratuito, OnlyFlings \u00e8 un&#8217;ottima opzione. L&#8217;app \u00e8 facile da usare e ha molte fantastiche funzionalit\u00e0, come la chat video e un sistema di messaggistica integrato. L&#8217;unico aspetto negativo \u00e8 che non ci sono ancora molti utenti sull&#8217;app, quindi potresti avere difficolt\u00e0 a trovare qualcuno nella tua zona. Nel complesso, tuttavia, OnlyFlings \u00e8 un&#8217;ottima opzione per un collegamento milf gratuito.<\/p>\n<h3>Bumble<\/h3>\n<p>Bumble \u00e8 un&#8217;app di appuntamenti online gratuita che consente agli utenti di connettersi con potenziali corrispondenze in tutto il mondo. L&#8217;app ha un&#8217;interfaccia semplice ed \u00e8 facile da usare. Bumble ha un ampio pool di potenziali corrispondenze e molte funzionalit\u00e0 che lo rendono un&#8217;ottima scelta per gli appuntamenti online. L&#8217;app \u00e8 scaricabile e utilizzabile gratuitamente e ha un&#8217;opzione di abbonamento a pagamento che offre agli utenti l&#8217;accesso a pi\u00f9 funzionalit\u00e0. Nel complesso, Bumble \u00e8 un&#8217;ottima scelta per gli appuntamenti online e vale la pena provare.<\/p>\n<h3>BoneAMilf \u00b7<\/h3>\n<p>Se stai cercando un collegamento milf gratuito, BoneAMilf \u00e8 l&#8217;app che fa per te. Con oltre 1 milione di membri in tutto il mondo, \u00e8 facile trovare qualcuno nella tua zona con cui collegarsi. L&#8217;app \u00e8 scaricabile e utilizzabile gratuitamente e non ci sono acquisti in-app. Puoi cercare i membri per posizione, et\u00e0 e interessi e puoi inviare loro messaggi direttamente. L&#8217;app ha anche una funzione &#8220;preferiti&#8221;, in modo da poter tenere traccia dei membri che ti interessano. L&#8217;unico aspetto negativo \u00e8 che l&#8217;app \u00e8 disponibile solo in inglese.<\/p>\n<h3>Cardine<\/h3>\n<p>Se stai cercando un&#8217;app di appuntamenti che non richieda molto impegno, Hinge \u00e8 un&#8217;ottima opzione. L&#8217;app \u00e8 scaricabile e utilizzabile gratuitamente e offre una variet\u00e0 di funzionalit\u00e0 per aiutarti a trovare una corrispondenza. Puoi creare un profilo, visualizzare i profili di altri utenti e inviare messaggi gratuitamente. Puoi anche eseguire l&#8217;upgrade a un abbonamento a pagamento per sbloccare funzionalit\u00e0 aggiuntive.<\/p>\n<p>Hinge \u00e8 una popolare app di appuntamenti per un motivo. \u00c8 facile da usare ed \u00e8 gratuito da scaricare e utilizzare. L&#8217;app offre una variet\u00e0 di funzionalit\u00e0 per aiutarti a trovare una corrispondenza ed \u00e8 facile da navigare. Se stai cercando un&#8217;app di appuntamenti che non richieda molto impegno, Hinge \u00e8 un&#8217;ottima opzione.<\/p>\n","protected":false},"excerpt":{"rendered":"<p>Ci sono molti modi per ottenere un collegamento milf gratuito. Puoi trovare siti Web specializzati in collegamenti milf oppure puoi utilizzare normali siti di incontri. Puoi anche provare siti di social media come Facebook e Twitter. Qualunque sia il metodo che scegli, assicurati di essere rispettoso e rispettoso nei confronti della milf con cui stai&#8230;<a class=\"read-more-link button\" href=\"https:\/\/theyoungmessiah.com\/it\/incontri-milf-locali\/\">Read more<\/a><\/p>\n","protected":false},"author":1,"featured_media":0,"parent":0,"menu_order":0,"comment_status":"closed","ping_status":"closed","template":"","meta":[],"yoast_head":"<!-- This site is optimized with the Yoast SEO plugin v17.7.1 - https:\/\/yoast.com\/wordpress\/plugins\/seo\/ -->\n<title>Incontri Milf locali - Online Adult Dating<\/title>\n<meta name=\"robots\" content=\"index, follow, max-snippet:-1, max-image-preview:large, max-video-preview:-1\" \/>\n<link rel=\"canonical\" href=\"https:\/\/theyoungmessiah.com\/it\/incontri-milf-locali\/\" \/>\n<meta property=\"og:locale\" content=\"it_IT\" \/>\n<meta property=\"og:type\" content=\"article\" \/>\n<meta property=\"og:title\" content=\"Incontri Milf locali - Online Adult Dating\" \/>\n<meta property=\"og:description\" content=\"Ci sono molti modi per ottenere un collegamento milf gratuito. Puoi trovare siti Web specializzati in collegamenti milf oppure puoi utilizzare normali siti di incontri. Puoi anche provare siti di social media come Facebook e Twitter. Qualunque sia il metodo che scegli, assicurati di essere rispettoso e rispettoso nei confronti della milf con cui stai...Read more\" \/>\n<meta property=\"og:url\" content=\"https:\/\/theyoungmessiah.com\/it\/incontri-milf-locali\/\" \/>\n<meta property=\"og:site_name\" content=\"Online Adult Dating\" \/>\n<meta name=\"twitter:card\" content=\"summary_large_image\" \/>\n<meta name=\"twitter:label1\" content=\"Tempo di lettura stimato\" \/>\n\t<meta name=\"twitter:data1\" content=\"4 minuti\" \/>\n<script type=\"application\/ld+json\" class=\"yoast-schema-graph\">{\"@context\":\"https:\/\/schema.org\",\"@graph\":[{\"@type\":\"WebSite\",\"@id\":\"https:\/\/theyoungmessiah.com\/it\/#website\",\"url\":\"https:\/\/theyoungmessiah.com\/it\/\",\"name\":\"Online Adult Dating\",\"description\":\"Local Sex Hookups\",\"potentialAction\":[{\"@type\":\"SearchAction\",\"target\":{\"@type\":\"EntryPoint\",\"urlTemplate\":\"https:\/\/theyoungmessiah.com\/it\/?s={search_term_string}\"},\"query-input\":\"required name=search_term_string\"}],\"inLanguage\":\"it-IT\"},{\"@type\":\"WebPage\",\"@id\":\"https:\/\/theyoungmessiah.com\/it\/incontri-milf-locali\/#webpage\",\"url\":\"https:\/\/theyoungmessiah.com\/it\/incontri-milf-locali\/\",\"name\":\"Incontri Milf locali - Online Adult Dating\",\"isPartOf\":{\"@id\":\"https:\/\/theyoungmessiah.com\/it\/#website\"},\"datePublished\":\"2022-10-12T12:50:25+00:00\",\"dateModified\":\"2022-10-12T12:50:25+00:00\",\"breadcrumb\":{\"@id\":\"https:\/\/theyoungmessiah.com\/it\/incontri-milf-locali\/#breadcrumb\"},\"inLanguage\":\"it-IT\",\"potentialAction\":[{\"@type\":\"ReadAction\",\"target\":[\"https:\/\/theyoungmessiah.com\/it\/incontri-milf-locali\/\"]}]},{\"@type\":\"BreadcrumbList\",\"@id\":\"https:\/\/theyoungmessiah.com\/it\/incontri-milf-locali\/#breadcrumb\",\"itemListElement\":[{\"@type\":\"ListItem\",\"position\":1,\"name\":\"Home\",\"item\":\"https:\/\/theyoungmessiah.com\/it\/\"},{\"@type\":\"ListItem\",\"position\":2,\"name\":\"Incontri Milf locali\"}]}]}<\/script>\n<!-- \/ Yoast SEO plugin. -->","yoast_head_json":{"title":"Incontri Milf locali - Online Adult Dating","robots":{"index":"index","follow":"follow","max-snippet":"max-snippet:-1","max-image-preview":"max-image-preview:large","max-video-preview":"max-video-preview:-1"},"canonical":"https:\/\/theyoungmessiah.com\/it\/incontri-milf-locali\/","og_locale":"it_IT","og_type":"article","og_title":"Incontri Milf locali - Online Adult Dating","og_description":"Ci sono molti modi per ottenere un collegamento milf gratuito. Puoi trovare siti Web specializzati in collegamenti milf oppure puoi utilizzare normali siti di incontri. Puoi anche provare siti di social media come Facebook e Twitter. Qualunque sia il metodo che scegli, assicurati di essere rispettoso e rispettoso nei confronti della milf con cui stai...Read more","og_url":"https:\/\/theyoungmessiah.com\/it\/incontri-milf-locali\/","og_site_name":"Online Adult Dating","twitter_card":"summary_large_image","twitter_misc":{"Tempo di lettura stimato":"4 minuti"},"schema":{"@context":"https:\/\/schema.org","@graph":[{"@type":"WebSite","@id":"https:\/\/theyoungmessiah.com\/it\/#website","url":"https:\/\/theyoungmessiah.com\/it\/","name":"Online Adult Dating","description":"Local Sex Hookups","potentialAction":[{"@type":"SearchAction","target":{"@type":"EntryPoint","urlTemplate":"https:\/\/theyoungmessiah.com\/it\/?s={search_term_string}"},"query-input":"required name=search_term_string"}],"inLanguage":"it-IT"},{"@type":"WebPage","@id":"https:\/\/theyoungmessiah.com\/it\/incontri-milf-locali\/#webpage","url":"https:\/\/theyoungmessiah.com\/it\/incontri-milf-locali\/","name":"Incontri Milf locali - Online Adult Dating","isPartOf":{"@id":"https:\/\/theyoungmessiah.com\/it\/#website"},"datePublished":"2022-10-12T12:50:25+00:00","dateModified":"2022-10-12T12:50:25+00:00","breadcrumb":{"@id":"https:\/\/theyoungmessiah.com\/it\/incontri-milf-locali\/#breadcrumb"},"inLanguage":"it-IT","potentialAction":[{"@type":"ReadAction","target":["https:\/\/theyoungmessiah.com\/it\/incontri-milf-locali\/"]}]},{"@type":"BreadcrumbList","@id":"https:\/\/theyoungmessiah.com\/it\/incontri-milf-locali\/#breadcrumb","itemListElement":[{"@type":"ListItem","position":1,"name":"Home","item":"https:\/\/theyoungmessiah.com\/it\/"},{"@type":"ListItem","position":2,"name":"Incontri Milf locali"}]}]}},"_links":{"self":[{"href":"https:\/\/theyoungmessiah.com\/it\/wp-json\/wp\/v2\/pages\/278"}],"collection":[{"href":"https:\/\/theyoungmessiah.com\/it\/wp-json\/wp\/v2\/pages"}],"about":[{"href":"https:\/\/theyoungmessiah.com\/it\/wp-json\/wp\/v2\/types\/page"}],"author":[{"embeddable":true,"href":"https:\/\/theyoungmessiah.com\/it\/wp-json\/wp\/v2\/users\/1"}],"replies":[{"embeddable":true,"href":"https:\/\/theyoungmessiah.com\/it\/wp-json\/wp\/v2\/comments?post=278"}],"version-history":[{"count":0,"href":"https:\/\/theyoungmessiah.com\/it\/wp-json\/wp\/v2\/pages\/278\/revisions"}],"wp:attachment":[{"href":"https:\/\/theyoungmessiah.com\/it\/wp-json\/wp\/v2\/media?parent=278"}],"curies":[{"name":"wp","href":"https:\/\/api.w.org\/{rel}","templated":true}]}}