{"id":297,"date":"2022-10-12T13:50:13","date_gmt":"2022-10-12T12:50:13","guid":{"rendered":"http:\/\/theyoungmessiah.com\/collegamento-nonna\/"},"modified":"2022-10-12T13:50:13","modified_gmt":"2022-10-12T12:50:13","slug":"collegamento-nonna","status":"publish","type":"page","link":"https:\/\/theyoungmessiah.com\/it\/collegamento-nonna\/","title":{"rendered":"Collegamento nonna"},"content":{"rendered":"<p>C&#8217;\u00e8 qualcosa di intrigante nell&#8217;idea di entrare in contatto con una nonna. Forse \u00e8 la natura tab\u00f9 di esso, o il fatto che hanno esperienza e sanno cosa stanno facendo. Qualunque sia la ragione, i collegamenti della nonna possono essere molto divertenti.<\/p>\n<p>Naturalmente, ci sono alcune cose che devi tenere a mente prima <a href=\"http:\/\/theyoungmessiah.com\/dating-site-for-older-women\/\">di collegarti<\/a> con una nonna. Per cominciare, \u00e8 probabile che siano molto pi\u00f9 esperti di te, quindi non aspettarti di essere quello che ha il controllo. Inoltre, potrebbero non essere flessibili come sei abituato, quindi preparati per alcune posizioni non convenzionali.<\/p>\n<p>Ma se sei pronto per un po &#8216;di divertimento, allora un collegamento con la nonna pu\u00f2 essere una grande esperienza. Assicurati solo di affrontarlo con le giuste aspettative e sei sicuro di divertirti.<\/p>\n<h2>Siti di incontri per nonne locali<\/h2>\n<p>Ci sono molti siti di incontri per nonne locali che possono aiutarti a incontrare donne anziane nella tua zona. Questi siti possono essere un ottimo modo per incontrare nuove persone e costruire nuove relazioni. Molti di questi siti offrono l&#8217;abbonamento gratuito, quindi puoi provarli prima di impegnarti in un abbonamento a pagamento. Assicurati di leggere i termini e le condizioni di ciascun sito prima di registrarti, in modo da sapere in cosa stai entrando. Una volta trovate alcune potenziali corrispondenze, prenditi il tempo per inviare loro un messaggio e conoscerle meglio. Se tutto va bene, puoi organizzarti per incontrarti di persona e vedere se c&#8217;\u00e8 una scintilla. Buona Fortuna!<\/p>\n<p>Ci sono molte donne anziane l\u00e0 fuori che sono interessate a uscire con uomini pi\u00f9 giovani e viceversa. Tuttavia, pu\u00f2 essere difficile trovare corrispondenze attraverso metodi di appuntamenti tradizionali come gli appuntamenti online. Questo perch\u00e9 molti siti e app di incontri sono orientati ad abbinare persone di et\u00e0 simili, invece di abbinare le persone in base ai loro interessi.<\/p>\n<p>Un modo per trovare corrispondenze con donne anziane, se sei un uomo pi\u00f9 giovane interessato a frequentarle, \u00e8 cercare siti e app che si rivolgono specificamente a questa fascia demografica. Ad esempio, ci sono siti come CougarLife.com progettati specificamente per le donne anziane e gli uomini pi\u00f9 giovani per incontrarsi e uscire. Ci sono anche app di appuntamenti come Tinder che ti consentono di impostare le tue preferenze di et\u00e0, in modo da poter vedere solo le donne anziane che rientrano nella fascia di et\u00e0 desiderata.<\/p>\n<p>Naturalmente, puoi anche provare a incontrare donne anziane offline, attraverso amici comuni o semplicemente avvicinandole di persona. Tuttavia, gli appuntamenti online possono essere un ottimo modo per connettersi con donne anziane che altrimenti non potresti avere la possibilit\u00e0 di incontrare.<\/p>\n<h2>Donne anziane in cerca di sesso<\/h2>\n<p>C&#8217;\u00e8 una tendenza crescente di donne anziane in cerca di sesso online. Ci\u00f2 \u00e8 probabilmente dovuto al fatto che molte donne sono ora pi\u00f9 a loro agio con la loro sessualit\u00e0 e sono pi\u00f9 aperte ad esplorare i loro desideri sessuali. Inoltre, le donne anziane possono avere pi\u00f9 difficolt\u00e0 a trovare partner della loro et\u00e0, quindi si rivolgono a Internet per trovare potenziali partner sessuali.<\/p>\n<p>Ci sono un certo numero di siti Web e app che si rivolgono alle donne anziane in cerca di sesso. Queste piattaforme forniscono un ambiente sicuro e confortevole per le donne per esplorare la loro sessualit\u00e0 e trovare partner sessuali. Inoltre, queste piattaforme offrono una variet\u00e0 di funzionalit\u00e0 e filtri di ricerca che consentono alle donne di trovare partner che soddisfino le loro esigenze e desideri specifici.<\/p>\n<h3>DateMyAge<\/h3>\n<p>DateMyAge \u00e8 un&#8217;app di collegamento per nonne che ti consente di trovare donne anziane locali che sono alla ricerca di un&#8217;avventura. L&#8217;app \u00e8 facile da usare e ha molte funzionalit\u00e0 che ti consentono di trovare esattamente ci\u00f2 che stai cercando. La funzione di ricerca \u00e8 molto user-friendly e l&#8217;app ti consente anche di visualizzare i profili di altri membri nella tua zona. Nel complesso, questa \u00e8 un&#8217;ottima app per trovare un collegamento con la nonna.<\/p>\n<h3>ComeWithYou<\/h3>\n<p>ComeWithYou \u00e8 una nuova app di appuntamenti perfetta per i collegamenti della nonna. L&#8217;app \u00e8 molto user-friendly e facile da navigare. Ha molte fantastiche funzionalit\u00e0 che rendono facile trovare e connettersi con potenziali corrispondenze. La funzione di ricerca \u00e8 molto completa e consente di trovare corrispondenze in base a una variet\u00e0 di criteri. Anche la funzione di messaggistica \u00e8 molto buona e ti consente di connetterti facilmente con le partite. Nel complesso, ComeWithYou \u00e8 un&#8217;ottima opzione per i collegamenti della nonna e lo consiglio vivamente a chiunque cerchi una nuova app di appuntamenti.<\/p>\n<h3>DateYou<\/h3>\n<p>Ho trovato l&#8217;app di appuntamenti DateYou un ottimo modo per incontrare le nonne per i collegamenti. L&#8217;app \u00e8 facile da usare e ha molte fantastiche funzionalit\u00e0. La funzione di ricerca \u00e8 ottima e il sistema di messaggistica \u00e8 molto facile da usare. Mi piace anche il fatto che tu possa vedere chi \u00e8 online e chi no. Nel complesso, consiglierei sicuramente questa app a chiunque cerchi un collegamento con la nonna.<\/p>\n<h3>Badoo \u00b7<\/h3>\n<p>Se stai cercando un collegamento con la nonna, Badoo probabilmente non \u00e8 l&#8217;app di appuntamenti che fa per te. Sebbene si autodefinisca un&#8217;app di appuntamenti, molti utenti segnalano che \u00e8 difficile trovare effettivamente corrispondenze sull&#8217;app. In effetti, molti utenti segnalano che l&#8217;app \u00e8 piena di profili falsi e che \u00e8 difficile entrare in contatto con il servizio clienti quando si ha un problema. Quindi, se stai cercando un collegamento con la nonna, potresti voler provare un&#8217;altra app.<\/p>\n","protected":false},"excerpt":{"rendered":"<p>C&#8217;\u00e8 qualcosa di intrigante nell&#8217;idea di entrare in contatto con una nonna. Forse \u00e8 la natura tab\u00f9 di esso, o il fatto che hanno esperienza e sanno cosa stanno facendo. Qualunque sia la ragione, i collegamenti della nonna possono essere molto divertenti. Naturalmente, ci sono alcune cose che devi tenere a mente prima di collegarti&#8230;<a class=\"read-more-link button\" href=\"https:\/\/theyoungmessiah.com\/it\/collegamento-nonna\/\">Read more<\/a><\/p>\n","protected":false},"author":1,"featured_media":0,"parent":0,"menu_order":0,"comment_status":"closed","ping_status":"closed","template":"","meta":[],"yoast_head":"<!-- This site is optimized with the Yoast SEO plugin v17.7.1 - https:\/\/yoast.com\/wordpress\/plugins\/seo\/ -->\n<title>Collegamento nonna - Online Adult Dating<\/title>\n<meta name=\"robots\" content=\"index, follow, max-snippet:-1, max-image-preview:large, max-video-preview:-1\" \/>\n<link rel=\"canonical\" href=\"https:\/\/theyoungmessiah.com\/it\/collegamento-nonna\/\" \/>\n<meta property=\"og:locale\" content=\"it_IT\" \/>\n<meta property=\"og:type\" content=\"article\" \/>\n<meta property=\"og:title\" content=\"Collegamento nonna - Online Adult Dating\" \/>\n<meta property=\"og:description\" content=\"C&#8217;\u00e8 qualcosa di intrigante nell&#8217;idea di entrare in contatto con una nonna. Forse \u00e8 la natura tab\u00f9 di esso, o il fatto che hanno esperienza e sanno cosa stanno facendo. Qualunque sia la ragione, i collegamenti della nonna possono essere molto divertenti. Naturalmente, ci sono alcune cose che devi tenere a mente prima di collegarti...Read more\" \/>\n<meta property=\"og:url\" content=\"https:\/\/theyoungmessiah.com\/it\/collegamento-nonna\/\" \/>\n<meta property=\"og:site_name\" content=\"Online Adult Dating\" \/>\n<meta name=\"twitter:card\" content=\"summary_large_image\" \/>\n<meta name=\"twitter:label1\" content=\"Tempo di lettura stimato\" \/>\n\t<meta name=\"twitter:data1\" content=\"4 minuti\" \/>\n<script type=\"application\/ld+json\" class=\"yoast-schema-graph\">{\"@context\":\"https:\/\/schema.org\",\"@graph\":[{\"@type\":\"WebSite\",\"@id\":\"https:\/\/theyoungmessiah.com\/it\/#website\",\"url\":\"https:\/\/theyoungmessiah.com\/it\/\",\"name\":\"Online Adult Dating\",\"description\":\"Local Sex Hookups\",\"potentialAction\":[{\"@type\":\"SearchAction\",\"target\":{\"@type\":\"EntryPoint\",\"urlTemplate\":\"https:\/\/theyoungmessiah.com\/it\/?s={search_term_string}\"},\"query-input\":\"required name=search_term_string\"}],\"inLanguage\":\"it-IT\"},{\"@type\":\"WebPage\",\"@id\":\"https:\/\/theyoungmessiah.com\/it\/collegamento-nonna\/#webpage\",\"url\":\"https:\/\/theyoungmessiah.com\/it\/collegamento-nonna\/\",\"name\":\"Collegamento nonna - Online Adult Dating\",\"isPartOf\":{\"@id\":\"https:\/\/theyoungmessiah.com\/it\/#website\"},\"datePublished\":\"2022-10-12T12:50:13+00:00\",\"dateModified\":\"2022-10-12T12:50:13+00:00\",\"breadcrumb\":{\"@id\":\"https:\/\/theyoungmessiah.com\/it\/collegamento-nonna\/#breadcrumb\"},\"inLanguage\":\"it-IT\",\"potentialAction\":[{\"@type\":\"ReadAction\",\"target\":[\"https:\/\/theyoungmessiah.com\/it\/collegamento-nonna\/\"]}]},{\"@type\":\"BreadcrumbList\",\"@id\":\"https:\/\/theyoungmessiah.com\/it\/collegamento-nonna\/#breadcrumb\",\"itemListElement\":[{\"@type\":\"ListItem\",\"position\":1,\"name\":\"Home\",\"item\":\"https:\/\/theyoungmessiah.com\/it\/\"},{\"@type\":\"ListItem\",\"position\":2,\"name\":\"Collegamento nonna\"}]}]}<\/script>\n<!-- \/ Yoast SEO plugin. -->","yoast_head_json":{"title":"Collegamento nonna - Online Adult Dating","robots":{"index":"index","follow":"follow","max-snippet":"max-snippet:-1","max-image-preview":"max-image-preview:large","max-video-preview":"max-video-preview:-1"},"canonical":"https:\/\/theyoungmessiah.com\/it\/collegamento-nonna\/","og_locale":"it_IT","og_type":"article","og_title":"Collegamento nonna - Online Adult Dating","og_description":"C&#8217;\u00e8 qualcosa di intrigante nell&#8217;idea di entrare in contatto con una nonna. Forse \u00e8 la natura tab\u00f9 di esso, o il fatto che hanno esperienza e sanno cosa stanno facendo. Qualunque sia la ragione, i collegamenti della nonna possono essere molto divertenti. Naturalmente, ci sono alcune cose che devi tenere a mente prima di collegarti...Read more","og_url":"https:\/\/theyoungmessiah.com\/it\/collegamento-nonna\/","og_site_name":"Online Adult Dating","twitter_card":"summary_large_image","twitter_misc":{"Tempo di lettura stimato":"4 minuti"},"schema":{"@context":"https:\/\/schema.org","@graph":[{"@type":"WebSite","@id":"https:\/\/theyoungmessiah.com\/it\/#website","url":"https:\/\/theyoungmessiah.com\/it\/","name":"Online Adult Dating","description":"Local Sex Hookups","potentialAction":[{"@type":"SearchAction","target":{"@type":"EntryPoint","urlTemplate":"https:\/\/theyoungmessiah.com\/it\/?s={search_term_string}"},"query-input":"required name=search_term_string"}],"inLanguage":"it-IT"},{"@type":"WebPage","@id":"https:\/\/theyoungmessiah.com\/it\/collegamento-nonna\/#webpage","url":"https:\/\/theyoungmessiah.com\/it\/collegamento-nonna\/","name":"Collegamento nonna - Online Adult Dating","isPartOf":{"@id":"https:\/\/theyoungmessiah.com\/it\/#website"},"datePublished":"2022-10-12T12:50:13+00:00","dateModified":"2022-10-12T12:50:13+00:00","breadcrumb":{"@id":"https:\/\/theyoungmessiah.com\/it\/collegamento-nonna\/#breadcrumb"},"inLanguage":"it-IT","potentialAction":[{"@type":"ReadAction","target":["https:\/\/theyoungmessiah.com\/it\/collegamento-nonna\/"]}]},{"@type":"BreadcrumbList","@id":"https:\/\/theyoungmessiah.com\/it\/collegamento-nonna\/#breadcrumb","itemListElement":[{"@type":"ListItem","position":1,"name":"Home","item":"https:\/\/theyoungmessiah.com\/it\/"},{"@type":"ListItem","position":2,"name":"Collegamento nonna"}]}]}},"_links":{"self":[{"href":"https:\/\/theyoungmessiah.com\/it\/wp-json\/wp\/v2\/pages\/297"}],"collection":[{"href":"https:\/\/theyoungmessiah.com\/it\/wp-json\/wp\/v2\/pages"}],"about":[{"href":"https:\/\/theyoungmessiah.com\/it\/wp-json\/wp\/v2\/types\/page"}],"author":[{"embeddable":true,"href":"https:\/\/theyoungmessiah.com\/it\/wp-json\/wp\/v2\/users\/1"}],"replies":[{"embeddable":true,"href":"https:\/\/theyoungmessiah.com\/it\/wp-json\/wp\/v2\/comments?post=297"}],"version-history":[{"count":0,"href":"https:\/\/theyoungmessiah.com\/it\/wp-json\/wp\/v2\/pages\/297\/revisions"}],"wp:attachment":[{"href":"https:\/\/theyoungmessiah.com\/it\/wp-json\/wp\/v2\/media?parent=297"}],"curies":[{"name":"wp","href":"https:\/\/api.w.org\/{rel}","templated":true}]}}