{"id":300,"date":"2022-10-12T13:49:52","date_gmt":"2022-10-12T12:49:52","guid":{"rendered":"http:\/\/theyoungmessiah.com\/siti-fuck-locali\/"},"modified":"2022-10-12T13:49:52","modified_gmt":"2022-10-12T12:49:52","slug":"siti-fuck-locali","status":"publish","type":"page","link":"https:\/\/theyoungmessiah.com\/it\/siti-fuck-locali\/","title":{"rendered":"Siti fuck locali"},"content":{"rendered":"<p>I siti di cazzo locali sono una dozzina di centesimi e pu\u00f2 essere difficile sapere quale scegliere. Tuttavia, se stai cercando un modo semplice e veloce per entrare in contatto con qualcuno nella tua zona, allora un sito di cazzo locale \u00e8 sicuramente la strada da percorrere. Ci sono molti siti di cazzo locali l\u00e0 fuori, quindi dovresti assolutamente essere in grado di trovarne uno che soddisfi le tue esigenze. Assicurati solo di leggere le recensioni prima di iscriverti a qualsiasi cosa, in modo da sapere in cosa ti stai cacciando.<\/p>\n<p>Se stai cercando di incontrare e scopare qualcuno di speciale, allora dovresti assolutamente dare un&#8217;occhiata agli appuntamenti online. Con gli appuntamenti online, puoi connetterti con persone di tutto il mondo che cercano la tua stessa cosa. Ci sono tonnellate di siti di incontri e app che puoi usare per trovare qualcuno da scopare e puoi persino filtrare la tua ricerca per trovare qualcuno che \u00e8 nelle tue stesse cose. Sia che tu stia cercando un&#8217;avventura di una notte o una relazione a lungo termine, gli appuntamenti online sono un ottimo modo per incontrare e scopare qualcuno di speciale.<\/p>\n<p>Sto cercando un cazzo gratis stasera. Ho inviato messaggi ad alcune ragazze su un sito di incontri e sono pronto a portare le cose al livello successivo. Sono pronto a tutto, quindi se sei interessato, fammi sapere. Sono sicuro che possiamo risolvere qualcosa.<\/p>\n<h2>Cazzo Gratis<\/h2>\n<p>Se stai cercando un sito di incontri online gratuito, allora dovresti assolutamente dare un&#8217;occhiata a Fuck For Free. Questo sito \u00e8 un&#8217;ottima risorsa per trovare single locali che sono alla ricerca di un collegamento senza vincoli. Il sito \u00e8 facile da usare e ha un sacco di funzionalit\u00e0 che rendono facile trovare una corrispondenza. Puoi cercare per posizione, et\u00e0, interessi e altro ancora. Inoltre, il sito ha una grande atmosfera di comunit\u00e0, con forum e chat room in cui \u00e8 possibile interagire con altri membri.<\/p>\n<h3>AdultFriendFinder<\/h3>\n<p>AdultFriendFinder \u00e8 una delle app di appuntamenti pi\u00f9 popolari per trovare amici del cazzo locali. L&#8217;app ha una vasta base di utenti ed \u00e8 facile da usare. Puoi cercare potenziali corrispondenze per posizione, et\u00e0 e altri criteri. L&#8217;app ha anche una funzione di messaggistica in modo da poter comunicare con potenziali corrispondenze. L&#8217;app \u00e8 gratuita, ma puoi passare a un abbonamento premium per funzionalit\u00e0 aggiuntive.<\/p>\n<h3>OneNightFriend<\/h3>\n<p>OneNightFriend \u00e8 una popolare app di appuntamenti che aiuta le persone a connettersi con i compagni di cazzo locali. L&#8217;app ha un ampio database di utenti ed \u00e8 molto facile da usare. L&#8217;app ha anche molte recensioni positive da parte degli utenti.<\/p>\n<h3>Esca<\/h3>\n<p>Tinder \u00e8 un&#8217;app di appuntamenti che ti consente di trovare potenziali corrispondenze all&#8217;interno della tua zona. Puoi quindi chattare con queste partite e potenzialmente incontrarle di persona. Tinder \u00e8 un ottimo modo per incontrare nuove persone e potenzialmente trovare un amico del cazzo locale. L&#8217;app \u00e8 facile da usare ed \u00e8 gratuita per registrarsi. Puoi leggere le recensioni di Tinder online prima di decidere di usarlo.<\/p>\n<h3>Xmeets<\/h3>\n<p>Se stai cercando un sito di cazzo locale, Xmeets vale sicuramente la pena dare un&#8217;occhiata. L&#8217;app \u00e8 facile da usare e ci sono tonnellate di utenti locali tra cui scegliere. La parte migliore \u00e8 che puoi filtrare la tua ricerca per trovare esattamente quello che stai cercando. Sia che tu stia cercando un collegamento una tantum o qualcosa di pi\u00f9 a lungo termine, Xmeets vale sicuramente la pena dare un&#8217;occhiata.<\/p>\n","protected":false},"excerpt":{"rendered":"<p>I siti di cazzo locali sono una dozzina di centesimi e pu\u00f2 essere difficile sapere quale scegliere. Tuttavia, se stai cercando un modo semplice e veloce per entrare in contatto con qualcuno nella tua zona, allora un sito di cazzo locale \u00e8 sicuramente la strada da percorrere. Ci sono molti siti di cazzo locali l\u00e0&#8230;<a class=\"read-more-link button\" href=\"https:\/\/theyoungmessiah.com\/it\/siti-fuck-locali\/\">Read more<\/a><\/p>\n","protected":false},"author":1,"featured_media":0,"parent":0,"menu_order":0,"comment_status":"closed","ping_status":"closed","template":"","meta":[],"yoast_head":"<!-- This site is optimized with the Yoast SEO plugin v17.7.1 - https:\/\/yoast.com\/wordpress\/plugins\/seo\/ -->\n<title>Siti fuck locali - Online Adult Dating<\/title>\n<meta name=\"robots\" content=\"index, follow, max-snippet:-1, max-image-preview:large, max-video-preview:-1\" \/>\n<link rel=\"canonical\" href=\"https:\/\/theyoungmessiah.com\/it\/siti-fuck-locali\/\" \/>\n<meta property=\"og:locale\" content=\"it_IT\" \/>\n<meta property=\"og:type\" content=\"article\" \/>\n<meta property=\"og:title\" content=\"Siti fuck locali - Online Adult Dating\" \/>\n<meta property=\"og:description\" content=\"I siti di cazzo locali sono una dozzina di centesimi e pu\u00f2 essere difficile sapere quale scegliere. Tuttavia, se stai cercando un modo semplice e veloce per entrare in contatto con qualcuno nella tua zona, allora un sito di cazzo locale \u00e8 sicuramente la strada da percorrere. Ci sono molti siti di cazzo locali l\u00e0...Read more\" \/>\n<meta property=\"og:url\" content=\"https:\/\/theyoungmessiah.com\/it\/siti-fuck-locali\/\" \/>\n<meta property=\"og:site_name\" content=\"Online Adult Dating\" \/>\n<meta name=\"twitter:card\" content=\"summary_large_image\" \/>\n<meta name=\"twitter:label1\" content=\"Tempo di lettura stimato\" \/>\n\t<meta name=\"twitter:data1\" content=\"3 minuti\" \/>\n<script type=\"application\/ld+json\" class=\"yoast-schema-graph\">{\"@context\":\"https:\/\/schema.org\",\"@graph\":[{\"@type\":\"WebSite\",\"@id\":\"https:\/\/theyoungmessiah.com\/it\/#website\",\"url\":\"https:\/\/theyoungmessiah.com\/it\/\",\"name\":\"Online Adult Dating\",\"description\":\"Local Sex Hookups\",\"potentialAction\":[{\"@type\":\"SearchAction\",\"target\":{\"@type\":\"EntryPoint\",\"urlTemplate\":\"https:\/\/theyoungmessiah.com\/it\/?s={search_term_string}\"},\"query-input\":\"required name=search_term_string\"}],\"inLanguage\":\"it-IT\"},{\"@type\":\"WebPage\",\"@id\":\"https:\/\/theyoungmessiah.com\/it\/siti-fuck-locali\/#webpage\",\"url\":\"https:\/\/theyoungmessiah.com\/it\/siti-fuck-locali\/\",\"name\":\"Siti fuck locali - Online Adult Dating\",\"isPartOf\":{\"@id\":\"https:\/\/theyoungmessiah.com\/it\/#website\"},\"datePublished\":\"2022-10-12T12:49:52+00:00\",\"dateModified\":\"2022-10-12T12:49:52+00:00\",\"breadcrumb\":{\"@id\":\"https:\/\/theyoungmessiah.com\/it\/siti-fuck-locali\/#breadcrumb\"},\"inLanguage\":\"it-IT\",\"potentialAction\":[{\"@type\":\"ReadAction\",\"target\":[\"https:\/\/theyoungmessiah.com\/it\/siti-fuck-locali\/\"]}]},{\"@type\":\"BreadcrumbList\",\"@id\":\"https:\/\/theyoungmessiah.com\/it\/siti-fuck-locali\/#breadcrumb\",\"itemListElement\":[{\"@type\":\"ListItem\",\"position\":1,\"name\":\"Home\",\"item\":\"https:\/\/theyoungmessiah.com\/it\/\"},{\"@type\":\"ListItem\",\"position\":2,\"name\":\"Siti fuck locali\"}]}]}<\/script>\n<!-- \/ Yoast SEO plugin. -->","yoast_head_json":{"title":"Siti fuck locali - Online Adult Dating","robots":{"index":"index","follow":"follow","max-snippet":"max-snippet:-1","max-image-preview":"max-image-preview:large","max-video-preview":"max-video-preview:-1"},"canonical":"https:\/\/theyoungmessiah.com\/it\/siti-fuck-locali\/","og_locale":"it_IT","og_type":"article","og_title":"Siti fuck locali - Online Adult Dating","og_description":"I siti di cazzo locali sono una dozzina di centesimi e pu\u00f2 essere difficile sapere quale scegliere. Tuttavia, se stai cercando un modo semplice e veloce per entrare in contatto con qualcuno nella tua zona, allora un sito di cazzo locale \u00e8 sicuramente la strada da percorrere. Ci sono molti siti di cazzo locali l\u00e0...Read more","og_url":"https:\/\/theyoungmessiah.com\/it\/siti-fuck-locali\/","og_site_name":"Online Adult Dating","twitter_card":"summary_large_image","twitter_misc":{"Tempo di lettura stimato":"3 minuti"},"schema":{"@context":"https:\/\/schema.org","@graph":[{"@type":"WebSite","@id":"https:\/\/theyoungmessiah.com\/it\/#website","url":"https:\/\/theyoungmessiah.com\/it\/","name":"Online Adult Dating","description":"Local Sex Hookups","potentialAction":[{"@type":"SearchAction","target":{"@type":"EntryPoint","urlTemplate":"https:\/\/theyoungmessiah.com\/it\/?s={search_term_string}"},"query-input":"required name=search_term_string"}],"inLanguage":"it-IT"},{"@type":"WebPage","@id":"https:\/\/theyoungmessiah.com\/it\/siti-fuck-locali\/#webpage","url":"https:\/\/theyoungmessiah.com\/it\/siti-fuck-locali\/","name":"Siti fuck locali - Online Adult Dating","isPartOf":{"@id":"https:\/\/theyoungmessiah.com\/it\/#website"},"datePublished":"2022-10-12T12:49:52+00:00","dateModified":"2022-10-12T12:49:52+00:00","breadcrumb":{"@id":"https:\/\/theyoungmessiah.com\/it\/siti-fuck-locali\/#breadcrumb"},"inLanguage":"it-IT","potentialAction":[{"@type":"ReadAction","target":["https:\/\/theyoungmessiah.com\/it\/siti-fuck-locali\/"]}]},{"@type":"BreadcrumbList","@id":"https:\/\/theyoungmessiah.com\/it\/siti-fuck-locali\/#breadcrumb","itemListElement":[{"@type":"ListItem","position":1,"name":"Home","item":"https:\/\/theyoungmessiah.com\/it\/"},{"@type":"ListItem","position":2,"name":"Siti fuck locali"}]}]}},"_links":{"self":[{"href":"https:\/\/theyoungmessiah.com\/it\/wp-json\/wp\/v2\/pages\/300"}],"collection":[{"href":"https:\/\/theyoungmessiah.com\/it\/wp-json\/wp\/v2\/pages"}],"about":[{"href":"https:\/\/theyoungmessiah.com\/it\/wp-json\/wp\/v2\/types\/page"}],"author":[{"embeddable":true,"href":"https:\/\/theyoungmessiah.com\/it\/wp-json\/wp\/v2\/users\/1"}],"replies":[{"embeddable":true,"href":"https:\/\/theyoungmessiah.com\/it\/wp-json\/wp\/v2\/comments?post=300"}],"version-history":[{"count":0,"href":"https:\/\/theyoungmessiah.com\/it\/wp-json\/wp\/v2\/pages\/300\/revisions"}],"wp:attachment":[{"href":"https:\/\/theyoungmessiah.com\/it\/wp-json\/wp\/v2\/media?parent=300"}],"curies":[{"name":"wp","href":"https:\/\/api.w.org\/{rel}","templated":true}]}}