{"id":326,"date":"2022-10-12T12:56:34","date_gmt":"2022-10-12T11:56:34","guid":{"rendered":"http:\/\/theyoungmessiah.com\/mondo-degli-appuntamenti-online\/"},"modified":"2022-10-12T12:56:34","modified_gmt":"2022-10-12T11:56:34","slug":"mondo-degli-appuntamenti-online","status":"publish","type":"page","link":"https:\/\/theyoungmessiah.com\/it\/","title":{"rendered":"Mondo degli appuntamenti online"},"content":{"rendered":"<p>Il mondo degli appuntamenti online \u00e8 cambiato radicalmente negli ultimi dieci anni. Al giorno d&#8217;oggi, ci sono molte scelte per trovare l&#8217;amore &#8211; dai tradizionali servizi di matchmaking alle app di nicchia che si rivolgono a interessi specifici.<\/p>\n<p>Ma quali vale la pena dare un&#8217;occhiata? Abbiamo arrotondato i nostri siti di incontri preferiti in base a categorie come costo, funzionalit\u00e0, popolarit\u00e0 e facilit\u00e0 d&#8217;uso.<\/p>\n<h2>Come classifichiamo i siti<\/h2>\n<p>Abbiamo testato accuratamente ogni sito e li abbiamo classificati in base al numero di membri, alla sicurezza, alle storie di successo, alle funzionalit\u00e0, al prezzo, alle app mobili, alla disponibilit\u00e0 della posizione e altro ancora.<\/p>\n<p>Gli appuntamenti casuali possono servire come passo di transizione tra i collegamenti e una relazione pi\u00f9 seria. Alcune persone si sentono a disagio nell&#8217;essere romantiche con qualcuno che non conoscono bene. Altri hanno paura di farsi male di nuovo. Altri ancora si preoccupano di come gestiranno l&#8217;intimit\u00e0. Uscire casualmente pu\u00f2 darti pratica parlando di sentimenti, stabilendo confini e praticando l&#8217;assertivit\u00e0.<\/p>\n<h2>Inizia con gli appuntamenti casuali<\/h2>\n<p>Non tutte le persone si sentono a proprio agio negli appuntamenti sul serio (e molte persone non sono interessate a questo). Se non vuoi uscire con nessuno, va bene. Ma se vuoi provare appuntamenti casuali, ecco cosa devi considerare.<\/p>\n<p>FWB e collegamenti tendono a funzionare secondo un unico insieme di regole. Gli appuntamenti casuali di solito comportano una sorta di parametri simili a relazioni, che si tratti di un&#8217;amicizia impegnata senza vincoli o di qualcosa di pi\u00f9 serio. Mentre ci sono molte persone l\u00e0 fuori che usano il termine &#8220;appuntamenti casuali&#8221; in modo intercambiabile con &#8220;collegamento&#8221;, questo non \u00e8 necessariamente ci\u00f2 che la parola implica.<\/p>\n<h3>Incontri casuali vs. appuntamenti seri<\/h3>\n<p>La differenza tra appuntamenti casuali e appuntamenti seri &#8211; ci sono alcune differenze distinte. Abbiamo scoperto che le persone definiscono gli appuntamenti casuali in modo diverso: alcuni pensano che significhi essere in grado di andare agli appuntamenti senza dover pianificare in anticipo, mentre altri dicono che significa che non vuoi farne un grosso problema. E ci sono quelli che credono che non dovresti uscire con nessuno a meno che tu non sia pronto a impegnarti.<\/p>\n<ul>\n<li>Appuntamenti casuali: questo \u00e8 spesso (ma non sempre) non esclusivo. Le persone comunemente presumono che sia giusto vedere altre persone a meno che tu non abbia avuto una conversazione esplicita sull&#8217;esclusivit\u00e0. Tuttavia, \u00e8 sempre intelligente fare una chiacchierata sull&#8217;esclusivit\u00e0 ad un certo punto solo per assicurarsi che tutti siano sulla stessa pagina. In generale, gli appuntamenti casuali si riferiscono a connessioni che coinvolgono un certo grado di attaccamento emotivo.<\/li>\n<li>Incontri seri: le persone spesso escono seriamente nella speranza di trovare un partner da sposare un giorno. Ma cosa costituisce esattamente una relazione seria? Si tratta di essere emotivamente attaccati? O hai bisogno di discutere insieme del tuo futuro? Se stai cercando un compagno di vita, ecco come sapere se qualcuno potrebbe essere quello.<\/li>\n<\/ul>\n<p><img loading=\"lazy\" class=\" wp-image-35 aligncenter\" src=\"http:\/\/theyoungmessiah.com\/wp-content\/uploads\/2022\/10\/meet-up-dating-1024x684.jpeg\" alt=\"\" width=\"612\" height=\"409\" srcset=\"https:\/\/theyoungmessiah.com\/wp-content\/uploads\/2022\/10\/meet-up-dating-1024x684.jpeg 1024w, https:\/\/theyoungmessiah.com\/wp-content\/uploads\/2022\/10\/meet-up-dating-300x200.jpeg 300w, https:\/\/theyoungmessiah.com\/wp-content\/uploads\/2022\/10\/meet-up-dating-768x513.jpeg 768w, https:\/\/theyoungmessiah.com\/wp-content\/uploads\/2022\/10\/meet-up-dating-1536x1025.jpeg 1536w, https:\/\/theyoungmessiah.com\/wp-content\/uploads\/2022\/10\/meet-up-dating-2048x1367.jpeg 2048w\" sizes=\"(max-width: 612px) 100vw, 612px\" \/><\/p>\n<h3>Cosa fare inizialmente<\/h3>\n<p>All&#8217;inizio, gli appuntamenti casuali sembrano un modo semplice per incontrare persone senza affezionarsi troppo. Dopotutto, non ci sono aspettative, impegni o responsabilit\u00e0. Ma gli appuntamenti casuali non riguardano solo la ricerca di qualcuno con cui andare ad un appuntamento; si tratta di costruire relazioni basate sulla fiducia e sul rispetto reciproco. Gli appuntamenti casuali richiedono molta comunicazione e maturit\u00e0 emotiva. Se ti avvicini agli appuntamenti casuali con l&#8217;atteggiamento sbagliato, potresti ritrovarti deluso pi\u00f9 tardi lungo la strada.<\/p>\n<p>Oltre ad essere rispettoso, considera i seguenti suggerimenti prima di passare agli appuntamenti casuali:<\/p>\n<ul>\n<li>Sii onesto. D\u00ec alle potenziali date cosa vuoi veramente. Non fare promesse che non manterrai.<\/li>\n<li>Conosci i tuoi confini. Cosa ti senti a tuo agio a condividere con gli altri? Sei disposto a divulgare le tue informazioni personali online? Hai una parola sicura?<\/li>\n<li>Avere obiettivi realistici. Gli appuntamenti casuali sono qualcosa che non vedi l&#8217;ora o che temi? Pensa a quanto ti piacerebbe essere impegnato e se sei pronto a portare le cose oltre.<\/li>\n<li>Imposta dei limiti. Assicurati di sapere dove ti trovi prima di entrare in una relazione.<\/li>\n<li>Sii aperto al cambiamento. Non si sa mai cosa potrebbe accadere durante un incontro casuale.<\/li>\n<\/ul>\n<p>Gli appuntamenti online sono diventati un metodo sempre pi\u00f9 popolare per incontrare potenziali partner. Non sorprende che milioni di single in tutto il mondo utilizzino questi siti Web per trovare l&#8217;amore.<\/p>\n<p>Tuttavia, la maggior parte delle persone non si rende conto che i siti di incontri online funzionano in modo diverso rispetto ai metodi tradizionali di incontro con le persone.<\/p>\n<h3>I siti di incontri online funzionano in modo diverso rispetto ai metodi tradizionali<\/h3>\n<p>I metodi di appuntamenti tradizionali includono andare in bar, club, ristoranti, feste ed eventi. Questi luoghi sono affollati e spesso pieni di estranei. Questo rende difficile connettersi con gli altri. D&#8217;altra parte, i siti di incontri online ti consentono di cercare corrispondenze in base a criteri specifici. Ci\u00f2 significa che puoi restringere i risultati della ricerca fino a trovare esattamente quello che stai cercando. Ad esempio, puoi filtrare i risultati di ricerca per trovare uomini o donne di et\u00e0 compresa tra 18 e 35 anni. Oppure puoi specificare se sei interessato a uomini o donne. Puoi anche impostare preferenze come posizione, religione, etnia, livello di istruzione, occupazione, hobby, interessi e opinioni politiche.<\/p>\n<p>Tutte queste cose ti aiutano a restringere i risultati di ricerca e trovare la persona giusta per te.<\/p>\n<h3>Single che vogliono incontrare nuove persone<\/h3>\n<p>La maggior parte delle persone che utilizzano siti di incontri online sono single. Potrebbero essere alla ricerca di una relazione o semplicemente cercare di incontrare nuove persone. Poich\u00e9 i siti di incontri online ti consentono di cercare corrispondenze in base a determinati criteri, puoi facilmente trovare qualcuno che condivide valori e convinzioni simili. Quando incontri qualcuno che condivide i tuoi valori e le tue convinzioni, ti senti a tuo agio a parlare con lui o lei. Questo ti aiuta a sviluppare relazioni pi\u00f9 forti pi\u00f9 velocemente.<\/p>\n","protected":false},"excerpt":{"rendered":"<p>Il mondo degli appuntamenti online \u00e8 cambiato radicalmente negli ultimi dieci anni. Al giorno d&#8217;oggi, ci sono molte scelte per trovare l&#8217;amore &#8211; dai tradizionali servizi di matchmaking alle app di nicchia che si rivolgono a interessi specifici. Ma quali vale la pena dare un&#8217;occhiata? Abbiamo arrotondato i nostri siti di incontri preferiti in base&#8230;<a class=\"read-more-link button\" href=\"https:\/\/theyoungmessiah.com\/it\/\">Read more<\/a><\/p>\n","protected":false},"author":1,"featured_media":131,"parent":0,"menu_order":0,"comment_status":"closed","ping_status":"closed","template":"","meta":[],"yoast_head":"<!-- This site is optimized with the Yoast SEO plugin v17.7.1 - https:\/\/yoast.com\/wordpress\/plugins\/seo\/ -->\n<title>Mondo degli appuntamenti online - Online Adult Dating<\/title>\n<meta name=\"robots\" content=\"index, follow, max-snippet:-1, max-image-preview:large, max-video-preview:-1\" \/>\n<link rel=\"canonical\" href=\"https:\/\/theyoungmessiah.com\/it\/\" \/>\n<meta property=\"og:locale\" content=\"it_IT\" \/>\n<meta property=\"og:type\" content=\"article\" \/>\n<meta property=\"og:title\" content=\"Mondo degli appuntamenti online - Online Adult Dating\" \/>\n<meta property=\"og:description\" content=\"Il mondo degli appuntamenti online \u00e8 cambiato radicalmente negli ultimi dieci anni. Al giorno d&#8217;oggi, ci sono molte scelte per trovare l&#8217;amore &#8211; dai tradizionali servizi di matchmaking alle app di nicchia che si rivolgono a interessi specifici. Ma quali vale la pena dare un&#8217;occhiata? Abbiamo arrotondato i nostri siti di incontri preferiti in base...Read more\" \/>\n<meta property=\"og:url\" content=\"https:\/\/theyoungmessiah.com\/it\/\" \/>\n<meta property=\"og:site_name\" content=\"Online Adult Dating\" \/>\n<meta property=\"og:image\" content=\"https:\/\/theyoungmessiah.com\/wp-content\/uploads\/2022\/10\/hookup-finder.jpeg\" \/>\n\t<meta property=\"og:image:width\" content=\"1600\" \/>\n\t<meta property=\"og:image:height\" content=\"1067\" \/>\n<meta name=\"twitter:card\" content=\"summary_large_image\" \/>\n<meta name=\"twitter:label1\" content=\"Tempo di lettura stimato\" \/>\n\t<meta name=\"twitter:data1\" content=\"5 minuti\" \/>\n<script type=\"application\/ld+json\" class=\"yoast-schema-graph\">{\"@context\":\"https:\/\/schema.org\",\"@graph\":[{\"@type\":\"WebSite\",\"@id\":\"https:\/\/theyoungmessiah.com\/it\/#website\",\"url\":\"https:\/\/theyoungmessiah.com\/it\/\",\"name\":\"Online Adult Dating\",\"description\":\"Local Sex Hookups\",\"potentialAction\":[{\"@type\":\"SearchAction\",\"target\":{\"@type\":\"EntryPoint\",\"urlTemplate\":\"https:\/\/theyoungmessiah.com\/it\/?s={search_term_string}\"},\"query-input\":\"required name=search_term_string\"}],\"inLanguage\":\"it-IT\"},{\"@type\":\"ImageObject\",\"@id\":\"https:\/\/theyoungmessiah.com\/it\/#primaryimage\",\"inLanguage\":\"it-IT\",\"url\":\"https:\/\/theyoungmessiah.com\/wp-content\/uploads\/2022\/10\/hookup-finder.jpeg\",\"contentUrl\":\"https:\/\/theyoungmessiah.com\/wp-content\/uploads\/2022\/10\/hookup-finder.jpeg\",\"width\":1600,\"height\":1067},{\"@type\":\"WebPage\",\"@id\":\"https:\/\/theyoungmessiah.com\/it\/#webpage\",\"url\":\"https:\/\/theyoungmessiah.com\/it\/\",\"name\":\"Mondo degli appuntamenti online - Online Adult Dating\",\"isPartOf\":{\"@id\":\"https:\/\/theyoungmessiah.com\/it\/#website\"},\"primaryImageOfPage\":{\"@id\":\"https:\/\/theyoungmessiah.com\/it\/#primaryimage\"},\"datePublished\":\"2022-10-12T11:56:34+00:00\",\"dateModified\":\"2022-10-12T11:56:34+00:00\",\"breadcrumb\":{\"@id\":\"https:\/\/theyoungmessiah.com\/it\/#breadcrumb\"},\"inLanguage\":\"it-IT\",\"potentialAction\":[{\"@type\":\"ReadAction\",\"target\":[\"https:\/\/theyoungmessiah.com\/it\/\"]}]},{\"@type\":\"BreadcrumbList\",\"@id\":\"https:\/\/theyoungmessiah.com\/it\/#breadcrumb\",\"itemListElement\":[{\"@type\":\"ListItem\",\"position\":1,\"name\":\"Home\",\"item\":\"https:\/\/theyoungmessiah.com\/it\/\"},{\"@type\":\"ListItem\",\"position\":2,\"name\":\"Mondo degli appuntamenti online\"}]}]}<\/script>\n<!-- \/ Yoast SEO plugin. -->","yoast_head_json":{"title":"Mondo degli appuntamenti online - Online Adult Dating","robots":{"index":"index","follow":"follow","max-snippet":"max-snippet:-1","max-image-preview":"max-image-preview:large","max-video-preview":"max-video-preview:-1"},"canonical":"https:\/\/theyoungmessiah.com\/it\/","og_locale":"it_IT","og_type":"article","og_title":"Mondo degli appuntamenti online - Online Adult Dating","og_description":"Il mondo degli appuntamenti online \u00e8 cambiato radicalmente negli ultimi dieci anni. Al giorno d&#8217;oggi, ci sono molte scelte per trovare l&#8217;amore &#8211; dai tradizionali servizi di matchmaking alle app di nicchia che si rivolgono a interessi specifici. Ma quali vale la pena dare un&#8217;occhiata? Abbiamo arrotondato i nostri siti di incontri preferiti in base...Read more","og_url":"https:\/\/theyoungmessiah.com\/it\/","og_site_name":"Online Adult Dating","og_image":[{"width":1600,"height":1067,"url":"https:\/\/theyoungmessiah.com\/wp-content\/uploads\/2022\/10\/hookup-finder.jpeg","type":"image\/jpeg"}],"twitter_card":"summary_large_image","twitter_misc":{"Tempo di lettura stimato":"5 minuti"},"schema":{"@context":"https:\/\/schema.org","@graph":[{"@type":"WebSite","@id":"https:\/\/theyoungmessiah.com\/it\/#website","url":"https:\/\/theyoungmessiah.com\/it\/","name":"Online Adult Dating","description":"Local Sex Hookups","potentialAction":[{"@type":"SearchAction","target":{"@type":"EntryPoint","urlTemplate":"https:\/\/theyoungmessiah.com\/it\/?s={search_term_string}"},"query-input":"required name=search_term_string"}],"inLanguage":"it-IT"},{"@type":"ImageObject","@id":"https:\/\/theyoungmessiah.com\/it\/#primaryimage","inLanguage":"it-IT","url":"https:\/\/theyoungmessiah.com\/wp-content\/uploads\/2022\/10\/hookup-finder.jpeg","contentUrl":"https:\/\/theyoungmessiah.com\/wp-content\/uploads\/2022\/10\/hookup-finder.jpeg","width":1600,"height":1067},{"@type":"WebPage","@id":"https:\/\/theyoungmessiah.com\/it\/#webpage","url":"https:\/\/theyoungmessiah.com\/it\/","name":"Mondo degli appuntamenti online - Online Adult Dating","isPartOf":{"@id":"https:\/\/theyoungmessiah.com\/it\/#website"},"primaryImageOfPage":{"@id":"https:\/\/theyoungmessiah.com\/it\/#primaryimage"},"datePublished":"2022-10-12T11:56:34+00:00","dateModified":"2022-10-12T11:56:34+00:00","breadcrumb":{"@id":"https:\/\/theyoungmessiah.com\/it\/#breadcrumb"},"inLanguage":"it-IT","potentialAction":[{"@type":"ReadAction","target":["https:\/\/theyoungmessiah.com\/it\/"]}]},{"@type":"BreadcrumbList","@id":"https:\/\/theyoungmessiah.com\/it\/#breadcrumb","itemListElement":[{"@type":"ListItem","position":1,"name":"Home","item":"https:\/\/theyoungmessiah.com\/it\/"},{"@type":"ListItem","position":2,"name":"Mondo degli appuntamenti online"}]}]}},"_links":{"self":[{"href":"https:\/\/theyoungmessiah.com\/it\/wp-json\/wp\/v2\/pages\/326"}],"collection":[{"href":"https:\/\/theyoungmessiah.com\/it\/wp-json\/wp\/v2\/pages"}],"about":[{"href":"https:\/\/theyoungmessiah.com\/it\/wp-json\/wp\/v2\/types\/page"}],"author":[{"embeddable":true,"href":"https:\/\/theyoungmessiah.com\/it\/wp-json\/wp\/v2\/users\/1"}],"replies":[{"embeddable":true,"href":"https:\/\/theyoungmessiah.com\/it\/wp-json\/wp\/v2\/comments?post=326"}],"version-history":[{"count":0,"href":"https:\/\/theyoungmessiah.com\/it\/wp-json\/wp\/v2\/pages\/326\/revisions"}],"wp:featuredmedia":[{"embeddable":true,"href":"https:\/\/theyoungmessiah.com\/it\/wp-json\/wp\/v2\/media\/131"}],"wp:attachment":[{"href":"https:\/\/theyoungmessiah.com\/it\/wp-json\/wp\/v2\/media?parent=326"}],"curies":[{"name":"wp","href":"https:\/\/api.w.org\/{rel}","templated":true}]}}