{"id":149,"date":"2022-10-12T14:00:38","date_gmt":"2022-10-12T13:00:38","guid":{"rendered":"http:\/\/theyoungmessiah.com\/engate-bissexual\/"},"modified":"2022-10-12T14:00:38","modified_gmt":"2022-10-12T13:00:38","slug":"engate-bissexual","status":"publish","type":"page","link":"https:\/\/theyoungmessiah.com\/pt-pt\/engate-bissexual\/","title":{"rendered":"Engate bissexual"},"content":{"rendered":"<p>H\u00e1 alguns sites de encontros bissexuais diferentes que podes usar para te encontrares com algu\u00e9m. Estes sites s\u00e3o projetados especificamente para pessoas que est\u00e3o interessadas em namorar ou namorar com algu\u00e9m que \u00e9 bissexual. Eles podem ser uma \u00f3tima maneira de conhecer novas pessoas e explorar a sua sexualidade. No entanto, \u00e9 importante ser cauteloso na utiliza\u00e7\u00e3o destes sites, uma vez que h\u00e1 algumas pessoas que podem n\u00e3o ser genu\u00ednas. Certifique-se sempre de conversar com as pessoas online antes de se encontrar com elas pessoalmente.<\/p>\n<h2>Sites Bissexuais<\/h2>\n<p>H\u00e1 muitos sites bissexuais que atendem aqueles que est\u00e3o interessados em namorar homens e mulheres. Estes sites normalmente t\u00eam um grande conjunto de membros para escolher e oferecer uma variedade de funcionalidades que os tornam f\u00e1ceis de usar e eficazes para ajudar as pessoas a encontrar f\u00f3sforos compat\u00edveis. Alguns dos sites de namoro bissexual mais populares incluem Bicupid, BiPeopleMeet e BiCurious. Estes sites j\u00e1 existem h\u00e1 algum tempo e t\u00eam estabelecido reputa\u00e7\u00e3o como sendo fi\u00e1veis e bem-sucedidos em ajudar as pessoas a encontrar o que procuram.<\/p>\n<h2>Namoro Bi Casual<\/h2>\n<p>H\u00e1 muitas raz\u00f5es para tentar encontros de bi casual. Talvez estejas curioso para explorar a tua sexualidade, ou est\u00e1s interessado em experimentar algo novo com o teu parceiro. Seja qual for a raz\u00e3o, encontros casuais podem ser uma \u00f3tima maneira de conhecer novas pessoas e se divertir.<\/p>\n<p>H\u00e1 algumas coisas a ter em mente se est\u00e1s a considerar encontros casuais. Primeiro, \u00e9 importante ser honesto consigo mesmo e com o seu parceiro sobre o que procura. Seja claro sobre os seus limites e expectativas, e certifique-se de que todos est\u00e3o na mesma p\u00e1gina. Tamb\u00e9m \u00e9 uma boa ideia fazer alguma pesquisa antecipadamente para saber o que esperar.<\/p>\n<p>Se voc\u00ea \u00e9 aberto e honesto sobre o que voc\u00ea procura, encontros de bissexuais casuais podem ser uma \u00f3tima maneira de explorar a sua sexualidade e se divertir. Apenas certifique-se de comunicar com o seu parceiro e definir alguns limites para que todos estejam confort\u00e1veis e seguros.<\/p>\n<p>N\u00e3o h\u00e1 como negar que <a href=\"http:\/\/theyoungmessiah.com\/pt-pt\/meet-for-sex\/\">namorar online tornou o namoro mais f\u00e1cil do que nunca<\/a>. Mas para os solteiros bissexuais, pode ser um pouco mais dif\u00edcil encontrar uma boa combina\u00e7\u00e3o.<\/p>\n<p>Embora existam muitos sites de encontros e aplicativos que atendem a solteiros heterossexuais, n\u00e3o h\u00e1 tantas op\u00e7\u00f5es para aqueles que se identificam como bissexuais. E por causa disso, encontros bissexuais podem ser um pouco mais dif\u00edceis de encontrar.<\/p>\n<p>Mas isso n\u00e3o significa que sejam imposs\u00edveis de encontrar. Existem alguns sites e aplicativos de namoro espec\u00edficos bissexuais l\u00e1 fora, e at\u00e9 mesmo alguns sites de namoro geral e aplicativos que incluem todas as orienta\u00e7\u00f5es sexuais.<\/p>\n<p>Por isso, se est\u00e1s \u00e0 procura de um encontro bissexual, n\u00e3o te desesperes. H\u00e1 muitas pessoas l\u00e1 fora que s\u00e3o como tu.<\/p>\n<h3>Rio Lovoo<\/h3>\n<p>Lovoo \u00e9 uma aplica\u00e7\u00e3o de encontros que est\u00e1 a crescer em popularidade, especialmente entre os solteiros bissexuais. A aplica\u00e7\u00e3o \u00e9 f\u00e1cil de usar e tem uma interface f\u00e1cil de usar. Tamb\u00e9m tem um monte de caracter\u00edsticas que fazem dele uma \u00f3tima op\u00e7\u00e3o para namoro bissexual. Por exemplo, o Lovoo tem uma funcionalidade que permite aos utilizadores ver quem est\u00e1 online ao mesmo tempo que eles. Isto \u00e9 \u00f3timo para encontrar potenciais f\u00f3sforos que estejam online e prontos para conversar. A aplica\u00e7\u00e3o tamb\u00e9m tem uma funcionalidade de &#8220;matchmaker&#8221; que ajuda os utilizadores a encontrar potenciais correspond\u00eancias com base nos seus interesses. No geral, Lovoo \u00e9 uma \u00f3tima op\u00e7\u00e3o para solteiros bissexuais que est\u00e3o procurando uma app de encontros que \u00e9 f\u00e1cil de usar e tem um monte de funcionalidades.<\/p>\n<h3>BoneAMilf<\/h3>\n<p>O BoneAMilf \u00e9 uma nova aplica\u00e7\u00e3o de encontros que est\u00e1 a agitar a cena de namoro online para bissexuais. Esta aplica\u00e7\u00e3o \u00e9 projetada especificamente para aqueles que s\u00e3o atra\u00eddos por mulheres maduras e querem encontrar uma data ou namoro com uma. A aplica\u00e7\u00e3o \u00e9 f\u00e1cil de usar e tem uma interface limpa e moderna. Tamb\u00e9m tem uma grande base de dados de utilizadores, por isso, com certeza encontrar\u00e1 algu\u00e9m que cumpra os seus crit\u00e9rios.<\/p>\n<h3>FriendFinder-X<\/h3>\n<p>FriendFinder-X \u00e9 uma \u00f3tima op\u00e7\u00e3o para solteiros bissexuais ou casais que procuram divers\u00e3o sexy on-line. O site tem milh\u00f5es de membros em todo o mundo, ent\u00e3o definitivamente h\u00e1 algo para todos. O processo de inscri\u00e7\u00e3o \u00e9 r\u00e1pido e f\u00e1cil, e voc\u00ea pode come\u00e7ar a conversar, namoriscar e namorar imediatamente.<\/p>\n<p>O site tem muitas funcionalidades \u00f3timas, incluindo chat ao vivo, videochat e um mundo virtual onde voc\u00ea pode explorar suas fantasias. Tamb\u00e9m pode encontrar membros locais para se encontrarem pessoalmente. FriendFinder-X \u00e9 uma \u00f3tima op\u00e7\u00e3o para quem procura divers\u00e3o bissexual.<\/p>\n<h3>Together2Night<\/h3>\n<p>Se procura uma aplica\u00e7\u00e3o de encontros que atenda a solteiros bissexuais, ent\u00e3o vai querer ver o Together2Night. Esta aplica\u00e7\u00e3o \u00e9 um dos sites de namoro bissexual mais populares, e \u00e9 f\u00e1cil perceber porqu\u00ea. O site tem uma interface limpa e f\u00e1cil de usar, e est\u00e1 repleto de funcionalidades que facilitam a liga\u00e7\u00e3o com outros singles bissexuais. O melhor de tudo \u00e9 que \u00e9 livre de se juntar, para que possa come\u00e7ar a conhecer novas pessoas imediatamente.<\/p>\n","protected":false},"excerpt":{"rendered":"<p>H\u00e1 alguns sites de encontros bissexuais diferentes que podes usar para te encontrares com algu\u00e9m. Estes sites s\u00e3o projetados especificamente para pessoas que est\u00e3o interessadas em namorar ou namorar com algu\u00e9m que \u00e9 bissexual. Eles podem ser uma \u00f3tima maneira de conhecer novas pessoas e explorar a sua sexualidade. No entanto, \u00e9 importante ser cauteloso&#8230;<a class=\"read-more-link button\" href=\"https:\/\/theyoungmessiah.com\/pt-pt\/engate-bissexual\/\">Read more<\/a><\/p>\n","protected":false},"author":1,"featured_media":0,"parent":0,"menu_order":0,"comment_status":"closed","ping_status":"closed","template":"","meta":[],"yoast_head":"<!-- This site is optimized with the Yoast SEO plugin v17.7.1 - https:\/\/yoast.com\/wordpress\/plugins\/seo\/ -->\n<title>Engate bissexual - Online Adult Dating<\/title>\n<meta name=\"robots\" content=\"index, follow, max-snippet:-1, max-image-preview:large, max-video-preview:-1\" \/>\n<link rel=\"canonical\" href=\"https:\/\/theyoungmessiah.com\/pt-pt\/engate-bissexual\/\" \/>\n<meta property=\"og:locale\" content=\"pt_PT\" \/>\n<meta property=\"og:type\" content=\"article\" \/>\n<meta property=\"og:title\" content=\"Engate bissexual - Online Adult Dating\" \/>\n<meta property=\"og:description\" content=\"H\u00e1 alguns sites de encontros bissexuais diferentes que podes usar para te encontrares com algu\u00e9m. Estes sites s\u00e3o projetados especificamente para pessoas que est\u00e3o interessadas em namorar ou namorar com algu\u00e9m que \u00e9 bissexual. Eles podem ser uma \u00f3tima maneira de conhecer novas pessoas e explorar a sua sexualidade. No entanto, \u00e9 importante ser cauteloso...Read more\" \/>\n<meta property=\"og:url\" content=\"https:\/\/theyoungmessiah.com\/pt-pt\/engate-bissexual\/\" \/>\n<meta property=\"og:site_name\" content=\"Online Adult Dating\" \/>\n<meta name=\"twitter:card\" content=\"summary_large_image\" \/>\n<meta name=\"twitter:label1\" content=\"Tempo estimado de leitura\" \/>\n\t<meta name=\"twitter:data1\" content=\"4 minutos\" \/>\n<script type=\"application\/ld+json\" class=\"yoast-schema-graph\">{\"@context\":\"https:\/\/schema.org\",\"@graph\":[{\"@type\":\"WebSite\",\"@id\":\"https:\/\/theyoungmessiah.com\/pt-pt\/#website\",\"url\":\"https:\/\/theyoungmessiah.com\/pt-pt\/\",\"name\":\"Online Adult Dating\",\"description\":\"Local Sex Hookups\",\"potentialAction\":[{\"@type\":\"SearchAction\",\"target\":{\"@type\":\"EntryPoint\",\"urlTemplate\":\"https:\/\/theyoungmessiah.com\/pt-pt\/?s={search_term_string}\"},\"query-input\":\"required name=search_term_string\"}],\"inLanguage\":\"pt-PT\"},{\"@type\":\"WebPage\",\"@id\":\"https:\/\/theyoungmessiah.com\/pt-pt\/engate-bissexual\/#webpage\",\"url\":\"https:\/\/theyoungmessiah.com\/pt-pt\/engate-bissexual\/\",\"name\":\"Engate bissexual - Online Adult Dating\",\"isPartOf\":{\"@id\":\"https:\/\/theyoungmessiah.com\/pt-pt\/#website\"},\"datePublished\":\"2022-10-12T13:00:38+00:00\",\"dateModified\":\"2022-10-12T13:00:38+00:00\",\"breadcrumb\":{\"@id\":\"https:\/\/theyoungmessiah.com\/pt-pt\/engate-bissexual\/#breadcrumb\"},\"inLanguage\":\"pt-PT\",\"potentialAction\":[{\"@type\":\"ReadAction\",\"target\":[\"https:\/\/theyoungmessiah.com\/pt-pt\/engate-bissexual\/\"]}]},{\"@type\":\"BreadcrumbList\",\"@id\":\"https:\/\/theyoungmessiah.com\/pt-pt\/engate-bissexual\/#breadcrumb\",\"itemListElement\":[{\"@type\":\"ListItem\",\"position\":1,\"name\":\"Home\",\"item\":\"https:\/\/theyoungmessiah.com\/pt-pt\/\"},{\"@type\":\"ListItem\",\"position\":2,\"name\":\"Engate bissexual\"}]}]}<\/script>\n<!-- \/ Yoast SEO plugin. -->","yoast_head_json":{"title":"Engate bissexual - Online Adult Dating","robots":{"index":"index","follow":"follow","max-snippet":"max-snippet:-1","max-image-preview":"max-image-preview:large","max-video-preview":"max-video-preview:-1"},"canonical":"https:\/\/theyoungmessiah.com\/pt-pt\/engate-bissexual\/","og_locale":"pt_PT","og_type":"article","og_title":"Engate bissexual - Online Adult Dating","og_description":"H\u00e1 alguns sites de encontros bissexuais diferentes que podes usar para te encontrares com algu\u00e9m. Estes sites s\u00e3o projetados especificamente para pessoas que est\u00e3o interessadas em namorar ou namorar com algu\u00e9m que \u00e9 bissexual. Eles podem ser uma \u00f3tima maneira de conhecer novas pessoas e explorar a sua sexualidade. No entanto, \u00e9 importante ser cauteloso...Read more","og_url":"https:\/\/theyoungmessiah.com\/pt-pt\/engate-bissexual\/","og_site_name":"Online Adult Dating","twitter_card":"summary_large_image","twitter_misc":{"Tempo estimado de leitura":"4 minutos"},"schema":{"@context":"https:\/\/schema.org","@graph":[{"@type":"WebSite","@id":"https:\/\/theyoungmessiah.com\/pt-pt\/#website","url":"https:\/\/theyoungmessiah.com\/pt-pt\/","name":"Online Adult Dating","description":"Local Sex Hookups","potentialAction":[{"@type":"SearchAction","target":{"@type":"EntryPoint","urlTemplate":"https:\/\/theyoungmessiah.com\/pt-pt\/?s={search_term_string}"},"query-input":"required name=search_term_string"}],"inLanguage":"pt-PT"},{"@type":"WebPage","@id":"https:\/\/theyoungmessiah.com\/pt-pt\/engate-bissexual\/#webpage","url":"https:\/\/theyoungmessiah.com\/pt-pt\/engate-bissexual\/","name":"Engate bissexual - Online Adult Dating","isPartOf":{"@id":"https:\/\/theyoungmessiah.com\/pt-pt\/#website"},"datePublished":"2022-10-12T13:00:38+00:00","dateModified":"2022-10-12T13:00:38+00:00","breadcrumb":{"@id":"https:\/\/theyoungmessiah.com\/pt-pt\/engate-bissexual\/#breadcrumb"},"inLanguage":"pt-PT","potentialAction":[{"@type":"ReadAction","target":["https:\/\/theyoungmessiah.com\/pt-pt\/engate-bissexual\/"]}]},{"@type":"BreadcrumbList","@id":"https:\/\/theyoungmessiah.com\/pt-pt\/engate-bissexual\/#breadcrumb","itemListElement":[{"@type":"ListItem","position":1,"name":"Home","item":"https:\/\/theyoungmessiah.com\/pt-pt\/"},{"@type":"ListItem","position":2,"name":"Engate bissexual"}]}]}},"_links":{"self":[{"href":"https:\/\/theyoungmessiah.com\/pt-pt\/wp-json\/wp\/v2\/pages\/149"}],"collection":[{"href":"https:\/\/theyoungmessiah.com\/pt-pt\/wp-json\/wp\/v2\/pages"}],"about":[{"href":"https:\/\/theyoungmessiah.com\/pt-pt\/wp-json\/wp\/v2\/types\/page"}],"author":[{"embeddable":true,"href":"https:\/\/theyoungmessiah.com\/pt-pt\/wp-json\/wp\/v2\/users\/1"}],"replies":[{"embeddable":true,"href":"https:\/\/theyoungmessiah.com\/pt-pt\/wp-json\/wp\/v2\/comments?post=149"}],"version-history":[{"count":0,"href":"https:\/\/theyoungmessiah.com\/pt-pt\/wp-json\/wp\/v2\/pages\/149\/revisions"}],"wp:attachment":[{"href":"https:\/\/theyoungmessiah.com\/pt-pt\/wp-json\/wp\/v2\/media?parent=149"}],"curies":[{"name":"wp","href":"https:\/\/api.w.org\/{rel}","templated":true}]}}