{"id":177,"date":"2022-10-12T14:00:11","date_gmt":"2022-10-12T13:00:11","guid":{"rendered":"http:\/\/theyoungmessiah.com\/meet-for-sex\/"},"modified":"2022-10-12T14:00:11","modified_gmt":"2022-10-12T13:00:11","slug":"meet-for-sex","status":"publish","type":"page","link":"https:\/\/theyoungmessiah.com\/pt-pt\/meet-for-sex\/","title":{"rendered":"Meet For Sex"},"content":{"rendered":"<p>Quando duas pessoas se encontram para fazer sexo, normalmente \u00e9 porque se sentem atra\u00eddas uma pela outra e querem ter rela\u00e7\u00f5es sexuais. \u00c0s vezes as pessoas encontram-se para fazer sexo porque procuram um encontro sexual casual sem qualquer liga\u00e7\u00e3o emocional; no entanto, este nem sempre \u00e9 o caso. As pessoas tamb\u00e9m podem encontrar-se para o sexo porque est\u00e3o numa rela\u00e7\u00e3o comprometida e querem apimentar as coisas, ou porque est\u00e3o numa rela\u00e7\u00e3o aberta e est\u00e3o \u00e0 procura de novos parceiros sexuais. N\u00e3o importa qual seja a raz\u00e3o, encontrar-se para sexo pode ser uma experi\u00eancia divertida e excitante para ambas as partes envolvidas.<\/p>\n<h2>Sites de sexo local<\/h2>\n<p>A maioria dos sites de encontros s\u00e3o projetados para ajudar as pessoas a encontrar solteiros locais na sua \u00e1rea. No entanto, h\u00e1 tamb\u00e9m uma s\u00e9rie de sites de sexo que atendem a pessoas que procuram encontros locais. Estes sites podem ser uma \u00f3tima maneira de encontrar parceiros locais para sexo casual, mas \u00e9 importante estar ciente dos riscos envolvidos.<\/p>\n<p>H\u00e1 algumas coisas a ter em mente quando se usam sites de sexo locais. Em primeiro lugar, \u00e9 importante garantir que s\u00f3 se encontra com pessoas com idade legal. Em segundo lugar, \u00e9 importante estar consciente do potencial de fraude. H\u00e1 uma s\u00e9rie de pessoas que criam perfis falsos nestes sites para aproveitar os utilizadores insuspeitos. Finalmente, \u00e9 importante usar o senso comum ao encontrar algu\u00e9m de um local de sexo local. Certifiquem-se de que se encontram num local p\u00fablico e que t\u00eam uma maneira de se contactarem no caso de algo correr mal.<\/p>\n<h2>Sites de namoro sexual gratuitos<\/h2>\n<p>Existem muitos sites de encontros sexuais gratuitos on-line que atendem pessoas que procuram encontros sexuais casuais. Estes sites s\u00e3o geralmente f\u00e1ceis de usar e permitem-lhe procurar pessoas na sua \u00e1rea que procuram o mesmo que voc\u00ea. Normalmente pode enviar uma mensagem a estas pessoas e arranjar um encontro para um encontro. No entanto, \u00e9 importante lembrar que nem todos nestes sites est\u00e3o \u00e0 procura da mesma coisa, por isso \u00e9 importante ser claro sobre o que procura antes de se encontrar com algu\u00e9m.<\/p>\n<h2>Sites de sexo gratuito<\/h2>\n<p>H\u00e1 muitos sites de sexo gr\u00e1tis l\u00e1 fora, mas nem todos valem a pena usar. Os que valem a pena usar ter\u00e3o muitos membros e ser\u00e3o f\u00e1ceis de usar. Voc\u00ea tamb\u00e9m deve ser capaz de encontrar f\u00f3sforos facilmente nestes sites.<\/p>\n<h3>BBWCupid<\/h3>\n<p>BBWCupid \u00e9 uma aplica\u00e7\u00e3o de encontros projetada para mulheres curvy e os homens que as amam. \u00c9 gratuito para descarregar e criar um perfil, e voc\u00ea pode navegar atrav\u00e9s de perfis de singles locais na sua \u00e1rea. Se vir algu\u00e9m de quem gosta, pode enviar-lhe uma mensagem e ver se est\u00e1 interessado em se encontrar.<\/p>\n<p>A aplica\u00e7\u00e3o \u00e9 f\u00e1cil de usar e tem muitas funcionalidades \u00f3timas, como chat de v\u00eddeo e mensagens instant\u00e2neas. \u00c9 uma \u00f3tima maneira de conhecer mulheres curvy para namorar, amizade, ou at\u00e9 mesmo apenas namorar. Se voc\u00ea est\u00e1 procurando por uma app de encontros BBW, BBWCupid \u00e9 uma \u00f3tima op\u00e7\u00e3o.<\/p>\n<h3>SimpleFlirts<\/h3>\n<p>SimpleFlirts \u00e9 uma aplica\u00e7\u00e3o de encontros popular que ajuda as pessoas a conectarem-se entre si para sexo casual. A aplica\u00e7\u00e3o tem uma boa reputa\u00e7\u00e3o por ser f\u00e1cil de usar e para conectar as pessoas rapidamente. A aplica\u00e7\u00e3o \u00e9 gratuita para descarregar e usar, e oferece uma vasta gama de funcionalidades aos seus utilizadores. No entanto, alguns utilizadores t\u00eam-se queixado da aplica\u00e7\u00e3o ser buggy e da falta de uma fun\u00e7\u00e3o de pesquisa. No geral, simpleFlirts \u00e9 uma boa op\u00e7\u00e3o para pessoas que procuram parceiros sexuais casuais.<\/p>\n<h3>Rubmaps<\/h3>\n<p>Rubmaps \u00e9 uma popular aplica\u00e7\u00e3o de encontros que permite aos utilizadores encontrar potenciais parceiros para encontros casuais. A aplica\u00e7\u00e3o tem uma interface simples e \u00e9 f\u00e1cil de usar. Tamb\u00e9m tem uma grande base de dados de utilizadores, tornando-se uma \u00f3tima escolha para quem procura um encontro casual. A aplica\u00e7\u00e3o \u00e9 gratuita para descarregar e usar, e n\u00e3o h\u00e1 necessidade de criar uma conta. No entanto, \u00e9 importante notar que rubmaps n\u00e3o \u00e9 uma app de liga\u00e7\u00e3o, e os utilizadores devem estar cientes de que podem estar encontrando potenciais parceiros para sexo.<\/p>\n<h3>Xpress<\/h3>\n<p>Se procura uma aplica\u00e7\u00e3o de encontros para ajud\u00e1-lo a conhecer algu\u00e9m para uma liga\u00e7\u00e3o r\u00e1pida, xpress \u00e9 uma \u00f3tima op\u00e7\u00e3o. Com uma grande base de utilizadores e um processo de inscri\u00e7\u00e3o r\u00e1pida, \u00e9 f\u00e1cil encontrar algu\u00e9m com quem se ligar de forma r\u00e1pida e f\u00e1cil. A aplica\u00e7\u00e3o tamb\u00e9m tem uma boa reputa\u00e7\u00e3o por ser segura e segura, para que possa ter a certeza de que as suas informa\u00e7\u00f5es est\u00e3o protegidas. No entanto, como \u00e9 uma app de encontros, existem alguns perfis falsos e burl\u00f5es, por isso seja cauteloso ao limpar. No geral, o Xpress \u00e9 uma \u00f3tima op\u00e7\u00e3o se voc\u00ea estiver procurando uma maneira r\u00e1pida e f\u00e1cil de encontrar algu\u00e9m para um encontro r\u00e1pido.<\/p>\n","protected":false},"excerpt":{"rendered":"<p>Quando duas pessoas se encontram para fazer sexo, normalmente \u00e9 porque se sentem atra\u00eddas uma pela outra e querem ter rela\u00e7\u00f5es sexuais. \u00c0s vezes as pessoas encontram-se para fazer sexo porque procuram um encontro sexual casual sem qualquer liga\u00e7\u00e3o emocional; no entanto, este nem sempre \u00e9 o caso. As pessoas tamb\u00e9m podem encontrar-se para o&#8230;<a class=\"read-more-link button\" href=\"https:\/\/theyoungmessiah.com\/pt-pt\/meet-for-sex\/\">Read more<\/a><\/p>\n","protected":false},"author":1,"featured_media":0,"parent":0,"menu_order":0,"comment_status":"closed","ping_status":"closed","template":"","meta":[],"yoast_head":"<!-- This site is optimized with the Yoast SEO plugin v17.7.1 - https:\/\/yoast.com\/wordpress\/plugins\/seo\/ -->\n<title>Meet For Sex - Online Adult Dating<\/title>\n<meta name=\"robots\" content=\"index, follow, max-snippet:-1, max-image-preview:large, max-video-preview:-1\" \/>\n<link rel=\"canonical\" href=\"https:\/\/theyoungmessiah.com\/pt-pt\/meet-for-sex\/\" \/>\n<meta property=\"og:locale\" content=\"pt_PT\" \/>\n<meta property=\"og:type\" content=\"article\" \/>\n<meta property=\"og:title\" content=\"Meet For Sex - Online Adult Dating\" \/>\n<meta property=\"og:description\" content=\"Quando duas pessoas se encontram para fazer sexo, normalmente \u00e9 porque se sentem atra\u00eddas uma pela outra e querem ter rela\u00e7\u00f5es sexuais. \u00c0s vezes as pessoas encontram-se para fazer sexo porque procuram um encontro sexual casual sem qualquer liga\u00e7\u00e3o emocional; no entanto, este nem sempre \u00e9 o caso. As pessoas tamb\u00e9m podem encontrar-se para o...Read more\" \/>\n<meta property=\"og:url\" content=\"https:\/\/theyoungmessiah.com\/pt-pt\/meet-for-sex\/\" \/>\n<meta property=\"og:site_name\" content=\"Online Adult Dating\" \/>\n<meta name=\"twitter:card\" content=\"summary_large_image\" \/>\n<meta name=\"twitter:label1\" content=\"Tempo estimado de leitura\" \/>\n\t<meta name=\"twitter:data1\" content=\"4 minutos\" \/>\n<script type=\"application\/ld+json\" class=\"yoast-schema-graph\">{\"@context\":\"https:\/\/schema.org\",\"@graph\":[{\"@type\":\"WebSite\",\"@id\":\"https:\/\/theyoungmessiah.com\/pt-pt\/#website\",\"url\":\"https:\/\/theyoungmessiah.com\/pt-pt\/\",\"name\":\"Online Adult Dating\",\"description\":\"Local Sex Hookups\",\"potentialAction\":[{\"@type\":\"SearchAction\",\"target\":{\"@type\":\"EntryPoint\",\"urlTemplate\":\"https:\/\/theyoungmessiah.com\/pt-pt\/?s={search_term_string}\"},\"query-input\":\"required name=search_term_string\"}],\"inLanguage\":\"pt-PT\"},{\"@type\":\"WebPage\",\"@id\":\"https:\/\/theyoungmessiah.com\/pt-pt\/meet-for-sex\/#webpage\",\"url\":\"https:\/\/theyoungmessiah.com\/pt-pt\/meet-for-sex\/\",\"name\":\"Meet For Sex - Online Adult Dating\",\"isPartOf\":{\"@id\":\"https:\/\/theyoungmessiah.com\/pt-pt\/#website\"},\"datePublished\":\"2022-10-12T13:00:11+00:00\",\"dateModified\":\"2022-10-12T13:00:11+00:00\",\"breadcrumb\":{\"@id\":\"https:\/\/theyoungmessiah.com\/pt-pt\/meet-for-sex\/#breadcrumb\"},\"inLanguage\":\"pt-PT\",\"potentialAction\":[{\"@type\":\"ReadAction\",\"target\":[\"https:\/\/theyoungmessiah.com\/pt-pt\/meet-for-sex\/\"]}]},{\"@type\":\"BreadcrumbList\",\"@id\":\"https:\/\/theyoungmessiah.com\/pt-pt\/meet-for-sex\/#breadcrumb\",\"itemListElement\":[{\"@type\":\"ListItem\",\"position\":1,\"name\":\"Home\",\"item\":\"http:\/\/theyoungmessiah.com\/pt-pt\/\"},{\"@type\":\"ListItem\",\"position\":2,\"name\":\"Meet For Sex\"}]}]}<\/script>\n<!-- \/ Yoast SEO plugin. -->","yoast_head_json":{"title":"Meet For Sex - Online Adult Dating","robots":{"index":"index","follow":"follow","max-snippet":"max-snippet:-1","max-image-preview":"max-image-preview:large","max-video-preview":"max-video-preview:-1"},"canonical":"https:\/\/theyoungmessiah.com\/pt-pt\/meet-for-sex\/","og_locale":"pt_PT","og_type":"article","og_title":"Meet For Sex - Online Adult Dating","og_description":"Quando duas pessoas se encontram para fazer sexo, normalmente \u00e9 porque se sentem atra\u00eddas uma pela outra e querem ter rela\u00e7\u00f5es sexuais. \u00c0s vezes as pessoas encontram-se para fazer sexo porque procuram um encontro sexual casual sem qualquer liga\u00e7\u00e3o emocional; no entanto, este nem sempre \u00e9 o caso. As pessoas tamb\u00e9m podem encontrar-se para o...Read more","og_url":"https:\/\/theyoungmessiah.com\/pt-pt\/meet-for-sex\/","og_site_name":"Online Adult Dating","twitter_card":"summary_large_image","twitter_misc":{"Tempo estimado de leitura":"4 minutos"},"schema":{"@context":"https:\/\/schema.org","@graph":[{"@type":"WebSite","@id":"https:\/\/theyoungmessiah.com\/pt-pt\/#website","url":"https:\/\/theyoungmessiah.com\/pt-pt\/","name":"Online Adult Dating","description":"Local Sex Hookups","potentialAction":[{"@type":"SearchAction","target":{"@type":"EntryPoint","urlTemplate":"https:\/\/theyoungmessiah.com\/pt-pt\/?s={search_term_string}"},"query-input":"required name=search_term_string"}],"inLanguage":"pt-PT"},{"@type":"WebPage","@id":"https:\/\/theyoungmessiah.com\/pt-pt\/meet-for-sex\/#webpage","url":"https:\/\/theyoungmessiah.com\/pt-pt\/meet-for-sex\/","name":"Meet For Sex - Online Adult Dating","isPartOf":{"@id":"https:\/\/theyoungmessiah.com\/pt-pt\/#website"},"datePublished":"2022-10-12T13:00:11+00:00","dateModified":"2022-10-12T13:00:11+00:00","breadcrumb":{"@id":"https:\/\/theyoungmessiah.com\/pt-pt\/meet-for-sex\/#breadcrumb"},"inLanguage":"pt-PT","potentialAction":[{"@type":"ReadAction","target":["https:\/\/theyoungmessiah.com\/pt-pt\/meet-for-sex\/"]}]},{"@type":"BreadcrumbList","@id":"https:\/\/theyoungmessiah.com\/pt-pt\/meet-for-sex\/#breadcrumb","itemListElement":[{"@type":"ListItem","position":1,"name":"Home","item":"http:\/\/theyoungmessiah.com\/pt-pt\/"},{"@type":"ListItem","position":2,"name":"Meet For Sex"}]}]}},"_links":{"self":[{"href":"https:\/\/theyoungmessiah.com\/pt-pt\/wp-json\/wp\/v2\/pages\/177"}],"collection":[{"href":"https:\/\/theyoungmessiah.com\/pt-pt\/wp-json\/wp\/v2\/pages"}],"about":[{"href":"https:\/\/theyoungmessiah.com\/pt-pt\/wp-json\/wp\/v2\/types\/page"}],"author":[{"embeddable":true,"href":"https:\/\/theyoungmessiah.com\/pt-pt\/wp-json\/wp\/v2\/users\/1"}],"replies":[{"embeddable":true,"href":"https:\/\/theyoungmessiah.com\/pt-pt\/wp-json\/wp\/v2\/comments?post=177"}],"version-history":[{"count":0,"href":"https:\/\/theyoungmessiah.com\/pt-pt\/wp-json\/wp\/v2\/pages\/177\/revisions"}],"wp:attachment":[{"href":"https:\/\/theyoungmessiah.com\/pt-pt\/wp-json\/wp\/v2\/media?parent=177"}],"curies":[{"name":"wp","href":"https:\/\/api.w.org\/{rel}","templated":true}]}}