{"id":190,"date":"2022-10-12T13:53:06","date_gmt":"2022-10-12T12:53:06","guid":{"rendered":"http:\/\/theyoungmessiah.com\/amigos-com-sites-de-beneficios\/"},"modified":"2022-10-12T13:53:06","modified_gmt":"2022-10-12T12:53:06","slug":"amigos-com-sites-de-beneficios","status":"publish","type":"page","link":"https:\/\/theyoungmessiah.com\/pt-pt\/amigos-com-sites-de-beneficios\/","title":{"rendered":"Amigos com sites de benef\u00edcios"},"content":{"rendered":"<p>Existem alguns tipos diferentes de amigos com sites de benef\u00edcios. O primeiro tipo \u00e9 onde voc\u00ea pode encontrar pessoas com quem se encontrar sem quaisquer cordas anexadas. Este tipo de site \u00e9 \u00f3timo para pessoas que s\u00f3 querem se divertir e n\u00e3o se preocupar em entrar em uma rela\u00e7\u00e3o. O segundo tipo de site de amigos com benef\u00edcios \u00e9 onde voc\u00ea pode encontrar pessoas para namorar e possivelmente ter uma rela\u00e7\u00e3o com. Este tipo de site \u00e9 \u00f3timo para pessoas que procuram mais do que apenas um engate.<\/p>\n<h2>Melhor site para Fwb<\/h2>\n<p>H\u00e1 muitos sites fant\u00e1sticos por a\u00ed para <a href=\"http:\/\/theyoungmessiah.com\/ebony-hookups\/\">encontrar um amigo com benef\u00edcios<\/a>, mas o meu favorito \u00e9 o FWB Dates. \u00c9 f\u00e1cil de usar e tem muitas caracter\u00edsticas excelentes que tornam a procura de um jogo r\u00e1pido e f\u00e1cil. Al\u00e9m disso, o site \u00e9 livre de aderir, para que possa come\u00e7ar a encontrar o seu par perfeito imediatamente. H\u00e1 muitas pessoas l\u00e1 fora que est\u00e3o \u00e0 procura de um amigo fodido. Voc\u00ea pode encontr\u00e1-los on-line em um site de encontros ou mesmo em sites de redes sociais. Tudo o que precisa fazer \u00e9 procur\u00e1-los e encontr\u00e1-los.<\/p>\n<p>Se procura um amigo, o melhor lugar para procurar est\u00e1 online. H\u00e1 muitos sites e aplicativos que podem ajud\u00e1-lo a encontrar algu\u00e9m que est\u00e1 em baixo para um namoro. Tudo o que precisa fazer \u00e9 criar um perfil e come\u00e7ar a navegar atrav\u00e9s de potenciais partidas. Quando encontrares algu\u00e9m em quem te interesse, envia-lhe uma mensagem e v\u00ea para onde v\u00e3o as coisas.<\/p>\n<h3>Apenas AsSa<\/h3>\n<p>Se procura um amigo com problemas, deve definitivamente verificar OnlyFlings. \u00c9 uma \u00f3tima aplica\u00e7\u00e3o de encontros que lhe permite encontrar potenciais f\u00f3sforos na sua \u00e1rea. A aplica\u00e7\u00e3o \u00e9 f\u00e1cil de usar e tem muitas funcionalidades \u00f3timas, incluindo um sistema de mensagens que lhe permite comunicar com potenciais correspond\u00eancias. A \u00fanica desvantagem \u00e9 que a aplica\u00e7\u00e3o \u00e9 um pouco cara, mas definitivamente vale a pena se estiver \u00e0 procura de um amigo com problemas.<\/p>\n<h3>LivroOfSext<\/h3>\n<p>Se procura um amigo com aplica\u00e7\u00e3o de encontros de benef\u00edcios, o BookOfSext \u00e9 uma \u00f3tima op\u00e7\u00e3o. A aplica\u00e7\u00e3o \u00e9 gratuita para descarregar e usar, e est\u00e1 repleta de funcionalidades que facilitam a sua descoberta e liga\u00e7\u00e3o com potenciais jogos. A fun\u00e7\u00e3o de pesquisa \u00e9 especialmente \u00fatil, e voc\u00ea pode us\u00e1-lo para encontrar f\u00f3sforos na sua \u00e1rea ou em qualquer lugar do mundo. A aplica\u00e7\u00e3o tamb\u00e9m tem uma funcionalidade de mensagens, para que possa manter-se em contacto com os seus jogos mesmo quando n\u00e3o estiver a usar a app. No geral, o BookOfSext \u00e9 uma \u00f3tima op\u00e7\u00e3o para quem procura um amigo com aplica\u00e7\u00e3o de namoro de benef\u00edcios.<\/p>\n<h3>Abund\u00e2ncia de peixes<\/h3>\n<p>H\u00e1 muitas raz\u00f5es para experimentar Plenty of Fish, especialmente se voc\u00ea est\u00e1 procurando amigos com benef\u00edcios. A aplica\u00e7\u00e3o de encontros tem um grande n\u00famero de utilizadores para escolher, por isso voc\u00ea \u00e9 obrigado a encontrar algu\u00e9m que seja compat\u00edvel com voc\u00ea. Al\u00e9m disso, a aplica\u00e7\u00e3o \u00e9 gratuita para que possa guardar o seu dinheiro para outras coisas.<\/p>\n<p>A aplica\u00e7\u00e3o \u00e9 f\u00e1cil de usar e navegar, e n\u00e3o \u00e9 excessivamente complicada. Pode pesquisar poss\u00edveis correspond\u00eancias por localiza\u00e7\u00e3o, idade e outros crit\u00e9rios, e pode enviar-lhes uma mensagem diretamente. A aplica\u00e7\u00e3o tamb\u00e9m tem algumas outras funcionalidades, como uma funcionalidade &#8220;Poke&#8221;, que permite namoriscar com potenciais partidas.<\/p>\n<p>No geral, Plenty of Fish \u00e9 uma \u00f3tima op\u00e7\u00e3o para quem procura amigos com benef\u00edcios. A aplica\u00e7\u00e3o \u00e9 gratuita e \u00e9 f\u00e1cil encontrar potenciais correspond\u00eancias. Al\u00e9m disso, a aplica\u00e7\u00e3o tem algumas outras funcionalidades que fazem com que valha a pena verificar.<\/p>\n<h3>Xpress<\/h3>\n<p>Se procura um site de amigos com benef\u00edcios que realmente entrega, ent\u00e3o xpress \u00e9 a aplica\u00e7\u00e3o para si. J\u00e1 experimentei muitas destas aplica\u00e7\u00f5es e a maioria s\u00e3o lixo completo. Ou est\u00e3o cheias de perfis falsos, ou as raparigas s\u00e3o t\u00e3o feias que preferes masturbar-te. Mas Xpress \u00e9 diferente. As raparigas daqui s\u00e3o muito boas, e tamb\u00e9m est\u00e3o a tentar engatar-se.<\/p>\n<p>Juntei-me a algumas raparigas da Xpress, e sempre foi uma grande experi\u00eancia. As raparigas s\u00e3o f\u00e1ceis de falar e est\u00e3o a divertir-se. Se procura um site de amigos com benef\u00edcios que realmente funciona, ent\u00e3o xpress \u00e9 a aplica\u00e7\u00e3o para si.<\/p>\n","protected":false},"excerpt":{"rendered":"<p>Existem alguns tipos diferentes de amigos com sites de benef\u00edcios. O primeiro tipo \u00e9 onde voc\u00ea pode encontrar pessoas com quem se encontrar sem quaisquer cordas anexadas. Este tipo de site \u00e9 \u00f3timo para pessoas que s\u00f3 querem se divertir e n\u00e3o se preocupar em entrar em uma rela\u00e7\u00e3o. O segundo tipo de site de&#8230;<a class=\"read-more-link button\" href=\"https:\/\/theyoungmessiah.com\/pt-pt\/amigos-com-sites-de-beneficios\/\">Read more<\/a><\/p>\n","protected":false},"author":1,"featured_media":0,"parent":0,"menu_order":0,"comment_status":"closed","ping_status":"closed","template":"","meta":[],"yoast_head":"<!-- This site is optimized with the Yoast SEO plugin v17.7.1 - https:\/\/yoast.com\/wordpress\/plugins\/seo\/ -->\n<title>Amigos com sites de benef\u00edcios - Online Adult Dating<\/title>\n<meta name=\"robots\" content=\"index, follow, max-snippet:-1, max-image-preview:large, max-video-preview:-1\" \/>\n<link rel=\"canonical\" href=\"https:\/\/theyoungmessiah.com\/pt-pt\/amigos-com-sites-de-beneficios\/\" \/>\n<meta property=\"og:locale\" content=\"pt_PT\" \/>\n<meta property=\"og:type\" content=\"article\" \/>\n<meta property=\"og:title\" content=\"Amigos com sites de benef\u00edcios - Online Adult Dating\" \/>\n<meta property=\"og:description\" content=\"Existem alguns tipos diferentes de amigos com sites de benef\u00edcios. O primeiro tipo \u00e9 onde voc\u00ea pode encontrar pessoas com quem se encontrar sem quaisquer cordas anexadas. Este tipo de site \u00e9 \u00f3timo para pessoas que s\u00f3 querem se divertir e n\u00e3o se preocupar em entrar em uma rela\u00e7\u00e3o. O segundo tipo de site de...Read more\" \/>\n<meta property=\"og:url\" content=\"https:\/\/theyoungmessiah.com\/pt-pt\/amigos-com-sites-de-beneficios\/\" \/>\n<meta property=\"og:site_name\" content=\"Online Adult Dating\" \/>\n<meta name=\"twitter:card\" content=\"summary_large_image\" \/>\n<meta name=\"twitter:label1\" content=\"Tempo estimado de leitura\" \/>\n\t<meta name=\"twitter:data1\" content=\"4 minutos\" \/>\n<script type=\"application\/ld+json\" class=\"yoast-schema-graph\">{\"@context\":\"https:\/\/schema.org\",\"@graph\":[{\"@type\":\"WebSite\",\"@id\":\"https:\/\/theyoungmessiah.com\/pt-pt\/#website\",\"url\":\"https:\/\/theyoungmessiah.com\/pt-pt\/\",\"name\":\"Online Adult Dating\",\"description\":\"Local Sex Hookups\",\"potentialAction\":[{\"@type\":\"SearchAction\",\"target\":{\"@type\":\"EntryPoint\",\"urlTemplate\":\"https:\/\/theyoungmessiah.com\/pt-pt\/?s={search_term_string}\"},\"query-input\":\"required name=search_term_string\"}],\"inLanguage\":\"pt-PT\"},{\"@type\":\"WebPage\",\"@id\":\"https:\/\/theyoungmessiah.com\/pt-pt\/amigos-com-sites-de-beneficios\/#webpage\",\"url\":\"https:\/\/theyoungmessiah.com\/pt-pt\/amigos-com-sites-de-beneficios\/\",\"name\":\"Amigos com sites de benef\\u00edcios - Online Adult Dating\",\"isPartOf\":{\"@id\":\"https:\/\/theyoungmessiah.com\/pt-pt\/#website\"},\"datePublished\":\"2022-10-12T12:53:06+00:00\",\"dateModified\":\"2022-10-12T12:53:06+00:00\",\"breadcrumb\":{\"@id\":\"https:\/\/theyoungmessiah.com\/pt-pt\/amigos-com-sites-de-beneficios\/#breadcrumb\"},\"inLanguage\":\"pt-PT\",\"potentialAction\":[{\"@type\":\"ReadAction\",\"target\":[\"https:\/\/theyoungmessiah.com\/pt-pt\/amigos-com-sites-de-beneficios\/\"]}]},{\"@type\":\"BreadcrumbList\",\"@id\":\"https:\/\/theyoungmessiah.com\/pt-pt\/amigos-com-sites-de-beneficios\/#breadcrumb\",\"itemListElement\":[{\"@type\":\"ListItem\",\"position\":1,\"name\":\"Home\",\"item\":\"https:\/\/theyoungmessiah.com\/pt-pt\/\"},{\"@type\":\"ListItem\",\"position\":2,\"name\":\"Amigos com sites de benef\\u00edcios\"}]}]}<\/script>\n<!-- \/ Yoast SEO plugin. -->","yoast_head_json":{"title":"Amigos com sites de benef\u00edcios - Online Adult Dating","robots":{"index":"index","follow":"follow","max-snippet":"max-snippet:-1","max-image-preview":"max-image-preview:large","max-video-preview":"max-video-preview:-1"},"canonical":"https:\/\/theyoungmessiah.com\/pt-pt\/amigos-com-sites-de-beneficios\/","og_locale":"pt_PT","og_type":"article","og_title":"Amigos com sites de benef\u00edcios - Online Adult Dating","og_description":"Existem alguns tipos diferentes de amigos com sites de benef\u00edcios. O primeiro tipo \u00e9 onde voc\u00ea pode encontrar pessoas com quem se encontrar sem quaisquer cordas anexadas. Este tipo de site \u00e9 \u00f3timo para pessoas que s\u00f3 querem se divertir e n\u00e3o se preocupar em entrar em uma rela\u00e7\u00e3o. O segundo tipo de site de...Read more","og_url":"https:\/\/theyoungmessiah.com\/pt-pt\/amigos-com-sites-de-beneficios\/","og_site_name":"Online Adult Dating","twitter_card":"summary_large_image","twitter_misc":{"Tempo estimado de leitura":"4 minutos"},"schema":{"@context":"https:\/\/schema.org","@graph":[{"@type":"WebSite","@id":"https:\/\/theyoungmessiah.com\/pt-pt\/#website","url":"https:\/\/theyoungmessiah.com\/pt-pt\/","name":"Online Adult Dating","description":"Local Sex Hookups","potentialAction":[{"@type":"SearchAction","target":{"@type":"EntryPoint","urlTemplate":"https:\/\/theyoungmessiah.com\/pt-pt\/?s={search_term_string}"},"query-input":"required name=search_term_string"}],"inLanguage":"pt-PT"},{"@type":"WebPage","@id":"https:\/\/theyoungmessiah.com\/pt-pt\/amigos-com-sites-de-beneficios\/#webpage","url":"https:\/\/theyoungmessiah.com\/pt-pt\/amigos-com-sites-de-beneficios\/","name":"Amigos com sites de benef\u00edcios - Online Adult Dating","isPartOf":{"@id":"https:\/\/theyoungmessiah.com\/pt-pt\/#website"},"datePublished":"2022-10-12T12:53:06+00:00","dateModified":"2022-10-12T12:53:06+00:00","breadcrumb":{"@id":"https:\/\/theyoungmessiah.com\/pt-pt\/amigos-com-sites-de-beneficios\/#breadcrumb"},"inLanguage":"pt-PT","potentialAction":[{"@type":"ReadAction","target":["https:\/\/theyoungmessiah.com\/pt-pt\/amigos-com-sites-de-beneficios\/"]}]},{"@type":"BreadcrumbList","@id":"https:\/\/theyoungmessiah.com\/pt-pt\/amigos-com-sites-de-beneficios\/#breadcrumb","itemListElement":[{"@type":"ListItem","position":1,"name":"Home","item":"https:\/\/theyoungmessiah.com\/pt-pt\/"},{"@type":"ListItem","position":2,"name":"Amigos com sites de benef\u00edcios"}]}]}},"_links":{"self":[{"href":"https:\/\/theyoungmessiah.com\/pt-pt\/wp-json\/wp\/v2\/pages\/190"}],"collection":[{"href":"https:\/\/theyoungmessiah.com\/pt-pt\/wp-json\/wp\/v2\/pages"}],"about":[{"href":"https:\/\/theyoungmessiah.com\/pt-pt\/wp-json\/wp\/v2\/types\/page"}],"author":[{"embeddable":true,"href":"https:\/\/theyoungmessiah.com\/pt-pt\/wp-json\/wp\/v2\/users\/1"}],"replies":[{"embeddable":true,"href":"https:\/\/theyoungmessiah.com\/pt-pt\/wp-json\/wp\/v2\/comments?post=190"}],"version-history":[{"count":0,"href":"https:\/\/theyoungmessiah.com\/pt-pt\/wp-json\/wp\/v2\/pages\/190\/revisions"}],"wp:attachment":[{"href":"https:\/\/theyoungmessiah.com\/pt-pt\/wp-json\/wp\/v2\/media?parent=190"}],"curies":[{"name":"wp","href":"https:\/\/api.w.org\/{rel}","templated":true}]}}