{"id":195,"date":"2022-10-12T13:59:19","date_gmt":"2022-10-12T12:59:19","guid":{"rendered":"http:\/\/theyoungmessiah.com\/sites-de-namoro-kink\/"},"modified":"2022-10-12T13:59:19","modified_gmt":"2022-10-12T12:59:19","slug":"sites-de-namoro-kink","status":"publish","type":"page","link":"https:\/\/theyoungmessiah.com\/pt-pt\/sites-de-namoro-kink\/","title":{"rendered":"Sites de namoro kink"},"content":{"rendered":"<p>H\u00e1 uma variedade de sites de encontros exc\u00eantricos dispon\u00edveis para pessoas que est\u00e3o interessadas em explorar seus fetiches sexuais e dobradi\u00e7as. Estes sites proporcionam um ambiente seguro e confort\u00e1vel para as pessoas se conectarem com outros que partilham interesses semelhantes. Sites de encontros kink podem ser uma \u00f3tima maneira de conhecer novas pessoas e explorar a sua sexualidade de uma forma segura e consensual.<\/p>\n<h2>Liga\u00e7\u00e3o BDSM local<\/h2>\n<p>Se procura liga\u00e7\u00f5es locais com BDSM, ent\u00e3o h\u00e1 algumas coisas que deve ter em mente. Primeiro, \u00e9 importante encontrar um grupo ou comunidade com o qual se sinta confort\u00e1vel. Existem muitos grupos BDSM diferentes l\u00e1 fora, por isso \u00e9 importante encontrar um com o qual te encaixes. Uma vez que encontre um grupo, o pr\u00f3ximo passo \u00e9 encontrar algu\u00e9m com quem seja compat\u00edvel. Isto pode ser feito assistindo a eventos ou conhecendo pessoas online. Uma vez que encontre algu\u00e9m, \u00e9 importante comunicar e ter certeza de que ambos est\u00e3o na mesma p\u00e1gina. O BDSM pode ser muito divertido, mas \u00e9 importante garantir que todos est\u00e3o confort\u00e1veis e seguros.<\/p>\n<p>H\u00e1 uma abund\u00e2ncia de sites de namoro de escravid\u00e3o que atendem aqueles que est\u00e3o em BDSM e jogo sexual mais exc\u00eantrico. Pode procurar membros locais que estejam nas mesmas coisas que voc\u00ea e que vivem por perto. Isto torna f\u00e1cil encontrarmo-nos para uma divers\u00e3o perversa. Muitos destes sites t\u00eam membros gratuitos, por isso pode experiment\u00e1-los antes de se comprometer com qualquer coisa. Apenas certifique-se de ler as cr\u00edticas primeiro para ver o que as outras pessoas pensaram da sua experi\u00eancia.<\/p>\n<h2>Personalidades Kinky Gr\u00e1tis<\/h2>\n<p>H\u00e1 muitos sites pessoais exc\u00eantricos online, e todos s\u00e3o livres de usar. Voc\u00ea pode encontrar solteiros exc\u00eantricos na sua \u00e1rea que est\u00e3o em todo o tipo de pervers\u00f5es e fetiches. Quer goste de BDSM, fetiche por p\u00e9s ou qualquer outra coisa, poder\u00e1 encontrar algu\u00e9m que partilhe os seus interesses num site de pessoal exc\u00eantrico.<\/p>\n<h3>AdultFriendFinder<\/h3>\n<p>AdultFriendFinder \u00e9 um dos aplicativos de namoro mais populares para kinksters. Tem uma grande base de utilizadores e \u00e9 muito popular na comunidade de dobradi\u00e7as. A aplica\u00e7\u00e3o \u00e9 f\u00e1cil de usar e tem muitas funcionalidades. Pode pesquisar por localiza\u00e7\u00e3o, idade, sexo e interesses. A aplica\u00e7\u00e3o tamb\u00e9m tem uma funcionalidade de mensagens para que possa comunicar com outros utilizadores. A aplica\u00e7\u00e3o \u00e9 gratuita, mas existe uma op\u00e7\u00e3o de subscri\u00e7\u00e3o paga se quiser aceder a mais funcionalidades.<\/p>\n<h3>Rubmaps<\/h3>\n<p>Rubmaps \u00e9 uma nova aplica\u00e7\u00e3o de encontros que atende tanto a kinksters como fetsters. \u00c9 um conceito simples: os utilizadores criam um perfil e depois navegam atrav\u00e9s de potenciais partidas, enviando mensagens a quem est\u00e3o interessados. A aplica\u00e7\u00e3o \u00e9 gratuita para descarregar e usar, e n\u00e3o existem an\u00fancios. No entanto, existe uma subscri\u00e7\u00e3o premium dispon\u00edvel que desbloqueia funcionalidades adicionais, como mensagens ilimitadas e a capacidade de ver quem viu o seu perfil. Quer esteja \u00e0 procura de uma liga\u00e7\u00e3o exc\u00eantrica ou de uma rela\u00e7\u00e3o de BDSM a longo prazo, o Rubmaps vale a pena verificar.<\/p>\n<h3>CharmDate<\/h3>\n<p>Se procura um site de encontros que seja divertido e f\u00e1cil de usar, vai querer ver o CharmDate. A aplica\u00e7\u00e3o tem uma interface limpa e moderna que faz com que encontrar e conversar com potenciais f\u00f3sforos seja uma brisa. Al\u00e9m disso, as extensas op\u00e7\u00f5es de pesquisa e filtragem do site tornam mais f\u00e1cil encontrar algu\u00e9m que atenda \u00e0s suas necessidades espec\u00edficas de perversidade e relacionamento.<\/p>\n<p>No entanto, uma desvantagem do CharmDate \u00e9 que n\u00e3o \u00e9 a op\u00e7\u00e3o mais acess\u00edvel l\u00e1 fora. Mas, se estiver disposto a pagar por uma subscri\u00e7\u00e3o premium, ter\u00e1 acesso a uma s\u00e9rie de funcionalidades que fazem com que o site valha o pre\u00e7o, incluindo mensagens ilimitadas, op\u00e7\u00f5es de pesquisa avan\u00e7adas e a capacidade de visualizar fotos e v\u00eddeos.<\/p>\n<h3>BBWCupid<\/h3>\n<p>BBWCupid \u00e9 um \u00f3timo aplicativo de encontros para solteiros de tamanho superior ou interessados em parceiros de tamanho superior. A aplica\u00e7\u00e3o \u00e9 f\u00e1cil de usar e tem muitas funcionalidades \u00f3timas, como filtros de pesquisa e mensagens. A \u00fanica desvantagem \u00e9 que n\u00e3o tem uma base de utilizadores muito grande, por isso pode n\u00e3o encontrar tantas partidas potenciais como numa aplica\u00e7\u00e3o mais popular. No entanto, se voc\u00ea est\u00e1 especificamente \u00e0 procura de um parceiro de tamanho superior, BBWCupid definitivamente vale a pena tentar!<\/p>\n","protected":false},"excerpt":{"rendered":"<p>H\u00e1 uma variedade de sites de encontros exc\u00eantricos dispon\u00edveis para pessoas que est\u00e3o interessadas em explorar seus fetiches sexuais e dobradi\u00e7as. Estes sites proporcionam um ambiente seguro e confort\u00e1vel para as pessoas se conectarem com outros que partilham interesses semelhantes. Sites de encontros kink podem ser uma \u00f3tima maneira de conhecer novas pessoas e explorar&#8230;<a class=\"read-more-link button\" href=\"https:\/\/theyoungmessiah.com\/pt-pt\/sites-de-namoro-kink\/\">Read more<\/a><\/p>\n","protected":false},"author":1,"featured_media":0,"parent":0,"menu_order":0,"comment_status":"closed","ping_status":"closed","template":"","meta":[],"yoast_head":"<!-- This site is optimized with the Yoast SEO plugin v17.7.1 - https:\/\/yoast.com\/wordpress\/plugins\/seo\/ -->\n<title>Sites de namoro kink - Online Adult Dating<\/title>\n<meta name=\"robots\" content=\"index, follow, max-snippet:-1, max-image-preview:large, max-video-preview:-1\" \/>\n<link rel=\"canonical\" href=\"https:\/\/theyoungmessiah.com\/pt-pt\/sites-de-namoro-kink\/\" \/>\n<meta property=\"og:locale\" content=\"pt_PT\" \/>\n<meta property=\"og:type\" content=\"article\" \/>\n<meta property=\"og:title\" content=\"Sites de namoro kink - Online Adult Dating\" \/>\n<meta property=\"og:description\" content=\"H\u00e1 uma variedade de sites de encontros exc\u00eantricos dispon\u00edveis para pessoas que est\u00e3o interessadas em explorar seus fetiches sexuais e dobradi\u00e7as. Estes sites proporcionam um ambiente seguro e confort\u00e1vel para as pessoas se conectarem com outros que partilham interesses semelhantes. Sites de encontros kink podem ser uma \u00f3tima maneira de conhecer novas pessoas e explorar...Read more\" \/>\n<meta property=\"og:url\" content=\"https:\/\/theyoungmessiah.com\/pt-pt\/sites-de-namoro-kink\/\" \/>\n<meta property=\"og:site_name\" content=\"Online Adult Dating\" \/>\n<meta name=\"twitter:card\" content=\"summary_large_image\" \/>\n<meta name=\"twitter:label1\" content=\"Tempo estimado de leitura\" \/>\n\t<meta name=\"twitter:data1\" content=\"4 minutos\" \/>\n<script type=\"application\/ld+json\" class=\"yoast-schema-graph\">{\"@context\":\"https:\/\/schema.org\",\"@graph\":[{\"@type\":\"WebSite\",\"@id\":\"https:\/\/theyoungmessiah.com\/pt-pt\/#website\",\"url\":\"https:\/\/theyoungmessiah.com\/pt-pt\/\",\"name\":\"Online Adult Dating\",\"description\":\"Local Sex Hookups\",\"potentialAction\":[{\"@type\":\"SearchAction\",\"target\":{\"@type\":\"EntryPoint\",\"urlTemplate\":\"https:\/\/theyoungmessiah.com\/pt-pt\/?s={search_term_string}\"},\"query-input\":\"required name=search_term_string\"}],\"inLanguage\":\"pt-PT\"},{\"@type\":\"WebPage\",\"@id\":\"https:\/\/theyoungmessiah.com\/pt-pt\/sites-de-namoro-kink\/#webpage\",\"url\":\"https:\/\/theyoungmessiah.com\/pt-pt\/sites-de-namoro-kink\/\",\"name\":\"Sites de namoro kink - Online Adult Dating\",\"isPartOf\":{\"@id\":\"https:\/\/theyoungmessiah.com\/pt-pt\/#website\"},\"datePublished\":\"2022-10-12T12:59:19+00:00\",\"dateModified\":\"2022-10-12T12:59:19+00:00\",\"breadcrumb\":{\"@id\":\"https:\/\/theyoungmessiah.com\/pt-pt\/sites-de-namoro-kink\/#breadcrumb\"},\"inLanguage\":\"pt-PT\",\"potentialAction\":[{\"@type\":\"ReadAction\",\"target\":[\"https:\/\/theyoungmessiah.com\/pt-pt\/sites-de-namoro-kink\/\"]}]},{\"@type\":\"BreadcrumbList\",\"@id\":\"https:\/\/theyoungmessiah.com\/pt-pt\/sites-de-namoro-kink\/#breadcrumb\",\"itemListElement\":[{\"@type\":\"ListItem\",\"position\":1,\"name\":\"Home\",\"item\":\"https:\/\/theyoungmessiah.com\/pt-pt\/\"},{\"@type\":\"ListItem\",\"position\":2,\"name\":\"Sites de namoro kink\"}]}]}<\/script>\n<!-- \/ Yoast SEO plugin. -->","yoast_head_json":{"title":"Sites de namoro kink - Online Adult Dating","robots":{"index":"index","follow":"follow","max-snippet":"max-snippet:-1","max-image-preview":"max-image-preview:large","max-video-preview":"max-video-preview:-1"},"canonical":"https:\/\/theyoungmessiah.com\/pt-pt\/sites-de-namoro-kink\/","og_locale":"pt_PT","og_type":"article","og_title":"Sites de namoro kink - Online Adult Dating","og_description":"H\u00e1 uma variedade de sites de encontros exc\u00eantricos dispon\u00edveis para pessoas que est\u00e3o interessadas em explorar seus fetiches sexuais e dobradi\u00e7as. Estes sites proporcionam um ambiente seguro e confort\u00e1vel para as pessoas se conectarem com outros que partilham interesses semelhantes. Sites de encontros kink podem ser uma \u00f3tima maneira de conhecer novas pessoas e explorar...Read more","og_url":"https:\/\/theyoungmessiah.com\/pt-pt\/sites-de-namoro-kink\/","og_site_name":"Online Adult Dating","twitter_card":"summary_large_image","twitter_misc":{"Tempo estimado de leitura":"4 minutos"},"schema":{"@context":"https:\/\/schema.org","@graph":[{"@type":"WebSite","@id":"https:\/\/theyoungmessiah.com\/pt-pt\/#website","url":"https:\/\/theyoungmessiah.com\/pt-pt\/","name":"Online Adult Dating","description":"Local Sex Hookups","potentialAction":[{"@type":"SearchAction","target":{"@type":"EntryPoint","urlTemplate":"https:\/\/theyoungmessiah.com\/pt-pt\/?s={search_term_string}"},"query-input":"required name=search_term_string"}],"inLanguage":"pt-PT"},{"@type":"WebPage","@id":"https:\/\/theyoungmessiah.com\/pt-pt\/sites-de-namoro-kink\/#webpage","url":"https:\/\/theyoungmessiah.com\/pt-pt\/sites-de-namoro-kink\/","name":"Sites de namoro kink - Online Adult Dating","isPartOf":{"@id":"https:\/\/theyoungmessiah.com\/pt-pt\/#website"},"datePublished":"2022-10-12T12:59:19+00:00","dateModified":"2022-10-12T12:59:19+00:00","breadcrumb":{"@id":"https:\/\/theyoungmessiah.com\/pt-pt\/sites-de-namoro-kink\/#breadcrumb"},"inLanguage":"pt-PT","potentialAction":[{"@type":"ReadAction","target":["https:\/\/theyoungmessiah.com\/pt-pt\/sites-de-namoro-kink\/"]}]},{"@type":"BreadcrumbList","@id":"https:\/\/theyoungmessiah.com\/pt-pt\/sites-de-namoro-kink\/#breadcrumb","itemListElement":[{"@type":"ListItem","position":1,"name":"Home","item":"https:\/\/theyoungmessiah.com\/pt-pt\/"},{"@type":"ListItem","position":2,"name":"Sites de namoro kink"}]}]}},"_links":{"self":[{"href":"https:\/\/theyoungmessiah.com\/pt-pt\/wp-json\/wp\/v2\/pages\/195"}],"collection":[{"href":"https:\/\/theyoungmessiah.com\/pt-pt\/wp-json\/wp\/v2\/pages"}],"about":[{"href":"https:\/\/theyoungmessiah.com\/pt-pt\/wp-json\/wp\/v2\/types\/page"}],"author":[{"embeddable":true,"href":"https:\/\/theyoungmessiah.com\/pt-pt\/wp-json\/wp\/v2\/users\/1"}],"replies":[{"embeddable":true,"href":"https:\/\/theyoungmessiah.com\/pt-pt\/wp-json\/wp\/v2\/comments?post=195"}],"version-history":[{"count":0,"href":"https:\/\/theyoungmessiah.com\/pt-pt\/wp-json\/wp\/v2\/pages\/195\/revisions"}],"wp:attachment":[{"href":"https:\/\/theyoungmessiah.com\/pt-pt\/wp-json\/wp\/v2\/media?parent=195"}],"curies":[{"name":"wp","href":"https:\/\/api.w.org\/{rel}","templated":true}]}}