{"id":210,"date":"2022-10-12T13:52:44","date_gmt":"2022-10-12T12:52:44","guid":{"rendered":"http:\/\/theyoungmessiah.com\/ebony-hookups\/"},"modified":"2022-10-12T13:52:44","modified_gmt":"2022-10-12T12:52:44","slug":"ebony-hookups","status":"publish","type":"page","link":"https:\/\/theyoungmessiah.com\/pt-pt\/ebony-hookups\/","title":{"rendered":"Ebony Hookups"},"content":{"rendered":"<p>H\u00e1 uma s\u00e9rie de <a href=\"http:\/\/theyoungmessiah.com\/senior-dating-apps\/\">sites de liga\u00e7\u00e3o preto gratuitos dispon\u00edveis online<\/a>. Estes sites fornecem uma plataforma para solteiros pretos se conectarem e se conectarem com indiv\u00edduos com ideias semelhantes. Os websites s\u00e3o f\u00e1ceis de usar e permitem que os utilizadores criem um perfil e naveguem atrav\u00e9s dos perfis de outros membros. Alguns dos populares sites de liga\u00e7\u00e3o a preto gratuitos incluem BlackPeopleMeet e BlackSingles.<\/p>\n<h2>Aplicativos de namoro gratuitos pretos<\/h2>\n<p>Existem muitas aplica\u00e7\u00f5es de encontros gr\u00e1tis dispon\u00edveis na internet. Um dos mais populares \u00e9 o Tinder. O Tinder permite que os utilizadores passem para a direita se estiverem interessados na pessoa que est\u00e3o a olhar, e que se v\u00e3o embora se n\u00e3o estiverem. Se ambos os utilizadores se desviarem uns aos outros, ent\u00e3o s\u00e3o compat\u00edveis e podem come\u00e7ar a conversar. O Tinder \u00e9 uma escolha popular para solteiros pretos, uma vez que \u00e9 uma das aplica\u00e7\u00f5es de namoro mais f\u00e1ceis e simples dispon\u00edveis. Outra popular aplica\u00e7\u00e3o de encontros gr\u00e1tis para negros \u00e9 Plenty of Fish. Esta aplica\u00e7\u00e3o permite que os utilizadores criem um perfil e naveguem atrav\u00e9s de potenciais correspond\u00eancias. Os utilizadores podem enviar mensagens uns aos outros e marcar datas se estiverem interessados. A abund\u00e2ncia de Peixe \u00e9 uma \u00f3tima op\u00e7\u00e3o para solteiros negros que est\u00e3o procurando uma rela\u00e7\u00e3o mais s\u00e9ria.<\/p>\n<p>Se est\u00e1s \u00e0 procura de encontros de \u00e9banos, ent\u00e3o namorar online \u00e9 o caminho a seguir. Voc\u00ea pode encontrar solteiros \u00e9banos em sites de namoro e aplicativos que atendem a solteiros pretos, e voc\u00ea pode enviar mensagens e conversar com eles para conhec\u00ea-los melhor. Assim que encontrares algu\u00e9m em quem te interesses, podes encontrar-te pessoalmente para ver se h\u00e1 alguma fa\u00edsca. Se est\u00e3o ambos interessados um no outro, ent\u00e3o podem levar as coisas para o pr\u00f3ximo n\u00edvel e come\u00e7ar uma rela\u00e7\u00e3o. Encontros online facilitam a procura de encontros de \u00e9bano, ent\u00e3o por que n\u00e3o tentar?<\/p>\n<h2>Namorar uma senhora de \u00e9bano<\/h2>\n<p>Se procura sair com uma senhora de \u00e9bano, h\u00e1 algumas coisas que deve ter em mente. Primeiro, senhoras de \u00e9bano s\u00e3o tipicamente muito confiantes e independentes, ent\u00e3o voc\u00ea precisa estar confort\u00e1vel com isso. Segundo, s\u00e3o muitas vezes atra\u00eddos por homens que s\u00e3o bem sucedidos e ambiciosos, por isso \u00e9 importante mostrar-lhe que somos conduzidos e t\u00eam objetivos. Finalmente, as senhoras de \u00e9bano muitas vezes preferem homens altos e musculosos, por isso \u00e9 importante mostrar as suas melhores caracter\u00edsticas f\u00edsicas. Com estas dicas em mente, estar\u00e1 a caminho de impressionar a senhora \u00e9bano dos seus sonhos.<\/p>\n<h3>Rio Lovoo<\/h3>\n<p>Lovoo \u00e9 um site de liga\u00e7\u00e3o preto gratuito que permite encontrar solteiros pretos na sua \u00e1rea. O site tem uma grande base de dados de singles pretos, e voc\u00ea pode usar a fun\u00e7\u00e3o de pesquisa para encontrar solteiros pretos que correspondam aos seus crit\u00e9rios. O site tamb\u00e9m tem uma fun\u00e7\u00e3o de chat, para que possa conversar com singles pretos em que esteja interessado. O site tamb\u00e9m tem uma fun\u00e7\u00e3o de v\u00eddeo, para que possa ver singles pretos em que est\u00e1 interessado. O site tamb\u00e9m tem uma fun\u00e7\u00e3o de blog, para que voc\u00ea possa ler singles pretos que voc\u00ea est\u00e1 interessado. O site tamb\u00e9m tem uma fun\u00e7\u00e3o de f\u00f3rum, para que voc\u00ea possa discutir singles pretos que voc\u00ea est\u00e1 interessado.<\/p>\n<h3>TinderMeets<\/h3>\n<p>Se procura um site de encontros pretos gratuito, o TinderMeets \u00e9 uma \u00f3tima op\u00e7\u00e3o. O site tem uma interface limpa e f\u00e1cil de usar e oferece uma grande variedade de funcionalidades para ajud\u00e1-lo a encontrar uma correspond\u00eancia. Voc\u00ea pode pesquisar por correspond\u00eancias por localiza\u00e7\u00e3o, idade e interesses, e ver perfis de v\u00e1rias maneiras. O site tamb\u00e9m tem um sistema de mensagens, para que voc\u00ea possa conhecer potenciais partidas antes de se encontrar pessoalmente.<\/p>\n<p>No geral, o TinderMeets \u00e9 uma \u00f3tima op\u00e7\u00e3o para encontrar um site de liga\u00e7\u00e3o preto gratuito. O site \u00e9 f\u00e1cil de usar e tem muitas funcionalidades para ajud\u00e1-lo a encontrar uma correspond\u00eancia. A \u00fanica desvantagem \u00e9 que o site n\u00e3o tem muitos membros, por isso pode ter de procurar por um tempo para encontrar algu\u00e9m que seja adequado para si.<\/p>\n<h3>FlingPals<\/h3>\n<p>Se procura um site de liga\u00e7\u00e3o preto gr\u00e1tis, ent\u00e3o deve definitivamente ver FlingPals. Este site \u00e9 especificamente projetado para solteiros pretos que est\u00e3o procurando por encontros casuais. Pode criar um perfil, procurar outros perfis e enviar mensagens gratuitamente.<\/p>\n<p>O site \u00e9 f\u00e1cil de usar e tem muitas caracter\u00edsticas excelentes. Voc\u00ea pode procurar outros singles pretos por localiza\u00e7\u00e3o, idade e interesses. Tamb\u00e9m pode ver fotos e v\u00eddeos de outros membros.<\/p>\n<p>No geral, o FlingPals \u00e9 uma \u00f3tima escolha para solteiros pretos que est\u00e3o \u00e0 procura de um site casual de encontros. O site \u00e9 gratuito e tem muitas funcionalidades fant\u00e1sticas.<\/p>\n<h3>Zoosk<\/h3>\n<p>O Zoosk \u00e9 uma aplica\u00e7\u00e3o de encontros que permite conectar-se com potenciais correspond\u00eancias atrav\u00e9s do Facebook, do seu n\u00famero de telefone ou do seu endere\u00e7o de e-mail. Tamb\u00e9m pode criar um perfil, que permitir\u00e1 que outros utilizadores o encontrem com base nos seus interesses e prefer\u00eancias. O Zoosk tamb\u00e9m tem uma funcionalidade de &#8220;Carrossel&#8221;, que permite passar por potenciais partidas e enviar-lhes uma mensagem diretamente. O Zoosk \u00e9 uma aplica\u00e7\u00e3o gratuita, mas pode fazer upgrade para uma associa\u00e7\u00e3o paga para desbloquear mais funcionalidades.<\/p>\n","protected":false},"excerpt":{"rendered":"<p>H\u00e1 uma s\u00e9rie de sites de liga\u00e7\u00e3o preto gratuitos dispon\u00edveis online. Estes sites fornecem uma plataforma para solteiros pretos se conectarem e se conectarem com indiv\u00edduos com ideias semelhantes. Os websites s\u00e3o f\u00e1ceis de usar e permitem que os utilizadores criem um perfil e naveguem atrav\u00e9s dos perfis de outros membros. Alguns dos populares sites&#8230;<a class=\"read-more-link button\" href=\"https:\/\/theyoungmessiah.com\/pt-pt\/ebony-hookups\/\">Read more<\/a><\/p>\n","protected":false},"author":1,"featured_media":0,"parent":0,"menu_order":0,"comment_status":"closed","ping_status":"closed","template":"","meta":[],"yoast_head":"<!-- This site is optimized with the Yoast SEO plugin v17.7.1 - https:\/\/yoast.com\/wordpress\/plugins\/seo\/ -->\n<title>Ebony Hookups - Online Adult Dating<\/title>\n<meta name=\"robots\" content=\"index, follow, max-snippet:-1, max-image-preview:large, max-video-preview:-1\" \/>\n<link rel=\"canonical\" href=\"https:\/\/theyoungmessiah.com\/pt-pt\/ebony-hookups\/\" \/>\n<meta property=\"og:locale\" content=\"pt_PT\" \/>\n<meta property=\"og:type\" content=\"article\" \/>\n<meta property=\"og:title\" content=\"Ebony Hookups - Online Adult Dating\" \/>\n<meta property=\"og:description\" content=\"H\u00e1 uma s\u00e9rie de sites de liga\u00e7\u00e3o preto gratuitos dispon\u00edveis online. Estes sites fornecem uma plataforma para solteiros pretos se conectarem e se conectarem com indiv\u00edduos com ideias semelhantes. Os websites s\u00e3o f\u00e1ceis de usar e permitem que os utilizadores criem um perfil e naveguem atrav\u00e9s dos perfis de outros membros. Alguns dos populares sites...Read more\" \/>\n<meta property=\"og:url\" content=\"https:\/\/theyoungmessiah.com\/pt-pt\/ebony-hookups\/\" \/>\n<meta property=\"og:site_name\" content=\"Online Adult Dating\" \/>\n<meta name=\"twitter:card\" content=\"summary_large_image\" \/>\n<meta name=\"twitter:label1\" content=\"Tempo estimado de leitura\" \/>\n\t<meta name=\"twitter:data1\" content=\"5 minutos\" \/>\n<script type=\"application\/ld+json\" class=\"yoast-schema-graph\">{\"@context\":\"https:\/\/schema.org\",\"@graph\":[{\"@type\":\"WebSite\",\"@id\":\"https:\/\/theyoungmessiah.com\/pt-pt\/#website\",\"url\":\"https:\/\/theyoungmessiah.com\/pt-pt\/\",\"name\":\"Online Adult Dating\",\"description\":\"Local Sex Hookups\",\"potentialAction\":[{\"@type\":\"SearchAction\",\"target\":{\"@type\":\"EntryPoint\",\"urlTemplate\":\"https:\/\/theyoungmessiah.com\/pt-pt\/?s={search_term_string}\"},\"query-input\":\"required name=search_term_string\"}],\"inLanguage\":\"pt-PT\"},{\"@type\":\"WebPage\",\"@id\":\"https:\/\/theyoungmessiah.com\/pt-pt\/ebony-hookups\/#webpage\",\"url\":\"https:\/\/theyoungmessiah.com\/pt-pt\/ebony-hookups\/\",\"name\":\"Ebony Hookups - Online Adult Dating\",\"isPartOf\":{\"@id\":\"https:\/\/theyoungmessiah.com\/pt-pt\/#website\"},\"datePublished\":\"2022-10-12T12:52:44+00:00\",\"dateModified\":\"2022-10-12T12:52:44+00:00\",\"breadcrumb\":{\"@id\":\"https:\/\/theyoungmessiah.com\/pt-pt\/ebony-hookups\/#breadcrumb\"},\"inLanguage\":\"pt-PT\",\"potentialAction\":[{\"@type\":\"ReadAction\",\"target\":[\"https:\/\/theyoungmessiah.com\/pt-pt\/ebony-hookups\/\"]}]},{\"@type\":\"BreadcrumbList\",\"@id\":\"https:\/\/theyoungmessiah.com\/pt-pt\/ebony-hookups\/#breadcrumb\",\"itemListElement\":[{\"@type\":\"ListItem\",\"position\":1,\"name\":\"Home\",\"item\":\"https:\/\/theyoungmessiah.com\/pt-pt\/\"},{\"@type\":\"ListItem\",\"position\":2,\"name\":\"Ebony Hookups\"}]}]}<\/script>\n<!-- \/ Yoast SEO plugin. -->","yoast_head_json":{"title":"Ebony Hookups - Online Adult Dating","robots":{"index":"index","follow":"follow","max-snippet":"max-snippet:-1","max-image-preview":"max-image-preview:large","max-video-preview":"max-video-preview:-1"},"canonical":"https:\/\/theyoungmessiah.com\/pt-pt\/ebony-hookups\/","og_locale":"pt_PT","og_type":"article","og_title":"Ebony Hookups - Online Adult Dating","og_description":"H\u00e1 uma s\u00e9rie de sites de liga\u00e7\u00e3o preto gratuitos dispon\u00edveis online. Estes sites fornecem uma plataforma para solteiros pretos se conectarem e se conectarem com indiv\u00edduos com ideias semelhantes. Os websites s\u00e3o f\u00e1ceis de usar e permitem que os utilizadores criem um perfil e naveguem atrav\u00e9s dos perfis de outros membros. Alguns dos populares sites...Read more","og_url":"https:\/\/theyoungmessiah.com\/pt-pt\/ebony-hookups\/","og_site_name":"Online Adult Dating","twitter_card":"summary_large_image","twitter_misc":{"Tempo estimado de leitura":"5 minutos"},"schema":{"@context":"https:\/\/schema.org","@graph":[{"@type":"WebSite","@id":"https:\/\/theyoungmessiah.com\/pt-pt\/#website","url":"https:\/\/theyoungmessiah.com\/pt-pt\/","name":"Online Adult Dating","description":"Local Sex Hookups","potentialAction":[{"@type":"SearchAction","target":{"@type":"EntryPoint","urlTemplate":"https:\/\/theyoungmessiah.com\/pt-pt\/?s={search_term_string}"},"query-input":"required name=search_term_string"}],"inLanguage":"pt-PT"},{"@type":"WebPage","@id":"https:\/\/theyoungmessiah.com\/pt-pt\/ebony-hookups\/#webpage","url":"https:\/\/theyoungmessiah.com\/pt-pt\/ebony-hookups\/","name":"Ebony Hookups - Online Adult Dating","isPartOf":{"@id":"https:\/\/theyoungmessiah.com\/pt-pt\/#website"},"datePublished":"2022-10-12T12:52:44+00:00","dateModified":"2022-10-12T12:52:44+00:00","breadcrumb":{"@id":"https:\/\/theyoungmessiah.com\/pt-pt\/ebony-hookups\/#breadcrumb"},"inLanguage":"pt-PT","potentialAction":[{"@type":"ReadAction","target":["https:\/\/theyoungmessiah.com\/pt-pt\/ebony-hookups\/"]}]},{"@type":"BreadcrumbList","@id":"https:\/\/theyoungmessiah.com\/pt-pt\/ebony-hookups\/#breadcrumb","itemListElement":[{"@type":"ListItem","position":1,"name":"Home","item":"https:\/\/theyoungmessiah.com\/pt-pt\/"},{"@type":"ListItem","position":2,"name":"Ebony Hookups"}]}]}},"_links":{"self":[{"href":"https:\/\/theyoungmessiah.com\/pt-pt\/wp-json\/wp\/v2\/pages\/210"}],"collection":[{"href":"https:\/\/theyoungmessiah.com\/pt-pt\/wp-json\/wp\/v2\/pages"}],"about":[{"href":"https:\/\/theyoungmessiah.com\/pt-pt\/wp-json\/wp\/v2\/types\/page"}],"author":[{"embeddable":true,"href":"https:\/\/theyoungmessiah.com\/pt-pt\/wp-json\/wp\/v2\/users\/1"}],"replies":[{"embeddable":true,"href":"https:\/\/theyoungmessiah.com\/pt-pt\/wp-json\/wp\/v2\/comments?post=210"}],"version-history":[{"count":0,"href":"https:\/\/theyoungmessiah.com\/pt-pt\/wp-json\/wp\/v2\/pages\/210\/revisions"}],"wp:attachment":[{"href":"https:\/\/theyoungmessiah.com\/pt-pt\/wp-json\/wp\/v2\/media?parent=210"}],"curies":[{"name":"wp","href":"https:\/\/api.w.org\/{rel}","templated":true}]}}