{"id":213,"date":"2022-10-12T14:00:02","date_gmt":"2022-10-12T13:00:02","guid":{"rendered":"http:\/\/theyoungmessiah.com\/sites-de-namoro-de-casos-casados\/"},"modified":"2022-10-12T14:00:02","modified_gmt":"2022-10-12T13:00:02","slug":"sites-de-namoro-de-casos-casados","status":"publish","type":"page","link":"https:\/\/theyoungmessiah.com\/pt-pt\/sites-de-namoro-de-casos-casados\/","title":{"rendered":"Sites de namoro de casos casados"},"content":{"rendered":"<p>H\u00e1 uma s\u00e9rie de sites de encontros de casos casados que permitem que as pessoas se conercam com outros que tamb\u00e9m s\u00e3o casados. Estes sites normalmente requerem uma taxa de ades\u00e3o, e oferecem uma variedade de funcionalidades projetadas para ajudar as pessoas a se conectarem com outras pessoas que est\u00e3o interessadas em ter um caso. Algumas das funcionalidades oferecidas por estes sites incluem mensagens privadas, salas de chat e bases de dados pesquis\u00e1veis de membros. Muitos destes sites tamb\u00e9m oferecem aconselhamento e apoio a pessoas que est\u00e3o a considerar ter um caso, ou que j\u00e1 est\u00e3o envolvidas num.<\/p>\n<h2>Hookups discretos<\/h2>\n<p>Encontros discretos est\u00e3o a tornar-se cada vez mais populares \u00e0 medida que as pessoas procuram formas de se divertirem sem compromisso. Estes arranjos s\u00e3o perfeitos para aqueles que querem desfrutar da companhia de outra pessoa sem qualquer compromisso. H\u00e1 muitas maneiras de encontrar algu\u00e9m com quem se encontrar, e h\u00e1 tantas raz\u00f5es pelas quais as pessoas escolhem faz\u00ea-lo. Quer estejas \u00e0 procura de uma aventura r\u00e1pida ou algo um pouco mais a longo prazo, h\u00e1 algu\u00e9m l\u00e1 fora que est\u00e1 \u00e0 procura da mesma coisa. Tudo o que precisa fazer \u00e9 encontr\u00e1-los.<\/p>\n<p>Existem agora aplicativos de namoro casados dispon\u00edveis para aqueles que est\u00e3o interessados em prosseguir rela\u00e7\u00f5es extra-conjugais. Embora estas aplica\u00e7\u00f5es facilitem a liga\u00e7\u00e3o com potenciais parceiros, tamb\u00e9m carregam alguns riscos. Por exemplo, se o seu c\u00f4njuge descobrir sobre o uso de uma aplica\u00e7\u00e3o de encontros casados, pode potencialmente prejudicar a sua rela\u00e7\u00e3o. Al\u00e9m disso, h\u00e1 sempre o potencial de conhecer algu\u00e9m que n\u00e3o \u00e9 quem diz estar online, o que pode levar a situa\u00e7\u00f5es perigosas. Se decidir usar uma app de encontros casados, \u00e9 importante ser honesto com os seus potenciais parceiros sobre o seu estado civil e encontrar-se sempre num local p\u00fablico.<\/p>\n<h2>Encontre uma liga\u00e7\u00e3o discreta<\/h2>\n<p>H\u00e1 muitas maneiras de encontrar uma liga\u00e7\u00e3o discreta online. Voc\u00ea pode usar um site de encontros especializado em encontros, ou voc\u00ea pode usar um site geral de encontros e apenas ser frontal sobre o que voc\u00ea est\u00e1 procurando. Tamb\u00e9m pode usar sites de redes sociais como facebook e Twitter para encontrar potenciais encontros. Outra op\u00e7\u00e3o \u00e9 usar um site como o Craigslist, que tem uma sec\u00e7\u00e3o dedicada a encontros casuais. Apenas certifique-se de estar seguro e usar o senso comum quando encontrar algu\u00e9m online.<\/p>\n<h3>Rio Tinder<\/h3>\n<p>O Tinder \u00e9 uma das aplica\u00e7\u00f5es de encontros mais populares com mais de 50 milh\u00f5es de utilizadores. Foi descrito como uma &#8220;app de encontros&#8221;, mas tamb\u00e9m pode ser usado para namorar e tem sido usado por pessoas em relacionamentos para casos. O Tinder \u00e9 r\u00e1pido e f\u00e1cil de usar e podes conectar-te com pessoas da tua \u00e1rea que est\u00e3o \u00e0 procura da mesma coisa que tu. A aplica\u00e7\u00e3o \u00e9 gratuita para descarregar e usar, mas existem algumas funcionalidades pagas que pode usar para obter mais da aplica\u00e7\u00e3o. No geral, o Tinder \u00e9 um \u00f3timo aplicativo de encontros para pessoas que procuram uma maneira r\u00e1pida e f\u00e1cil de se conectar com as pessoas na sua \u00e1rea.<\/p>\n<h3>XPickup<\/h3>\n<p>Se procura um site de encontros de caso que lhe permitir\u00e1 explorar as suas op\u00e7\u00f5es e encontrar uma correspond\u00eancia, o XPickup \u00e9 uma \u00f3tima escolha. O site tem uma grande base de utilizadores e uma grande variedade de funcionalidades, tornando-se uma \u00f3tima op\u00e7\u00e3o para encontrar uma correspond\u00eancia. O site tamb\u00e9m tem uma boa reputa\u00e7\u00e3o por ser seguro e seguro, para que possa ter certeza de que a sua informa\u00e7\u00e3o \u00e9 segura. No geral, XPickup \u00e9 uma \u00f3tima escolha para namoro de casados.<\/p>\n<h3>Rio Uberhorny<\/h3>\n<p>Se procura uma aplica\u00e7\u00e3o de encontros para ajud\u00e1-lo a ter um caso de casamento, ent\u00e3o Uberhorny \u00e9 uma \u00f3tima op\u00e7\u00e3o. A aplica\u00e7\u00e3o \u00e9 f\u00e1cil de usar e tem muitas funcionalidades \u00f3timas para ajud\u00e1-lo a encontrar algu\u00e9m com quem fazer batota. A fun\u00e7\u00e3o de pesquisa \u00e9 muito abrangente e pode reduzir os seus resultados por uma variedade de crit\u00e9rios. O sistema de mensagens tamb\u00e9m \u00e9 muito bom, e voc\u00ea pode facilmente acompanhar as suas conversas. No geral, Uberhorny \u00e9 uma \u00f3tima op\u00e7\u00e3o para namorar casos casados e recomendamos para qualquer um que procura uma maneira discreta de enganar o c\u00f4njuge.<\/p>\n<h3>Apenas AsSa<\/h3>\n<p>Se procura um site de encontros discreto, ent\u00e3o OnlyFlings \u00e9 uma \u00f3tima op\u00e7\u00e3o. O site \u00e9 f\u00e1cil de usar e oferece uma variedade de funcionalidades para ajud\u00e1-lo a encontrar uma correspond\u00eancia. O site tamb\u00e9m tem uma boa reputa\u00e7\u00e3o para seguran\u00e7a e privacidade.<\/p>\n","protected":false},"excerpt":{"rendered":"<p>H\u00e1 uma s\u00e9rie de sites de encontros de casos casados que permitem que as pessoas se conercam com outros que tamb\u00e9m s\u00e3o casados. Estes sites normalmente requerem uma taxa de ades\u00e3o, e oferecem uma variedade de funcionalidades projetadas para ajudar as pessoas a se conectarem com outras pessoas que est\u00e3o interessadas em ter um caso&#8230;.<a class=\"read-more-link button\" href=\"https:\/\/theyoungmessiah.com\/pt-pt\/sites-de-namoro-de-casos-casados\/\">Read more<\/a><\/p>\n","protected":false},"author":1,"featured_media":0,"parent":0,"menu_order":0,"comment_status":"closed","ping_status":"closed","template":"","meta":[],"yoast_head":"<!-- This site is optimized with the Yoast SEO plugin v17.7.1 - https:\/\/yoast.com\/wordpress\/plugins\/seo\/ -->\n<title>Sites de namoro de casos casados - Online Adult Dating<\/title>\n<meta name=\"robots\" content=\"index, follow, max-snippet:-1, max-image-preview:large, max-video-preview:-1\" \/>\n<link rel=\"canonical\" href=\"https:\/\/theyoungmessiah.com\/pt-pt\/sites-de-namoro-de-casos-casados\/\" \/>\n<meta property=\"og:locale\" content=\"pt_PT\" \/>\n<meta property=\"og:type\" content=\"article\" \/>\n<meta property=\"og:title\" content=\"Sites de namoro de casos casados - Online Adult Dating\" \/>\n<meta property=\"og:description\" content=\"H\u00e1 uma s\u00e9rie de sites de encontros de casos casados que permitem que as pessoas se conercam com outros que tamb\u00e9m s\u00e3o casados. Estes sites normalmente requerem uma taxa de ades\u00e3o, e oferecem uma variedade de funcionalidades projetadas para ajudar as pessoas a se conectarem com outras pessoas que est\u00e3o interessadas em ter um caso....Read more\" \/>\n<meta property=\"og:url\" content=\"https:\/\/theyoungmessiah.com\/pt-pt\/sites-de-namoro-de-casos-casados\/\" \/>\n<meta property=\"og:site_name\" content=\"Online Adult Dating\" \/>\n<meta name=\"twitter:card\" content=\"summary_large_image\" \/>\n<meta name=\"twitter:label1\" content=\"Tempo estimado de leitura\" \/>\n\t<meta name=\"twitter:data1\" content=\"4 minutos\" \/>\n<script type=\"application\/ld+json\" class=\"yoast-schema-graph\">{\"@context\":\"https:\/\/schema.org\",\"@graph\":[{\"@type\":\"WebSite\",\"@id\":\"https:\/\/theyoungmessiah.com\/pt-pt\/#website\",\"url\":\"https:\/\/theyoungmessiah.com\/pt-pt\/\",\"name\":\"Online Adult Dating\",\"description\":\"Local Sex Hookups\",\"potentialAction\":[{\"@type\":\"SearchAction\",\"target\":{\"@type\":\"EntryPoint\",\"urlTemplate\":\"https:\/\/theyoungmessiah.com\/pt-pt\/?s={search_term_string}\"},\"query-input\":\"required name=search_term_string\"}],\"inLanguage\":\"pt-PT\"},{\"@type\":\"WebPage\",\"@id\":\"https:\/\/theyoungmessiah.com\/pt-pt\/sites-de-namoro-de-casos-casados\/#webpage\",\"url\":\"https:\/\/theyoungmessiah.com\/pt-pt\/sites-de-namoro-de-casos-casados\/\",\"name\":\"Sites de namoro de casos casados - Online Adult Dating\",\"isPartOf\":{\"@id\":\"https:\/\/theyoungmessiah.com\/pt-pt\/#website\"},\"datePublished\":\"2022-10-12T13:00:02+00:00\",\"dateModified\":\"2022-10-12T13:00:02+00:00\",\"breadcrumb\":{\"@id\":\"https:\/\/theyoungmessiah.com\/pt-pt\/sites-de-namoro-de-casos-casados\/#breadcrumb\"},\"inLanguage\":\"pt-PT\",\"potentialAction\":[{\"@type\":\"ReadAction\",\"target\":[\"https:\/\/theyoungmessiah.com\/pt-pt\/sites-de-namoro-de-casos-casados\/\"]}]},{\"@type\":\"BreadcrumbList\",\"@id\":\"https:\/\/theyoungmessiah.com\/pt-pt\/sites-de-namoro-de-casos-casados\/#breadcrumb\",\"itemListElement\":[{\"@type\":\"ListItem\",\"position\":1,\"name\":\"Home\",\"item\":\"https:\/\/theyoungmessiah.com\/pt-pt\/\"},{\"@type\":\"ListItem\",\"position\":2,\"name\":\"Sites de namoro de casos casados\"}]}]}<\/script>\n<!-- \/ Yoast SEO plugin. -->","yoast_head_json":{"title":"Sites de namoro de casos casados - Online Adult Dating","robots":{"index":"index","follow":"follow","max-snippet":"max-snippet:-1","max-image-preview":"max-image-preview:large","max-video-preview":"max-video-preview:-1"},"canonical":"https:\/\/theyoungmessiah.com\/pt-pt\/sites-de-namoro-de-casos-casados\/","og_locale":"pt_PT","og_type":"article","og_title":"Sites de namoro de casos casados - Online Adult Dating","og_description":"H\u00e1 uma s\u00e9rie de sites de encontros de casos casados que permitem que as pessoas se conercam com outros que tamb\u00e9m s\u00e3o casados. Estes sites normalmente requerem uma taxa de ades\u00e3o, e oferecem uma variedade de funcionalidades projetadas para ajudar as pessoas a se conectarem com outras pessoas que est\u00e3o interessadas em ter um caso....Read more","og_url":"https:\/\/theyoungmessiah.com\/pt-pt\/sites-de-namoro-de-casos-casados\/","og_site_name":"Online Adult Dating","twitter_card":"summary_large_image","twitter_misc":{"Tempo estimado de leitura":"4 minutos"},"schema":{"@context":"https:\/\/schema.org","@graph":[{"@type":"WebSite","@id":"https:\/\/theyoungmessiah.com\/pt-pt\/#website","url":"https:\/\/theyoungmessiah.com\/pt-pt\/","name":"Online Adult Dating","description":"Local Sex Hookups","potentialAction":[{"@type":"SearchAction","target":{"@type":"EntryPoint","urlTemplate":"https:\/\/theyoungmessiah.com\/pt-pt\/?s={search_term_string}"},"query-input":"required name=search_term_string"}],"inLanguage":"pt-PT"},{"@type":"WebPage","@id":"https:\/\/theyoungmessiah.com\/pt-pt\/sites-de-namoro-de-casos-casados\/#webpage","url":"https:\/\/theyoungmessiah.com\/pt-pt\/sites-de-namoro-de-casos-casados\/","name":"Sites de namoro de casos casados - Online Adult Dating","isPartOf":{"@id":"https:\/\/theyoungmessiah.com\/pt-pt\/#website"},"datePublished":"2022-10-12T13:00:02+00:00","dateModified":"2022-10-12T13:00:02+00:00","breadcrumb":{"@id":"https:\/\/theyoungmessiah.com\/pt-pt\/sites-de-namoro-de-casos-casados\/#breadcrumb"},"inLanguage":"pt-PT","potentialAction":[{"@type":"ReadAction","target":["https:\/\/theyoungmessiah.com\/pt-pt\/sites-de-namoro-de-casos-casados\/"]}]},{"@type":"BreadcrumbList","@id":"https:\/\/theyoungmessiah.com\/pt-pt\/sites-de-namoro-de-casos-casados\/#breadcrumb","itemListElement":[{"@type":"ListItem","position":1,"name":"Home","item":"https:\/\/theyoungmessiah.com\/pt-pt\/"},{"@type":"ListItem","position":2,"name":"Sites de namoro de casos casados"}]}]}},"_links":{"self":[{"href":"https:\/\/theyoungmessiah.com\/pt-pt\/wp-json\/wp\/v2\/pages\/213"}],"collection":[{"href":"https:\/\/theyoungmessiah.com\/pt-pt\/wp-json\/wp\/v2\/pages"}],"about":[{"href":"https:\/\/theyoungmessiah.com\/pt-pt\/wp-json\/wp\/v2\/types\/page"}],"author":[{"embeddable":true,"href":"https:\/\/theyoungmessiah.com\/pt-pt\/wp-json\/wp\/v2\/users\/1"}],"replies":[{"embeddable":true,"href":"https:\/\/theyoungmessiah.com\/pt-pt\/wp-json\/wp\/v2\/comments?post=213"}],"version-history":[{"count":0,"href":"https:\/\/theyoungmessiah.com\/pt-pt\/wp-json\/wp\/v2\/pages\/213\/revisions"}],"wp:attachment":[{"href":"https:\/\/theyoungmessiah.com\/pt-pt\/wp-json\/wp\/v2\/media?parent=213"}],"curies":[{"name":"wp","href":"https:\/\/api.w.org\/{rel}","templated":true}]}}