{"id":214,"date":"2022-10-12T13:59:28","date_gmt":"2022-10-12T12:59:28","guid":{"rendered":"http:\/\/theyoungmessiah.com\/sites-de-mumia-de-acucar\/"},"modified":"2022-10-12T13:59:28","modified_gmt":"2022-10-12T12:59:28","slug":"sites-de-mumia-de-acucar","status":"publish","type":"page","link":"https:\/\/theyoungmessiah.com\/pt-pt\/sites-de-mumia-de-acucar\/","title":{"rendered":"Sites de m\u00famia de a\u00e7\u00facar"},"content":{"rendered":"<p>Existem v\u00e1rios sites de m\u00famias de a\u00e7\u00facar dispon\u00edveis na internet. Estes sites fornecem uma plataforma para as mulheres mais velhas se conectarem com homens mais jovens com o prop\u00f3sito de rela\u00e7\u00f5es sexuais. Os sites de m\u00famias de a\u00e7\u00facar normalmente cobram uma taxa de ades\u00e3o, e as mulheres mais velhas oferecem incentivos financeiros aos homens mais jovens em troca de favores sexuais. O acordo \u00e9 mutuamente ben\u00e9fico, \u00e0 medida que as mulheres mais velhas podem desfrutar da companhia de homens mais jovens e atraentes, e os homens mais novos podem experimentar rela\u00e7\u00f5es sexuais com mulheres mais velhas e mais experientes.<\/p>\n<h2>Momma de a\u00e7\u00facar local<\/h2>\n<p>H\u00e1 muitas mam\u00e3s a\u00e7ucaradas na cena do namoro, e elas v\u00eam de todas as formas e tamanhos. Algumas s\u00e3o mulheres mais velhas que procuram um homem jovem e bonito para mimar e mimar, enquanto outras simplesmente procuram algu\u00e9m que as fa\u00e7a sentir-se jovens e vivas novamente. N\u00e3o importa o seu tipo, h\u00e1 certeza que haver\u00e1 uma m\u00e3e a\u00e7ucarada l\u00e1 fora que \u00e9 perfeita para voc\u00ea. A melhor maneira de encontrar o seu par perfeito \u00e9 ir l\u00e1 fora e come\u00e7ar a namorar! Assista a eventos de solteiros locais, ou inscreva-se para um site de encontros especificamente orientado para a mommas de a\u00e7\u00facar e para os homens que os amam. Com um pouco de esfor\u00e7o, vais encontrar a m\u00e3e a\u00e7ucarada dos teus sonhos.<\/p>\n<p>H\u00e1 algumas coisas a ter em mente quando se procura uma m\u00e3e a\u00e7ucarada online. Primeiro, \u00e9 importante ser honesto sobre o que procura. Seja claro sobre as suas inten\u00e7\u00f5es e n\u00e3o se esque\u00e7a de comunic\u00e1-las a potenciais partidas. Em segundo lugar, seja paciente e esteja disposto a trabalhar para encontrar a pessoa certa para si. H\u00e1 muitas mam\u00e3s a\u00e7ucaradas por a\u00ed, mas pode levar algum tempo para encontrar a certa para ti. Finalmente, quando encontrar uma m\u00e3e a\u00e7ucarada com a qual clica, n\u00e3o se esque\u00e7a de trat\u00e1-la com respeito e apre\u00e7o.<\/p>\n<h2>Data uma momma de a\u00e7\u00facar<\/h2>\n<p>H\u00e1 algumas coisas a ter em mente se estiver interessado em namorar uma m\u00e3e a\u00e7ucarada online. Primeiro, as m\u00e3es a\u00e7ucaradas s\u00e3o tipicamente mulheres mais velhas, por isso tens de estar de acordo com isso. Em segundo lugar, eles geralmente est\u00e3o \u00e0 procura de algu\u00e9m que possa faz\u00ea-los sentir-se especiais e apreciados, ent\u00e3o certifique-se de mostrar as suas melhores qualidades. Finalmente, provavelmente ser\u00e3o muito generosos com o seu tempo e dinheiro, por isso preparem-se para serem mimados! Se achas que consegues lidar com isso tudo, ent\u00e3o tenta. Quem sabe, talvez encontres a m\u00e3e do a\u00e7\u00facar perfeita para ti.<\/p>\n<h3>Abund\u00e2ncia de peixes<\/h3>\n<p>Plenty of Fish \u00e9 uma aplica\u00e7\u00e3o de encontros que permite aos utilizadores criar um perfil, encontrar f\u00f3sforos e conversar com outros utilizadores. A aplica\u00e7\u00e3o tem uma boa reputa\u00e7\u00e3o por ser f\u00e1cil de usar e para fornecer um grande conjunto de potenciais partidas. No entanto, alguns utilizadores queixaram-se que a app \u00e9 buggy e que \u00e9 dif\u00edcil cancelar uma subscri\u00e7\u00e3o. No geral, Plenty of Fish \u00e9 uma boa op\u00e7\u00e3o para quem procura um local de m\u00famia de a\u00e7\u00facar.<\/p>\n<h3>XCheaters<\/h3>\n<p>Se est\u00e1s \u00e0 procura de uma m\u00famia de a\u00e7\u00facar, ent\u00e3o devias ver os XCheaters. \u00c9 um dos locais mais populares da m\u00famia do a\u00e7\u00facar, e por uma boa raz\u00e3o. A aplica\u00e7\u00e3o \u00e9 f\u00e1cil de usar e \u00e9 gratuita para aderir. Al\u00e9m disso, h\u00e1 toneladas de m\u00famias a\u00e7ucaradas no site que est\u00e3o \u00e0 procura de algu\u00e9m como tu.<\/p>\n<p>Ent\u00e3o, se est\u00e1s \u00e0 procura de uma m\u00famia de a\u00e7\u00facar, ent\u00e3o o XCheaters \u00e9 definitivamente o local para ti. A aplica\u00e7\u00e3o \u00e9 f\u00e1cil de usar e h\u00e1 toneladas de m\u00famias a\u00e7ucaradas no site. Al\u00e9m disso, \u00e9 livre de se juntar. Ent\u00e3o, do que est\u00e1 \u00e0 espera? Vai ver o que se passa!<\/p>\n<h3>Instasex<\/h3>\n<p>O Instasex \u00e9 uma nova app de encontros que promete levar os sites da m\u00famia do a\u00e7\u00facar a um novo n\u00edvel. Com as suas caracter\u00edsticas \u00fanicas e interface f\u00e1cil de utilizar, torna-se f\u00e1cil para os utilizadores encontrar e conectar-se com sites de m\u00famias a\u00e7ucaradas. A aplica\u00e7\u00e3o tamb\u00e9m permite que os utilizadores conversem e partilhem fotos entre si, tornando-se uma excelente plataforma para os sites de m\u00famias de a\u00e7\u00facar se conectarem e interagirem entre si.<\/p>\n<h3>Procurar arranjos<\/h3>\n<p>Se procura uma m\u00famia de a\u00e7\u00facar, procurar arranjos \u00e9 a aplica\u00e7\u00e3o de encontros para si. Com mais de 10 milh\u00f5es de membros em todo o mundo, \u00e9 o maior site de m\u00famias de a\u00e7\u00facar na internet. E \u00e9 livre de se juntar! Pode criar um perfil, procurar m\u00famias a\u00e7ucaradas na sua \u00e1rea e enviar-lhes mensagens gratuitamente.<\/p>\n<p>O melhor de procurar arranjos \u00e9 que \u00e9 uma maneira segura e f\u00e1cil de conhecer m\u00famias a\u00e7ucaradas. N\u00e3o tem que se preocupar com burl\u00f5es ou perfis falsos, porque o site \u00e9 moderado por uma equipa de profissionais. E se alguma vez tiver d\u00favidas ou preocupa\u00e7\u00f5es, pode sempre contactar o apoio ao cliente.<\/p>\n<p>Por isso, se procuras uma m\u00famia a\u00e7ucarada, procurar arranjos \u00e9 a aplica\u00e7\u00e3o de encontros perfeita para ti. Inscreva-se hoje e comece a enviar mensagens de m\u00famias a\u00e7ucaradas na sua \u00e1rea!<\/p>\n","protected":false},"excerpt":{"rendered":"<p>Existem v\u00e1rios sites de m\u00famias de a\u00e7\u00facar dispon\u00edveis na internet. Estes sites fornecem uma plataforma para as mulheres mais velhas se conectarem com homens mais jovens com o prop\u00f3sito de rela\u00e7\u00f5es sexuais. Os sites de m\u00famias de a\u00e7\u00facar normalmente cobram uma taxa de ades\u00e3o, e as mulheres mais velhas oferecem incentivos financeiros aos homens mais&#8230;<a class=\"read-more-link button\" href=\"https:\/\/theyoungmessiah.com\/pt-pt\/sites-de-mumia-de-acucar\/\">Read more<\/a><\/p>\n","protected":false},"author":1,"featured_media":0,"parent":0,"menu_order":0,"comment_status":"closed","ping_status":"closed","template":"","meta":[],"yoast_head":"<!-- This site is optimized with the Yoast SEO plugin v17.7.1 - https:\/\/yoast.com\/wordpress\/plugins\/seo\/ -->\n<title>Sites de m\u00famia de a\u00e7\u00facar - Online Adult Dating<\/title>\n<meta name=\"robots\" content=\"index, follow, max-snippet:-1, max-image-preview:large, max-video-preview:-1\" \/>\n<link rel=\"canonical\" href=\"https:\/\/theyoungmessiah.com\/pt-pt\/sites-de-mumia-de-acucar\/\" \/>\n<meta property=\"og:locale\" content=\"pt_PT\" \/>\n<meta property=\"og:type\" content=\"article\" \/>\n<meta property=\"og:title\" content=\"Sites de m\u00famia de a\u00e7\u00facar - Online Adult Dating\" \/>\n<meta property=\"og:description\" content=\"Existem v\u00e1rios sites de m\u00famias de a\u00e7\u00facar dispon\u00edveis na internet. Estes sites fornecem uma plataforma para as mulheres mais velhas se conectarem com homens mais jovens com o prop\u00f3sito de rela\u00e7\u00f5es sexuais. Os sites de m\u00famias de a\u00e7\u00facar normalmente cobram uma taxa de ades\u00e3o, e as mulheres mais velhas oferecem incentivos financeiros aos homens mais...Read more\" \/>\n<meta property=\"og:url\" content=\"https:\/\/theyoungmessiah.com\/pt-pt\/sites-de-mumia-de-acucar\/\" \/>\n<meta property=\"og:site_name\" content=\"Online Adult Dating\" \/>\n<meta name=\"twitter:card\" content=\"summary_large_image\" \/>\n<meta name=\"twitter:label1\" content=\"Tempo estimado de leitura\" \/>\n\t<meta name=\"twitter:data1\" content=\"5 minutos\" \/>\n<script type=\"application\/ld+json\" class=\"yoast-schema-graph\">{\"@context\":\"https:\/\/schema.org\",\"@graph\":[{\"@type\":\"WebSite\",\"@id\":\"https:\/\/theyoungmessiah.com\/pt-pt\/#website\",\"url\":\"https:\/\/theyoungmessiah.com\/pt-pt\/\",\"name\":\"Online Adult Dating\",\"description\":\"Local Sex Hookups\",\"potentialAction\":[{\"@type\":\"SearchAction\",\"target\":{\"@type\":\"EntryPoint\",\"urlTemplate\":\"https:\/\/theyoungmessiah.com\/pt-pt\/?s={search_term_string}\"},\"query-input\":\"required name=search_term_string\"}],\"inLanguage\":\"pt-PT\"},{\"@type\":\"WebPage\",\"@id\":\"https:\/\/theyoungmessiah.com\/pt-pt\/sites-de-mumia-de-acucar\/#webpage\",\"url\":\"https:\/\/theyoungmessiah.com\/pt-pt\/sites-de-mumia-de-acucar\/\",\"name\":\"Sites de m\\u00famia de a\\u00e7\\u00facar - Online Adult Dating\",\"isPartOf\":{\"@id\":\"https:\/\/theyoungmessiah.com\/pt-pt\/#website\"},\"datePublished\":\"2022-10-12T12:59:28+00:00\",\"dateModified\":\"2022-10-12T12:59:28+00:00\",\"breadcrumb\":{\"@id\":\"https:\/\/theyoungmessiah.com\/pt-pt\/sites-de-mumia-de-acucar\/#breadcrumb\"},\"inLanguage\":\"pt-PT\",\"potentialAction\":[{\"@type\":\"ReadAction\",\"target\":[\"https:\/\/theyoungmessiah.com\/pt-pt\/sites-de-mumia-de-acucar\/\"]}]},{\"@type\":\"BreadcrumbList\",\"@id\":\"https:\/\/theyoungmessiah.com\/pt-pt\/sites-de-mumia-de-acucar\/#breadcrumb\",\"itemListElement\":[{\"@type\":\"ListItem\",\"position\":1,\"name\":\"Home\",\"item\":\"https:\/\/theyoungmessiah.com\/pt-pt\/\"},{\"@type\":\"ListItem\",\"position\":2,\"name\":\"Sites de m\\u00famia de a\\u00e7\\u00facar\"}]}]}<\/script>\n<!-- \/ Yoast SEO plugin. -->","yoast_head_json":{"title":"Sites de m\u00famia de a\u00e7\u00facar - Online Adult Dating","robots":{"index":"index","follow":"follow","max-snippet":"max-snippet:-1","max-image-preview":"max-image-preview:large","max-video-preview":"max-video-preview:-1"},"canonical":"https:\/\/theyoungmessiah.com\/pt-pt\/sites-de-mumia-de-acucar\/","og_locale":"pt_PT","og_type":"article","og_title":"Sites de m\u00famia de a\u00e7\u00facar - Online Adult Dating","og_description":"Existem v\u00e1rios sites de m\u00famias de a\u00e7\u00facar dispon\u00edveis na internet. Estes sites fornecem uma plataforma para as mulheres mais velhas se conectarem com homens mais jovens com o prop\u00f3sito de rela\u00e7\u00f5es sexuais. Os sites de m\u00famias de a\u00e7\u00facar normalmente cobram uma taxa de ades\u00e3o, e as mulheres mais velhas oferecem incentivos financeiros aos homens mais...Read more","og_url":"https:\/\/theyoungmessiah.com\/pt-pt\/sites-de-mumia-de-acucar\/","og_site_name":"Online Adult Dating","twitter_card":"summary_large_image","twitter_misc":{"Tempo estimado de leitura":"5 minutos"},"schema":{"@context":"https:\/\/schema.org","@graph":[{"@type":"WebSite","@id":"https:\/\/theyoungmessiah.com\/pt-pt\/#website","url":"https:\/\/theyoungmessiah.com\/pt-pt\/","name":"Online Adult Dating","description":"Local Sex Hookups","potentialAction":[{"@type":"SearchAction","target":{"@type":"EntryPoint","urlTemplate":"https:\/\/theyoungmessiah.com\/pt-pt\/?s={search_term_string}"},"query-input":"required name=search_term_string"}],"inLanguage":"pt-PT"},{"@type":"WebPage","@id":"https:\/\/theyoungmessiah.com\/pt-pt\/sites-de-mumia-de-acucar\/#webpage","url":"https:\/\/theyoungmessiah.com\/pt-pt\/sites-de-mumia-de-acucar\/","name":"Sites de m\u00famia de a\u00e7\u00facar - Online Adult Dating","isPartOf":{"@id":"https:\/\/theyoungmessiah.com\/pt-pt\/#website"},"datePublished":"2022-10-12T12:59:28+00:00","dateModified":"2022-10-12T12:59:28+00:00","breadcrumb":{"@id":"https:\/\/theyoungmessiah.com\/pt-pt\/sites-de-mumia-de-acucar\/#breadcrumb"},"inLanguage":"pt-PT","potentialAction":[{"@type":"ReadAction","target":["https:\/\/theyoungmessiah.com\/pt-pt\/sites-de-mumia-de-acucar\/"]}]},{"@type":"BreadcrumbList","@id":"https:\/\/theyoungmessiah.com\/pt-pt\/sites-de-mumia-de-acucar\/#breadcrumb","itemListElement":[{"@type":"ListItem","position":1,"name":"Home","item":"https:\/\/theyoungmessiah.com\/pt-pt\/"},{"@type":"ListItem","position":2,"name":"Sites de m\u00famia de a\u00e7\u00facar"}]}]}},"_links":{"self":[{"href":"https:\/\/theyoungmessiah.com\/pt-pt\/wp-json\/wp\/v2\/pages\/214"}],"collection":[{"href":"https:\/\/theyoungmessiah.com\/pt-pt\/wp-json\/wp\/v2\/pages"}],"about":[{"href":"https:\/\/theyoungmessiah.com\/pt-pt\/wp-json\/wp\/v2\/types\/page"}],"author":[{"embeddable":true,"href":"https:\/\/theyoungmessiah.com\/pt-pt\/wp-json\/wp\/v2\/users\/1"}],"replies":[{"embeddable":true,"href":"https:\/\/theyoungmessiah.com\/pt-pt\/wp-json\/wp\/v2\/comments?post=214"}],"version-history":[{"count":0,"href":"https:\/\/theyoungmessiah.com\/pt-pt\/wp-json\/wp\/v2\/pages\/214\/revisions"}],"wp:attachment":[{"href":"https:\/\/theyoungmessiah.com\/pt-pt\/wp-json\/wp\/v2\/media?parent=214"}],"curies":[{"name":"wp","href":"https:\/\/api.w.org\/{rel}","templated":true}]}}