{"id":233,"date":"2022-10-12T13:52:14","date_gmt":"2022-10-12T12:52:14","guid":{"rendered":"http:\/\/theyoungmessiah.com\/sites-de-hookups-locais-gratuitos\/"},"modified":"2022-10-12T13:52:14","modified_gmt":"2022-10-12T12:52:14","slug":"sites-de-hookups-locais-gratuitos","status":"publish","type":"page","link":"https:\/\/theyoungmessiah.com\/pt-pt\/sites-de-hookups-locais-gratuitos\/","title":{"rendered":"Sites de hookups locais gratuitos"},"content":{"rendered":"<p>H\u00e1 muitos <a href=\"http:\/\/theyoungmessiah.com\/free-milf-chat-sites\/\">sites de encontros locais<\/a> que podem ajud\u00e1-lo a encontrar algu\u00e9m com quem se encontrar. Tudo o que precisa fazer \u00e9 criar um perfil e come\u00e7ar a procurar algu\u00e9m que cumpra os seus crit\u00e9rios. Ficar com algu\u00e9m pode ser uma \u00f3tima maneira de se divertir e experimentar coisas novas, mas \u00e9 importante ser seguro e respons\u00e1vel ao faz\u00ea-lo. Certifique-se de conhecer bem a pessoa antes de se encontrar, e sempre se encontrar em um lugar p\u00fablico primeiro. Com um pouco de planeamento e sorte, pode encontrar algu\u00e9m com quem se encontrar num destes locais.<\/p>\n<h2>Encontro local perto de mim<\/h2>\n<p>N\u00e3o h\u00e1 nada como a emo\u00e7\u00e3o de conhecer algu\u00e9m novo e a antecipa\u00e7\u00e3o do que pode acontecer a seguir. Quando se trata de encontrar um encontro local perto de mim, n\u00e3o faltam op\u00e7\u00f5es. Quer estejas \u00e0 procura de um encontro casual ou algo um pouco mais s\u00e9rio, h\u00e1 certeza que h\u00e1 algu\u00e9m l\u00e1 fora que \u00e9 o melhor para ti.<\/p>\n<p>O melhor da internet \u00e9 que abriu o mundo dos encontros e da liga\u00e7\u00e3o com todos. N\u00e3o importa onde vivas, deve haver algu\u00e9m por perto que anda \u00e0 procura da mesma coisa que tu. Tudo o que precisa fazer \u00e9 colocar-se l\u00e1 fora e ver o que acontece.<\/p>\n<p>Quem sabe, pode encontrar o amor da sua vida. Ou, no m\u00ednimo, ter\u00e1s grandes hist\u00f3rias para contar aos teus amigos.<\/p>\n<p>Existem muitos sites de encontros e aplicativos l\u00e1 fora que oferecem liga\u00e7\u00f5es locais gratuitas. Isto significa que podes us\u00e1-las para encontrar pessoas na tua \u00e1rea que procuram o mesmo que tu. Tudo o que precisa fazer \u00e9 criar um perfil e come\u00e7ar a procurar. Voc\u00ea tamb\u00e9m pode usar estes sites e aplicativos para conversar com pessoas na sua \u00e1rea que est\u00e3o procurando a mesma coisa que voc\u00ea \u00e9.<\/p>\n<h2>Encontros locais perto de mim<\/h2>\n<p>H\u00e1 muitas liga\u00e7\u00f5es locais perto de mim quando se trata de encontros online. Voc\u00ea pode encontrar sites e aplicativos especificamente projetados para ajud\u00e1-lo a se conectar com outros singles na sua \u00e1rea. Isto torna f\u00e1cil encontrar uma data ou um encontro sem ter que viajar muito longe. H\u00e1 tamb\u00e9m muitas pessoas que usam o namoro online como uma forma de conhecer novas pessoas e fazer novos amigos. Quer estejas \u00e0 procura de um encontro casual ou de uma rela\u00e7\u00e3o s\u00e9ria, h\u00e1 algu\u00e9m l\u00e1 fora para ti.<\/p>\n<h3>BBWCupid<\/h3>\n<p>BBWCupid \u00e9 um dos aplicativos de namoro mais populares para mulheres e homens curvy que as amam. A aplica\u00e7\u00e3o \u00e9 gratuita para descarregar e usar, e oferece uma subscri\u00e7\u00e3o premium por $9.99\/m\u00eas que desbloqueia algumas funcionalidades extra.<\/p>\n<p>A aplica\u00e7\u00e3o \u00e9 bem desenhada e f\u00e1cil de usar, com uma interface limpa e moderna. \u00c9 tamb\u00e9m uma das poucas aplica\u00e7\u00f5es de namoro que atende especificamente \u00e0s mulheres curvy e seus admiradores.<\/p>\n<p>Uma desvantagem \u00e9 que n\u00e3o h\u00e1 muitos utilizadores na minha \u00e1rea, por isso pode ser dif\u00edcil encontrar f\u00f3sforos. Mas, no geral, acho que o BBWCupid \u00e9 um \u00f3timo aplicativo de encontros para mulheres curvy e seus admiradores.<\/p>\n<h3>Abund\u00e2ncia de peixes<\/h3>\n<p>Se voc\u00ea est\u00e1 procurando um local de encontro, Plenty of Fish \u00e9 uma \u00f3tima op\u00e7\u00e3o. Tem uma grande base de utilizadores e \u00e9 f\u00e1cil de usar. No entanto, n\u00e3o tem tantas funcionalidades como alguns dos outros sites desta lista.<\/p>\n<h3>Rio Bumble<\/h3>\n<p>Bumble \u00e9 uma aplica\u00e7\u00e3o social e de namoro baseada em localiza\u00e7\u00e3o que facilita a comunica\u00e7\u00e3o entre os utilizadores interessados. Em jogos heterossexuais, apenas utilizadores femininos podem iniciar contacto com utilizadores masculinos, enquanto em jogos do mesmo sexo qualquer participante pode iniciar o contacto. Os utilizadores podem inscrever-se usando o seu n\u00famero de telefone ou perfil do Facebook, e t\u00eam a op\u00e7\u00e3o de esconder a sua idade, localiza\u00e7\u00e3o e nome de outros utilizadores. Bumble tem sede em Austin, Texas, e tem mais de 50 milh\u00f5es de utilizadores em todo o mundo.<\/p>\n<p>A aplica\u00e7\u00e3o foi concebida para criar liga\u00e7\u00f5es significativas, com o objetivo de casamento ou relacionamentos de longo prazo. A aplica\u00e7\u00e3o tem uma classifica\u00e7\u00e3o de 4 estrelas na App Store, com os utilizadores a elogiarem a sua facilidade de utiliza\u00e7\u00e3o e funcionalidades de seguran\u00e7a. No entanto, alguns utilizadores queixaram-se que a aplica\u00e7\u00e3o est\u00e1 demasiado focada em liga\u00e7\u00f5es, e que \u00e9 dif\u00edcil encontrar uma rela\u00e7\u00e3o s\u00e9ria. No geral, Bumble \u00e9 uma \u00f3tima op\u00e7\u00e3o para quem procura uma rela\u00e7\u00e3o s\u00e9ria, ou apenas uma forma divertida e f\u00e1cil de conhecer novas pessoas.<\/p>\n<h3>Zoosk<\/h3>\n<p>Zoosk \u00e9 uma aplica\u00e7\u00e3o de encontros que permite visualizar perfis de solteiros locais na sua \u00e1rea. Voc\u00ea tamb\u00e9m pode ver fotos de solteiros locais e ver quem est\u00e1 online agora. A aplica\u00e7\u00e3o tamb\u00e9m tem uma funcionalidade de mensagens para que possa enviar mensagens para os seus jogos. A aplica\u00e7\u00e3o \u00e9 gratuita para descarregar e usar, mas pode fazer upgrade para uma subscri\u00e7\u00e3o paga para desbloquear todas as funcionalidades. A aplica\u00e7\u00e3o est\u00e1 dispon\u00edvel para iPhone e Android.<\/p>\n","protected":false},"excerpt":{"rendered":"<p>H\u00e1 muitos sites de encontros locais que podem ajud\u00e1-lo a encontrar algu\u00e9m com quem se encontrar. Tudo o que precisa fazer \u00e9 criar um perfil e come\u00e7ar a procurar algu\u00e9m que cumpra os seus crit\u00e9rios. Ficar com algu\u00e9m pode ser uma \u00f3tima maneira de se divertir e experimentar coisas novas, mas \u00e9 importante ser seguro&#8230;<a class=\"read-more-link button\" href=\"https:\/\/theyoungmessiah.com\/pt-pt\/sites-de-hookups-locais-gratuitos\/\">Read more<\/a><\/p>\n","protected":false},"author":1,"featured_media":0,"parent":0,"menu_order":0,"comment_status":"closed","ping_status":"closed","template":"","meta":[],"yoast_head":"<!-- This site is optimized with the Yoast SEO plugin v17.7.1 - https:\/\/yoast.com\/wordpress\/plugins\/seo\/ -->\n<title>Sites de hookups locais gratuitos - Online Adult Dating<\/title>\n<meta name=\"robots\" content=\"index, follow, max-snippet:-1, max-image-preview:large, max-video-preview:-1\" \/>\n<link rel=\"canonical\" href=\"https:\/\/theyoungmessiah.com\/pt-pt\/sites-de-hookups-locais-gratuitos\/\" \/>\n<meta property=\"og:locale\" content=\"pt_PT\" \/>\n<meta property=\"og:type\" content=\"article\" \/>\n<meta property=\"og:title\" content=\"Sites de hookups locais gratuitos - Online Adult Dating\" \/>\n<meta property=\"og:description\" content=\"H\u00e1 muitos sites de encontros locais que podem ajud\u00e1-lo a encontrar algu\u00e9m com quem se encontrar. Tudo o que precisa fazer \u00e9 criar um perfil e come\u00e7ar a procurar algu\u00e9m que cumpra os seus crit\u00e9rios. Ficar com algu\u00e9m pode ser uma \u00f3tima maneira de se divertir e experimentar coisas novas, mas \u00e9 importante ser seguro...Read more\" \/>\n<meta property=\"og:url\" content=\"https:\/\/theyoungmessiah.com\/pt-pt\/sites-de-hookups-locais-gratuitos\/\" \/>\n<meta property=\"og:site_name\" content=\"Online Adult Dating\" \/>\n<meta name=\"twitter:card\" content=\"summary_large_image\" \/>\n<meta name=\"twitter:label1\" content=\"Tempo estimado de leitura\" \/>\n\t<meta name=\"twitter:data1\" content=\"4 minutos\" \/>\n<script type=\"application\/ld+json\" class=\"yoast-schema-graph\">{\"@context\":\"https:\/\/schema.org\",\"@graph\":[{\"@type\":\"WebSite\",\"@id\":\"https:\/\/theyoungmessiah.com\/pt-pt\/#website\",\"url\":\"https:\/\/theyoungmessiah.com\/pt-pt\/\",\"name\":\"Online Adult Dating\",\"description\":\"Local Sex Hookups\",\"potentialAction\":[{\"@type\":\"SearchAction\",\"target\":{\"@type\":\"EntryPoint\",\"urlTemplate\":\"https:\/\/theyoungmessiah.com\/pt-pt\/?s={search_term_string}\"},\"query-input\":\"required name=search_term_string\"}],\"inLanguage\":\"pt-PT\"},{\"@type\":\"WebPage\",\"@id\":\"https:\/\/theyoungmessiah.com\/pt-pt\/sites-de-hookups-locais-gratuitos\/#webpage\",\"url\":\"https:\/\/theyoungmessiah.com\/pt-pt\/sites-de-hookups-locais-gratuitos\/\",\"name\":\"Sites de hookups locais gratuitos - Online Adult Dating\",\"isPartOf\":{\"@id\":\"https:\/\/theyoungmessiah.com\/pt-pt\/#website\"},\"datePublished\":\"2022-10-12T12:52:14+00:00\",\"dateModified\":\"2022-10-12T12:52:14+00:00\",\"breadcrumb\":{\"@id\":\"https:\/\/theyoungmessiah.com\/pt-pt\/sites-de-hookups-locais-gratuitos\/#breadcrumb\"},\"inLanguage\":\"pt-PT\",\"potentialAction\":[{\"@type\":\"ReadAction\",\"target\":[\"https:\/\/theyoungmessiah.com\/pt-pt\/sites-de-hookups-locais-gratuitos\/\"]}]},{\"@type\":\"BreadcrumbList\",\"@id\":\"https:\/\/theyoungmessiah.com\/pt-pt\/sites-de-hookups-locais-gratuitos\/#breadcrumb\",\"itemListElement\":[{\"@type\":\"ListItem\",\"position\":1,\"name\":\"Home\",\"item\":\"http:\/\/theyoungmessiah.com\/pt-pt\/\"},{\"@type\":\"ListItem\",\"position\":2,\"name\":\"Sites de hookups locais gratuitos\"}]}]}<\/script>\n<!-- \/ Yoast SEO plugin. -->","yoast_head_json":{"title":"Sites de hookups locais gratuitos - Online Adult Dating","robots":{"index":"index","follow":"follow","max-snippet":"max-snippet:-1","max-image-preview":"max-image-preview:large","max-video-preview":"max-video-preview:-1"},"canonical":"https:\/\/theyoungmessiah.com\/pt-pt\/sites-de-hookups-locais-gratuitos\/","og_locale":"pt_PT","og_type":"article","og_title":"Sites de hookups locais gratuitos - Online Adult Dating","og_description":"H\u00e1 muitos sites de encontros locais que podem ajud\u00e1-lo a encontrar algu\u00e9m com quem se encontrar. Tudo o que precisa fazer \u00e9 criar um perfil e come\u00e7ar a procurar algu\u00e9m que cumpra os seus crit\u00e9rios. Ficar com algu\u00e9m pode ser uma \u00f3tima maneira de se divertir e experimentar coisas novas, mas \u00e9 importante ser seguro...Read more","og_url":"https:\/\/theyoungmessiah.com\/pt-pt\/sites-de-hookups-locais-gratuitos\/","og_site_name":"Online Adult Dating","twitter_card":"summary_large_image","twitter_misc":{"Tempo estimado de leitura":"4 minutos"},"schema":{"@context":"https:\/\/schema.org","@graph":[{"@type":"WebSite","@id":"https:\/\/theyoungmessiah.com\/pt-pt\/#website","url":"https:\/\/theyoungmessiah.com\/pt-pt\/","name":"Online Adult Dating","description":"Local Sex Hookups","potentialAction":[{"@type":"SearchAction","target":{"@type":"EntryPoint","urlTemplate":"https:\/\/theyoungmessiah.com\/pt-pt\/?s={search_term_string}"},"query-input":"required name=search_term_string"}],"inLanguage":"pt-PT"},{"@type":"WebPage","@id":"https:\/\/theyoungmessiah.com\/pt-pt\/sites-de-hookups-locais-gratuitos\/#webpage","url":"https:\/\/theyoungmessiah.com\/pt-pt\/sites-de-hookups-locais-gratuitos\/","name":"Sites de hookups locais gratuitos - Online Adult Dating","isPartOf":{"@id":"https:\/\/theyoungmessiah.com\/pt-pt\/#website"},"datePublished":"2022-10-12T12:52:14+00:00","dateModified":"2022-10-12T12:52:14+00:00","breadcrumb":{"@id":"https:\/\/theyoungmessiah.com\/pt-pt\/sites-de-hookups-locais-gratuitos\/#breadcrumb"},"inLanguage":"pt-PT","potentialAction":[{"@type":"ReadAction","target":["https:\/\/theyoungmessiah.com\/pt-pt\/sites-de-hookups-locais-gratuitos\/"]}]},{"@type":"BreadcrumbList","@id":"https:\/\/theyoungmessiah.com\/pt-pt\/sites-de-hookups-locais-gratuitos\/#breadcrumb","itemListElement":[{"@type":"ListItem","position":1,"name":"Home","item":"http:\/\/theyoungmessiah.com\/pt-pt\/"},{"@type":"ListItem","position":2,"name":"Sites de hookups locais gratuitos"}]}]}},"_links":{"self":[{"href":"https:\/\/theyoungmessiah.com\/pt-pt\/wp-json\/wp\/v2\/pages\/233"}],"collection":[{"href":"https:\/\/theyoungmessiah.com\/pt-pt\/wp-json\/wp\/v2\/pages"}],"about":[{"href":"https:\/\/theyoungmessiah.com\/pt-pt\/wp-json\/wp\/v2\/types\/page"}],"author":[{"embeddable":true,"href":"https:\/\/theyoungmessiah.com\/pt-pt\/wp-json\/wp\/v2\/users\/1"}],"replies":[{"embeddable":true,"href":"https:\/\/theyoungmessiah.com\/pt-pt\/wp-json\/wp\/v2\/comments?post=233"}],"version-history":[{"count":0,"href":"https:\/\/theyoungmessiah.com\/pt-pt\/wp-json\/wp\/v2\/pages\/233\/revisions"}],"wp:attachment":[{"href":"https:\/\/theyoungmessiah.com\/pt-pt\/wp-json\/wp\/v2\/media?parent=233"}],"curies":[{"name":"wp","href":"https:\/\/api.w.org\/{rel}","templated":true}]}}