{"id":234,"date":"2022-10-12T13:52:31","date_gmt":"2022-10-12T12:52:31","guid":{"rendered":"http:\/\/theyoungmessiah.com\/aplicativos-de-namoro-senior\/"},"modified":"2022-10-12T13:52:31","modified_gmt":"2022-10-12T12:52:31","slug":"aplicativos-de-namoro-senior","status":"publish","type":"page","link":"https:\/\/theyoungmessiah.com\/pt-pt\/aplicativos-de-namoro-senior\/","title":{"rendered":"Aplicativos de namoro s\u00e9nior"},"content":{"rendered":"<p>Existem algumas aplica\u00e7\u00f5es de namoro s\u00e9nior diferentes, mas a mais popular \u00e9 o Tinder. O Tinder \u00e9 uma <a href=\"http:\/\/theyoungmessiah.com\/free-local-hookups-sites\/\">aplica\u00e7\u00e3o de encontros<\/a> que permite aos utilizadores passar para a esquerda ou para a direita em potenciais partidas. Se dois utilizadores se desviarem um do outro, s\u00e3o compat\u00edveis e podem conversar. O Tinder \u00e9 mais comumente usado para namorar, mas tamb\u00e9m pode ser usado para namorar.<\/p>\n<h2>Sites de encontros para maiores de 40 anos<\/h2>\n<p>H\u00e1 muitos sites de encontros para mais de 40 anos l\u00e1 fora, por isso pode ser esmagador tentar decidir qual \u00e9 o certo para si. Um bom lugar para come\u00e7ar \u00e9 pensar no que procura num parceiro. Quer algu\u00e9m engra\u00e7ado e f\u00e1cil? Algu\u00e9m s\u00e9rio e motivado? Assim que souberes o que procuras, podes come\u00e7ar a reduzir as tuas op\u00e7\u00f5es.<\/p>\n<p>Outra coisa a considerar \u00e9 que tipo de namoro est\u00e1 interessado. Est\u00e1 \u00e0 procura de algo casual, ou est\u00e1 interessado em algo mais s\u00e9rio? Existem sites de encontros para ambos os tipos de relacionamentos, por isso tens de decidir qual \u00e9 o certo para ti.<\/p>\n<p>Se tiver mais de 40 anos e for solteiro, n\u00e3o h\u00e1 raz\u00e3o para desesperar. H\u00e1 muitos sites de encontros por a\u00ed que podem ajud\u00e1-lo a encontrar o parceiro perfeito. Leva o teu tempo, faz a tua pesquisa, e vais encontrar o que \u00e9 certo para ti.<\/p>\n<h2>Sites de namoro s\u00e9nior gratuitos<\/h2>\n<p>Existem muitos sites de encontros seniores gratuitos dispon\u00edveis online, mas nem todos valem o seu tempo. Os melhores sites de encontros seniores gratuitos s\u00e3o aqueles que lhe d\u00e3o a oportunidade de conhecer novas pessoas, construir relacionamentos, e talvez at\u00e9 encontrar o amor. Para encontrar os melhores sites de encontros seniores gratuitos, voc\u00ea vai querer ter certeza que eles t\u00eam uma grande base de utilizadores, oferecem muitas funcionalidades, e tem uma reputa\u00e7\u00e3o positiva. Com tantos sites de encontros seniores gratuitos para escolher, \u00e9 importante encontrar o que \u00e9 certo para si.<\/p>\n<p>H\u00e1 muitas raz\u00f5es pelas quais as pessoas podem escolher namorar mais tarde na vida. Talvez sejam mais maduros e tenham uma ideia melhor do que procuram numa rela\u00e7\u00e3o. Talvez tenham passado por um div\u00f3rcio ou tenham tido outra experi\u00eancia de vida que os tenha tornado mais cautelosos em envolver-se com algu\u00e9m. Seja qual for a raz\u00e3o, h\u00e1 muitos solteiros maduros por a\u00ed que est\u00e3o usando sites de namoro on-line para encontrar amor e companheirismo.<\/p>\n<p>Se voc\u00ea est\u00e1 pensando em experimentar encontros on-line, \u00e9 importante escolher um site que esteja orientado para solteiros maduros. Voc\u00ea vai querer procurar um site que tenha uma grande e ativa base de membros, bem como um conjunto robusto de funcionalidades e medidas de seguran\u00e7a. E, claro, voc\u00ea vai querer ter certeza de que o site que voc\u00ea escolhe \u00e9 um que voc\u00ea se sente confort\u00e1vel usando.<\/p>\n<p>Com um pouco de pesquisa, voc\u00ea deve ser capaz de encontrar um site de encontros on-line que \u00e9 perfeito para voc\u00ea. E, quem sabe, podes encontrar o amor da tua vida.<\/p>\n<h3>LuckyCrush<\/h3>\n<p>Se procura uma aplica\u00e7\u00e3o de encontros s\u00e9nior baseada em Sorte, luckyCrush \u00e9 uma \u00f3tima op\u00e7\u00e3o. \u00c9 uma aplica\u00e7\u00e3o gratuita que combina com outros utilizadores com base na sua localiza\u00e7\u00e3o, e pode conversar com eles se ambos estiverem interessados. A aplica\u00e7\u00e3o tamb\u00e9m tem uma classifica\u00e7\u00e3o de 4 estrelas na App Store, por isso vale definitivamente a pena verificar.<\/p>\n<h3>OneNightFriend<\/h3>\n<p>Se procura uma aplica\u00e7\u00e3o de encontros s\u00e9nior, o OneNightFriend \u00e9 uma \u00f3tima op\u00e7\u00e3o. \u00c9 f\u00e1cil de usar e tem muitas funcionalidades que fazem dele uma \u00f3tima escolha para idosos. A aplica\u00e7\u00e3o \u00e9 gratuita para descarregar e usar, estando dispon\u00edvel tanto em dispositivos iOS como Android. OneNightFriend \u00e9 uma \u00f3tima maneira de conhecer novas pessoas e encontrar potenciais f\u00f3sforos. A aplica\u00e7\u00e3o \u00e9 f\u00e1cil de usar e tem muitas funcionalidades que a tornam uma \u00f3tima escolha para idosos. OneNightFriend \u00e9 uma \u00f3tima maneira de conhecer novas pessoas e encontrar potenciais f\u00f3sforos.<\/p>\n<h3>XPickup<\/h3>\n<p>XPickup \u00e9 uma nova aplica\u00e7\u00e3o de encontros que \u00e9 especificamente projetada para idosos. Est\u00e1 dispon\u00edvel gratuitamente na App Store e google Play. A aplica\u00e7\u00e3o tem uma interface simples e f\u00e1cil de utilizar. Os utilizadores podem criar um perfil e adicionar fotografias. Podem ent\u00e3o procurar outros idosos que estejam \u00e0 procura de um encontro. O XPickup tamb\u00e9m oferece uma funcionalidade de chat, para que os utilizadores possam comunicar entre si. A aplica\u00e7\u00e3o \u00e9 segura e segura, e \u00e9 f\u00e1cil de usar. No geral, o XPickup \u00e9 um \u00f3timo aplicativo de encontros para idosos.<\/p>\n<h3>BoneAMilf<\/h3>\n<p>Se procura uma aplica\u00e7\u00e3o de encontros especificamente concebida para idosos, ent\u00e3o deve definitivamente consultar o BoneAMilf. Esta aplica\u00e7\u00e3o est\u00e1 repleta de funcionalidades que facilitam a procura e a liga\u00e7\u00e3o com potenciais jogos, e tamb\u00e9m tem uma excelente interface de utilizador.<\/p>\n<p>Uma das melhores coisas sobre o BoneAMilf \u00e9 que oferece uma ampla gama de op\u00e7\u00f5es de pesquisa, para que voc\u00ea possa facilmente encontrar pessoas que satisfa\u00e7am seus crit\u00e9rios espec\u00edficos. Tamb\u00e9m pode usar a aplica\u00e7\u00e3o para visualizar perfis de outros utilizadores e ver quem est\u00e1 atualmente online.<\/p>\n<p>A aplica\u00e7\u00e3o tamb\u00e9m tem um sistema de mensagens incorporado, para que possa conversar facilmente com potenciais f\u00f3sforos. No geral, o BoneAMilf \u00e9 uma \u00f3tima op\u00e7\u00e3o para idosos que est\u00e3o \u00e0 procura de uma aplica\u00e7\u00e3o de encontros que seja f\u00e1cil de usar e repleta de funcionalidades.<\/p>\n","protected":false},"excerpt":{"rendered":"<p>Existem algumas aplica\u00e7\u00f5es de namoro s\u00e9nior diferentes, mas a mais popular \u00e9 o Tinder. O Tinder \u00e9 uma aplica\u00e7\u00e3o de encontros que permite aos utilizadores passar para a esquerda ou para a direita em potenciais partidas. Se dois utilizadores se desviarem um do outro, s\u00e3o compat\u00edveis e podem conversar. O Tinder \u00e9 mais comumente usado&#8230;<a class=\"read-more-link button\" href=\"https:\/\/theyoungmessiah.com\/pt-pt\/aplicativos-de-namoro-senior\/\">Read more<\/a><\/p>\n","protected":false},"author":1,"featured_media":0,"parent":0,"menu_order":0,"comment_status":"closed","ping_status":"closed","template":"","meta":[],"yoast_head":"<!-- This site is optimized with the Yoast SEO plugin v17.7.1 - https:\/\/yoast.com\/wordpress\/plugins\/seo\/ -->\n<title>Aplicativos de namoro s\u00e9nior - Online Adult Dating<\/title>\n<meta name=\"robots\" content=\"index, follow, max-snippet:-1, max-image-preview:large, max-video-preview:-1\" \/>\n<link rel=\"canonical\" href=\"https:\/\/theyoungmessiah.com\/pt-pt\/aplicativos-de-namoro-senior\/\" \/>\n<meta property=\"og:locale\" content=\"pt_PT\" \/>\n<meta property=\"og:type\" content=\"article\" \/>\n<meta property=\"og:title\" content=\"Aplicativos de namoro s\u00e9nior - Online Adult Dating\" \/>\n<meta property=\"og:description\" content=\"Existem algumas aplica\u00e7\u00f5es de namoro s\u00e9nior diferentes, mas a mais popular \u00e9 o Tinder. O Tinder \u00e9 uma aplica\u00e7\u00e3o de encontros que permite aos utilizadores passar para a esquerda ou para a direita em potenciais partidas. Se dois utilizadores se desviarem um do outro, s\u00e3o compat\u00edveis e podem conversar. O Tinder \u00e9 mais comumente usado...Read more\" \/>\n<meta property=\"og:url\" content=\"https:\/\/theyoungmessiah.com\/pt-pt\/aplicativos-de-namoro-senior\/\" \/>\n<meta property=\"og:site_name\" content=\"Online Adult Dating\" \/>\n<meta name=\"twitter:card\" content=\"summary_large_image\" \/>\n<meta name=\"twitter:label1\" content=\"Tempo estimado de leitura\" \/>\n\t<meta name=\"twitter:data1\" content=\"5 minutos\" \/>\n<script type=\"application\/ld+json\" class=\"yoast-schema-graph\">{\"@context\":\"https:\/\/schema.org\",\"@graph\":[{\"@type\":\"WebSite\",\"@id\":\"https:\/\/theyoungmessiah.com\/pt-pt\/#website\",\"url\":\"https:\/\/theyoungmessiah.com\/pt-pt\/\",\"name\":\"Online Adult Dating\",\"description\":\"Local Sex Hookups\",\"potentialAction\":[{\"@type\":\"SearchAction\",\"target\":{\"@type\":\"EntryPoint\",\"urlTemplate\":\"https:\/\/theyoungmessiah.com\/pt-pt\/?s={search_term_string}\"},\"query-input\":\"required name=search_term_string\"}],\"inLanguage\":\"pt-PT\"},{\"@type\":\"WebPage\",\"@id\":\"https:\/\/theyoungmessiah.com\/pt-pt\/aplicativos-de-namoro-senior\/#webpage\",\"url\":\"https:\/\/theyoungmessiah.com\/pt-pt\/aplicativos-de-namoro-senior\/\",\"name\":\"Aplicativos de namoro s\\u00e9nior - Online Adult Dating\",\"isPartOf\":{\"@id\":\"https:\/\/theyoungmessiah.com\/pt-pt\/#website\"},\"datePublished\":\"2022-10-12T12:52:31+00:00\",\"dateModified\":\"2022-10-12T12:52:31+00:00\",\"breadcrumb\":{\"@id\":\"https:\/\/theyoungmessiah.com\/pt-pt\/aplicativos-de-namoro-senior\/#breadcrumb\"},\"inLanguage\":\"pt-PT\",\"potentialAction\":[{\"@type\":\"ReadAction\",\"target\":[\"https:\/\/theyoungmessiah.com\/pt-pt\/aplicativos-de-namoro-senior\/\"]}]},{\"@type\":\"BreadcrumbList\",\"@id\":\"https:\/\/theyoungmessiah.com\/pt-pt\/aplicativos-de-namoro-senior\/#breadcrumb\",\"itemListElement\":[{\"@type\":\"ListItem\",\"position\":1,\"name\":\"Home\",\"item\":\"http:\/\/theyoungmessiah.com\/pt-pt\/\"},{\"@type\":\"ListItem\",\"position\":2,\"name\":\"Aplicativos de namoro s\\u00e9nior\"}]}]}<\/script>\n<!-- \/ Yoast SEO plugin. -->","yoast_head_json":{"title":"Aplicativos de namoro s\u00e9nior - Online Adult Dating","robots":{"index":"index","follow":"follow","max-snippet":"max-snippet:-1","max-image-preview":"max-image-preview:large","max-video-preview":"max-video-preview:-1"},"canonical":"https:\/\/theyoungmessiah.com\/pt-pt\/aplicativos-de-namoro-senior\/","og_locale":"pt_PT","og_type":"article","og_title":"Aplicativos de namoro s\u00e9nior - Online Adult Dating","og_description":"Existem algumas aplica\u00e7\u00f5es de namoro s\u00e9nior diferentes, mas a mais popular \u00e9 o Tinder. O Tinder \u00e9 uma aplica\u00e7\u00e3o de encontros que permite aos utilizadores passar para a esquerda ou para a direita em potenciais partidas. Se dois utilizadores se desviarem um do outro, s\u00e3o compat\u00edveis e podem conversar. O Tinder \u00e9 mais comumente usado...Read more","og_url":"https:\/\/theyoungmessiah.com\/pt-pt\/aplicativos-de-namoro-senior\/","og_site_name":"Online Adult Dating","twitter_card":"summary_large_image","twitter_misc":{"Tempo estimado de leitura":"5 minutos"},"schema":{"@context":"https:\/\/schema.org","@graph":[{"@type":"WebSite","@id":"https:\/\/theyoungmessiah.com\/pt-pt\/#website","url":"https:\/\/theyoungmessiah.com\/pt-pt\/","name":"Online Adult Dating","description":"Local Sex Hookups","potentialAction":[{"@type":"SearchAction","target":{"@type":"EntryPoint","urlTemplate":"https:\/\/theyoungmessiah.com\/pt-pt\/?s={search_term_string}"},"query-input":"required name=search_term_string"}],"inLanguage":"pt-PT"},{"@type":"WebPage","@id":"https:\/\/theyoungmessiah.com\/pt-pt\/aplicativos-de-namoro-senior\/#webpage","url":"https:\/\/theyoungmessiah.com\/pt-pt\/aplicativos-de-namoro-senior\/","name":"Aplicativos de namoro s\u00e9nior - Online Adult Dating","isPartOf":{"@id":"https:\/\/theyoungmessiah.com\/pt-pt\/#website"},"datePublished":"2022-10-12T12:52:31+00:00","dateModified":"2022-10-12T12:52:31+00:00","breadcrumb":{"@id":"https:\/\/theyoungmessiah.com\/pt-pt\/aplicativos-de-namoro-senior\/#breadcrumb"},"inLanguage":"pt-PT","potentialAction":[{"@type":"ReadAction","target":["https:\/\/theyoungmessiah.com\/pt-pt\/aplicativos-de-namoro-senior\/"]}]},{"@type":"BreadcrumbList","@id":"https:\/\/theyoungmessiah.com\/pt-pt\/aplicativos-de-namoro-senior\/#breadcrumb","itemListElement":[{"@type":"ListItem","position":1,"name":"Home","item":"http:\/\/theyoungmessiah.com\/pt-pt\/"},{"@type":"ListItem","position":2,"name":"Aplicativos de namoro s\u00e9nior"}]}]}},"_links":{"self":[{"href":"https:\/\/theyoungmessiah.com\/pt-pt\/wp-json\/wp\/v2\/pages\/234"}],"collection":[{"href":"https:\/\/theyoungmessiah.com\/pt-pt\/wp-json\/wp\/v2\/pages"}],"about":[{"href":"https:\/\/theyoungmessiah.com\/pt-pt\/wp-json\/wp\/v2\/types\/page"}],"author":[{"embeddable":true,"href":"https:\/\/theyoungmessiah.com\/pt-pt\/wp-json\/wp\/v2\/users\/1"}],"replies":[{"embeddable":true,"href":"https:\/\/theyoungmessiah.com\/pt-pt\/wp-json\/wp\/v2\/comments?post=234"}],"version-history":[{"count":0,"href":"https:\/\/theyoungmessiah.com\/pt-pt\/wp-json\/wp\/v2\/pages\/234\/revisions"}],"wp:attachment":[{"href":"https:\/\/theyoungmessiah.com\/pt-pt\/wp-json\/wp\/v2\/media?parent=234"}],"curies":[{"name":"wp","href":"https:\/\/api.w.org\/{rel}","templated":true}]}}