{"id":252,"date":"2022-10-12T13:51:02","date_gmt":"2022-10-12T12:51:02","guid":{"rendered":"http:\/\/theyoungmessiah.com\/mulheres-locais-procurando-por-sexo\/"},"modified":"2022-10-12T13:51:02","modified_gmt":"2022-10-12T12:51:02","slug":"mulheres-locais-procurando-por-sexo","status":"publish","type":"page","link":"https:\/\/theyoungmessiah.com\/pt-pt\/mulheres-locais-procurando-por-sexo\/","title":{"rendered":"Mulheres locais procurando por sexo"},"content":{"rendered":"<p>As mulheres locais que procuram sexo est\u00e3o muitas vezes dispostas a encontrar-se com homens que conhecem online. Existem v\u00e1rios sites e aplica\u00e7\u00f5es que atendem a esta demografia, facilitando a liga\u00e7\u00e3o com potenciais parceiros. Em muitos casos, estas mulheres est\u00e3o simplesmente \u00e0 procura de uma liga\u00e7\u00e3o f\u00edsica e n\u00e3o est\u00e3o mais interessadas em nada mais. No entanto, h\u00e1 tamb\u00e9m algumas mulheres que procuram uma rela\u00e7\u00e3o mais s\u00e9ria. Estas mulheres podem ser mais dif\u00edceis de encontrar, mas est\u00e3o l\u00e1 fora. A melhor maneira de encontr\u00e1-los \u00e9 usar um site de encontros ou app que lhe permita procurar por mulheres que procuram <a href=\"http:\/\/theyoungmessiah.com\/date-in-your-area\/\">algo mais do que apenas um encontro<\/a>.<\/p>\n<h2>Mulheres que querem foder<\/h2>\n<p>N\u00e3o h\u00e1 nada de errado em querer foder, e h\u00e1 muitas mulheres l\u00e1 fora que sentem o mesmo. A chave \u00e9 encontrar algu\u00e9m que partilhe os seus desejos e com quem \u00e9 compat\u00edvel.<\/p>\n<p>H\u00e1 algumas coisas a ter em mente quando se procura um amigo fodido.<\/p>\n<ul>\n<li>Primeiro, certifique-se de estar em sintonia sobre o que procura. N\u00e3o vale a pena envolveres-te com algu\u00e9m se n\u00e3o est\u00e1s de acordo com o que est\u00e1s a fazer.<\/li>\n<li>Segundo, certifiquem-se de que est\u00e3o confort\u00e1veis um com o outro. Se n\u00e3o se sentem \u00e0 vontade um com o outro, n\u00e3o vai ser uma boa altura.<\/li>\n<li>Terceiro, a comunica\u00e7\u00e3o \u00e9 fundamental. Certifiquem-se de que est\u00e3o a comunicar o que querem e precisam da rela\u00e7\u00e3o. Se n\u00e3o estiveres na mesma p\u00e1gina, n\u00e3o vai resultar.<\/li>\n<li>Finalmente, n\u00e3o tenha medo de experimentar. Se n\u00e3o tem certeza do que quer, tente coisas diferentes e veja o que funciona para si. N\u00e3o h\u00e1 uma maneira certa de fazer as coisas, por isso n\u00e3o tenhas medo de explorar.<\/li>\n<\/ul>\n<p>H\u00e1 muitas maneiras de conhecer mulheres excitadas perto de ti, mas a maneira mais popular \u00e9 definitivamente namorar online. Isto porque o namoro online d\u00e1-lhe muito mais op\u00e7\u00f5es e muito mais flexibilidade quando se trata de escolher com quem quer conhecer. Tamb\u00e9m podes usar encontros online para encontrar mulheres que procuram o mesmo que tu, o que \u00e9 muito mais f\u00e1cil do que tentar apanh\u00e1-las pessoalmente.<\/p>\n<h2>Conhe\u00e7a as mulheres locais para o sexo<\/h2>\n<p>H\u00e1 muitos sites que permitem conhecer mulheres locais para sexo. Voc\u00ea pode usar estes sites para encontrar mulheres que procuram sexo na sua \u00e1rea. Voc\u00ea tamb\u00e9m pode usar estes sites para encontrar mulheres que est\u00e3o procurando uma rela\u00e7\u00e3o. Voc\u00ea pode usar estes sites para encontrar mulheres que est\u00e3o procurando um caso de uma noite. Voc\u00ea pode usar estes sites para encontrar mulheres que est\u00e3o procurando um encontro casual.<\/p>\n<h3>Zoosk<\/h3>\n<p>Zoosk \u00e9 uma aplica\u00e7\u00e3o de encontros que permite conectar-se com mulheres locais que procuram sexo. A aplica\u00e7\u00e3o \u00e9 f\u00e1cil de usar e tem uma variedade de funcionalidades que a tornam uma \u00f3tima op\u00e7\u00e3o para quem procura uma liga\u00e7\u00e3o casual ou uma rela\u00e7\u00e3o mais s\u00e9ria. A aplica\u00e7\u00e3o tamb\u00e9m tem uma grande base de utilizadores, o que significa que \u00e9 mais prov\u00e1vel encontrar algu\u00e9m que seja uma boa combina\u00e7\u00e3o para si.<\/p>\n<h3>Milfaholic<\/h3>\n<p>Existem muitas aplica\u00e7\u00f5es de namoro por a\u00ed, mas Milfaholic \u00e9 uma das \u00fanicas especificamente concebidas para mulheres mais velhas e homens mais jovens. Esta aplica\u00e7\u00e3o \u00e9 perfeita para quem procura uma rela\u00e7\u00e3o sem compromissos com uma mulher mais velha e sexy. O processo de inscri\u00e7\u00e3o \u00e9 r\u00e1pido e f\u00e1cil, e pode come\u00e7ar a enviar mensagens \u00e0s mulheres imediatamente. As mulheres de Milfaholic s\u00e3o todas locais, por isso podes ter a certeza de encontrar algu\u00e9m na tua \u00e1rea. E se procura algo um pouco mais a longo prazo, tamb\u00e9m pode usar Milfaholic para encontrar mulheres mais velhas que estejam interessadas em namorar homens mais novos.<\/p>\n<h3>Flingster<\/h3>\n<p>Se est\u00e1s \u00e0 procura de um caso ou de um encontro, o Flingster \u00e9 definitivamente a aplica\u00e7\u00e3o de encontros para ti. A aplica\u00e7\u00e3o \u00e9 incrivelmente f\u00e1cil de usar e \u00e9 livre de se inscrever. Pode navegar pelos perfis locais e enviar uma mensagem a qualquer pessoa que esteja interessada. A aplica\u00e7\u00e3o tamb\u00e9m \u00e9 muito popular entre as mulheres locais que procuram sexo. A fun\u00e7\u00e3o de pesquisa \u00e9 muito f\u00e1cil de utilizar e pode filtrar por localiza\u00e7\u00e3o, idade e interesses. No geral, Flingster \u00e9 uma \u00f3tima op\u00e7\u00e3o para quem procura um encontro casual ou um caso.<\/p>\n<h3>ComeWithYou<\/h3>\n<p>ComeWithYou \u00e9 uma nova aplica\u00e7\u00e3o de encontros que est\u00e1 a ficar cheia de burburinho. A aplica\u00e7\u00e3o foi concebida para ajudar as mulheres a encontrar homens locais para sexo casual. A aplica\u00e7\u00e3o \u00e9 muito f\u00e1cil de usar e leva apenas alguns segundos para se inscrever. A aplica\u00e7\u00e3o \u00e9 gratuita e est\u00e1 dispon\u00edvel tanto para iOS como Android. ComeWithYou \u00e9 uma \u00f3tima op\u00e7\u00e3o para mulheres que procuram sexo casual. A aplica\u00e7\u00e3o \u00e9 muito f\u00e1cil de usar e \u00e9 gratuita para descarregar. A aplica\u00e7\u00e3o tamb\u00e9m est\u00e1 dispon\u00edvel para iOS e Android.<\/p>\n","protected":false},"excerpt":{"rendered":"<p>As mulheres locais que procuram sexo est\u00e3o muitas vezes dispostas a encontrar-se com homens que conhecem online. Existem v\u00e1rios sites e aplica\u00e7\u00f5es que atendem a esta demografia, facilitando a liga\u00e7\u00e3o com potenciais parceiros. Em muitos casos, estas mulheres est\u00e3o simplesmente \u00e0 procura de uma liga\u00e7\u00e3o f\u00edsica e n\u00e3o est\u00e3o mais interessadas em nada mais. No&#8230;<a class=\"read-more-link button\" href=\"https:\/\/theyoungmessiah.com\/pt-pt\/mulheres-locais-procurando-por-sexo\/\">Read more<\/a><\/p>\n","protected":false},"author":1,"featured_media":0,"parent":0,"menu_order":0,"comment_status":"closed","ping_status":"closed","template":"","meta":[],"yoast_head":"<!-- This site is optimized with the Yoast SEO plugin v17.7.1 - https:\/\/yoast.com\/wordpress\/plugins\/seo\/ -->\n<title>Mulheres locais procurando por sexo - Online Adult Dating<\/title>\n<meta name=\"robots\" content=\"index, follow, max-snippet:-1, max-image-preview:large, max-video-preview:-1\" \/>\n<link rel=\"canonical\" href=\"https:\/\/theyoungmessiah.com\/pt-pt\/mulheres-locais-procurando-por-sexo\/\" \/>\n<meta property=\"og:locale\" content=\"pt_PT\" \/>\n<meta property=\"og:type\" content=\"article\" \/>\n<meta property=\"og:title\" content=\"Mulheres locais procurando por sexo - Online Adult Dating\" \/>\n<meta property=\"og:description\" content=\"As mulheres locais que procuram sexo est\u00e3o muitas vezes dispostas a encontrar-se com homens que conhecem online. Existem v\u00e1rios sites e aplica\u00e7\u00f5es que atendem a esta demografia, facilitando a liga\u00e7\u00e3o com potenciais parceiros. Em muitos casos, estas mulheres est\u00e3o simplesmente \u00e0 procura de uma liga\u00e7\u00e3o f\u00edsica e n\u00e3o est\u00e3o mais interessadas em nada mais. No...Read more\" \/>\n<meta property=\"og:url\" content=\"https:\/\/theyoungmessiah.com\/pt-pt\/mulheres-locais-procurando-por-sexo\/\" \/>\n<meta property=\"og:site_name\" content=\"Online Adult Dating\" \/>\n<meta name=\"twitter:card\" content=\"summary_large_image\" \/>\n<meta name=\"twitter:label1\" content=\"Tempo estimado de leitura\" \/>\n\t<meta name=\"twitter:data1\" content=\"4 minutos\" \/>\n<script type=\"application\/ld+json\" class=\"yoast-schema-graph\">{\"@context\":\"https:\/\/schema.org\",\"@graph\":[{\"@type\":\"WebSite\",\"@id\":\"https:\/\/theyoungmessiah.com\/pt-pt\/#website\",\"url\":\"https:\/\/theyoungmessiah.com\/pt-pt\/\",\"name\":\"Online Adult Dating\",\"description\":\"Local Sex Hookups\",\"potentialAction\":[{\"@type\":\"SearchAction\",\"target\":{\"@type\":\"EntryPoint\",\"urlTemplate\":\"https:\/\/theyoungmessiah.com\/pt-pt\/?s={search_term_string}\"},\"query-input\":\"required name=search_term_string\"}],\"inLanguage\":\"pt-PT\"},{\"@type\":\"WebPage\",\"@id\":\"https:\/\/theyoungmessiah.com\/pt-pt\/mulheres-locais-procurando-por-sexo\/#webpage\",\"url\":\"https:\/\/theyoungmessiah.com\/pt-pt\/mulheres-locais-procurando-por-sexo\/\",\"name\":\"Mulheres locais procurando por sexo - Online Adult Dating\",\"isPartOf\":{\"@id\":\"https:\/\/theyoungmessiah.com\/pt-pt\/#website\"},\"datePublished\":\"2022-10-12T12:51:02+00:00\",\"dateModified\":\"2022-10-12T12:51:02+00:00\",\"breadcrumb\":{\"@id\":\"https:\/\/theyoungmessiah.com\/pt-pt\/mulheres-locais-procurando-por-sexo\/#breadcrumb\"},\"inLanguage\":\"pt-PT\",\"potentialAction\":[{\"@type\":\"ReadAction\",\"target\":[\"https:\/\/theyoungmessiah.com\/pt-pt\/mulheres-locais-procurando-por-sexo\/\"]}]},{\"@type\":\"BreadcrumbList\",\"@id\":\"https:\/\/theyoungmessiah.com\/pt-pt\/mulheres-locais-procurando-por-sexo\/#breadcrumb\",\"itemListElement\":[{\"@type\":\"ListItem\",\"position\":1,\"name\":\"Home\",\"item\":\"https:\/\/theyoungmessiah.com\/pt-pt\/\"},{\"@type\":\"ListItem\",\"position\":2,\"name\":\"Mulheres locais procurando por sexo\"}]}]}<\/script>\n<!-- \/ Yoast SEO plugin. -->","yoast_head_json":{"title":"Mulheres locais procurando por sexo - Online Adult Dating","robots":{"index":"index","follow":"follow","max-snippet":"max-snippet:-1","max-image-preview":"max-image-preview:large","max-video-preview":"max-video-preview:-1"},"canonical":"https:\/\/theyoungmessiah.com\/pt-pt\/mulheres-locais-procurando-por-sexo\/","og_locale":"pt_PT","og_type":"article","og_title":"Mulheres locais procurando por sexo - Online Adult Dating","og_description":"As mulheres locais que procuram sexo est\u00e3o muitas vezes dispostas a encontrar-se com homens que conhecem online. Existem v\u00e1rios sites e aplica\u00e7\u00f5es que atendem a esta demografia, facilitando a liga\u00e7\u00e3o com potenciais parceiros. Em muitos casos, estas mulheres est\u00e3o simplesmente \u00e0 procura de uma liga\u00e7\u00e3o f\u00edsica e n\u00e3o est\u00e3o mais interessadas em nada mais. No...Read more","og_url":"https:\/\/theyoungmessiah.com\/pt-pt\/mulheres-locais-procurando-por-sexo\/","og_site_name":"Online Adult Dating","twitter_card":"summary_large_image","twitter_misc":{"Tempo estimado de leitura":"4 minutos"},"schema":{"@context":"https:\/\/schema.org","@graph":[{"@type":"WebSite","@id":"https:\/\/theyoungmessiah.com\/pt-pt\/#website","url":"https:\/\/theyoungmessiah.com\/pt-pt\/","name":"Online Adult Dating","description":"Local Sex Hookups","potentialAction":[{"@type":"SearchAction","target":{"@type":"EntryPoint","urlTemplate":"https:\/\/theyoungmessiah.com\/pt-pt\/?s={search_term_string}"},"query-input":"required name=search_term_string"}],"inLanguage":"pt-PT"},{"@type":"WebPage","@id":"https:\/\/theyoungmessiah.com\/pt-pt\/mulheres-locais-procurando-por-sexo\/#webpage","url":"https:\/\/theyoungmessiah.com\/pt-pt\/mulheres-locais-procurando-por-sexo\/","name":"Mulheres locais procurando por sexo - Online Adult Dating","isPartOf":{"@id":"https:\/\/theyoungmessiah.com\/pt-pt\/#website"},"datePublished":"2022-10-12T12:51:02+00:00","dateModified":"2022-10-12T12:51:02+00:00","breadcrumb":{"@id":"https:\/\/theyoungmessiah.com\/pt-pt\/mulheres-locais-procurando-por-sexo\/#breadcrumb"},"inLanguage":"pt-PT","potentialAction":[{"@type":"ReadAction","target":["https:\/\/theyoungmessiah.com\/pt-pt\/mulheres-locais-procurando-por-sexo\/"]}]},{"@type":"BreadcrumbList","@id":"https:\/\/theyoungmessiah.com\/pt-pt\/mulheres-locais-procurando-por-sexo\/#breadcrumb","itemListElement":[{"@type":"ListItem","position":1,"name":"Home","item":"https:\/\/theyoungmessiah.com\/pt-pt\/"},{"@type":"ListItem","position":2,"name":"Mulheres locais procurando por sexo"}]}]}},"_links":{"self":[{"href":"https:\/\/theyoungmessiah.com\/pt-pt\/wp-json\/wp\/v2\/pages\/252"}],"collection":[{"href":"https:\/\/theyoungmessiah.com\/pt-pt\/wp-json\/wp\/v2\/pages"}],"about":[{"href":"https:\/\/theyoungmessiah.com\/pt-pt\/wp-json\/wp\/v2\/types\/page"}],"author":[{"embeddable":true,"href":"https:\/\/theyoungmessiah.com\/pt-pt\/wp-json\/wp\/v2\/users\/1"}],"replies":[{"embeddable":true,"href":"https:\/\/theyoungmessiah.com\/pt-pt\/wp-json\/wp\/v2\/comments?post=252"}],"version-history":[{"count":0,"href":"https:\/\/theyoungmessiah.com\/pt-pt\/wp-json\/wp\/v2\/pages\/252\/revisions"}],"wp:attachment":[{"href":"https:\/\/theyoungmessiah.com\/pt-pt\/wp-json\/wp\/v2\/media?parent=252"}],"curies":[{"name":"wp","href":"https:\/\/api.w.org\/{rel}","templated":true}]}}