{"id":254,"date":"2022-10-12T13:51:18","date_gmt":"2022-10-12T12:51:18","guid":{"rendered":"http:\/\/theyoungmessiah.com\/pessoas-horny-perto-de-mim\/"},"modified":"2022-10-12T13:51:18","modified_gmt":"2022-10-12T12:51:18","slug":"pessoas-horny-perto-de-mim","status":"publish","type":"page","link":"https:\/\/theyoungmessiah.com\/pt-pt\/pessoas-horny-perto-de-mim\/","title":{"rendered":"Pessoas horny perto de mim"},"content":{"rendered":"<p>H\u00e1 muita gente excitada perto de ti, se queres encontrar-te. A melhor maneira de encontr\u00e1-los \u00e9 usar uma app de encontros ou encontros como Tinder, Bumble ou Grindr. Voc\u00ea tamb\u00e9m pode tentar ir a bares ou clubes populares na sua \u00e1rea. Se est\u00e1s a lutar para encontrar algu\u00e9m, podes sempre perguntar aos teus amigos se eles conhecem algu\u00e9m que possa estar interessado.<\/p>\n<p><a href=\"http:\/\/theyoungmessiah.com\/local-women-looking-for-sex\/\">Mulheres excitas podem ser encontradas<\/a> em toda a internet, e geralmente est\u00e3o a conversar sobre tudo e mais alguma coisa. No entanto, quando se trata de namoro, h\u00e1 algumas coisas que deve ter em mente. Primeiro, as mulheres excitadas s\u00e3o muitas vezes muito avan\u00e7adas, por isso tens de estar preparado para isso. Segundo, normalmente est\u00e3o \u00e0 procura de uma liga\u00e7\u00e3o r\u00e1pida, por isso n\u00e3o esperes nada muito s\u00e9rio. Finalmente, as mulheres excitadas s\u00e3o muitas vezes bastante selvagens na cama, por isso, preparem-se para um bom momento!<\/p>\n<h2>Conhecer Meninas Horny<\/h2>\n<p>N\u00e3o h\u00e1 nada como conhecer uma rapariga boazona online e saber que ela \u00e9 t\u00e3o excitada como tu. \u00c9 uma \u00f3tima maneira de conhecer algu\u00e9m e de sair ao mesmo tempo. Apenas certifique-se de estar seguro e usar um site respeit\u00e1vel.<\/p>\n<p>H\u00e1 muitas mulheres excitadas perto de mim e em todo o pa\u00eds que est\u00e3o \u00e0 procura de um tipo como tu. Voc\u00ea pode encontr\u00e1-los on-line em qualquer n\u00famero de sites de encontros. Tudo o que precisas de fazer \u00e9 criar um perfil, colocar algumas fotos e come\u00e7ar a enviar mensagens. As mulheres nestes sites est\u00e3o geralmente abertas a se encontrar para sexo casual, ent\u00e3o voc\u00ea n\u00e3o deve ter problemas em encontrar algu\u00e9m com quem se encontrar.<\/p>\n<h3>Avenida Chat<\/h3>\n<p>Se procura uma aplica\u00e7\u00e3o de encontros que o ajude a encontrar pessoas excitadas perto de si, a Chat Avenue \u00e9 uma boa op\u00e7\u00e3o. A aplica\u00e7\u00e3o tem uma grande base de utilizadores, por isso \u00e9 prov\u00e1vel que encontre algu\u00e9m que esteja interessado em ligar-se. A aplica\u00e7\u00e3o \u00e9 gratuita para descarregar e usar, e \u00e9 f\u00e1cil inscrever-se e come\u00e7ar a conversar com as pessoas. No entanto, a aplica\u00e7\u00e3o n\u00e3o \u00e9 sem as suas falhas. Alguns utilizadores relataram que a aplica\u00e7\u00e3o \u00e9 buggy e falha com frequ\u00eancia. Al\u00e9m disso, a aplica\u00e7\u00e3o n\u00e3o tem muitas funcionalidades, por isso n\u00e3o \u00e9 t\u00e3o abrangente como algumas das outras aplica\u00e7\u00f5es de namoro por a\u00ed. No geral, a Chat Avenue \u00e9 uma op\u00e7\u00e3o decente para encontrar pessoas excitadas para se encontrarem.<\/p>\n<h3>Zoosk<\/h3>\n<p>Se voc\u00ea est\u00e1 procurando uma aplica\u00e7\u00e3o de encontros que torna f\u00e1cil se juntar com solteiros locais, ent\u00e3o Zoosk \u00e9 uma \u00f3tima escolha. Com mais de 30 milh\u00f5es de membros, \u00e9 uma das aplica\u00e7\u00f5es de namoro mais populares por aqui. E \u00e9 especialmente popular com pessoas excitadas perto de mim.<\/p>\n<p>A aplica\u00e7\u00e3o Zoosk \u00e9 gratuita para descarregar e usar, e \u00e9 muito f\u00e1cil de usar. Basta criar um perfil, fazer upload de uma foto e come\u00e7ar a procurar para solteiros locais. Pode filtrar a sua pesquisa por localiza\u00e7\u00e3o, idade e interesses, e pode enviar uma mensagem a quem chamar a aten\u00e7\u00e3o.<\/p>\n<p>A \u00fanica desvantagem para o Zoosk \u00e9 que n\u00e3o \u00e9 t\u00e3o popular como algumas das outras aplica\u00e7\u00f5es de encontros por a\u00ed, por isso podes ter mais dificuldade em encontrar f\u00f3sforos. Mas se est\u00e1s \u00e0 procura de um encontro r\u00e1pido, vale a pena tentar.<\/p>\n<h3>Fling.com<\/h3>\n<p>Fling.com \u00e9 uma aplica\u00e7\u00e3o de encontros que permite encontrar pessoas excitadas perto de si. A aplica\u00e7\u00e3o \u00e9 gratuita para descarregar e usar, e oferece uma variedade de funcionalidades para ajud\u00e1-lo a encontrar uma correspond\u00eancia. Pode pesquisar os utilizadores por localiza\u00e7\u00e3o, idade e sexo, e pode enviar-lhes uma mensagem para iniciar uma conversa. A aplica\u00e7\u00e3o tamb\u00e9m inclui uma funcionalidade de &#8220;fling finder&#8221; que permite encontrar utilizadores que estejam \u00e0 procura de um caso. no geral, a app \u00e9 uma \u00f3tima maneira de conhecer novas pessoas e fazer sexo.<\/p>\n<h3>Rio Bumble<\/h3>\n<p>Bumble \u00e9 uma aplica\u00e7\u00e3o de encontros que permite encontrar datas potenciais perto de si. \u00c9 semelhante a outras aplica\u00e7\u00f5es de namoro como Tinder e OkCupid, mas tem algumas diferen\u00e7as fundamentais. Primeiro, as mulheres controlam. Eles t\u00eam de dar o primeiro passo, e s\u00f3 podem enviar mensagens aos homens com quem se combinaram. Em segundo lugar, a aplica\u00e7\u00e3o est\u00e1 orientada para rela\u00e7\u00f5es mais s\u00e9rias. N\u00e3o \u00e9 t\u00e3o casual como o Tinder, e \u00e9 mais prov\u00e1vel que encontre algu\u00e9m \u00e0 procura de uma rela\u00e7\u00e3o a longo prazo. No geral, Bumble \u00e9 um \u00f3timo aplicativo de namoro para mulheres que querem estar no controle e para pessoas que procuram relacionamentos mais s\u00e9rios.<\/p>\n","protected":false},"excerpt":{"rendered":"<p>H\u00e1 muita gente excitada perto de ti, se queres encontrar-te. A melhor maneira de encontr\u00e1-los \u00e9 usar uma app de encontros ou encontros como Tinder, Bumble ou Grindr. Voc\u00ea tamb\u00e9m pode tentar ir a bares ou clubes populares na sua \u00e1rea. Se est\u00e1s a lutar para encontrar algu\u00e9m, podes sempre perguntar aos teus amigos se&#8230;<a class=\"read-more-link button\" href=\"https:\/\/theyoungmessiah.com\/pt-pt\/pessoas-horny-perto-de-mim\/\">Read more<\/a><\/p>\n","protected":false},"author":1,"featured_media":0,"parent":0,"menu_order":0,"comment_status":"closed","ping_status":"closed","template":"","meta":[],"yoast_head":"<!-- This site is optimized with the Yoast SEO plugin v17.7.1 - https:\/\/yoast.com\/wordpress\/plugins\/seo\/ -->\n<title>Pessoas horny perto de mim - Online Adult Dating<\/title>\n<meta name=\"robots\" content=\"index, follow, max-snippet:-1, max-image-preview:large, max-video-preview:-1\" \/>\n<link rel=\"canonical\" href=\"https:\/\/theyoungmessiah.com\/pt-pt\/pessoas-horny-perto-de-mim\/\" \/>\n<meta property=\"og:locale\" content=\"pt_PT\" \/>\n<meta property=\"og:type\" content=\"article\" \/>\n<meta property=\"og:title\" content=\"Pessoas horny perto de mim - Online Adult Dating\" \/>\n<meta property=\"og:description\" content=\"H\u00e1 muita gente excitada perto de ti, se queres encontrar-te. A melhor maneira de encontr\u00e1-los \u00e9 usar uma app de encontros ou encontros como Tinder, Bumble ou Grindr. Voc\u00ea tamb\u00e9m pode tentar ir a bares ou clubes populares na sua \u00e1rea. Se est\u00e1s a lutar para encontrar algu\u00e9m, podes sempre perguntar aos teus amigos se...Read more\" \/>\n<meta property=\"og:url\" content=\"https:\/\/theyoungmessiah.com\/pt-pt\/pessoas-horny-perto-de-mim\/\" \/>\n<meta property=\"og:site_name\" content=\"Online Adult Dating\" \/>\n<meta name=\"twitter:card\" content=\"summary_large_image\" \/>\n<meta name=\"twitter:label1\" content=\"Tempo estimado de leitura\" \/>\n\t<meta name=\"twitter:data1\" content=\"4 minutos\" \/>\n<script type=\"application\/ld+json\" class=\"yoast-schema-graph\">{\"@context\":\"https:\/\/schema.org\",\"@graph\":[{\"@type\":\"WebSite\",\"@id\":\"https:\/\/theyoungmessiah.com\/pt-pt\/#website\",\"url\":\"https:\/\/theyoungmessiah.com\/pt-pt\/\",\"name\":\"Online Adult Dating\",\"description\":\"Local Sex Hookups\",\"potentialAction\":[{\"@type\":\"SearchAction\",\"target\":{\"@type\":\"EntryPoint\",\"urlTemplate\":\"https:\/\/theyoungmessiah.com\/pt-pt\/?s={search_term_string}\"},\"query-input\":\"required name=search_term_string\"}],\"inLanguage\":\"pt-PT\"},{\"@type\":\"WebPage\",\"@id\":\"https:\/\/theyoungmessiah.com\/pt-pt\/pessoas-horny-perto-de-mim\/#webpage\",\"url\":\"https:\/\/theyoungmessiah.com\/pt-pt\/pessoas-horny-perto-de-mim\/\",\"name\":\"Pessoas horny perto de mim - Online Adult Dating\",\"isPartOf\":{\"@id\":\"https:\/\/theyoungmessiah.com\/pt-pt\/#website\"},\"datePublished\":\"2022-10-12T12:51:18+00:00\",\"dateModified\":\"2022-10-12T12:51:18+00:00\",\"breadcrumb\":{\"@id\":\"https:\/\/theyoungmessiah.com\/pt-pt\/pessoas-horny-perto-de-mim\/#breadcrumb\"},\"inLanguage\":\"pt-PT\",\"potentialAction\":[{\"@type\":\"ReadAction\",\"target\":[\"https:\/\/theyoungmessiah.com\/pt-pt\/pessoas-horny-perto-de-mim\/\"]}]},{\"@type\":\"BreadcrumbList\",\"@id\":\"https:\/\/theyoungmessiah.com\/pt-pt\/pessoas-horny-perto-de-mim\/#breadcrumb\",\"itemListElement\":[{\"@type\":\"ListItem\",\"position\":1,\"name\":\"Home\",\"item\":\"https:\/\/theyoungmessiah.com\/pt-pt\/\"},{\"@type\":\"ListItem\",\"position\":2,\"name\":\"Pessoas horny perto de mim\"}]}]}<\/script>\n<!-- \/ Yoast SEO plugin. -->","yoast_head_json":{"title":"Pessoas horny perto de mim - Online Adult Dating","robots":{"index":"index","follow":"follow","max-snippet":"max-snippet:-1","max-image-preview":"max-image-preview:large","max-video-preview":"max-video-preview:-1"},"canonical":"https:\/\/theyoungmessiah.com\/pt-pt\/pessoas-horny-perto-de-mim\/","og_locale":"pt_PT","og_type":"article","og_title":"Pessoas horny perto de mim - Online Adult Dating","og_description":"H\u00e1 muita gente excitada perto de ti, se queres encontrar-te. A melhor maneira de encontr\u00e1-los \u00e9 usar uma app de encontros ou encontros como Tinder, Bumble ou Grindr. Voc\u00ea tamb\u00e9m pode tentar ir a bares ou clubes populares na sua \u00e1rea. Se est\u00e1s a lutar para encontrar algu\u00e9m, podes sempre perguntar aos teus amigos se...Read more","og_url":"https:\/\/theyoungmessiah.com\/pt-pt\/pessoas-horny-perto-de-mim\/","og_site_name":"Online Adult Dating","twitter_card":"summary_large_image","twitter_misc":{"Tempo estimado de leitura":"4 minutos"},"schema":{"@context":"https:\/\/schema.org","@graph":[{"@type":"WebSite","@id":"https:\/\/theyoungmessiah.com\/pt-pt\/#website","url":"https:\/\/theyoungmessiah.com\/pt-pt\/","name":"Online Adult Dating","description":"Local Sex Hookups","potentialAction":[{"@type":"SearchAction","target":{"@type":"EntryPoint","urlTemplate":"https:\/\/theyoungmessiah.com\/pt-pt\/?s={search_term_string}"},"query-input":"required name=search_term_string"}],"inLanguage":"pt-PT"},{"@type":"WebPage","@id":"https:\/\/theyoungmessiah.com\/pt-pt\/pessoas-horny-perto-de-mim\/#webpage","url":"https:\/\/theyoungmessiah.com\/pt-pt\/pessoas-horny-perto-de-mim\/","name":"Pessoas horny perto de mim - Online Adult Dating","isPartOf":{"@id":"https:\/\/theyoungmessiah.com\/pt-pt\/#website"},"datePublished":"2022-10-12T12:51:18+00:00","dateModified":"2022-10-12T12:51:18+00:00","breadcrumb":{"@id":"https:\/\/theyoungmessiah.com\/pt-pt\/pessoas-horny-perto-de-mim\/#breadcrumb"},"inLanguage":"pt-PT","potentialAction":[{"@type":"ReadAction","target":["https:\/\/theyoungmessiah.com\/pt-pt\/pessoas-horny-perto-de-mim\/"]}]},{"@type":"BreadcrumbList","@id":"https:\/\/theyoungmessiah.com\/pt-pt\/pessoas-horny-perto-de-mim\/#breadcrumb","itemListElement":[{"@type":"ListItem","position":1,"name":"Home","item":"https:\/\/theyoungmessiah.com\/pt-pt\/"},{"@type":"ListItem","position":2,"name":"Pessoas horny perto de mim"}]}]}},"_links":{"self":[{"href":"https:\/\/theyoungmessiah.com\/pt-pt\/wp-json\/wp\/v2\/pages\/254"}],"collection":[{"href":"https:\/\/theyoungmessiah.com\/pt-pt\/wp-json\/wp\/v2\/pages"}],"about":[{"href":"https:\/\/theyoungmessiah.com\/pt-pt\/wp-json\/wp\/v2\/types\/page"}],"author":[{"embeddable":true,"href":"https:\/\/theyoungmessiah.com\/pt-pt\/wp-json\/wp\/v2\/users\/1"}],"replies":[{"embeddable":true,"href":"https:\/\/theyoungmessiah.com\/pt-pt\/wp-json\/wp\/v2\/comments?post=254"}],"version-history":[{"count":0,"href":"https:\/\/theyoungmessiah.com\/pt-pt\/wp-json\/wp\/v2\/pages\/254\/revisions"}],"wp:attachment":[{"href":"https:\/\/theyoungmessiah.com\/pt-pt\/wp-json\/wp\/v2\/media?parent=254"}],"curies":[{"name":"wp","href":"https:\/\/api.w.org\/{rel}","templated":true}]}}