{"id":258,"date":"2022-10-12T13:51:58","date_gmt":"2022-10-12T12:51:58","guid":{"rendered":"http:\/\/theyoungmessiah.com\/sites-de-chat-gratuitos-milf\/"},"modified":"2022-10-12T13:51:58","modified_gmt":"2022-10-12T12:51:58","slug":"sites-de-chat-gratuitos-milf","status":"publish","type":"page","link":"https:\/\/theyoungmessiah.com\/pt-pt\/sites-de-chat-gratuitos-milf\/","title":{"rendered":"Sites de chat gratuitos milf"},"content":{"rendered":"<p>Existem muitos sites de chat gratuitos que permitem conversar com mulheres maduras que procuram um caso. Estes sites s\u00e3o uma \u00f3tima maneira de se conectar com mulheres mais velhas que est\u00e3o interessadas em se juntar. Tudo o que precisa fazer \u00e9 criar um perfil e come\u00e7ar a conversar. Vai ficar surpreso com a facilidade em encontrar um milf para conversar.<\/p>\n<h2>Salas de chat GR\u00c1tis MILF<\/h2>\n<p>Existem muitas salas de chat gratuitas dispon\u00edveis online que podem ser <a href=\"http:\/\/theyoungmessiah.com\/horny-people-near-me\/\">usadas para fins de namoro<\/a>. Estas salas de chat fornecem uma \u00f3tima plataforma para conhecer potenciais parceiros e conhec\u00ea-los melhor. Muitas salas de chat tamb\u00e9m oferecem instala\u00e7\u00f5es de webcam que podem ser usadas para mais comunica\u00e7\u00e3o. Salas de chat milf gratuitas podem ser encontradas em muitos sites de encontros e s\u00e3o um \u00f3timo recurso para conhecer novas pessoas.<\/p>\n<p>Conversar com milfs online pode ser uma \u00f3tima maneira de conhec\u00ea-los melhor e construir uma rela\u00e7\u00e3o. Aqui ficam algumas dicas para tirar o m\u00e1ximo partido das suas conversas:<\/p>\n<p>Aproveite para ler o perfil deles antes de come\u00e7ar a conversar. Isto vai dar-te uma ideia do que eles est\u00e3o interessados e ajudar-te a orientar a conversa nessa dire\u00e7\u00e3o.<\/p>\n<ul>\n<li>Seja respeitoso e evite fazer coment\u00e1rios ofensivos ou sugestivos.<\/li>\n<li>Fa\u00e7a perguntas e ou\u00e7a atentamente as suas respostas. Isto mostrar\u00e1 que est\u00e1 interessado neles e ajudar\u00e1 a manter a conversa fluindo.<\/li>\n<li>N\u00e3o tenha medo de namoriscar um pouco \u2013 \u00e9 tudo parte da divers\u00e3o!<\/li>\n<li>Termine a conversa com uma nota positiva, deixando-os saber que gostaste de falar com eles e na esperan\u00e7a de voltar a conversar em breve.<\/li>\n<\/ul>\n<h2>Falar com Milfs<\/h2>\n<p>Tive grandes conversas com milfs em sites de encontros online. Normalmente t\u00eam uma mente aberta e est\u00e3o dispostos a falar sobre uma variedade de t\u00f3picos. Descobri que s\u00e3o muitas vezes mais experientes do que mulheres mais novas e s\u00e3o tipicamente mais confiantes na sua sexualidade. Isto faz uma grande combina\u00e7\u00e3o no quarto. Tamb\u00e9m descobri que os milfs s\u00e3o muitas vezes muito abertos a experimentar coisas novas e normalmente est\u00e3o dispostos a experimentar. J\u00e1 tive grandes experi\u00eancias com milfs e recomendaria-as a quem procurasse um grande momento.<\/p>\n<h3>Geek2Geek<\/h3>\n<p>Se procura uma aplica\u00e7\u00e3o de encontros que atenda a geeks, vai querer ver o Geek2Geek. Esta aplica\u00e7\u00e3o \u00e9 projetada especificamente para geeks e fornece uma maneira divertida, segura e f\u00e1cil de encontrar e conversar com outros geeks. A aplica\u00e7\u00e3o \u00e9 gratuita para descarregar e usar, estando dispon\u00edvel tanto para dispositivos iOS como android. Uma das melhores coisas sobre geek2Geek \u00e9 que \u00e9 uma zona livre de julgamentos. Quer gostes de cosplay, jogos, banda desenhada ou qualquer outra coisa esquisita, vais encontrar uma comunidade de pessoas com ideias semelhantes nesta aplica\u00e7\u00e3o. A aplica\u00e7\u00e3o tamb\u00e9m tem uma variedade de funcionalidades para ajud\u00e1-lo a se conectar com outros geeks, incluindo um sistema de mensagens privadas, um &#8220;geek quiz&#8221; para ajud\u00e1-lo a encontrar f\u00f3sforos, e um &#8220;geekipedia&#8221; com toneladas de informa\u00e7\u00e3o sobre todas as coisas estranhas.<\/p>\n<p>Se procura uma forma divertida, segura e f\u00e1cil de se conectar com outros geeks, o Geek2Geek \u00e9 a aplica\u00e7\u00e3o de encontros para si.<\/p>\n<h3>Rio Chatzy<\/h3>\n<p>Se voc\u00ea est\u00e1 procurando um site de chat milf gr\u00e1tis, Chatzy \u00e9 uma \u00f3tima op\u00e7\u00e3o. O site tem uma interface limpa e f\u00e1cil de usar, e \u00e9 f\u00e1cil de encontrar e juntar salas de chat. H\u00e1 tamb\u00e9m uma variedade de funcionalidades, incluindo a capacidade de enviar mensagens privadas, partilhar fotos e criar grupos.<\/p>\n<p>Embora o site n\u00e3o tenha uma tonelada de utilizadores, ainda \u00e9 uma \u00f3tima op\u00e7\u00e3o para conversar com milfs. Os quartos s\u00e3o geralmente ativos, e voc\u00ea geralmente pode encontrar um milf para conversar. O site tamb\u00e9m tem uma boa sele\u00e7\u00e3o de quartos, por isso voc\u00ea certamente encontrar\u00e1 um que \u00e9 certo para voc\u00ea.<\/p>\n<h3>HeatedAffairs<\/h3>\n<p>HeatedAffairs \u00e9 um site de chat milf que permite conectar-se com mulheres mais velhas gratuitamente. O site tem um design simples e \u00e9 f\u00e1cil de usar. Pode navegar pelos perfis e enviar mensagens \u00e0s mulheres em que est\u00e1 interessado. As mulheres no site s\u00e3o ativas e responsivas. Tamb\u00e9m pode usar o site para encontrar milfs na sua \u00e1rea.<\/p>\n<h3>Milfaholic<\/h3>\n<p>Se voc\u00ea est\u00e1 procurando um site de chat milf gr\u00e1tis, ent\u00e3o voc\u00ea definitivamente deve verificar Milfaholic. Este site \u00e9 uma \u00f3tima op\u00e7\u00e3o para aqueles que procuram um lugar para conversar com mulheres mais velhas. Existem muitas salas de chat diferentes no site, por isso pode sempre encontrar uma que lhe interesse. Tamb\u00e9m pode pesquisar por idade, localiza\u00e7\u00e3o ou interesses por idade, localiza\u00e7\u00e3o ou interesses.<\/p>\n<p>A melhor parte sobre Milfaholic \u00e9 que \u00e9 absolutamente livre de usar. Pode inscrever-se numa conta e come\u00e7ar a conversar imediatamente. N\u00e3o h\u00e1 necessidade de pagar nada para usar o site. Isto faz com que seja uma \u00f3tima op\u00e7\u00e3o para aqueles que querem conversar com mulheres mais velhas sem ter que gastar qualquer dinheiro.<\/p>\n","protected":false},"excerpt":{"rendered":"<p>Existem muitos sites de chat gratuitos que permitem conversar com mulheres maduras que procuram um caso. Estes sites s\u00e3o uma \u00f3tima maneira de se conectar com mulheres mais velhas que est\u00e3o interessadas em se juntar. Tudo o que precisa fazer \u00e9 criar um perfil e come\u00e7ar a conversar. Vai ficar surpreso com a facilidade em&#8230;<a class=\"read-more-link button\" href=\"https:\/\/theyoungmessiah.com\/pt-pt\/sites-de-chat-gratuitos-milf\/\">Read more<\/a><\/p>\n","protected":false},"author":1,"featured_media":0,"parent":0,"menu_order":0,"comment_status":"closed","ping_status":"closed","template":"","meta":[],"yoast_head":"<!-- This site is optimized with the Yoast SEO plugin v17.7.1 - https:\/\/yoast.com\/wordpress\/plugins\/seo\/ -->\n<title>Sites de chat gratuitos milf - Online Adult Dating<\/title>\n<meta name=\"robots\" content=\"index, follow, max-snippet:-1, max-image-preview:large, max-video-preview:-1\" \/>\n<link rel=\"canonical\" href=\"https:\/\/theyoungmessiah.com\/pt-pt\/sites-de-chat-gratuitos-milf\/\" \/>\n<meta property=\"og:locale\" content=\"pt_PT\" \/>\n<meta property=\"og:type\" content=\"article\" \/>\n<meta property=\"og:title\" content=\"Sites de chat gratuitos milf - Online Adult Dating\" \/>\n<meta property=\"og:description\" content=\"Existem muitos sites de chat gratuitos que permitem conversar com mulheres maduras que procuram um caso. Estes sites s\u00e3o uma \u00f3tima maneira de se conectar com mulheres mais velhas que est\u00e3o interessadas em se juntar. Tudo o que precisa fazer \u00e9 criar um perfil e come\u00e7ar a conversar. Vai ficar surpreso com a facilidade em...Read more\" \/>\n<meta property=\"og:url\" content=\"https:\/\/theyoungmessiah.com\/pt-pt\/sites-de-chat-gratuitos-milf\/\" \/>\n<meta property=\"og:site_name\" content=\"Online Adult Dating\" \/>\n<meta name=\"twitter:card\" content=\"summary_large_image\" \/>\n<meta name=\"twitter:label1\" content=\"Tempo estimado de leitura\" \/>\n\t<meta name=\"twitter:data1\" content=\"4 minutos\" \/>\n<script type=\"application\/ld+json\" class=\"yoast-schema-graph\">{\"@context\":\"https:\/\/schema.org\",\"@graph\":[{\"@type\":\"WebSite\",\"@id\":\"https:\/\/theyoungmessiah.com\/pt-pt\/#website\",\"url\":\"https:\/\/theyoungmessiah.com\/pt-pt\/\",\"name\":\"Online Adult Dating\",\"description\":\"Local Sex Hookups\",\"potentialAction\":[{\"@type\":\"SearchAction\",\"target\":{\"@type\":\"EntryPoint\",\"urlTemplate\":\"https:\/\/theyoungmessiah.com\/pt-pt\/?s={search_term_string}\"},\"query-input\":\"required name=search_term_string\"}],\"inLanguage\":\"pt-PT\"},{\"@type\":\"WebPage\",\"@id\":\"https:\/\/theyoungmessiah.com\/pt-pt\/sites-de-chat-gratuitos-milf\/#webpage\",\"url\":\"https:\/\/theyoungmessiah.com\/pt-pt\/sites-de-chat-gratuitos-milf\/\",\"name\":\"Sites de chat gratuitos milf - Online Adult Dating\",\"isPartOf\":{\"@id\":\"https:\/\/theyoungmessiah.com\/pt-pt\/#website\"},\"datePublished\":\"2022-10-12T12:51:58+00:00\",\"dateModified\":\"2022-10-12T12:51:58+00:00\",\"breadcrumb\":{\"@id\":\"https:\/\/theyoungmessiah.com\/pt-pt\/sites-de-chat-gratuitos-milf\/#breadcrumb\"},\"inLanguage\":\"pt-PT\",\"potentialAction\":[{\"@type\":\"ReadAction\",\"target\":[\"https:\/\/theyoungmessiah.com\/pt-pt\/sites-de-chat-gratuitos-milf\/\"]}]},{\"@type\":\"BreadcrumbList\",\"@id\":\"https:\/\/theyoungmessiah.com\/pt-pt\/sites-de-chat-gratuitos-milf\/#breadcrumb\",\"itemListElement\":[{\"@type\":\"ListItem\",\"position\":1,\"name\":\"Home\",\"item\":\"https:\/\/theyoungmessiah.com\/pt-pt\/\"},{\"@type\":\"ListItem\",\"position\":2,\"name\":\"Sites de chat gratuitos milf\"}]}]}<\/script>\n<!-- \/ Yoast SEO plugin. -->","yoast_head_json":{"title":"Sites de chat gratuitos milf - Online Adult Dating","robots":{"index":"index","follow":"follow","max-snippet":"max-snippet:-1","max-image-preview":"max-image-preview:large","max-video-preview":"max-video-preview:-1"},"canonical":"https:\/\/theyoungmessiah.com\/pt-pt\/sites-de-chat-gratuitos-milf\/","og_locale":"pt_PT","og_type":"article","og_title":"Sites de chat gratuitos milf - Online Adult Dating","og_description":"Existem muitos sites de chat gratuitos que permitem conversar com mulheres maduras que procuram um caso. Estes sites s\u00e3o uma \u00f3tima maneira de se conectar com mulheres mais velhas que est\u00e3o interessadas em se juntar. Tudo o que precisa fazer \u00e9 criar um perfil e come\u00e7ar a conversar. Vai ficar surpreso com a facilidade em...Read more","og_url":"https:\/\/theyoungmessiah.com\/pt-pt\/sites-de-chat-gratuitos-milf\/","og_site_name":"Online Adult Dating","twitter_card":"summary_large_image","twitter_misc":{"Tempo estimado de leitura":"4 minutos"},"schema":{"@context":"https:\/\/schema.org","@graph":[{"@type":"WebSite","@id":"https:\/\/theyoungmessiah.com\/pt-pt\/#website","url":"https:\/\/theyoungmessiah.com\/pt-pt\/","name":"Online Adult Dating","description":"Local Sex Hookups","potentialAction":[{"@type":"SearchAction","target":{"@type":"EntryPoint","urlTemplate":"https:\/\/theyoungmessiah.com\/pt-pt\/?s={search_term_string}"},"query-input":"required name=search_term_string"}],"inLanguage":"pt-PT"},{"@type":"WebPage","@id":"https:\/\/theyoungmessiah.com\/pt-pt\/sites-de-chat-gratuitos-milf\/#webpage","url":"https:\/\/theyoungmessiah.com\/pt-pt\/sites-de-chat-gratuitos-milf\/","name":"Sites de chat gratuitos milf - Online Adult Dating","isPartOf":{"@id":"https:\/\/theyoungmessiah.com\/pt-pt\/#website"},"datePublished":"2022-10-12T12:51:58+00:00","dateModified":"2022-10-12T12:51:58+00:00","breadcrumb":{"@id":"https:\/\/theyoungmessiah.com\/pt-pt\/sites-de-chat-gratuitos-milf\/#breadcrumb"},"inLanguage":"pt-PT","potentialAction":[{"@type":"ReadAction","target":["https:\/\/theyoungmessiah.com\/pt-pt\/sites-de-chat-gratuitos-milf\/"]}]},{"@type":"BreadcrumbList","@id":"https:\/\/theyoungmessiah.com\/pt-pt\/sites-de-chat-gratuitos-milf\/#breadcrumb","itemListElement":[{"@type":"ListItem","position":1,"name":"Home","item":"https:\/\/theyoungmessiah.com\/pt-pt\/"},{"@type":"ListItem","position":2,"name":"Sites de chat gratuitos milf"}]}]}},"_links":{"self":[{"href":"https:\/\/theyoungmessiah.com\/pt-pt\/wp-json\/wp\/v2\/pages\/258"}],"collection":[{"href":"https:\/\/theyoungmessiah.com\/pt-pt\/wp-json\/wp\/v2\/pages"}],"about":[{"href":"https:\/\/theyoungmessiah.com\/pt-pt\/wp-json\/wp\/v2\/types\/page"}],"author":[{"embeddable":true,"href":"https:\/\/theyoungmessiah.com\/pt-pt\/wp-json\/wp\/v2\/users\/1"}],"replies":[{"embeddable":true,"href":"https:\/\/theyoungmessiah.com\/pt-pt\/wp-json\/wp\/v2\/comments?post=258"}],"version-history":[{"count":0,"href":"https:\/\/theyoungmessiah.com\/pt-pt\/wp-json\/wp\/v2\/pages\/258\/revisions"}],"wp:attachment":[{"href":"https:\/\/theyoungmessiah.com\/pt-pt\/wp-json\/wp\/v2\/media?parent=258"}],"curies":[{"name":"wp","href":"https:\/\/api.w.org\/{rel}","templated":true}]}}