{"id":284,"date":"2022-10-12T13:50:25","date_gmt":"2022-10-12T12:50:25","guid":{"rendered":"http:\/\/theyoungmessiah.com\/encontros-locais-milf\/"},"modified":"2022-10-12T13:50:25","modified_gmt":"2022-10-12T12:50:25","slug":"encontros-locais-milf","status":"publish","type":"page","link":"https:\/\/theyoungmessiah.com\/pt-pt\/encontros-locais-milf\/","title":{"rendered":"Encontros Locais milf"},"content":{"rendered":"<p>H\u00e1 muitas maneiras de arranjar um encontro de milf gr\u00e1tis. Voc\u00ea pode encontrar sites especializados em encontros milf, ou voc\u00ea pode usar sites de namoro regulares. Tamb\u00e9m pode experimentar sites de redes sociais como Facebook e Twitter. Seja qual for o m\u00e9todo que escolher, certifique-se de que \u00e9 respeitoso e atencioso com o milf com o qual est\u00e1 a tentar ligar-se.<\/p>\n<h2>Namoro MILF<\/h2>\n<p>H\u00e1 algo intrigante sobre os milfs. S\u00e3o experientes, sabem o que querem, e n\u00e3o t\u00eam medo de ir atr\u00e1s dele. \u00c9 por isso que namorar milf pode ser t\u00e3o excitante. Aprende-se com algu\u00e9m que sabe o que est\u00e1 a fazer, e experimenta-se coisas novas.<\/p>\n<p>No entanto, <a href=\"http:\/\/theyoungmessiah.com\/granny-hookup\/\">o encontro<\/a> milf tamb\u00e9m pode ser um desafio. Estas mulheres est\u00e3o muitas vezes ocupadas, e podem n\u00e3o ter muito tempo para namorar. \u00c9 por isso que \u00e9 importante ser paciente e entender que as coisas nem sempre acontecem t\u00e3o r\u00e1pido como gostaria.<\/p>\n<p>Se est\u00e1s interessado em namorar, ent\u00e3o \u00e9 importante ser respeitoso e perceber o que ela procura. Ela n\u00e3o est\u00e1 \u00e0 procura de um caso de uma noite, est\u00e1 \u00e0 procura de uma rela\u00e7\u00e3o. Por isso, leva o teu tempo, conhece-a melhor e v\u00ea para onde v\u00e3o as coisas.<\/p>\n<p>N\u00e3o h\u00e1 como negar que namorar online tem as suas vantagens, voc\u00ea pode alcan\u00e7ar um conjunto mais amplo de potenciais parceiros e voc\u00ea pode faz\u00ea-lo a partir do conforto de sua pr\u00f3pria casa. Mas uma coisa que namorar online n\u00e3o pode dar \u00e9 a capacidade de conhecer algu\u00e9m pessoalmente imediatamente. E \u00e9 a\u00ed que entram os MILF locais.<\/p>\n<p>Os MILF locais s\u00e3o \u00f3timos para pessoas que querem tirar o processo de namoro on-line o mais rapidamente poss\u00edvel. Tamb\u00e9m s\u00e3o perfeitos para aqueles que podem estar um pouco enferrujados quando se trata de namoro. Afinal, nada melhor que o treino.<\/p>\n<p>Ent\u00e3o, se quer conhecer algu\u00e9m especial e n\u00e3o sabe por onde come\u00e7ar, por que n\u00e3o tentar procurar milfs locais na sua \u00e1rea? Talvez se surpreenda com quantas mulheres atraentes e eleg\u00edveis existem por a\u00ed e como \u00e9 f\u00e1cil encontr\u00e1-las.<\/p>\n<h2>Conhe\u00e7a um MILF<\/h2>\n<p>H\u00e1 algo em namorar um MILF que te faz sentir como um homem. Talvez seja porque sabem o que querem, ou talvez seja porque n\u00e3o t\u00eam medo de ir atr\u00e1s dele. De qualquer forma, se quer conhecer um MILF, n\u00e3o h\u00e1 melhor lugar para faz\u00ea-lo do que online.<\/p>\n<p>H\u00e1 muitos sites de encontros milf l\u00e1 fora, mas nem todos s\u00e3o criados iguais. Queres ter a certeza que est\u00e1s a usar um site que \u00e9 popular e tem uma boa reputa\u00e7\u00e3o. Tamb\u00e9m quer ter a certeza de que est\u00e1 a usar um site que tem muitos membros ativos. Assim, \u00e9 mais prov\u00e1vel que encontre algu\u00e9m que esteja interessado em se encontrar.<\/p>\n<p>Assim que encontrar um site de encontros MILF de que goste, inscreva-se e crie um perfil. Certifique-se de incluir algumas fotos e um pouco sobre si mesmo. Ent\u00e3o, comece a procurar milfs na sua \u00e1rea. Quando encontrar algu\u00e9m que lhe interesse, envie-lhe uma mensagem e veja se est\u00e1 interessado em se encontrar.<\/p>\n<p>Se jogares bem as tuas cartas, podes encontrar-te com um MILF num instante. Lembre-se de ser respeitoso e levar as coisas devagar. Afinal, n\u00e3o queres apressar-te e acabar por te magoar.<\/p>\n<h3>Apenas AsSa<\/h3>\n<p>Se procura uma liga\u00e7\u00e3o milf gr\u00e1tis, o OnlyFlings \u00e9 uma \u00f3tima op\u00e7\u00e3o. A aplica\u00e7\u00e3o \u00e9 f\u00e1cil de usar e tem muitas funcionalidades \u00f3timas, como o videochat e um sistema de mensagens incorporado. A \u00fanica desvantagem \u00e9 que ainda n\u00e3o h\u00e1 muitos utilizadores na aplica\u00e7\u00e3o, pelo que pode ter dificuldade em encontrar algu\u00e9m na sua \u00e1rea. No geral, no entanto, OnlyFlings \u00e9 uma \u00f3tima op\u00e7\u00e3o para uma liga\u00e7\u00e3o milf gr\u00e1tis.<\/p>\n<h3>Rio Bumble<\/h3>\n<p>O Bumble \u00e9 uma aplica\u00e7\u00e3o de encontros online gratuita que permite aos utilizadores conectarem-se com potenciais jogos em todo o mundo. A aplica\u00e7\u00e3o tem uma interface simples e \u00e9 f\u00e1cil de usar. Bumble tem uma grande piscina de potenciais partidas e um monte de funcionalidades que fazem dele uma \u00f3tima escolha para encontros online. A aplica\u00e7\u00e3o \u00e9 gratuita para descarregar e usar, e tem uma op\u00e7\u00e3o de subscri\u00e7\u00e3o paga que d\u00e1 aos utilizadores acesso a mais funcionalidades. No geral, Bumble \u00e9 uma \u00f3tima escolha para encontros online e vale a pena experimentar.<\/p>\n<h3>BoneAMilf<\/h3>\n<p>Se procura uma liga\u00e7\u00e3o milf gratuita, o BoneAMilf \u00e9 a aplica\u00e7\u00e3o para si. Com mais de 1 milh\u00e3o de membros em todo o mundo, \u00e9 f\u00e1cil encontrar algu\u00e9m na sua \u00e1rea para se encontrar. A aplica\u00e7\u00e3o \u00e9 gratuita para descarregar e usar, e n\u00e3o existem compras na aplica\u00e7\u00e3o. Pode pesquisar por localiza\u00e7\u00e3o, idade e interesses, e pode enviar-lhes uma mensagem diretamente. A aplica\u00e7\u00e3o tamb\u00e9m tem uma funcionalidade de &#8220;favoritos&#8221;, para que possa acompanhar os membros que lhe interessam. A \u00fanica desvantagem \u00e9 que a aplica\u00e7\u00e3o s\u00f3 est\u00e1 dispon\u00edvel em ingl\u00eas.<\/p>\n<h3>Dobradi\u00e7a<\/h3>\n<p>Se procura uma aplica\u00e7\u00e3o de encontros que n\u00e3o requer muito empenho, o Hinge \u00e9 uma \u00f3tima op\u00e7\u00e3o. A aplica\u00e7\u00e3o \u00e9 gratuita para descarregar e usar, e oferece uma variedade de funcionalidades para ajud\u00e1-lo a encontrar uma correspond\u00eancia. Pode criar um perfil, ver os perfis de outros utilizadores e enviar mensagens gratuitamente. Tamb\u00e9m pode fazer upgrade para uma associa\u00e7\u00e3o paga para desbloquear funcionalidades adicionais.<\/p>\n<p>Hinge \u00e9 um aplicativo de encontros popular por uma raz\u00e3o. \u00c9 f\u00e1cil de usar e \u00e9 gratuito para descarregar e usar. A aplica\u00e7\u00e3o oferece uma variedade de funcionalidades para ajud\u00e1-lo a encontrar uma correspond\u00eancia, e \u00e9 f\u00e1cil de navegar. Se procura uma aplica\u00e7\u00e3o de encontros que n\u00e3o requer muito empenho, o Hinge \u00e9 uma \u00f3tima op\u00e7\u00e3o.<\/p>\n","protected":false},"excerpt":{"rendered":"<p>H\u00e1 muitas maneiras de arranjar um encontro de milf gr\u00e1tis. Voc\u00ea pode encontrar sites especializados em encontros milf, ou voc\u00ea pode usar sites de namoro regulares. Tamb\u00e9m pode experimentar sites de redes sociais como Facebook e Twitter. Seja qual for o m\u00e9todo que escolher, certifique-se de que \u00e9 respeitoso e atencioso com o milf com&#8230;<a class=\"read-more-link button\" href=\"https:\/\/theyoungmessiah.com\/pt-pt\/encontros-locais-milf\/\">Read more<\/a><\/p>\n","protected":false},"author":1,"featured_media":0,"parent":0,"menu_order":0,"comment_status":"closed","ping_status":"closed","template":"","meta":[],"yoast_head":"<!-- This site is optimized with the Yoast SEO plugin v17.7.1 - https:\/\/yoast.com\/wordpress\/plugins\/seo\/ -->\n<title>Encontros Locais milf - Online Adult Dating<\/title>\n<meta name=\"robots\" content=\"index, follow, max-snippet:-1, max-image-preview:large, max-video-preview:-1\" \/>\n<link rel=\"canonical\" href=\"https:\/\/theyoungmessiah.com\/pt-pt\/encontros-locais-milf\/\" \/>\n<meta property=\"og:locale\" content=\"pt_PT\" \/>\n<meta property=\"og:type\" content=\"article\" \/>\n<meta property=\"og:title\" content=\"Encontros Locais milf - Online Adult Dating\" \/>\n<meta property=\"og:description\" content=\"H\u00e1 muitas maneiras de arranjar um encontro de milf gr\u00e1tis. Voc\u00ea pode encontrar sites especializados em encontros milf, ou voc\u00ea pode usar sites de namoro regulares. Tamb\u00e9m pode experimentar sites de redes sociais como Facebook e Twitter. Seja qual for o m\u00e9todo que escolher, certifique-se de que \u00e9 respeitoso e atencioso com o milf com...Read more\" \/>\n<meta property=\"og:url\" content=\"https:\/\/theyoungmessiah.com\/pt-pt\/encontros-locais-milf\/\" \/>\n<meta property=\"og:site_name\" content=\"Online Adult Dating\" \/>\n<meta name=\"twitter:card\" content=\"summary_large_image\" \/>\n<meta name=\"twitter:label1\" content=\"Tempo estimado de leitura\" \/>\n\t<meta name=\"twitter:data1\" content=\"5 minutos\" \/>\n<script type=\"application\/ld+json\" class=\"yoast-schema-graph\">{\"@context\":\"https:\/\/schema.org\",\"@graph\":[{\"@type\":\"WebSite\",\"@id\":\"https:\/\/theyoungmessiah.com\/pt-pt\/#website\",\"url\":\"https:\/\/theyoungmessiah.com\/pt-pt\/\",\"name\":\"Online Adult Dating\",\"description\":\"Local Sex Hookups\",\"potentialAction\":[{\"@type\":\"SearchAction\",\"target\":{\"@type\":\"EntryPoint\",\"urlTemplate\":\"https:\/\/theyoungmessiah.com\/pt-pt\/?s={search_term_string}\"},\"query-input\":\"required name=search_term_string\"}],\"inLanguage\":\"pt-PT\"},{\"@type\":\"WebPage\",\"@id\":\"https:\/\/theyoungmessiah.com\/pt-pt\/encontros-locais-milf\/#webpage\",\"url\":\"https:\/\/theyoungmessiah.com\/pt-pt\/encontros-locais-milf\/\",\"name\":\"Encontros Locais milf - Online Adult Dating\",\"isPartOf\":{\"@id\":\"https:\/\/theyoungmessiah.com\/pt-pt\/#website\"},\"datePublished\":\"2022-10-12T12:50:25+00:00\",\"dateModified\":\"2022-10-12T12:50:25+00:00\",\"breadcrumb\":{\"@id\":\"https:\/\/theyoungmessiah.com\/pt-pt\/encontros-locais-milf\/#breadcrumb\"},\"inLanguage\":\"pt-PT\",\"potentialAction\":[{\"@type\":\"ReadAction\",\"target\":[\"https:\/\/theyoungmessiah.com\/pt-pt\/encontros-locais-milf\/\"]}]},{\"@type\":\"BreadcrumbList\",\"@id\":\"https:\/\/theyoungmessiah.com\/pt-pt\/encontros-locais-milf\/#breadcrumb\",\"itemListElement\":[{\"@type\":\"ListItem\",\"position\":1,\"name\":\"Home\",\"item\":\"https:\/\/theyoungmessiah.com\/pt-pt\/\"},{\"@type\":\"ListItem\",\"position\":2,\"name\":\"Encontros Locais milf\"}]}]}<\/script>\n<!-- \/ Yoast SEO plugin. -->","yoast_head_json":{"title":"Encontros Locais milf - Online Adult Dating","robots":{"index":"index","follow":"follow","max-snippet":"max-snippet:-1","max-image-preview":"max-image-preview:large","max-video-preview":"max-video-preview:-1"},"canonical":"https:\/\/theyoungmessiah.com\/pt-pt\/encontros-locais-milf\/","og_locale":"pt_PT","og_type":"article","og_title":"Encontros Locais milf - Online Adult Dating","og_description":"H\u00e1 muitas maneiras de arranjar um encontro de milf gr\u00e1tis. Voc\u00ea pode encontrar sites especializados em encontros milf, ou voc\u00ea pode usar sites de namoro regulares. Tamb\u00e9m pode experimentar sites de redes sociais como Facebook e Twitter. Seja qual for o m\u00e9todo que escolher, certifique-se de que \u00e9 respeitoso e atencioso com o milf com...Read more","og_url":"https:\/\/theyoungmessiah.com\/pt-pt\/encontros-locais-milf\/","og_site_name":"Online Adult Dating","twitter_card":"summary_large_image","twitter_misc":{"Tempo estimado de leitura":"5 minutos"},"schema":{"@context":"https:\/\/schema.org","@graph":[{"@type":"WebSite","@id":"https:\/\/theyoungmessiah.com\/pt-pt\/#website","url":"https:\/\/theyoungmessiah.com\/pt-pt\/","name":"Online Adult Dating","description":"Local Sex Hookups","potentialAction":[{"@type":"SearchAction","target":{"@type":"EntryPoint","urlTemplate":"https:\/\/theyoungmessiah.com\/pt-pt\/?s={search_term_string}"},"query-input":"required name=search_term_string"}],"inLanguage":"pt-PT"},{"@type":"WebPage","@id":"https:\/\/theyoungmessiah.com\/pt-pt\/encontros-locais-milf\/#webpage","url":"https:\/\/theyoungmessiah.com\/pt-pt\/encontros-locais-milf\/","name":"Encontros Locais milf - Online Adult Dating","isPartOf":{"@id":"https:\/\/theyoungmessiah.com\/pt-pt\/#website"},"datePublished":"2022-10-12T12:50:25+00:00","dateModified":"2022-10-12T12:50:25+00:00","breadcrumb":{"@id":"https:\/\/theyoungmessiah.com\/pt-pt\/encontros-locais-milf\/#breadcrumb"},"inLanguage":"pt-PT","potentialAction":[{"@type":"ReadAction","target":["https:\/\/theyoungmessiah.com\/pt-pt\/encontros-locais-milf\/"]}]},{"@type":"BreadcrumbList","@id":"https:\/\/theyoungmessiah.com\/pt-pt\/encontros-locais-milf\/#breadcrumb","itemListElement":[{"@type":"ListItem","position":1,"name":"Home","item":"https:\/\/theyoungmessiah.com\/pt-pt\/"},{"@type":"ListItem","position":2,"name":"Encontros Locais milf"}]}]}},"_links":{"self":[{"href":"https:\/\/theyoungmessiah.com\/pt-pt\/wp-json\/wp\/v2\/pages\/284"}],"collection":[{"href":"https:\/\/theyoungmessiah.com\/pt-pt\/wp-json\/wp\/v2\/pages"}],"about":[{"href":"https:\/\/theyoungmessiah.com\/pt-pt\/wp-json\/wp\/v2\/types\/page"}],"author":[{"embeddable":true,"href":"https:\/\/theyoungmessiah.com\/pt-pt\/wp-json\/wp\/v2\/users\/1"}],"replies":[{"embeddable":true,"href":"https:\/\/theyoungmessiah.com\/pt-pt\/wp-json\/wp\/v2\/comments?post=284"}],"version-history":[{"count":0,"href":"https:\/\/theyoungmessiah.com\/pt-pt\/wp-json\/wp\/v2\/pages\/284\/revisions"}],"wp:attachment":[{"href":"https:\/\/theyoungmessiah.com\/pt-pt\/wp-json\/wp\/v2\/media?parent=284"}],"curies":[{"name":"wp","href":"https:\/\/api.w.org\/{rel}","templated":true}]}}