{"id":301,"date":"2022-10-12T13:50:13","date_gmt":"2022-10-12T12:50:13","guid":{"rendered":"http:\/\/theyoungmessiah.com\/granny-hookup\/"},"modified":"2022-10-12T13:50:13","modified_gmt":"2022-10-12T12:50:13","slug":"granny-hookup","status":"publish","type":"page","link":"https:\/\/theyoungmessiah.com\/pt-pt\/granny-hookup\/","title":{"rendered":"Granny Hookup"},"content":{"rendered":"<p>H\u00e1 algo intrigante na ideia de andar com uma av\u00f3. Talvez seja a natureza tabu, ou o facto de serem experientes e saberem o que est\u00e3o a fazer. Seja qual for a raz\u00e3o, os encontros com a av\u00f3 podem ser muito divertidos.<\/p>\n<p>Claro que h\u00e1 algumas coisas que tens de ter em mente antes <a href=\"http:\/\/theyoungmessiah.com\/dating-site-for-older-women\/\">de te juntares a<\/a> uma av\u00f3. Para come\u00e7ar, \u00e9 prov\u00e1vel que sejam muito mais experientes do que tu, por isso n\u00e3o esperes ser o que est\u00e1 no controlo. Al\u00e9m disso, podem n\u00e3o ser t\u00e3o flex\u00edveis como est\u00e1s habituado, por isso prepara-te para algumas posi\u00e7\u00f5es n\u00e3o convencionais.<\/p>\n<p>Mas se quiseres divertir-te um pouco, ent\u00e3o uma liga\u00e7\u00e3o com a av\u00f3 pode ser uma grande experi\u00eancia. Apenas certifique-se de entrar nele com as expectativas certas e certamente se divertir\u00e1.<\/p>\n<h2>Sites locais de namoro da av\u00f3<\/h2>\n<p>Existem muitos sites de encontros de av\u00f3s locais que podem ajud\u00e1-lo a conhecer mulheres mais velhas na sua \u00e1rea. Estes sites podem ser uma \u00f3tima maneira de conhecer novas pessoas e construir novas rela\u00e7\u00f5es. Muitos destes sites oferecem ades\u00e3o gratuita, para que voc\u00ea possa experiment\u00e1-los antes de se comprometer com uma ades\u00e3o paga. Certifique-se de ler os termos e condi\u00e7\u00f5es de cada site antes de se inscrever, para que saiba no que se est\u00e1 a meter. Assim que encontrar alguns f\u00f3sforos potenciais, aproveite para lhes enviar uma mensagem e conhec\u00ea-los melhor. Se tudo correr bem, podes encontrar-te pessoalmente e ver se h\u00e1 uma fa\u00edsca. Boa sorte!<\/p>\n<p>H\u00e1 muitas mulheres mais velhas por a\u00ed que est\u00e3o interessadas em namorar homens mais novos, e vice-versa. No entanto, pode ser dif\u00edcil encontrar f\u00f3sforos atrav\u00e9s de m\u00e9todos tradicionais de namoro, como namoro online. Isto porque muitos sites e aplica\u00e7\u00f5es de namoro s\u00e3o direcionados para combinar pessoas de idades semelhantes, em vez de combinar pessoas com base nos seus interesses.<\/p>\n<p>Uma maneira de encontrar f\u00f3sforos com mulheres mais velhas, se voc\u00ea \u00e9 um homem mais jovem interessado em namorar com elas, \u00e9 procurar sites e aplicativos que atendam especificamente a esta demografia. Por exemplo, existem sites como CougarLife.com que s\u00e3o projetados especificamente para mulheres mais velhas e homens mais jovens para se encontrarem e namorarem. Existem tamb\u00e9m aplicativos de encontros como o Tinder que lhe permitem definir as suas prefer\u00eancias de idade, para que voc\u00ea possa ver apenas mulheres mais velhas que est\u00e3o dentro da faixa et\u00e1ria desejada.<\/p>\n<p>Claro que tamb\u00e9m pode tentar conhecer mulheres mais velhas offline, atrav\u00e9s de amigos m\u00fatuos ou simplesmente aproximando-se delas pessoalmente. No entanto, namorar online pode ser uma \u00f3tima maneira de se conectar com mulheres mais velhas que de outra forma voc\u00ea poderia n\u00e3o ter a chance de conhecer.<\/p>\n<h2>Mulheres mais velhas procurando por sexo<\/h2>\n<p>H\u00e1 uma tend\u00eancia crescente de mulheres mais velhas \u00e0 procura de sexo online. Isto deve-se, provavelmente, ao facto de muitas mulheres estarem agora mais confort\u00e1veis com a sua sexualidade e estarem mais abertas a explorar os seus desejos sexuais. Al\u00e9m disso, as mulheres mais velhas podem ter mais dificuldade em encontrar parceiros da sua idade, por isso est\u00e3o a recorrer \u00e0 internet para encontrar potenciais parceiros sexuais.<\/p>\n<p>H\u00e1 uma s\u00e9rie de sites e aplicativos que atendem a mulheres mais velhas \u00e0 procura de sexo. Estas plataformas proporcionam um ambiente seguro e confort\u00e1vel para as mulheres explorarem a sua sexualidade e encontrarem parceiros sexuais. Al\u00e9m disso, estas plataformas oferecem uma variedade de funcionalidades e filtros de pesquisa que permitem \u00e0s mulheres encontrar parceiros que atendam \u00e0s suas necessidades e desejos espec\u00edficos.<\/p>\n<h3>DataMyAge<\/h3>\n<p>DateMyAge \u00e9 uma app de encontros da av\u00f3 que permite encontrar mulheres mais velhas locais que procuram um caso. A aplica\u00e7\u00e3o \u00e9 f\u00e1cil de usar e tem muitas funcionalidades que lhe permitem encontrar exatamente o que procura. A fun\u00e7\u00e3o de pesquisa \u00e9 muito f\u00e1cil de utilizar e a aplica\u00e7\u00e3o tamb\u00e9m permite visualizar perfis de outros membros na sua \u00e1rea. No geral, este \u00e9 um \u00f3timo aplicativo para encontrar uma liga\u00e7\u00e3o com a av\u00f3.<\/p>\n<h3>ComeWithYou<\/h3>\n<p>ComeWithYou \u00e9 uma nova aplica\u00e7\u00e3o de encontros que \u00e9 perfeita para encontros com av\u00f3s. A aplica\u00e7\u00e3o \u00e9 muito f\u00e1cil de navegar e f\u00e1cil de navegar. Tem muitas funcionalidades excelentes que facilitam a procura e a liga\u00e7\u00e3o com potenciais jogos. A fun\u00e7\u00e3o de pesquisa \u00e9 muito abrangente e permite-lhe encontrar f\u00f3sforos com base numa variedade de crit\u00e9rios. A funcionalidade de mensagens tamb\u00e9m \u00e9 muito boa e permite-lhe conectar-se facilmente com f\u00f3sforos. No geral, o ComeWithYou \u00e9 uma \u00f3tima op\u00e7\u00e3o para encontros com av\u00f3s e recomendo-a vivamente a quem procura uma nova aplica\u00e7\u00e3o de encontros.<\/p>\n<h3>Data<\/h3>\n<p>Achei a app dateYou que namora com a data \u00e9 uma \u00f3tima maneira de conhecer av\u00f3s para encontros. A aplica\u00e7\u00e3o \u00e9 f\u00e1cil de usar e tem muitas funcionalidades excelentes. A fun\u00e7\u00e3o de pesquisa \u00e9 grande e o sistema de mensagens \u00e9 muito amig\u00e1vel para o utilizador. Tamb\u00e9m gosto do facto de poder ver quem est\u00e1 online e quem n\u00e3o est\u00e1. No geral, eu definitivamente recomendaria esta aplica\u00e7\u00e3o a qualquer um que procura uma liga\u00e7\u00e3o com a av\u00f3.<\/p>\n<h3>Badoo<\/h3>\n<p>Se est\u00e1s \u00e0 procura de uma casa de av\u00f3, o Badoo provavelmente n\u00e3o \u00e9 o aplicativo de encontros para ti. Apesar de se apresentar como uma app de encontros, muitos utilizadores relatam que \u00e9 dif\u00edcil encontrar correspond\u00eancias na aplica\u00e7\u00e3o. Na verdade, muitos utilizadores relatam que a aplica\u00e7\u00e3o est\u00e1 cheia de perfis falsos e que \u00e9 dif\u00edcil entrar em contacto com o atendimento ao cliente quando tem um problema. Por isso, se est\u00e1s \u00e0 procura de uma liga\u00e7\u00e3o \u00e0 av\u00f3, talvez queiras experimentar outra aplica\u00e7\u00e3o.<\/p>\n","protected":false},"excerpt":{"rendered":"<p>H\u00e1 algo intrigante na ideia de andar com uma av\u00f3. Talvez seja a natureza tabu, ou o facto de serem experientes e saberem o que est\u00e3o a fazer. Seja qual for a raz\u00e3o, os encontros com a av\u00f3 podem ser muito divertidos. Claro que h\u00e1 algumas coisas que tens de ter em mente antes de&#8230;<a class=\"read-more-link button\" href=\"https:\/\/theyoungmessiah.com\/pt-pt\/granny-hookup\/\">Read more<\/a><\/p>\n","protected":false},"author":1,"featured_media":0,"parent":0,"menu_order":0,"comment_status":"closed","ping_status":"closed","template":"","meta":[],"yoast_head":"<!-- This site is optimized with the Yoast SEO plugin v17.7.1 - https:\/\/yoast.com\/wordpress\/plugins\/seo\/ -->\n<title>Granny Hookup - Online Adult Dating<\/title>\n<meta name=\"robots\" content=\"index, follow, max-snippet:-1, max-image-preview:large, max-video-preview:-1\" \/>\n<link rel=\"canonical\" href=\"https:\/\/theyoungmessiah.com\/pt-pt\/granny-hookup\/\" \/>\n<meta property=\"og:locale\" content=\"pt_PT\" \/>\n<meta property=\"og:type\" content=\"article\" \/>\n<meta property=\"og:title\" content=\"Granny Hookup - Online Adult Dating\" \/>\n<meta property=\"og:description\" content=\"H\u00e1 algo intrigante na ideia de andar com uma av\u00f3. Talvez seja a natureza tabu, ou o facto de serem experientes e saberem o que est\u00e3o a fazer. Seja qual for a raz\u00e3o, os encontros com a av\u00f3 podem ser muito divertidos. Claro que h\u00e1 algumas coisas que tens de ter em mente antes de...Read more\" \/>\n<meta property=\"og:url\" content=\"https:\/\/theyoungmessiah.com\/pt-pt\/granny-hookup\/\" \/>\n<meta property=\"og:site_name\" content=\"Online Adult Dating\" \/>\n<meta name=\"twitter:card\" content=\"summary_large_image\" \/>\n<meta name=\"twitter:label1\" content=\"Tempo estimado de leitura\" \/>\n\t<meta name=\"twitter:data1\" content=\"5 minutos\" \/>\n<script type=\"application\/ld+json\" class=\"yoast-schema-graph\">{\"@context\":\"https:\/\/schema.org\",\"@graph\":[{\"@type\":\"WebSite\",\"@id\":\"https:\/\/theyoungmessiah.com\/pt-pt\/#website\",\"url\":\"https:\/\/theyoungmessiah.com\/pt-pt\/\",\"name\":\"Online Adult Dating\",\"description\":\"Local Sex Hookups\",\"potentialAction\":[{\"@type\":\"SearchAction\",\"target\":{\"@type\":\"EntryPoint\",\"urlTemplate\":\"https:\/\/theyoungmessiah.com\/pt-pt\/?s={search_term_string}\"},\"query-input\":\"required name=search_term_string\"}],\"inLanguage\":\"pt-PT\"},{\"@type\":\"WebPage\",\"@id\":\"https:\/\/theyoungmessiah.com\/pt-pt\/granny-hookup\/#webpage\",\"url\":\"https:\/\/theyoungmessiah.com\/pt-pt\/granny-hookup\/\",\"name\":\"Granny Hookup - Online Adult Dating\",\"isPartOf\":{\"@id\":\"https:\/\/theyoungmessiah.com\/pt-pt\/#website\"},\"datePublished\":\"2022-10-12T12:50:13+00:00\",\"dateModified\":\"2022-10-12T12:50:13+00:00\",\"breadcrumb\":{\"@id\":\"https:\/\/theyoungmessiah.com\/pt-pt\/granny-hookup\/#breadcrumb\"},\"inLanguage\":\"pt-PT\",\"potentialAction\":[{\"@type\":\"ReadAction\",\"target\":[\"https:\/\/theyoungmessiah.com\/pt-pt\/granny-hookup\/\"]}]},{\"@type\":\"BreadcrumbList\",\"@id\":\"https:\/\/theyoungmessiah.com\/pt-pt\/granny-hookup\/#breadcrumb\",\"itemListElement\":[{\"@type\":\"ListItem\",\"position\":1,\"name\":\"Home\",\"item\":\"https:\/\/theyoungmessiah.com\/pt-pt\/\"},{\"@type\":\"ListItem\",\"position\":2,\"name\":\"Granny Hookup\"}]}]}<\/script>\n<!-- \/ Yoast SEO plugin. -->","yoast_head_json":{"title":"Granny Hookup - Online Adult Dating","robots":{"index":"index","follow":"follow","max-snippet":"max-snippet:-1","max-image-preview":"max-image-preview:large","max-video-preview":"max-video-preview:-1"},"canonical":"https:\/\/theyoungmessiah.com\/pt-pt\/granny-hookup\/","og_locale":"pt_PT","og_type":"article","og_title":"Granny Hookup - Online Adult Dating","og_description":"H\u00e1 algo intrigante na ideia de andar com uma av\u00f3. Talvez seja a natureza tabu, ou o facto de serem experientes e saberem o que est\u00e3o a fazer. Seja qual for a raz\u00e3o, os encontros com a av\u00f3 podem ser muito divertidos. Claro que h\u00e1 algumas coisas que tens de ter em mente antes de...Read more","og_url":"https:\/\/theyoungmessiah.com\/pt-pt\/granny-hookup\/","og_site_name":"Online Adult Dating","twitter_card":"summary_large_image","twitter_misc":{"Tempo estimado de leitura":"5 minutos"},"schema":{"@context":"https:\/\/schema.org","@graph":[{"@type":"WebSite","@id":"https:\/\/theyoungmessiah.com\/pt-pt\/#website","url":"https:\/\/theyoungmessiah.com\/pt-pt\/","name":"Online Adult Dating","description":"Local Sex Hookups","potentialAction":[{"@type":"SearchAction","target":{"@type":"EntryPoint","urlTemplate":"https:\/\/theyoungmessiah.com\/pt-pt\/?s={search_term_string}"},"query-input":"required name=search_term_string"}],"inLanguage":"pt-PT"},{"@type":"WebPage","@id":"https:\/\/theyoungmessiah.com\/pt-pt\/granny-hookup\/#webpage","url":"https:\/\/theyoungmessiah.com\/pt-pt\/granny-hookup\/","name":"Granny Hookup - Online Adult Dating","isPartOf":{"@id":"https:\/\/theyoungmessiah.com\/pt-pt\/#website"},"datePublished":"2022-10-12T12:50:13+00:00","dateModified":"2022-10-12T12:50:13+00:00","breadcrumb":{"@id":"https:\/\/theyoungmessiah.com\/pt-pt\/granny-hookup\/#breadcrumb"},"inLanguage":"pt-PT","potentialAction":[{"@type":"ReadAction","target":["https:\/\/theyoungmessiah.com\/pt-pt\/granny-hookup\/"]}]},{"@type":"BreadcrumbList","@id":"https:\/\/theyoungmessiah.com\/pt-pt\/granny-hookup\/#breadcrumb","itemListElement":[{"@type":"ListItem","position":1,"name":"Home","item":"https:\/\/theyoungmessiah.com\/pt-pt\/"},{"@type":"ListItem","position":2,"name":"Granny Hookup"}]}]}},"_links":{"self":[{"href":"https:\/\/theyoungmessiah.com\/pt-pt\/wp-json\/wp\/v2\/pages\/301"}],"collection":[{"href":"https:\/\/theyoungmessiah.com\/pt-pt\/wp-json\/wp\/v2\/pages"}],"about":[{"href":"https:\/\/theyoungmessiah.com\/pt-pt\/wp-json\/wp\/v2\/types\/page"}],"author":[{"embeddable":true,"href":"https:\/\/theyoungmessiah.com\/pt-pt\/wp-json\/wp\/v2\/users\/1"}],"replies":[{"embeddable":true,"href":"https:\/\/theyoungmessiah.com\/pt-pt\/wp-json\/wp\/v2\/comments?post=301"}],"version-history":[{"count":0,"href":"https:\/\/theyoungmessiah.com\/pt-pt\/wp-json\/wp\/v2\/pages\/301\/revisions"}],"wp:attachment":[{"href":"https:\/\/theyoungmessiah.com\/pt-pt\/wp-json\/wp\/v2\/media?parent=301"}],"curies":[{"name":"wp","href":"https:\/\/api.w.org\/{rel}","templated":true}]}}