{"id":309,"date":"2022-10-12T13:49:52","date_gmt":"2022-10-12T12:49:52","guid":{"rendered":"http:\/\/theyoungmessiah.com\/sites-locais-de-foda-se\/"},"modified":"2022-10-12T13:49:52","modified_gmt":"2022-10-12T12:49:52","slug":"sites-locais-de-foda-se","status":"publish","type":"page","link":"https:\/\/theyoungmessiah.com\/pt-pt\/sites-locais-de-foda-se\/","title":{"rendered":"Sites locais de foda-se"},"content":{"rendered":"<p>Os sites locais s\u00e3o 10 000, e pode ser dif\u00edcil saber qual escolher. No entanto, se est\u00e1 \u00e0 procura de uma maneira r\u00e1pida e f\u00e1cil de se encontrar com algu\u00e9m na sua \u00e1rea, ent\u00e3o um site local \u00e9 definitivamente o caminho a seguir. H\u00e1 muitos sites locais de foda-se l\u00e1 fora, ent\u00e3o voc\u00ea definitivamente deve ser capaz de encontrar um que satisfa\u00e7a as suas necessidades. Apenas leia as cr\u00edticas antes de se inscrever para qualquer coisa, para que saiba no que se est\u00e1 a meter.<\/p>\n<p>Se queres conhecer e foder com algu\u00e9m especial, ent\u00e3o devias ver encontros online. Com encontros online, podes conectar-te com pessoas de todo o mundo que est\u00e3o \u00e0 procura da mesma coisa que tu. Existem toneladas de sites e aplicativos de namoro que podes usar para encontrar algu\u00e9m para foder, e podes at\u00e9 filtrar a tua procura para encontrar algu\u00e9m que esteja nas mesmas coisas que tu. Quer esteja \u00e0 procura de um caso de uma noite ou de uma rela\u00e7\u00e3o a longo prazo, namorar online \u00e9 uma \u00f3tima maneira de conhecer e foder algu\u00e9m especial.<\/p>\n<p>Estou \u00e0 procura de uma porra gr\u00e1tis esta noite. Tenho enviado mensagens a algumas raparigas num site de encontros e estou pronto para levar as coisas para o pr\u00f3ximo n\u00edvel. Estou a pedido de qualquer coisa, por isso, se estiver interessado, avisa-me. Tenho certeza que podemos resolver algo.<\/p>\n<h2>Foda-se de gra\u00e7a<\/h2>\n<p>Se procura um site de encontros online gratuito, ent\u00e3o deve definitivamente conferer Fuck For Free. Este site \u00e9 um \u00f3timo recurso para encontrar solteiros locais que est\u00e3o procurando por uma liga\u00e7\u00e3o sem cordas. O site \u00e9 f\u00e1cil de usar e tem uma tonelada de funcionalidades que tornam f\u00e1cil encontrar uma correspond\u00eancia. Pode pesquisar por localiza\u00e7\u00e3o, idade, interesses e muito mais. Al\u00e9m disso, o site tem uma grande sensa\u00e7\u00e3o de comunidade, com f\u00f3runs e salas de chat onde voc\u00ea pode interagir com outros membros.<\/p>\n<h3>AdultFriendFinder<\/h3>\n<p>AdultFriendFinder \u00e9 um dos aplicativos de namoro mais populares para encontrar amigos locais. A aplica\u00e7\u00e3o tem uma grande base de utilizadores e \u00e9 f\u00e1cil de usar. Pode pesquisar por potenciais correspond\u00eancias por localiza\u00e7\u00e3o, idade e outros crit\u00e9rios. A aplica\u00e7\u00e3o tamb\u00e9m tem uma funcionalidade de mensagens para que possa comunicar com potenciais correspond\u00eancias. A aplica\u00e7\u00e3o \u00e9 gratuita, mas pode fazer upgrade para uma subscri\u00e7\u00e3o premium para funcionalidades adicionais.<\/p>\n<h3>OneNightFriend<\/h3>\n<p>OneNightFriend \u00e9 uma popular aplica\u00e7\u00e3o de encontros que ajuda as pessoas a se conectarem com amigos locais. A aplica\u00e7\u00e3o tem uma grande base de dados de utilizadores e \u00e9 muito f\u00e1cil de usar. A aplica\u00e7\u00e3o tamb\u00e9m tem muitas avalia\u00e7\u00f5es positivas dos utilizadores.<\/p>\n<h3>Rio Tinder<\/h3>\n<p>O Tinder \u00e9 uma aplica\u00e7\u00e3o de encontros que lhe permite encontrar potenciais partidas dentro da sua \u00e1rea local. Em seguida, pode conversar com estes jogos e potencialmente encontr\u00e1-los pessoalmente. O Tinder \u00e9 uma \u00f3tima maneira de conhecer novas pessoas e potencialmente encontrar um amigo local. A aplica\u00e7\u00e3o \u00e9 f\u00e1cil de usar e \u00e9 livre de se inscrever. Pode ler coment\u00e1rios do Tinder online antes de decidir us\u00e1-lo.<\/p>\n<h3>Xmeets<\/h3>\n<p>Se est\u00e1s \u00e0 procura de um site local, o Xmeets vale a pena verificar. A aplica\u00e7\u00e3o \u00e9 f\u00e1cil de usar e h\u00e1 toneladas de utilizadores locais para escolher. A melhor parte \u00e9 que pode filtrar a sua pesquisa para encontrar exatamente o que procura. Quer esteja \u00e0 procura de uma liga\u00e7\u00e3o \u00fanica ou algo mais a longo prazo, o Xmeets vale a pena verificar.<\/p>\n","protected":false},"excerpt":{"rendered":"<p>Os sites locais s\u00e3o 10 000, e pode ser dif\u00edcil saber qual escolher. No entanto, se est\u00e1 \u00e0 procura de uma maneira r\u00e1pida e f\u00e1cil de se encontrar com algu\u00e9m na sua \u00e1rea, ent\u00e3o um site local \u00e9 definitivamente o caminho a seguir. H\u00e1 muitos sites locais de foda-se l\u00e1 fora, ent\u00e3o voc\u00ea definitivamente deve&#8230;<a class=\"read-more-link button\" href=\"https:\/\/theyoungmessiah.com\/pt-pt\/sites-locais-de-foda-se\/\">Read more<\/a><\/p>\n","protected":false},"author":1,"featured_media":0,"parent":0,"menu_order":0,"comment_status":"closed","ping_status":"closed","template":"","meta":[],"yoast_head":"<!-- This site is optimized with the Yoast SEO plugin v17.7.1 - https:\/\/yoast.com\/wordpress\/plugins\/seo\/ -->\n<title>Sites locais de foda-se - Online Adult Dating<\/title>\n<meta name=\"robots\" content=\"index, follow, max-snippet:-1, max-image-preview:large, max-video-preview:-1\" \/>\n<link rel=\"canonical\" href=\"https:\/\/theyoungmessiah.com\/pt-pt\/sites-locais-de-foda-se\/\" \/>\n<meta property=\"og:locale\" content=\"pt_PT\" \/>\n<meta property=\"og:type\" content=\"article\" \/>\n<meta property=\"og:title\" content=\"Sites locais de foda-se - Online Adult Dating\" \/>\n<meta property=\"og:description\" content=\"Os sites locais s\u00e3o 10 000, e pode ser dif\u00edcil saber qual escolher. No entanto, se est\u00e1 \u00e0 procura de uma maneira r\u00e1pida e f\u00e1cil de se encontrar com algu\u00e9m na sua \u00e1rea, ent\u00e3o um site local \u00e9 definitivamente o caminho a seguir. H\u00e1 muitos sites locais de foda-se l\u00e1 fora, ent\u00e3o voc\u00ea definitivamente deve...Read more\" \/>\n<meta property=\"og:url\" content=\"https:\/\/theyoungmessiah.com\/pt-pt\/sites-locais-de-foda-se\/\" \/>\n<meta property=\"og:site_name\" content=\"Online Adult Dating\" \/>\n<meta name=\"twitter:card\" content=\"summary_large_image\" \/>\n<meta name=\"twitter:label1\" content=\"Tempo estimado de leitura\" \/>\n\t<meta name=\"twitter:data1\" content=\"3 minutos\" \/>\n<script type=\"application\/ld+json\" class=\"yoast-schema-graph\">{\"@context\":\"https:\/\/schema.org\",\"@graph\":[{\"@type\":\"WebSite\",\"@id\":\"https:\/\/theyoungmessiah.com\/pt-pt\/#website\",\"url\":\"https:\/\/theyoungmessiah.com\/pt-pt\/\",\"name\":\"Online Adult Dating\",\"description\":\"Local Sex Hookups\",\"potentialAction\":[{\"@type\":\"SearchAction\",\"target\":{\"@type\":\"EntryPoint\",\"urlTemplate\":\"https:\/\/theyoungmessiah.com\/pt-pt\/?s={search_term_string}\"},\"query-input\":\"required name=search_term_string\"}],\"inLanguage\":\"pt-PT\"},{\"@type\":\"WebPage\",\"@id\":\"https:\/\/theyoungmessiah.com\/pt-pt\/sites-locais-de-foda-se\/#webpage\",\"url\":\"https:\/\/theyoungmessiah.com\/pt-pt\/sites-locais-de-foda-se\/\",\"name\":\"Sites locais de foda-se - Online Adult Dating\",\"isPartOf\":{\"@id\":\"https:\/\/theyoungmessiah.com\/pt-pt\/#website\"},\"datePublished\":\"2022-10-12T12:49:52+00:00\",\"dateModified\":\"2022-10-12T12:49:52+00:00\",\"breadcrumb\":{\"@id\":\"https:\/\/theyoungmessiah.com\/pt-pt\/sites-locais-de-foda-se\/#breadcrumb\"},\"inLanguage\":\"pt-PT\",\"potentialAction\":[{\"@type\":\"ReadAction\",\"target\":[\"https:\/\/theyoungmessiah.com\/pt-pt\/sites-locais-de-foda-se\/\"]}]},{\"@type\":\"BreadcrumbList\",\"@id\":\"https:\/\/theyoungmessiah.com\/pt-pt\/sites-locais-de-foda-se\/#breadcrumb\",\"itemListElement\":[{\"@type\":\"ListItem\",\"position\":1,\"name\":\"Home\",\"item\":\"https:\/\/theyoungmessiah.com\/pt-pt\/\"},{\"@type\":\"ListItem\",\"position\":2,\"name\":\"Sites locais de foda-se\"}]}]}<\/script>\n<!-- \/ Yoast SEO plugin. -->","yoast_head_json":{"title":"Sites locais de foda-se - Online Adult Dating","robots":{"index":"index","follow":"follow","max-snippet":"max-snippet:-1","max-image-preview":"max-image-preview:large","max-video-preview":"max-video-preview:-1"},"canonical":"https:\/\/theyoungmessiah.com\/pt-pt\/sites-locais-de-foda-se\/","og_locale":"pt_PT","og_type":"article","og_title":"Sites locais de foda-se - Online Adult Dating","og_description":"Os sites locais s\u00e3o 10 000, e pode ser dif\u00edcil saber qual escolher. No entanto, se est\u00e1 \u00e0 procura de uma maneira r\u00e1pida e f\u00e1cil de se encontrar com algu\u00e9m na sua \u00e1rea, ent\u00e3o um site local \u00e9 definitivamente o caminho a seguir. H\u00e1 muitos sites locais de foda-se l\u00e1 fora, ent\u00e3o voc\u00ea definitivamente deve...Read more","og_url":"https:\/\/theyoungmessiah.com\/pt-pt\/sites-locais-de-foda-se\/","og_site_name":"Online Adult Dating","twitter_card":"summary_large_image","twitter_misc":{"Tempo estimado de leitura":"3 minutos"},"schema":{"@context":"https:\/\/schema.org","@graph":[{"@type":"WebSite","@id":"https:\/\/theyoungmessiah.com\/pt-pt\/#website","url":"https:\/\/theyoungmessiah.com\/pt-pt\/","name":"Online Adult Dating","description":"Local Sex Hookups","potentialAction":[{"@type":"SearchAction","target":{"@type":"EntryPoint","urlTemplate":"https:\/\/theyoungmessiah.com\/pt-pt\/?s={search_term_string}"},"query-input":"required name=search_term_string"}],"inLanguage":"pt-PT"},{"@type":"WebPage","@id":"https:\/\/theyoungmessiah.com\/pt-pt\/sites-locais-de-foda-se\/#webpage","url":"https:\/\/theyoungmessiah.com\/pt-pt\/sites-locais-de-foda-se\/","name":"Sites locais de foda-se - Online Adult Dating","isPartOf":{"@id":"https:\/\/theyoungmessiah.com\/pt-pt\/#website"},"datePublished":"2022-10-12T12:49:52+00:00","dateModified":"2022-10-12T12:49:52+00:00","breadcrumb":{"@id":"https:\/\/theyoungmessiah.com\/pt-pt\/sites-locais-de-foda-se\/#breadcrumb"},"inLanguage":"pt-PT","potentialAction":[{"@type":"ReadAction","target":["https:\/\/theyoungmessiah.com\/pt-pt\/sites-locais-de-foda-se\/"]}]},{"@type":"BreadcrumbList","@id":"https:\/\/theyoungmessiah.com\/pt-pt\/sites-locais-de-foda-se\/#breadcrumb","itemListElement":[{"@type":"ListItem","position":1,"name":"Home","item":"https:\/\/theyoungmessiah.com\/pt-pt\/"},{"@type":"ListItem","position":2,"name":"Sites locais de foda-se"}]}]}},"_links":{"self":[{"href":"https:\/\/theyoungmessiah.com\/pt-pt\/wp-json\/wp\/v2\/pages\/309"}],"collection":[{"href":"https:\/\/theyoungmessiah.com\/pt-pt\/wp-json\/wp\/v2\/pages"}],"about":[{"href":"https:\/\/theyoungmessiah.com\/pt-pt\/wp-json\/wp\/v2\/types\/page"}],"author":[{"embeddable":true,"href":"https:\/\/theyoungmessiah.com\/pt-pt\/wp-json\/wp\/v2\/users\/1"}],"replies":[{"embeddable":true,"href":"https:\/\/theyoungmessiah.com\/pt-pt\/wp-json\/wp\/v2\/comments?post=309"}],"version-history":[{"count":0,"href":"https:\/\/theyoungmessiah.com\/pt-pt\/wp-json\/wp\/v2\/pages\/309\/revisions"}],"wp:attachment":[{"href":"https:\/\/theyoungmessiah.com\/pt-pt\/wp-json\/wp\/v2\/media?parent=309"}],"curies":[{"name":"wp","href":"https:\/\/api.w.org\/{rel}","templated":true}]}}