{"id":311,"date":"2022-10-12T13:50:05","date_gmt":"2022-10-12T12:50:05","guid":{"rendered":"http:\/\/theyoungmessiah.com\/site-de-encontros-para-mulheres-mais-velhas\/"},"modified":"2022-10-12T13:50:05","modified_gmt":"2022-10-12T12:50:05","slug":"site-de-encontros-para-mulheres-mais-velhas","status":"publish","type":"page","link":"https:\/\/theyoungmessiah.com\/pt-pt\/site-de-encontros-para-mulheres-mais-velhas\/","title":{"rendered":"Site de encontros para mulheres mais velhas"},"content":{"rendered":"<p>H\u00e1 alguns <a href=\"http:\/\/theyoungmessiah.com\/local-fuck-sites\/\">sites de encontros<\/a> para mulheres mais velhas que valem a pena verificar. Se procura uma aventura ou uma liga\u00e7\u00e3o, estes sites podem ajud\u00e1-lo a encontrar o que procura. As mulheres mais velhas s\u00e3o muitas vezes mais experientes e mais confiantes do que as mulheres mais jovens, por isso podem ser uma \u00f3tima op\u00e7\u00e3o para uma noite divertida. Apenas leia as cr\u00edticas antes de se inscrever para qualquer coisa, para que saiba no que se est\u00e1 a meter.<\/p>\n<p>Sites de encontros de mulheres maduras s\u00e3o uma \u00f3tima maneira de as mulheres mais velhas conhecerem homens mais jovens. H\u00e1 muitos sites que atendem especificamente a mulheres mais velhas e homens mais jovens, e estes podem ser uma \u00f3tima maneira de encontrar um par. As mulheres mais velhas podem ter mais experi\u00eancia de vida e sabedoria do que as mulheres mais jovens, e isso pode ser apelativo para os homens mais jovens. Os homens mais jovens tamb\u00e9m podem ser atra\u00eddos por mulheres mais velhas porque tendem a ser mais confiantes e auto-asseguradas. Sites de encontros de mulheres maduras podem ser uma \u00f3tima maneira para as mulheres mais velhas e homens mais jovens encontrarem amor e companheirismo.<\/p>\n<h2>Onde pegar mulheres mais velhas<\/h2>\n<p>H\u00e1 muitas mulheres mais velhas que procuram o amor online. Voc\u00ea pode encontr\u00e1-los em sites de namoro como OurTime e eHarmony. Tamb\u00e9m pode encontr\u00e1-los em sites de redes sociais como Facebook e Twitter. Certifique-se de ser respeitoso e educado quando chegar at\u00e9 eles.<\/p>\n<h2>Sites de namoro de mulheres mais velhas<\/h2>\n<p>H\u00e1 muitos sites de encontros que atendem a mulheres mais velhas que procuram homens mais jovens, e vice-versa. Estes sites fornecem uma maneira conveniente para as mulheres mais velhas encontrarem potenciais parceiros sem terem que sair e cercar, e tamb\u00e9m oferecem um ambiente seguro e seguro para conversar e conhecer-se melhor. Muitos destes sites tamb\u00e9m t\u00eam f\u00f3runs e salas de chat, o que pode ser uma \u00f3tima maneira de conhecer outros membros e descobrir mais sobre a cena do namoro em geral.<\/p>\n<h3>Passion.com<\/h3>\n<p>Se procura uma aplica\u00e7\u00e3o que lhe permite conectar-se com mulheres mais velhas para namorar, Passion.com \u00e9 uma \u00f3tima op\u00e7\u00e3o. A aplica\u00e7\u00e3o \u00e9 f\u00e1cil de usar e tem uma interface limpa e moderna. Voc\u00ea pode pesquisar por mulheres por idade, localiza\u00e7\u00e3o e interesses, e ver perfis em uma grelha ou vista de lista. Passion.com tamb\u00e9m oferece uma grande funcionalidade chamada &#8220;Pontos de Paix\u00e3o&#8221; que lhe permite ganhar pontos ao completar certas atividades na app, que depois pode resgatar para atualiza\u00e7\u00f5es de membros gratuitos e outras regalias. No geral, Passion.com \u00e9 uma \u00f3tima op\u00e7\u00e3o para mulheres mais velhas que procuram uma aplica\u00e7\u00e3o de encontros que \u00e9 f\u00e1cil de usar e tem muitas funcionalidades.<\/p>\n<h3>FindMyFlings<\/h3>\n<p>FindMyFlings \u00e9 uma aplica\u00e7\u00e3o de encontros especificamente concebida para mulheres mais velhas. A aplica\u00e7\u00e3o \u00e9 f\u00e1cil de usar e tem muitas funcionalidades \u00f3timas, como uma fun\u00e7\u00e3o de pesquisa que permite encontrar mulheres mais velhas na sua \u00e1rea. A aplica\u00e7\u00e3o tamb\u00e9m tem uma funcionalidade de mensagens que permite contactar diretamente as mulheres mais velhas. No geral, findMyFlings \u00e9 uma \u00f3tima aplica\u00e7\u00e3o de encontros para mulheres mais velhas e definitivamente vale a pena verificar.<\/p>\n<h3>Kasual App<\/h3>\n<p>Kasual App \u00e9 uma nova aplica\u00e7\u00e3o de encontros que \u00e9 especificamente projetada para mulheres mais velhas. A aplica\u00e7\u00e3o \u00e9 gratuita para descarregar e usar, e oferece uma variedade de funcionalidades que s\u00e3o projetadas para tornar a experi\u00eancia de namoro mais agrad\u00e1vel para as mulheres mais velhas. A aplica\u00e7\u00e3o inclui uma fun\u00e7\u00e3o de pesquisa que permite aos utilizadores encontrar outros utilizadores que estejam nas proximidades, e tamb\u00e9m inclui uma fun\u00e7\u00e3o de mensagens que permite aos utilizadores comunicarem com outros utilizadores. A aplica\u00e7\u00e3o encontra-se atualmente dispon\u00edvel para download na App Store e Google Play, e espera-se que esteja dispon\u00edvel para download na Windows Store e na Amazon Appstore num futuro pr\u00f3ximo.<\/p>\n<h3>Ashley Madison<\/h3>\n<p>Ashley Madison \u00e9 uma aplica\u00e7\u00e3o de encontros especificamente projetada para mulheres mais velhas. \u00c9 um \u00f3timo aplicativo para mulheres mais velhas que procuram uma rela\u00e7\u00e3o s\u00e9ria ou apenas um caso casual. A aplica\u00e7\u00e3o \u00e9 f\u00e1cil de usar e tem muitas funcionalidades excelentes. A aplica\u00e7\u00e3o tamb\u00e9m tem uma boa reputa\u00e7\u00e3o por ser uma app de encontros segura e segura.<\/p>\n","protected":false},"excerpt":{"rendered":"<p>H\u00e1 alguns sites de encontros para mulheres mais velhas que valem a pena verificar. Se procura uma aventura ou uma liga\u00e7\u00e3o, estes sites podem ajud\u00e1-lo a encontrar o que procura. As mulheres mais velhas s\u00e3o muitas vezes mais experientes e mais confiantes do que as mulheres mais jovens, por isso podem ser uma \u00f3tima op\u00e7\u00e3o&#8230;<a class=\"read-more-link button\" href=\"https:\/\/theyoungmessiah.com\/pt-pt\/site-de-encontros-para-mulheres-mais-velhas\/\">Read more<\/a><\/p>\n","protected":false},"author":1,"featured_media":0,"parent":0,"menu_order":0,"comment_status":"closed","ping_status":"closed","template":"","meta":[],"yoast_head":"<!-- This site is optimized with the Yoast SEO plugin v17.7.1 - https:\/\/yoast.com\/wordpress\/plugins\/seo\/ -->\n<title>Site de encontros para mulheres mais velhas - Online Adult Dating<\/title>\n<meta name=\"robots\" content=\"index, follow, max-snippet:-1, max-image-preview:large, max-video-preview:-1\" \/>\n<link rel=\"canonical\" href=\"https:\/\/theyoungmessiah.com\/pt-pt\/site-de-encontros-para-mulheres-mais-velhas\/\" \/>\n<meta property=\"og:locale\" content=\"pt_PT\" \/>\n<meta property=\"og:type\" content=\"article\" \/>\n<meta property=\"og:title\" content=\"Site de encontros para mulheres mais velhas - Online Adult Dating\" \/>\n<meta property=\"og:description\" content=\"H\u00e1 alguns sites de encontros para mulheres mais velhas que valem a pena verificar. Se procura uma aventura ou uma liga\u00e7\u00e3o, estes sites podem ajud\u00e1-lo a encontrar o que procura. As mulheres mais velhas s\u00e3o muitas vezes mais experientes e mais confiantes do que as mulheres mais jovens, por isso podem ser uma \u00f3tima op\u00e7\u00e3o...Read more\" \/>\n<meta property=\"og:url\" content=\"https:\/\/theyoungmessiah.com\/pt-pt\/site-de-encontros-para-mulheres-mais-velhas\/\" \/>\n<meta property=\"og:site_name\" content=\"Online Adult Dating\" \/>\n<meta name=\"twitter:card\" content=\"summary_large_image\" \/>\n<meta name=\"twitter:label1\" content=\"Tempo estimado de leitura\" \/>\n\t<meta name=\"twitter:data1\" content=\"4 minutos\" \/>\n<script type=\"application\/ld+json\" class=\"yoast-schema-graph\">{\"@context\":\"https:\/\/schema.org\",\"@graph\":[{\"@type\":\"WebSite\",\"@id\":\"https:\/\/theyoungmessiah.com\/pt-pt\/#website\",\"url\":\"https:\/\/theyoungmessiah.com\/pt-pt\/\",\"name\":\"Online Adult Dating\",\"description\":\"Local Sex Hookups\",\"potentialAction\":[{\"@type\":\"SearchAction\",\"target\":{\"@type\":\"EntryPoint\",\"urlTemplate\":\"https:\/\/theyoungmessiah.com\/pt-pt\/?s={search_term_string}\"},\"query-input\":\"required name=search_term_string\"}],\"inLanguage\":\"pt-PT\"},{\"@type\":\"WebPage\",\"@id\":\"https:\/\/theyoungmessiah.com\/pt-pt\/site-de-encontros-para-mulheres-mais-velhas\/#webpage\",\"url\":\"https:\/\/theyoungmessiah.com\/pt-pt\/site-de-encontros-para-mulheres-mais-velhas\/\",\"name\":\"Site de encontros para mulheres mais velhas - Online Adult Dating\",\"isPartOf\":{\"@id\":\"https:\/\/theyoungmessiah.com\/pt-pt\/#website\"},\"datePublished\":\"2022-10-12T12:50:05+00:00\",\"dateModified\":\"2022-10-12T12:50:05+00:00\",\"breadcrumb\":{\"@id\":\"https:\/\/theyoungmessiah.com\/pt-pt\/site-de-encontros-para-mulheres-mais-velhas\/#breadcrumb\"},\"inLanguage\":\"pt-PT\",\"potentialAction\":[{\"@type\":\"ReadAction\",\"target\":[\"https:\/\/theyoungmessiah.com\/pt-pt\/site-de-encontros-para-mulheres-mais-velhas\/\"]}]},{\"@type\":\"BreadcrumbList\",\"@id\":\"https:\/\/theyoungmessiah.com\/pt-pt\/site-de-encontros-para-mulheres-mais-velhas\/#breadcrumb\",\"itemListElement\":[{\"@type\":\"ListItem\",\"position\":1,\"name\":\"Home\",\"item\":\"https:\/\/theyoungmessiah.com\/pt-pt\/\"},{\"@type\":\"ListItem\",\"position\":2,\"name\":\"Site de encontros para mulheres mais velhas\"}]}]}<\/script>\n<!-- \/ Yoast SEO plugin. -->","yoast_head_json":{"title":"Site de encontros para mulheres mais velhas - Online Adult Dating","robots":{"index":"index","follow":"follow","max-snippet":"max-snippet:-1","max-image-preview":"max-image-preview:large","max-video-preview":"max-video-preview:-1"},"canonical":"https:\/\/theyoungmessiah.com\/pt-pt\/site-de-encontros-para-mulheres-mais-velhas\/","og_locale":"pt_PT","og_type":"article","og_title":"Site de encontros para mulheres mais velhas - Online Adult Dating","og_description":"H\u00e1 alguns sites de encontros para mulheres mais velhas que valem a pena verificar. Se procura uma aventura ou uma liga\u00e7\u00e3o, estes sites podem ajud\u00e1-lo a encontrar o que procura. As mulheres mais velhas s\u00e3o muitas vezes mais experientes e mais confiantes do que as mulheres mais jovens, por isso podem ser uma \u00f3tima op\u00e7\u00e3o...Read more","og_url":"https:\/\/theyoungmessiah.com\/pt-pt\/site-de-encontros-para-mulheres-mais-velhas\/","og_site_name":"Online Adult Dating","twitter_card":"summary_large_image","twitter_misc":{"Tempo estimado de leitura":"4 minutos"},"schema":{"@context":"https:\/\/schema.org","@graph":[{"@type":"WebSite","@id":"https:\/\/theyoungmessiah.com\/pt-pt\/#website","url":"https:\/\/theyoungmessiah.com\/pt-pt\/","name":"Online Adult Dating","description":"Local Sex Hookups","potentialAction":[{"@type":"SearchAction","target":{"@type":"EntryPoint","urlTemplate":"https:\/\/theyoungmessiah.com\/pt-pt\/?s={search_term_string}"},"query-input":"required name=search_term_string"}],"inLanguage":"pt-PT"},{"@type":"WebPage","@id":"https:\/\/theyoungmessiah.com\/pt-pt\/site-de-encontros-para-mulheres-mais-velhas\/#webpage","url":"https:\/\/theyoungmessiah.com\/pt-pt\/site-de-encontros-para-mulheres-mais-velhas\/","name":"Site de encontros para mulheres mais velhas - Online Adult Dating","isPartOf":{"@id":"https:\/\/theyoungmessiah.com\/pt-pt\/#website"},"datePublished":"2022-10-12T12:50:05+00:00","dateModified":"2022-10-12T12:50:05+00:00","breadcrumb":{"@id":"https:\/\/theyoungmessiah.com\/pt-pt\/site-de-encontros-para-mulheres-mais-velhas\/#breadcrumb"},"inLanguage":"pt-PT","potentialAction":[{"@type":"ReadAction","target":["https:\/\/theyoungmessiah.com\/pt-pt\/site-de-encontros-para-mulheres-mais-velhas\/"]}]},{"@type":"BreadcrumbList","@id":"https:\/\/theyoungmessiah.com\/pt-pt\/site-de-encontros-para-mulheres-mais-velhas\/#breadcrumb","itemListElement":[{"@type":"ListItem","position":1,"name":"Home","item":"https:\/\/theyoungmessiah.com\/pt-pt\/"},{"@type":"ListItem","position":2,"name":"Site de encontros para mulheres mais velhas"}]}]}},"_links":{"self":[{"href":"https:\/\/theyoungmessiah.com\/pt-pt\/wp-json\/wp\/v2\/pages\/311"}],"collection":[{"href":"https:\/\/theyoungmessiah.com\/pt-pt\/wp-json\/wp\/v2\/pages"}],"about":[{"href":"https:\/\/theyoungmessiah.com\/pt-pt\/wp-json\/wp\/v2\/types\/page"}],"author":[{"embeddable":true,"href":"https:\/\/theyoungmessiah.com\/pt-pt\/wp-json\/wp\/v2\/users\/1"}],"replies":[{"embeddable":true,"href":"https:\/\/theyoungmessiah.com\/pt-pt\/wp-json\/wp\/v2\/comments?post=311"}],"version-history":[{"count":0,"href":"https:\/\/theyoungmessiah.com\/pt-pt\/wp-json\/wp\/v2\/pages\/311\/revisions"}],"wp:attachment":[{"href":"https:\/\/theyoungmessiah.com\/pt-pt\/wp-json\/wp\/v2\/media?parent=311"}],"curies":[{"name":"wp","href":"https:\/\/api.w.org\/{rel}","templated":true}]}}