{"id":330,"date":"2022-10-12T12:56:34","date_gmt":"2022-10-12T11:56:34","guid":{"rendered":"http:\/\/theyoungmessiah.com\/mundo-do-namoro-online\/"},"modified":"2022-10-12T12:56:34","modified_gmt":"2022-10-12T11:56:34","slug":"mundo-do-namoro-online","status":"publish","type":"page","link":"https:\/\/theyoungmessiah.com\/pt-pt\/","title":{"rendered":"Mundo do Namoro Online"},"content":{"rendered":"<p>O mundo dos encontros online mudou drasticamente na \u00faltima d\u00e9cada. Hoje em dia, h\u00e1 muitas op\u00e7\u00f5es para encontrar o amor &#8212; desde servi\u00e7os de matchmaking tradicionais a apps de nicho que atendem a interesses espec\u00edficos.<\/p>\n<p>Mas quais valem a pena verificar? Reunimos os nossos sites de encontros favoritos com base em categorias como custos, funcionalidades, popularidade e facilidade de uso.<\/p>\n<h2>Como classificamos os sites<\/h2>\n<p>Test\u00e1mos cada site cuidadosamente e classific\u00e1mo-los com base no n\u00famero de membros, seguran\u00e7a, hist\u00f3rias de sucesso, funcionalidades, pre\u00e7o, aplica\u00e7\u00f5es m\u00f3veis, disponibilidade de localiza\u00e7\u00e3o e muito mais.<\/p>\n<p>Encontros casuais podem servir como um passo de transi\u00e7\u00e3o entre encontros e uma rela\u00e7\u00e3o mais s\u00e9ria. Algumas pessoas sentem-se desconfort\u00e1veis por serem rom\u00e2nticas com algu\u00e9m que n\u00e3o conhecem bem. Outros t\u00eam medo de se magoar novamente. Outros ainda se preocupam com a forma como lidar\u00e3o com a intimidade. Namorar casualmente pode dar-lhe pr\u00e1tica falando sobre sentimentos, estabelecendo limites e praticando assertividade.<\/p>\n<h2>Come\u00e7ar com encontros casuais<\/h2>\n<p>Nem todas as pessoas se sentem confort\u00e1veis a namorar a s\u00e9rio (e muitas pessoas n\u00e3o est\u00e3o interessadas nele). Se n\u00e3o queres sair com ningu\u00e9m, tudo bem. Mas se quiser tentar encontros casuais, eis o que precisa considerar.<\/p>\n<p>FWBs e liga\u00e7\u00f5es tendem a funcionar sob um conjunto de regras. Encontros casuais geralmente envolvem algum tipo de par\u00e2metros semelhantes a relacionamentos, seja uma amizade comprometida sem compromissos ou algo mais s\u00e9rio. Embora haja muitas pessoas l\u00e1 fora que usam o termo &#8220;namoro casual&#8221; alternadamente com &#8220;namoro&#8221;, isso n\u00e3o \u00e9 necessariamente o que a palavra implica.<\/p>\n<h3>Namoro Casual Vs. Namoro S\u00e9rio<\/h3>\n<p>A diferen\u00e7a entre namoro casual e namoro s\u00e9rio &#8211; h\u00e1 algumas diferen\u00e7as distintas. Descobrimos que as pessoas definem encontros casuais de forma diferente &#8211; alguns pensam que significa ser capaz de ir a encontros sem ter que planear o futuro, enquanto outros dizem que significa que voc\u00ea n\u00e3o quer fazer um grande neg\u00f3cio com isso. E h\u00e1 aqueles que acreditam que n\u00e3o se deve sair com ningu\u00e9m a n\u00e3o ser que estejam prontos para se comprometerem.<\/p>\n<ul>\n<li>Encontro casual: Isto \u00e9 frequentemente (mas nem sempre) n\u00e3o \u00e9 exclusivo. As pessoas geralmente assumem que n\u00e3o faz mal ver outras pessoas a menos que tenha tido uma conversa expl\u00edcita sobre exclusividade. Ainda assim, \u00e9 sempre inteligente ter uma conversa sobre exclusividade em algum momento apenas para ter certeza de que todos est\u00e3o na mesma p\u00e1gina. Em termos gerais, encontros casuais referem-se a liga\u00e7\u00f5es que envolvem algum grau de liga\u00e7\u00e3o emocional.<\/li>\n<li>Namoro s\u00e9rio: As pessoas namoram muitas vezes seriamente na esperan\u00e7a de encontrar um parceiro para casar um dia. Mas o que constitui exatamente uma rela\u00e7\u00e3o s\u00e9ria? Trata-se de estar emocionalmente ligado? Ou precisas de discutir o teu futuro juntos? Se procura um parceiro de vida, eis como saber se algu\u00e9m pode ser o tal.<\/li>\n<\/ul>\n<p><img loading=\"lazy\" class=\" wp-image-35 aligncenter\" src=\"http:\/\/theyoungmessiah.com\/wp-content\/uploads\/2022\/10\/meet-up-dating-1024x684.jpeg\" alt=\"\" width=\"612\" height=\"409\" srcset=\"https:\/\/theyoungmessiah.com\/wp-content\/uploads\/2022\/10\/meet-up-dating-1024x684.jpeg 1024w, https:\/\/theyoungmessiah.com\/wp-content\/uploads\/2022\/10\/meet-up-dating-300x200.jpeg 300w, https:\/\/theyoungmessiah.com\/wp-content\/uploads\/2022\/10\/meet-up-dating-768x513.jpeg 768w, https:\/\/theyoungmessiah.com\/wp-content\/uploads\/2022\/10\/meet-up-dating-1536x1025.jpeg 1536w, https:\/\/theyoungmessiah.com\/wp-content\/uploads\/2022\/10\/meet-up-dating-2048x1367.jpeg 2048w\" sizes=\"(max-width: 612px) 100vw, 612px\" \/><\/p>\n<h3>O que fazer inicialmente<\/h3>\n<p>No in\u00edcio, encontros casuais parece uma maneira f\u00e1cil de conhecer pessoas sem ficar muito ligado. Afinal, n\u00e3o h\u00e1 expectativas, compromissos ou responsabilidades. Mas namorar casualmente n\u00e3o \u00e9 apenas encontrar algu\u00e9m com quem sair; trata-se de construir rela\u00e7\u00f5es baseadas na confian\u00e7a e no respeito m\u00fatuo. Encontros casuais requerem muita comunica\u00e7\u00e3o e maturidade emocional. Se te aproximares de encontros casuais com a atitude errada, podes ficar desapontado mais tarde.<\/p>\n<p>Al\u00e9m de ser respeitoso, considere as seguintes dicas antes de entrar em encontros casuais:<\/p>\n<ul>\n<li>Seja honesto. Diga \u00e0s datas potenciais o que realmente quer. N\u00e3o fa\u00e7a promessas que n\u00e3o cumprir\u00e1.<\/li>\n<li>Conhe\u00e7a os seus limites. O que se sente confort\u00e1vel partilhando com os outros? Est\u00e1 disposto a divulgar as suas informa\u00e7\u00f5es pessoais online? Tem uma palavra de seguran\u00e7a?<\/li>\n<li>Tem objetivos realistas. Namorar casualmente \u00e9 algo que est\u00e1s ansioso ou teme? Pensa no quanto gostarias de estar e se est\u00e1s pronto para levar as coisas mais longe.<\/li>\n<li>Estabele\u00e7a limites. Certifique-se de saber qual \u00e9 a sua posi\u00e7\u00e3o antes de entrar numa rela\u00e7\u00e3o.<\/li>\n<li>Esteja aberto \u00e0 mudan\u00e7a. Nunca se sabe o que pode acontecer num encontro casual.<\/li>\n<\/ul>\n<p>O namoro online tornou-se um m\u00e9todo cada vez mais popular de conhecer potenciais parceiros. N\u00e3o \u00e9 surpresa que milh\u00f5es de solteiros em todo o mundo estejam a usar estes sites para encontrar o amor.<\/p>\n<p>No entanto, a maioria das pessoas n\u00e3o percebe que os sites de encontros online funcionam de forma diferente dos m\u00e9todos tradicionais de conhecer pessoas.<\/p>\n<h3>Sites de namoro online funcionam de forma diferente dos m\u00e9todos tradicionais<\/h3>\n<p>Os m\u00e9todos tradicionais de namoro incluem ir a bares, clubes, restaurantes, festas e eventos. Estes lugares est\u00e3o cheios de estranhos. Isto dificulta a liga\u00e7\u00e3o com os outros. Por outro lado, os sites de encontros online permitem-lhe procurar f\u00f3sforos com base em crit\u00e9rios espec\u00edficos. Isto significa que pode reduzir os seus resultados de pesquisa at\u00e9 encontrar exatamente o que procura. Por exemplo, pode filtrar os resultados da sua pesquisa para encontrar homens ou mulheres entre os 18 e os 35 anos. Ou pode especificar se est\u00e1 interessado em homens ou mulheres. Voc\u00ea tamb\u00e9m pode definir prefer\u00eancias como localiza\u00e7\u00e3o, religi\u00e3o, etnia, n\u00edvel de educa\u00e7\u00e3o, ocupa\u00e7\u00e3o, passatempos, interesses e pontos de vista pol\u00edticos.<\/p>\n<p>Todas estas coisas ajudam-no a reduzir os resultados da pesquisa e a encontrar a pessoa certa para si.<\/p>\n<h3>Solteiros que querem conhecer novas pessoas<\/h3>\n<p>A maioria das pessoas que usam sites de encontros online s\u00e3o solteiros. Podem estar \u00e0 procura de uma rela\u00e7\u00e3o ou simplesmente a tentar conhecer novas pessoas. Como sites de encontros online permitem procurar f\u00f3sforos com base em determinados crit\u00e9rios, voc\u00ea pode facilmente encontrar algu\u00e9m que partilhe valores e cren\u00e7as semelhantes. Quando conheces algu\u00e9m que partilha os teus valores e cren\u00e7as, sentes-te confort\u00e1vel a falar com ele ou com ela. Isto ajuda-o a desenvolver rela\u00e7\u00f5es mais fortes mais rapidamente.<\/p>\n","protected":false},"excerpt":{"rendered":"<p>O mundo dos encontros online mudou drasticamente na \u00faltima d\u00e9cada. Hoje em dia, h\u00e1 muitas op\u00e7\u00f5es para encontrar o amor &#8212; desde servi\u00e7os de matchmaking tradicionais a apps de nicho que atendem a interesses espec\u00edficos. Mas quais valem a pena verificar? Reunimos os nossos sites de encontros favoritos com base em categorias como custos, funcionalidades,&#8230;<a class=\"read-more-link button\" href=\"https:\/\/theyoungmessiah.com\/pt-pt\/\">Read more<\/a><\/p>\n","protected":false},"author":1,"featured_media":132,"parent":0,"menu_order":0,"comment_status":"closed","ping_status":"closed","template":"","meta":[],"yoast_head":"<!-- This site is optimized with the Yoast SEO plugin v17.7.1 - https:\/\/yoast.com\/wordpress\/plugins\/seo\/ -->\n<title>Mundo do Namoro Online - Online Adult Dating<\/title>\n<meta name=\"robots\" content=\"index, follow, max-snippet:-1, max-image-preview:large, max-video-preview:-1\" \/>\n<link rel=\"canonical\" href=\"https:\/\/theyoungmessiah.com\/pt-pt\/\" \/>\n<meta property=\"og:locale\" content=\"pt_PT\" \/>\n<meta property=\"og:type\" content=\"article\" \/>\n<meta property=\"og:title\" content=\"Mundo do Namoro Online - Online Adult Dating\" \/>\n<meta property=\"og:description\" content=\"O mundo dos encontros online mudou drasticamente na \u00faltima d\u00e9cada. Hoje em dia, h\u00e1 muitas op\u00e7\u00f5es para encontrar o amor &#8212; desde servi\u00e7os de matchmaking tradicionais a apps de nicho que atendem a interesses espec\u00edficos. Mas quais valem a pena verificar? Reunimos os nossos sites de encontros favoritos com base em categorias como custos, funcionalidades,...Read more\" \/>\n<meta property=\"og:url\" content=\"https:\/\/theyoungmessiah.com\/pt-pt\/\" \/>\n<meta property=\"og:site_name\" content=\"Online Adult Dating\" \/>\n<meta property=\"og:image\" content=\"https:\/\/theyoungmessiah.com\/wp-content\/uploads\/2022\/10\/hookup-finder.jpeg\" \/>\n\t<meta property=\"og:image:width\" content=\"1600\" \/>\n\t<meta property=\"og:image:height\" content=\"1067\" \/>\n<meta name=\"twitter:card\" content=\"summary_large_image\" \/>\n<meta name=\"twitter:label1\" content=\"Tempo estimado de leitura\" \/>\n\t<meta name=\"twitter:data1\" content=\"5 minutos\" \/>\n<script type=\"application\/ld+json\" class=\"yoast-schema-graph\">{\"@context\":\"https:\/\/schema.org\",\"@graph\":[{\"@type\":\"WebSite\",\"@id\":\"https:\/\/theyoungmessiah.com\/pt-pt\/#website\",\"url\":\"https:\/\/theyoungmessiah.com\/pt-pt\/\",\"name\":\"Online Adult Dating\",\"description\":\"Local Sex Hookups\",\"potentialAction\":[{\"@type\":\"SearchAction\",\"target\":{\"@type\":\"EntryPoint\",\"urlTemplate\":\"https:\/\/theyoungmessiah.com\/pt-pt\/?s={search_term_string}\"},\"query-input\":\"required name=search_term_string\"}],\"inLanguage\":\"pt-PT\"},{\"@type\":\"ImageObject\",\"@id\":\"https:\/\/theyoungmessiah.com\/pt-pt\/#primaryimage\",\"inLanguage\":\"pt-PT\",\"url\":\"https:\/\/theyoungmessiah.com\/wp-content\/uploads\/2022\/10\/hookup-finder.jpeg\",\"contentUrl\":\"https:\/\/theyoungmessiah.com\/wp-content\/uploads\/2022\/10\/hookup-finder.jpeg\",\"width\":1600,\"height\":1067},{\"@type\":\"WebPage\",\"@id\":\"https:\/\/theyoungmessiah.com\/pt-pt\/#webpage\",\"url\":\"https:\/\/theyoungmessiah.com\/pt-pt\/\",\"name\":\"Mundo do Namoro Online - Online Adult Dating\",\"isPartOf\":{\"@id\":\"https:\/\/theyoungmessiah.com\/pt-pt\/#website\"},\"primaryImageOfPage\":{\"@id\":\"https:\/\/theyoungmessiah.com\/pt-pt\/#primaryimage\"},\"datePublished\":\"2022-10-12T11:56:34+00:00\",\"dateModified\":\"2022-10-12T11:56:34+00:00\",\"breadcrumb\":{\"@id\":\"https:\/\/theyoungmessiah.com\/pt-pt\/#breadcrumb\"},\"inLanguage\":\"pt-PT\",\"potentialAction\":[{\"@type\":\"ReadAction\",\"target\":[\"https:\/\/theyoungmessiah.com\/pt-pt\/\"]}]},{\"@type\":\"BreadcrumbList\",\"@id\":\"https:\/\/theyoungmessiah.com\/pt-pt\/#breadcrumb\",\"itemListElement\":[{\"@type\":\"ListItem\",\"position\":1,\"name\":\"Home\",\"item\":\"https:\/\/theyoungmessiah.com\/pt-pt\/\"},{\"@type\":\"ListItem\",\"position\":2,\"name\":\"Mundo do Namoro Online\"}]}]}<\/script>\n<!-- \/ Yoast SEO plugin. -->","yoast_head_json":{"title":"Mundo do Namoro Online - Online Adult Dating","robots":{"index":"index","follow":"follow","max-snippet":"max-snippet:-1","max-image-preview":"max-image-preview:large","max-video-preview":"max-video-preview:-1"},"canonical":"https:\/\/theyoungmessiah.com\/pt-pt\/","og_locale":"pt_PT","og_type":"article","og_title":"Mundo do Namoro Online - Online Adult Dating","og_description":"O mundo dos encontros online mudou drasticamente na \u00faltima d\u00e9cada. Hoje em dia, h\u00e1 muitas op\u00e7\u00f5es para encontrar o amor &#8212; desde servi\u00e7os de matchmaking tradicionais a apps de nicho que atendem a interesses espec\u00edficos. Mas quais valem a pena verificar? Reunimos os nossos sites de encontros favoritos com base em categorias como custos, funcionalidades,...Read more","og_url":"https:\/\/theyoungmessiah.com\/pt-pt\/","og_site_name":"Online Adult Dating","og_image":[{"width":1600,"height":1067,"url":"https:\/\/theyoungmessiah.com\/wp-content\/uploads\/2022\/10\/hookup-finder.jpeg","type":"image\/jpeg"}],"twitter_card":"summary_large_image","twitter_misc":{"Tempo estimado de leitura":"5 minutos"},"schema":{"@context":"https:\/\/schema.org","@graph":[{"@type":"WebSite","@id":"https:\/\/theyoungmessiah.com\/pt-pt\/#website","url":"https:\/\/theyoungmessiah.com\/pt-pt\/","name":"Online Adult Dating","description":"Local Sex Hookups","potentialAction":[{"@type":"SearchAction","target":{"@type":"EntryPoint","urlTemplate":"https:\/\/theyoungmessiah.com\/pt-pt\/?s={search_term_string}"},"query-input":"required name=search_term_string"}],"inLanguage":"pt-PT"},{"@type":"ImageObject","@id":"https:\/\/theyoungmessiah.com\/pt-pt\/#primaryimage","inLanguage":"pt-PT","url":"https:\/\/theyoungmessiah.com\/wp-content\/uploads\/2022\/10\/hookup-finder.jpeg","contentUrl":"https:\/\/theyoungmessiah.com\/wp-content\/uploads\/2022\/10\/hookup-finder.jpeg","width":1600,"height":1067},{"@type":"WebPage","@id":"https:\/\/theyoungmessiah.com\/pt-pt\/#webpage","url":"https:\/\/theyoungmessiah.com\/pt-pt\/","name":"Mundo do Namoro Online - Online Adult Dating","isPartOf":{"@id":"https:\/\/theyoungmessiah.com\/pt-pt\/#website"},"primaryImageOfPage":{"@id":"https:\/\/theyoungmessiah.com\/pt-pt\/#primaryimage"},"datePublished":"2022-10-12T11:56:34+00:00","dateModified":"2022-10-12T11:56:34+00:00","breadcrumb":{"@id":"https:\/\/theyoungmessiah.com\/pt-pt\/#breadcrumb"},"inLanguage":"pt-PT","potentialAction":[{"@type":"ReadAction","target":["https:\/\/theyoungmessiah.com\/pt-pt\/"]}]},{"@type":"BreadcrumbList","@id":"https:\/\/theyoungmessiah.com\/pt-pt\/#breadcrumb","itemListElement":[{"@type":"ListItem","position":1,"name":"Home","item":"https:\/\/theyoungmessiah.com\/pt-pt\/"},{"@type":"ListItem","position":2,"name":"Mundo do Namoro Online"}]}]}},"_links":{"self":[{"href":"https:\/\/theyoungmessiah.com\/pt-pt\/wp-json\/wp\/v2\/pages\/330"}],"collection":[{"href":"https:\/\/theyoungmessiah.com\/pt-pt\/wp-json\/wp\/v2\/pages"}],"about":[{"href":"https:\/\/theyoungmessiah.com\/pt-pt\/wp-json\/wp\/v2\/types\/page"}],"author":[{"embeddable":true,"href":"https:\/\/theyoungmessiah.com\/pt-pt\/wp-json\/wp\/v2\/users\/1"}],"replies":[{"embeddable":true,"href":"https:\/\/theyoungmessiah.com\/pt-pt\/wp-json\/wp\/v2\/comments?post=330"}],"version-history":[{"count":0,"href":"https:\/\/theyoungmessiah.com\/pt-pt\/wp-json\/wp\/v2\/pages\/330\/revisions"}],"wp:featuredmedia":[{"embeddable":true,"href":"https:\/\/theyoungmessiah.com\/pt-pt\/wp-json\/wp\/v2\/media\/132"}],"wp:attachment":[{"href":"https:\/\/theyoungmessiah.com\/pt-pt\/wp-json\/wp\/v2\/media?parent=330"}],"curies":[{"name":"wp","href":"https:\/\/api.w.org\/{rel}","templated":true}]}}