{"id":154,"date":"2022-10-12T14:00:38","date_gmt":"2022-10-12T13:00:38","guid":{"rendered":"http:\/\/theyoungmessiah.com\/bisexuell-anslutning\/"},"modified":"2022-10-12T14:00:38","modified_gmt":"2022-10-12T13:00:38","slug":"bisexuell-anslutning","status":"publish","type":"page","link":"https:\/\/theyoungmessiah.com\/sv\/bisexuell-anslutning\/","title":{"rendered":"Bisexuell anslutning"},"content":{"rendered":"<p>Det finns n\u00e5gra olika bisexuella dejtingsajter som du kan anv\u00e4nda f\u00f6r att ansluta dig till n\u00e5gon. Dessa webbplatser \u00e4r utformade speciellt f\u00f6r personer som \u00e4r intresserade av att dejta eller ansluta sig till n\u00e5gon som \u00e4r bisexuell. De kan vara ett bra s\u00e4tt att tr\u00e4ffa nya m\u00e4nniskor och utforska din sexualitet. Det \u00e4r dock viktigt att vara f\u00f6rsiktig n\u00e4r du anv\u00e4nder dessa webbplatser, eftersom det finns vissa m\u00e4nniskor som kanske inte \u00e4r \u00e4kta. Se alltid till att chatta med m\u00e4nniskor online innan du tr\u00e4ffar dem personligen.<\/p>\n<h2>Bisexuella webbplatser<\/h2>\n<p>Det finns m\u00e5nga bisexuella webbplatser som tillgodoser dem som \u00e4r intresserade av att dejta b\u00e5de m\u00e4n och kvinnor. Dessa webbplatser har vanligtvis en stor pool av medlemmar att v\u00e4lja mellan och erbjuder en m\u00e4ngd olika funktioner som g\u00f6r dem enkla att anv\u00e4nda och effektiva f\u00f6r att hj\u00e4lpa m\u00e4nniskor att hitta kompatibla matchningar. N\u00e5gra av de mest popul\u00e4ra bisexuella dejtingsajterna inkluderar Bicupid, BiPeopleMeet och BiCurious. Dessa webbplatser har funnits ett tag och har etablerat rykte som p\u00e5litliga och framg\u00e5ngsrika f\u00f6r att hj\u00e4lpa m\u00e4nniskor att hitta det de letar efter.<\/p>\n<h2>Casual Bi Dating<\/h2>\n<p>Det finns m\u00e5nga anledningar att prova avslappnad bi dating. Kanske \u00e4r du nyfiken p\u00e5 att utforska din sexualitet, eller s\u00e5 \u00e4r du intresserad av att prova n\u00e5got nytt med din partner. Oavsett anledning kan avslappnad bi dating vara ett bra s\u00e4tt att tr\u00e4ffa nya m\u00e4nniskor och ha kul.<\/p>\n<p>Det finns n\u00e5gra saker att t\u00e4nka p\u00e5 om du funderar p\u00e5 avslappnad bi-dejting. F\u00f6r det f\u00f6rsta \u00e4r det viktigt att vara \u00e4rlig mot dig sj\u00e4lv och din partner om vad du letar efter. Var tydlig med dina gr\u00e4nser och f\u00f6rv\u00e4ntningar och se till att alla \u00e4r p\u00e5 samma sida. Det \u00e4r ocks\u00e5 en bra id\u00e9 att g\u00f6ra lite forskning i f\u00f6rv\u00e4g s\u00e5 att du vet vad du kan f\u00f6rv\u00e4nta dig.<\/p>\n<p>Om du \u00e4r \u00f6ppen och \u00e4rlig om vad du letar efter kan avslappnad bi-dejting vara ett bra s\u00e4tt att utforska din sexualitet och ha kul. Se bara till att kommunicera med din partner och s\u00e4tt n\u00e5gra gr\u00e4nser s\u00e5 att alla \u00e4r bekv\u00e4ma och s\u00e4kra.<\/p>\n<p>Det kan inte f\u00f6rnekas att <a href=\"http:\/\/theyoungmessiah.com\/sv\/mot-for-sex\/\">online dating har gjort det enklare \u00e4n n\u00e5gonsin att ansluta sig<\/a>. Men f\u00f6r bisexuella singlar kan det vara lite sv\u00e5rare att hitta en bra matchning.<\/p>\n<p>\u00c4ven om det finns gott om dejtingsajter och appar som tillgodoser raka singlar, finns det inte s\u00e5 m\u00e5nga alternativ f\u00f6r dem som identifierar sig som bisexuella. Och p\u00e5 grund av det kan bisexuella anslutningar vara lite sv\u00e5rare att f\u00e5 tag p\u00e5.<\/p>\n<p>Men det betyder inte att de \u00e4r om\u00f6jliga att hitta. Det finns n\u00e5gra bisexuella specifika dejtingsajter och appar d\u00e4r ute, och till och med n\u00e5gra allm\u00e4nna dejtingsajter och appar som inkluderar alla sexuella l\u00e4ggningar.<\/p>\n<p>S\u00e5 om du letar efter en bisexuell anslutning, f\u00f6rtvivla inte. Det finns gott om m\u00e4nniskor d\u00e4r ute som \u00e4r precis som du.<\/p>\n<h3>Lovoo<\/h3>\n<p>Lovoo \u00e4r en dejtingapp som v\u00e4xer i popularitet, s\u00e4rskilt bland bisexuella singlar. Appen \u00e4r enkel att anv\u00e4nda och har ett anv\u00e4ndarv\u00e4nligt gr\u00e4nssnitt. Det har ocks\u00e5 m\u00e5nga funktioner som g\u00f6r det till ett utm\u00e4rkt alternativ f\u00f6r bisexuell dejting. Lovoo har till exempel en funktion som g\u00f6r det m\u00f6jligt f\u00f6r anv\u00e4ndare att se vem som \u00e4r online samtidigt som dem. Detta \u00e4r bra f\u00f6r att hitta potentiella matchningar som \u00e4r online och redo att chatta. Appen har ocks\u00e5 en &#8221;matchmaker&#8221; -funktion som hj\u00e4lper anv\u00e4ndare att hitta potentiella matchningar baserat p\u00e5 deras intressen. Sammantaget \u00e4r Lovoo ett bra alternativ f\u00f6r bisexuella singlar som letar efter en dejtingsapp som \u00e4r l\u00e4tt att anv\u00e4nda och har m\u00e5nga funktioner.<\/p>\n<h3>BoneAMilf<\/h3>\n<p>BoneAMilf \u00e4r en ny dejtingapp som skakar om n\u00e4tdejtingscenen f\u00f6r bisexuella. Denna app \u00e4r utformad speciellt f\u00f6r dem som lockas av mogna kvinnor och vill hitta ett datum eller anslutning till en. Appen \u00e4r enkel att anv\u00e4nda och har ett rent, modernt gr\u00e4nssnitt. Den har ocks\u00e5 en stor databas med anv\u00e4ndare, s\u00e5 du \u00e4r s\u00e4ker p\u00e5 att hitta n\u00e5gon som uppfyller dina kriterier.<\/p>\n<h3>FriendFinder-X<\/h3>\n<p>FriendFinder-X \u00e4r ett utm\u00e4rkt alternativ f\u00f6r bisexuella singlar eller par som letar efter sexigt kul online. Webbplatsen har miljontals medlemmar \u00f6ver hela v\u00e4rlden, s\u00e5 det finns definitivt n\u00e5got f\u00f6r alla. Registreringsprocessen \u00e4r snabb och enkel, och du kan b\u00f6rja chatta, flirta och ansluta direkt.<\/p>\n<p>Webbplatsen har m\u00e5nga fantastiska funktioner, inklusive livechatt, videochatt och en virtuell v\u00e4rld d\u00e4r du kan utforska dina fantasier. Du kan ocks\u00e5 hitta lokala medlemmar att ansluta till personligen. FriendFinder-X \u00e4r ett bra alternativ f\u00f6r alla som letar efter lite bisexuell kul.<\/p>\n<h3>Tillsammans2Night<\/h3>\n<p>Om du letar efter en dejtingsapp som v\u00e4nder sig till bisexuella singlar, vill du kolla in Together2Night. Denna app \u00e4r en av de mest popul\u00e4ra bisexuella dejtingsajterna, och det \u00e4r l\u00e4tt att se varf\u00f6r. Webbplatsen har ett rent, l\u00e4ttanv\u00e4nt gr\u00e4nssnitt och det \u00e4r packat med funktioner som g\u00f6r det enkelt att ansluta till andra bisexuella singlar. Det b\u00e4sta av allt \u00e4r att det \u00e4r gratis att g\u00e5 med, s\u00e5 att du kan b\u00f6rja tr\u00e4ffa nya m\u00e4nniskor direkt.<\/p>\n","protected":false},"excerpt":{"rendered":"<p>Det finns n\u00e5gra olika bisexuella dejtingsajter som du kan anv\u00e4nda f\u00f6r att ansluta dig till n\u00e5gon. Dessa webbplatser \u00e4r utformade speciellt f\u00f6r personer som \u00e4r intresserade av att dejta eller ansluta sig till n\u00e5gon som \u00e4r bisexuell. De kan vara ett bra s\u00e4tt att tr\u00e4ffa nya m\u00e4nniskor och utforska din sexualitet. Det \u00e4r dock viktigt&#8230;<a class=\"read-more-link button\" href=\"https:\/\/theyoungmessiah.com\/sv\/bisexuell-anslutning\/\">Read more<\/a><\/p>\n","protected":false},"author":1,"featured_media":0,"parent":0,"menu_order":0,"comment_status":"closed","ping_status":"closed","template":"","meta":[],"yoast_head":"<!-- This site is optimized with the Yoast SEO plugin v17.7.1 - https:\/\/yoast.com\/wordpress\/plugins\/seo\/ -->\n<title>Bisexuell anslutning - Online Adult Dating<\/title>\n<meta name=\"robots\" content=\"index, follow, max-snippet:-1, max-image-preview:large, max-video-preview:-1\" \/>\n<link rel=\"canonical\" href=\"https:\/\/theyoungmessiah.com\/sv\/bisexuell-anslutning\/\" \/>\n<meta property=\"og:locale\" content=\"sv_SE\" \/>\n<meta property=\"og:type\" content=\"article\" \/>\n<meta property=\"og:title\" content=\"Bisexuell anslutning - Online Adult Dating\" \/>\n<meta property=\"og:description\" content=\"Det finns n\u00e5gra olika bisexuella dejtingsajter som du kan anv\u00e4nda f\u00f6r att ansluta dig till n\u00e5gon. Dessa webbplatser \u00e4r utformade speciellt f\u00f6r personer som \u00e4r intresserade av att dejta eller ansluta sig till n\u00e5gon som \u00e4r bisexuell. De kan vara ett bra s\u00e4tt att tr\u00e4ffa nya m\u00e4nniskor och utforska din sexualitet. Det \u00e4r dock viktigt...Read more\" \/>\n<meta property=\"og:url\" content=\"https:\/\/theyoungmessiah.com\/sv\/bisexuell-anslutning\/\" \/>\n<meta property=\"og:site_name\" content=\"Online Adult Dating\" \/>\n<meta name=\"twitter:card\" content=\"summary_large_image\" \/>\n<meta name=\"twitter:label1\" content=\"Ber\u00e4knad l\u00e4stid\" \/>\n\t<meta name=\"twitter:data1\" content=\"5 minuter\" \/>\n<script type=\"application\/ld+json\" class=\"yoast-schema-graph\">{\"@context\":\"https:\/\/schema.org\",\"@graph\":[{\"@type\":\"WebSite\",\"@id\":\"http:\/\/theyoungmessiah.com\/sv\/#website\",\"url\":\"http:\/\/theyoungmessiah.com\/sv\/\",\"name\":\"Online Adult Dating\",\"description\":\"Local Sex Hookups\",\"potentialAction\":[{\"@type\":\"SearchAction\",\"target\":{\"@type\":\"EntryPoint\",\"urlTemplate\":\"http:\/\/theyoungmessiah.com\/sv\/?s={search_term_string}\"},\"query-input\":\"required name=search_term_string\"}],\"inLanguage\":\"sv-SE\"},{\"@type\":\"WebPage\",\"@id\":\"https:\/\/theyoungmessiah.com\/sv\/bisexuell-anslutning\/#webpage\",\"url\":\"https:\/\/theyoungmessiah.com\/sv\/bisexuell-anslutning\/\",\"name\":\"Bisexuell anslutning - Online Adult Dating\",\"isPartOf\":{\"@id\":\"http:\/\/theyoungmessiah.com\/sv\/#website\"},\"datePublished\":\"2022-10-12T13:00:38+00:00\",\"dateModified\":\"2022-10-12T13:00:38+00:00\",\"breadcrumb\":{\"@id\":\"https:\/\/theyoungmessiah.com\/sv\/bisexuell-anslutning\/#breadcrumb\"},\"inLanguage\":\"sv-SE\",\"potentialAction\":[{\"@type\":\"ReadAction\",\"target\":[\"https:\/\/theyoungmessiah.com\/sv\/bisexuell-anslutning\/\"]}]},{\"@type\":\"BreadcrumbList\",\"@id\":\"https:\/\/theyoungmessiah.com\/sv\/bisexuell-anslutning\/#breadcrumb\",\"itemListElement\":[{\"@type\":\"ListItem\",\"position\":1,\"name\":\"Home\",\"item\":\"https:\/\/theyoungmessiah.com\/sv\/\"},{\"@type\":\"ListItem\",\"position\":2,\"name\":\"Bisexuell anslutning\"}]}]}<\/script>\n<!-- \/ Yoast SEO plugin. -->","yoast_head_json":{"title":"Bisexuell anslutning - Online Adult Dating","robots":{"index":"index","follow":"follow","max-snippet":"max-snippet:-1","max-image-preview":"max-image-preview:large","max-video-preview":"max-video-preview:-1"},"canonical":"https:\/\/theyoungmessiah.com\/sv\/bisexuell-anslutning\/","og_locale":"sv_SE","og_type":"article","og_title":"Bisexuell anslutning - Online Adult Dating","og_description":"Det finns n\u00e5gra olika bisexuella dejtingsajter som du kan anv\u00e4nda f\u00f6r att ansluta dig till n\u00e5gon. Dessa webbplatser \u00e4r utformade speciellt f\u00f6r personer som \u00e4r intresserade av att dejta eller ansluta sig till n\u00e5gon som \u00e4r bisexuell. De kan vara ett bra s\u00e4tt att tr\u00e4ffa nya m\u00e4nniskor och utforska din sexualitet. Det \u00e4r dock viktigt...Read more","og_url":"https:\/\/theyoungmessiah.com\/sv\/bisexuell-anslutning\/","og_site_name":"Online Adult Dating","twitter_card":"summary_large_image","twitter_misc":{"Ber\u00e4knad l\u00e4stid":"5 minuter"},"schema":{"@context":"https:\/\/schema.org","@graph":[{"@type":"WebSite","@id":"http:\/\/theyoungmessiah.com\/sv\/#website","url":"http:\/\/theyoungmessiah.com\/sv\/","name":"Online Adult Dating","description":"Local Sex Hookups","potentialAction":[{"@type":"SearchAction","target":{"@type":"EntryPoint","urlTemplate":"http:\/\/theyoungmessiah.com\/sv\/?s={search_term_string}"},"query-input":"required name=search_term_string"}],"inLanguage":"sv-SE"},{"@type":"WebPage","@id":"https:\/\/theyoungmessiah.com\/sv\/bisexuell-anslutning\/#webpage","url":"https:\/\/theyoungmessiah.com\/sv\/bisexuell-anslutning\/","name":"Bisexuell anslutning - Online Adult Dating","isPartOf":{"@id":"http:\/\/theyoungmessiah.com\/sv\/#website"},"datePublished":"2022-10-12T13:00:38+00:00","dateModified":"2022-10-12T13:00:38+00:00","breadcrumb":{"@id":"https:\/\/theyoungmessiah.com\/sv\/bisexuell-anslutning\/#breadcrumb"},"inLanguage":"sv-SE","potentialAction":[{"@type":"ReadAction","target":["https:\/\/theyoungmessiah.com\/sv\/bisexuell-anslutning\/"]}]},{"@type":"BreadcrumbList","@id":"https:\/\/theyoungmessiah.com\/sv\/bisexuell-anslutning\/#breadcrumb","itemListElement":[{"@type":"ListItem","position":1,"name":"Home","item":"https:\/\/theyoungmessiah.com\/sv\/"},{"@type":"ListItem","position":2,"name":"Bisexuell anslutning"}]}]}},"_links":{"self":[{"href":"https:\/\/theyoungmessiah.com\/sv\/wp-json\/wp\/v2\/pages\/154"}],"collection":[{"href":"https:\/\/theyoungmessiah.com\/sv\/wp-json\/wp\/v2\/pages"}],"about":[{"href":"https:\/\/theyoungmessiah.com\/sv\/wp-json\/wp\/v2\/types\/page"}],"author":[{"embeddable":true,"href":"https:\/\/theyoungmessiah.com\/sv\/wp-json\/wp\/v2\/users\/1"}],"replies":[{"embeddable":true,"href":"https:\/\/theyoungmessiah.com\/sv\/wp-json\/wp\/v2\/comments?post=154"}],"version-history":[{"count":0,"href":"https:\/\/theyoungmessiah.com\/sv\/wp-json\/wp\/v2\/pages\/154\/revisions"}],"wp:attachment":[{"href":"https:\/\/theyoungmessiah.com\/sv\/wp-json\/wp\/v2\/media?parent=154"}],"curies":[{"name":"wp","href":"https:\/\/api.w.org\/{rel}","templated":true}]}}