{"id":164,"date":"2022-10-12T14:00:11","date_gmt":"2022-10-12T13:00:11","guid":{"rendered":"http:\/\/theyoungmessiah.com\/mot-for-sex\/"},"modified":"2022-10-12T14:00:11","modified_gmt":"2022-10-12T13:00:11","slug":"mot-for-sex","status":"publish","type":"page","link":"https:\/\/theyoungmessiah.com\/sv\/mot-for-sex\/","title":{"rendered":"M\u00f6t f\u00f6r sex"},"content":{"rendered":"<p>N\u00e4r tv\u00e5 personer tr\u00e4ffas f\u00f6r sex beror det oftast p\u00e5 att de attraheras av varandra och vill ha samlag. Ibland tr\u00e4ffas m\u00e4nniskor f\u00f6r sex eftersom de letar efter ett avslappnat sexuellt m\u00f6te utan n\u00e5gon k\u00e4nslom\u00e4ssig anknytning; Detta \u00e4r dock inte alltid fallet. M\u00e4nniskor kan ocks\u00e5 tr\u00e4ffas f\u00f6r sex f\u00f6r att de \u00e4r i ett engagerat f\u00f6rh\u00e5llande och vill krydda saker, eller f\u00f6r att de \u00e4r i ett \u00f6ppet f\u00f6rh\u00e5llande och letar efter nya sexpartners. Oavsett vad anledningen \u00e4r kan m\u00f6te f\u00f6r sex vara en rolig och sp\u00e4nnande upplevelse f\u00f6r b\u00e5da inblandade parter.<\/p>\n<h2>Lokala sexsajter<\/h2>\n<p>De flesta dejtingsajter \u00e4r utformade f\u00f6r att hj\u00e4lpa m\u00e4nniskor att hitta lokala singlar i sitt omr\u00e5de. Det finns dock ocks\u00e5 ett antal sexsajter som tillgodoser m\u00e4nniskor som letar efter lokala anslutningar. Dessa webbplatser kan vara ett bra s\u00e4tt att hitta lokala partners f\u00f6r avslappnad sex, men det \u00e4r viktigt att vara medveten om riskerna.<\/p>\n<p>Det finns n\u00e5gra saker att t\u00e4nka p\u00e5 n\u00e4r du anv\u00e4nder lokala sexsajter. F\u00f6r det f\u00f6rsta \u00e4r det viktigt att se till att du bara tr\u00e4ffar personer som \u00e4r myndiga. F\u00f6r det andra \u00e4r det viktigt att vara medveten om risken f\u00f6r bedr\u00e4gerier. Det finns ett antal personer som skapar falska profiler p\u00e5 dessa webbplatser f\u00f6r att dra nytta av intet ont anande anv\u00e4ndare. Slutligen \u00e4r det viktigt att anv\u00e4nda sunt f\u00f6rnuft n\u00e4r man tr\u00e4ffar n\u00e5gon fr\u00e5n en lokal sexsajt. Se till att ni tr\u00e4ffas p\u00e5 en offentlig plats och att ni har ett s\u00e4tt att kontakta varandra om n\u00e5got skulle g\u00e5 fel.<\/p>\n<h2>Gratis sex dejtingsajter<\/h2>\n<p>Det finns m\u00e5nga gratis sexdejtingsajter online som tillgodoser m\u00e4nniskor som letar efter avslappnade sexanslutningar. Dessa webbplatser \u00e4r vanligtvis l\u00e4tta att anv\u00e4nda och l\u00e5ter dig s\u00f6ka efter personer i ditt omr\u00e5de som letar efter samma sak som du. Du kan vanligtvis skicka meddelanden till dessa m\u00e4nniskor och ordna att tr\u00e4ffas f\u00f6r en anslutning. Det \u00e4r dock viktigt att komma ih\u00e5g att inte alla p\u00e5 dessa webbplatser letar efter samma sak, s\u00e5 det \u00e4r viktigt att vara tydlig med vad du letar efter innan du tr\u00e4ffar n\u00e5gon.<\/p>\n<h2>Gratis sexsajter<\/h2>\n<p>Det finns m\u00e5nga gratis sexsajter d\u00e4r ute, men inte alla \u00e4r v\u00e4rda att anv\u00e4nda. De som \u00e4r v\u00e4rda att anv\u00e4nda kommer att ha m\u00e5nga medlemmar och vara l\u00e4tta att anv\u00e4nda. Du b\u00f6r ocks\u00e5 enkelt kunna hitta matchningar p\u00e5 dessa webbplatser.<\/p>\n<h3>BBWCupid<\/h3>\n<p>BBWCupid \u00e4r en dejtingapp designad f\u00f6r kurviga kvinnor och de m\u00e4n som \u00e4lskar dem. Det \u00e4r gratis att ladda ner och skapa en profil, och du kan bl\u00e4ddra igenom profiler av lokala singlar i ditt omr\u00e5de. Om du ser n\u00e5gon du gillar kan du skicka ett meddelande till dem och se om de \u00e4r intresserade av att tr\u00e4ffas.<\/p>\n<p>Appen \u00e4r enkel att anv\u00e4nda och har m\u00e5nga fantastiska funktioner, som videochatt och snabbmeddelanden. Det \u00e4r ett utm\u00e4rkt s\u00e4tt att tr\u00e4ffa kurviga kvinnor f\u00f6r dejting, v\u00e4nskap eller till och med bara ansluta. Om du letar efter en BBW-dejtingsapp \u00e4r BBWCupid ett bra alternativ.<\/p>\n<h3>SimpleFlirts<\/h3>\n<p>SimpleFlirts \u00e4r en popul\u00e4r dejtingsapp som hj\u00e4lper m\u00e4nniskor att f\u00e5 kontakt med varandra f\u00f6r avslappnad sex. Appen har ett gott rykte f\u00f6r att vara l\u00e4tt att anv\u00e4nda och f\u00f6r att ansluta m\u00e4nniskor snabbt. Appen \u00e4r gratis att ladda ner och anv\u00e4nda, och den erbjuder ett brett utbud av funktioner till sina anv\u00e4ndare. Vissa anv\u00e4ndare har dock klagat p\u00e5 att appen \u00e4r buggy och om bristen p\u00e5 en s\u00f6kfunktion. Sammantaget \u00e4r SimpleFlirts ett bra alternativ f\u00f6r personer som letar efter avslappnade sexpartners.<\/p>\n<h3>Rubmaps<\/h3>\n<p>Rubmaps \u00e4r en popul\u00e4r dejtingsapp som l\u00e5ter anv\u00e4ndare hitta potentiella partners f\u00f6r avslappnade m\u00f6ten. Appen har ett enkelt gr\u00e4nssnitt och \u00e4r l\u00e4tt att anv\u00e4nda. Den har ocks\u00e5 en stor databas med anv\u00e4ndare, vilket g\u00f6r det till ett utm\u00e4rkt val f\u00f6r dem som letar efter ett avslappnat m\u00f6te. Appen \u00e4r gratis att ladda ner och anv\u00e4nda, och det finns inget behov av att skapa ett konto. Det \u00e4r dock viktigt att notera att Rubmaps inte \u00e4r en anslutningsapp, och anv\u00e4ndare b\u00f6r vara medvetna om att de kan tr\u00e4ffa potentiella partners f\u00f6r sex.<\/p>\n<h3>Xpress<\/h3>\n<p>Om du letar efter en dejtingsapp som hj\u00e4lper dig att tr\u00e4ffa n\u00e5gon f\u00f6r en snabb anslutning \u00e4r Xpress ett bra alternativ. Med en stor anv\u00e4ndarbas och en snabb registreringsprocess \u00e4r det l\u00e4tt att hitta n\u00e5gon att ansluta till snabbt och enkelt. Appen har ocks\u00e5 ett gott rykte f\u00f6r att vara s\u00e4ker och s\u00e4ker, s\u00e5 du kan vara s\u00e4ker p\u00e5 att din information \u00e4r skyddad. Men eftersom det \u00e4r en anslutningsapp finns det n\u00e5gra falska profiler och bedragare, s\u00e5 var f\u00f6rsiktig n\u00e4r du sveper. Sammantaget \u00e4r Xpress ett bra alternativ om du letar efter ett snabbt och enkelt s\u00e4tt att tr\u00e4ffa n\u00e5gon f\u00f6r en snabb anslutning.<\/p>\n","protected":false},"excerpt":{"rendered":"<p>N\u00e4r tv\u00e5 personer tr\u00e4ffas f\u00f6r sex beror det oftast p\u00e5 att de attraheras av varandra och vill ha samlag. Ibland tr\u00e4ffas m\u00e4nniskor f\u00f6r sex eftersom de letar efter ett avslappnat sexuellt m\u00f6te utan n\u00e5gon k\u00e4nslom\u00e4ssig anknytning; Detta \u00e4r dock inte alltid fallet. M\u00e4nniskor kan ocks\u00e5 tr\u00e4ffas f\u00f6r sex f\u00f6r att de \u00e4r i ett engagerat&#8230;<a class=\"read-more-link button\" href=\"https:\/\/theyoungmessiah.com\/sv\/mot-for-sex\/\">Read more<\/a><\/p>\n","protected":false},"author":1,"featured_media":0,"parent":0,"menu_order":0,"comment_status":"closed","ping_status":"closed","template":"","meta":[],"yoast_head":"<!-- This site is optimized with the Yoast SEO plugin v17.7.1 - https:\/\/yoast.com\/wordpress\/plugins\/seo\/ -->\n<title>M\u00f6t f\u00f6r sex - Online Adult Dating<\/title>\n<meta name=\"robots\" content=\"index, follow, max-snippet:-1, max-image-preview:large, max-video-preview:-1\" \/>\n<link rel=\"canonical\" href=\"https:\/\/theyoungmessiah.com\/sv\/mot-for-sex\/\" \/>\n<meta property=\"og:locale\" content=\"sv_SE\" \/>\n<meta property=\"og:type\" content=\"article\" \/>\n<meta property=\"og:title\" content=\"M\u00f6t f\u00f6r sex - Online Adult Dating\" \/>\n<meta property=\"og:description\" content=\"N\u00e4r tv\u00e5 personer tr\u00e4ffas f\u00f6r sex beror det oftast p\u00e5 att de attraheras av varandra och vill ha samlag. Ibland tr\u00e4ffas m\u00e4nniskor f\u00f6r sex eftersom de letar efter ett avslappnat sexuellt m\u00f6te utan n\u00e5gon k\u00e4nslom\u00e4ssig anknytning; Detta \u00e4r dock inte alltid fallet. M\u00e4nniskor kan ocks\u00e5 tr\u00e4ffas f\u00f6r sex f\u00f6r att de \u00e4r i ett engagerat...Read more\" \/>\n<meta property=\"og:url\" content=\"https:\/\/theyoungmessiah.com\/sv\/mot-for-sex\/\" \/>\n<meta property=\"og:site_name\" content=\"Online Adult Dating\" \/>\n<meta name=\"twitter:card\" content=\"summary_large_image\" \/>\n<meta name=\"twitter:label1\" content=\"Ber\u00e4knad l\u00e4stid\" \/>\n\t<meta name=\"twitter:data1\" content=\"5 minuter\" \/>\n<script type=\"application\/ld+json\" class=\"yoast-schema-graph\">{\"@context\":\"https:\/\/schema.org\",\"@graph\":[{\"@type\":\"WebSite\",\"@id\":\"https:\/\/theyoungmessiah.com\/sv\/#website\",\"url\":\"https:\/\/theyoungmessiah.com\/sv\/\",\"name\":\"Online Adult Dating\",\"description\":\"Local Sex Hookups\",\"potentialAction\":[{\"@type\":\"SearchAction\",\"target\":{\"@type\":\"EntryPoint\",\"urlTemplate\":\"https:\/\/theyoungmessiah.com\/sv\/?s={search_term_string}\"},\"query-input\":\"required name=search_term_string\"}],\"inLanguage\":\"sv-SE\"},{\"@type\":\"WebPage\",\"@id\":\"https:\/\/theyoungmessiah.com\/sv\/mot-for-sex\/#webpage\",\"url\":\"https:\/\/theyoungmessiah.com\/sv\/mot-for-sex\/\",\"name\":\"M\\u00f6t f\\u00f6r sex - Online Adult Dating\",\"isPartOf\":{\"@id\":\"https:\/\/theyoungmessiah.com\/sv\/#website\"},\"datePublished\":\"2022-10-12T13:00:11+00:00\",\"dateModified\":\"2022-10-12T13:00:11+00:00\",\"breadcrumb\":{\"@id\":\"https:\/\/theyoungmessiah.com\/sv\/mot-for-sex\/#breadcrumb\"},\"inLanguage\":\"sv-SE\",\"potentialAction\":[{\"@type\":\"ReadAction\",\"target\":[\"https:\/\/theyoungmessiah.com\/sv\/mot-for-sex\/\"]}]},{\"@type\":\"BreadcrumbList\",\"@id\":\"https:\/\/theyoungmessiah.com\/sv\/mot-for-sex\/#breadcrumb\",\"itemListElement\":[{\"@type\":\"ListItem\",\"position\":1,\"name\":\"Home\",\"item\":\"http:\/\/theyoungmessiah.com\/sv\/\"},{\"@type\":\"ListItem\",\"position\":2,\"name\":\"M\\u00f6t f\\u00f6r sex\"}]}]}<\/script>\n<!-- \/ Yoast SEO plugin. -->","yoast_head_json":{"title":"M\u00f6t f\u00f6r sex - Online Adult Dating","robots":{"index":"index","follow":"follow","max-snippet":"max-snippet:-1","max-image-preview":"max-image-preview:large","max-video-preview":"max-video-preview:-1"},"canonical":"https:\/\/theyoungmessiah.com\/sv\/mot-for-sex\/","og_locale":"sv_SE","og_type":"article","og_title":"M\u00f6t f\u00f6r sex - Online Adult Dating","og_description":"N\u00e4r tv\u00e5 personer tr\u00e4ffas f\u00f6r sex beror det oftast p\u00e5 att de attraheras av varandra och vill ha samlag. Ibland tr\u00e4ffas m\u00e4nniskor f\u00f6r sex eftersom de letar efter ett avslappnat sexuellt m\u00f6te utan n\u00e5gon k\u00e4nslom\u00e4ssig anknytning; Detta \u00e4r dock inte alltid fallet. M\u00e4nniskor kan ocks\u00e5 tr\u00e4ffas f\u00f6r sex f\u00f6r att de \u00e4r i ett engagerat...Read more","og_url":"https:\/\/theyoungmessiah.com\/sv\/mot-for-sex\/","og_site_name":"Online Adult Dating","twitter_card":"summary_large_image","twitter_misc":{"Ber\u00e4knad l\u00e4stid":"5 minuter"},"schema":{"@context":"https:\/\/schema.org","@graph":[{"@type":"WebSite","@id":"https:\/\/theyoungmessiah.com\/sv\/#website","url":"https:\/\/theyoungmessiah.com\/sv\/","name":"Online Adult Dating","description":"Local Sex Hookups","potentialAction":[{"@type":"SearchAction","target":{"@type":"EntryPoint","urlTemplate":"https:\/\/theyoungmessiah.com\/sv\/?s={search_term_string}"},"query-input":"required name=search_term_string"}],"inLanguage":"sv-SE"},{"@type":"WebPage","@id":"https:\/\/theyoungmessiah.com\/sv\/mot-for-sex\/#webpage","url":"https:\/\/theyoungmessiah.com\/sv\/mot-for-sex\/","name":"M\u00f6t f\u00f6r sex - Online Adult Dating","isPartOf":{"@id":"https:\/\/theyoungmessiah.com\/sv\/#website"},"datePublished":"2022-10-12T13:00:11+00:00","dateModified":"2022-10-12T13:00:11+00:00","breadcrumb":{"@id":"https:\/\/theyoungmessiah.com\/sv\/mot-for-sex\/#breadcrumb"},"inLanguage":"sv-SE","potentialAction":[{"@type":"ReadAction","target":["https:\/\/theyoungmessiah.com\/sv\/mot-for-sex\/"]}]},{"@type":"BreadcrumbList","@id":"https:\/\/theyoungmessiah.com\/sv\/mot-for-sex\/#breadcrumb","itemListElement":[{"@type":"ListItem","position":1,"name":"Home","item":"http:\/\/theyoungmessiah.com\/sv\/"},{"@type":"ListItem","position":2,"name":"M\u00f6t f\u00f6r sex"}]}]}},"_links":{"self":[{"href":"https:\/\/theyoungmessiah.com\/sv\/wp-json\/wp\/v2\/pages\/164"}],"collection":[{"href":"https:\/\/theyoungmessiah.com\/sv\/wp-json\/wp\/v2\/pages"}],"about":[{"href":"https:\/\/theyoungmessiah.com\/sv\/wp-json\/wp\/v2\/types\/page"}],"author":[{"embeddable":true,"href":"https:\/\/theyoungmessiah.com\/sv\/wp-json\/wp\/v2\/users\/1"}],"replies":[{"embeddable":true,"href":"https:\/\/theyoungmessiah.com\/sv\/wp-json\/wp\/v2\/comments?post=164"}],"version-history":[{"count":0,"href":"https:\/\/theyoungmessiah.com\/sv\/wp-json\/wp\/v2\/pages\/164\/revisions"}],"wp:attachment":[{"href":"https:\/\/theyoungmessiah.com\/sv\/wp-json\/wp\/v2\/media?parent=164"}],"curies":[{"name":"wp","href":"https:\/\/api.w.org\/{rel}","templated":true}]}}