{"id":165,"date":"2022-10-12T13:59:28","date_gmt":"2022-10-12T12:59:28","guid":{"rendered":"http:\/\/theyoungmessiah.com\/sugar-mummy-webbplatser\/"},"modified":"2022-10-12T13:59:28","modified_gmt":"2022-10-12T12:59:28","slug":"sugar-mummy-webbplatser","status":"publish","type":"page","link":"https:\/\/theyoungmessiah.com\/sv\/sugar-mummy-webbplatser\/","title":{"rendered":"Sugar Mummy webbplatser"},"content":{"rendered":"<p>Det finns olika sockermammasidor tillg\u00e4ngliga p\u00e5 internet. Dessa webbplatser ger en plattform f\u00f6r \u00e4ldre kvinnor att f\u00e5 kontakt med yngre m\u00e4n f\u00f6r sexuella relationer. Sockermammorna tar vanligtvis ut en medlemsavgift, och de \u00e4ldre kvinnorna erbjuder ekonomiska incitament till de yngre m\u00e4nnen i utbyte mot sexuella tj\u00e4nster. Arrangemanget \u00e4r \u00f6msesidigt f\u00f6rdelaktigt, eftersom de \u00e4ldre kvinnorna f\u00e5r njuta av s\u00e4llskap med yngre, attraktiva m\u00e4n, och de yngre m\u00e4nnen f\u00e5r uppleva sexuella relationer med \u00e4ldre, mer erfarna kvinnor.<\/p>\n<h2>Lokal sockermamma<\/h2>\n<p>Det finns gott om sockermammor i dejtingscenen, och de finns i alla former och storlekar. Vissa \u00e4r \u00e4ldre kvinnor som letar efter en ung, stilig man att f\u00f6rst\u00f6ra och sk\u00e4mma bort, medan andra helt enkelt letar efter n\u00e5gon som kan f\u00e5 dem att k\u00e4nna sig unga och levande igen. Oavsett vilken typ du har, finns det s\u00e4kert en sockermamma d\u00e4r ute som \u00e4r perfekt f\u00f6r dig. Det b\u00e4sta s\u00e4ttet att hitta din perfekta match \u00e4r att komma ut och b\u00f6rja dejta! Delta i lokala singelevenemang eller registrera dig f\u00f6r en dejtingsajt som \u00e4r s\u00e4rskilt inriktad p\u00e5 sockermammor och de m\u00e4n som \u00e4lskar dem. Med lite anstr\u00e4ngning \u00e4r du s\u00e4ker p\u00e5 att hitta dina dr\u00f6mmars sockermamma.<\/p>\n<p>Det finns n\u00e5gra saker att t\u00e4nka p\u00e5 n\u00e4r du letar efter en sockermamma online. F\u00f6r det f\u00f6rsta \u00e4r det viktigt att vara \u00e4rlig om vad du letar efter. Var tydlig med dina avsikter och se till att kommunicera dem till potentiella matchningar. F\u00f6r det andra, ha t\u00e5lamod och var villig att l\u00e4gga ner arbetet f\u00f6r att hitta r\u00e4tt person f\u00f6r dig. Det finns m\u00e5nga sockermammor d\u00e4r ute, men det kan ta lite tid att hitta r\u00e4tt f\u00f6r dig. Slutligen, n\u00e4r du hittar en sockermamma som du klickar med, var noga med att behandla henne med respekt och uppskattning.<\/p>\n<h2>Dejta en sockermamma<\/h2>\n<p>Det finns n\u00e5gra saker att t\u00e4nka p\u00e5 om du \u00e4r intresserad av att dejta en sockermamma online. F\u00f6r det f\u00f6rsta \u00e4r sockermammor vanligtvis \u00e4ldre kvinnor, s\u00e5 du m\u00e5ste vara okej med det. F\u00f6r det andra letar de vanligtvis efter n\u00e5gon som kan f\u00e5 dem att k\u00e4nna sig speciella och uppskattade, s\u00e5 se till att visa upp dina b\u00e4sta egenskaper. Slutligen kommer de sannolikt att vara mycket gener\u00f6sa med sin tid och pengar, s\u00e5 var beredd att bli bortsk\u00e4md! Om du tror att du kan hantera allt detta, forts\u00e4tt och prova. Vem vet, du kanske bara hittar den perfekta sockermamma f\u00f6r dig.<\/p>\n<h3>Gott om fisk<\/h3>\n<p>Plenty of Fish \u00e4r en dejtingsapp som till\u00e5ter anv\u00e4ndare att skapa en profil, hitta matchningar och chatta med andra anv\u00e4ndare. Appen har ett gott rykte f\u00f6r att vara l\u00e4tt att anv\u00e4nda och f\u00f6r att tillhandah\u00e5lla en stor pool av potentiella matchningar. Vissa anv\u00e4ndare har dock klagat p\u00e5 att appen \u00e4r buggy och att det \u00e4r sv\u00e5rt att avbryta en prenumeration. Sammantaget \u00e4r Plenty of Fish ett bra alternativ f\u00f6r dem som letar efter en sockermamma-webbplats.<\/p>\n<h3>XCheaters<\/h3>\n<p>Om du letar efter en sockermamma b\u00f6r du definitivt kolla in XCheaters. Det \u00e4r en av de mest popul\u00e4ra sockermammaplatserna, och med goda sk\u00e4l. Appen \u00e4r enkel att anv\u00e4nda och det \u00e4r gratis att g\u00e5 med. Dessutom finns det massor av sockermumier p\u00e5 webbplatsen som letar efter n\u00e5gon precis som du.<\/p>\n<p>S\u00e5 om du letar efter en sockermamma \u00e4r XCheaters definitivt webbplatsen f\u00f6r dig. Appen \u00e4r enkel att anv\u00e4nda och det finns massor av sockermumier p\u00e5 webbplatsen. Dessutom \u00e4r det gratis att g\u00e5 med. S\u00e5, vad v\u00e4ntar du p\u00e5? G\u00e5 och kolla in det!<\/p>\n<h3>Instasex<\/h3>\n<p>Instasex \u00e4r en ny dejtingapp som lovar att ta sockermammasajter till en helt ny niv\u00e5. Med sina unika funktioner och anv\u00e4ndarv\u00e4nliga gr\u00e4nssnitt g\u00f6r det det enkelt f\u00f6r anv\u00e4ndare att hitta och ansluta till sockermamma-webbplatser. Appen till\u00e5ter ocks\u00e5 anv\u00e4ndare att chatta och dela foton med varandra, vilket g\u00f6r det till en utm\u00e4rkt plattform f\u00f6r sockermammasidor att ansluta och interagera med varandra.<\/p>\n<h3>S\u00f6ker arrangemang<\/h3>\n<p>Om du letar efter en sockermamma \u00e4r Seeking Arrangements dejtingsappen f\u00f6r dig. Med \u00f6ver 10 miljoner medlemmar \u00f6ver hela v\u00e4rlden \u00e4r det den st\u00f6rsta sockermammasidan p\u00e5 internet. Och det \u00e4r gratis att g\u00e5 med! Du kan skapa en profil, s\u00f6ka efter sockermumier i ditt omr\u00e5de och skicka meddelanden till dem gratis.<\/p>\n<p>Det b\u00e4sta med Seeking Arrangements \u00e4r att det \u00e4r ett s\u00e4kert och enkelt s\u00e4tt att tr\u00e4ffa sockermumier. Du beh\u00f6ver inte oroa dig f\u00f6r bedragare eller falska profiler, eftersom webbplatsen modereras av ett team av proffs. Och om du n\u00e5gonsin har n\u00e5gra fr\u00e5gor eller funderingar kan du alltid kontakta kundsupport.<\/p>\n<p>S\u00e5 om du letar efter en sockermamma \u00e4r Seeking Arrangements den perfekta dejtingsappen f\u00f6r dig. Registrera dig idag och b\u00f6rja skicka meddelanden till sockermumier i ditt omr\u00e5de!<\/p>\n","protected":false},"excerpt":{"rendered":"<p>Det finns olika sockermammasidor tillg\u00e4ngliga p\u00e5 internet. Dessa webbplatser ger en plattform f\u00f6r \u00e4ldre kvinnor att f\u00e5 kontakt med yngre m\u00e4n f\u00f6r sexuella relationer. Sockermammorna tar vanligtvis ut en medlemsavgift, och de \u00e4ldre kvinnorna erbjuder ekonomiska incitament till de yngre m\u00e4nnen i utbyte mot sexuella tj\u00e4nster. Arrangemanget \u00e4r \u00f6msesidigt f\u00f6rdelaktigt, eftersom de \u00e4ldre kvinnorna f\u00e5r&#8230;<a class=\"read-more-link button\" href=\"https:\/\/theyoungmessiah.com\/sv\/sugar-mummy-webbplatser\/\">Read more<\/a><\/p>\n","protected":false},"author":1,"featured_media":0,"parent":0,"menu_order":0,"comment_status":"closed","ping_status":"closed","template":"","meta":[],"yoast_head":"<!-- This site is optimized with the Yoast SEO plugin v17.7.1 - https:\/\/yoast.com\/wordpress\/plugins\/seo\/ -->\n<title>Sugar Mummy webbplatser - Online Adult Dating<\/title>\n<meta name=\"robots\" content=\"index, follow, max-snippet:-1, max-image-preview:large, max-video-preview:-1\" \/>\n<link rel=\"canonical\" href=\"https:\/\/theyoungmessiah.com\/sv\/sugar-mummy-webbplatser\/\" \/>\n<meta property=\"og:locale\" content=\"sv_SE\" \/>\n<meta property=\"og:type\" content=\"article\" \/>\n<meta property=\"og:title\" content=\"Sugar Mummy webbplatser - Online Adult Dating\" \/>\n<meta property=\"og:description\" content=\"Det finns olika sockermammasidor tillg\u00e4ngliga p\u00e5 internet. Dessa webbplatser ger en plattform f\u00f6r \u00e4ldre kvinnor att f\u00e5 kontakt med yngre m\u00e4n f\u00f6r sexuella relationer. Sockermammorna tar vanligtvis ut en medlemsavgift, och de \u00e4ldre kvinnorna erbjuder ekonomiska incitament till de yngre m\u00e4nnen i utbyte mot sexuella tj\u00e4nster. Arrangemanget \u00e4r \u00f6msesidigt f\u00f6rdelaktigt, eftersom de \u00e4ldre kvinnorna f\u00e5r...Read more\" \/>\n<meta property=\"og:url\" content=\"https:\/\/theyoungmessiah.com\/sv\/sugar-mummy-webbplatser\/\" \/>\n<meta property=\"og:site_name\" content=\"Online Adult Dating\" \/>\n<meta name=\"twitter:card\" content=\"summary_large_image\" \/>\n<meta name=\"twitter:label1\" content=\"Ber\u00e4knad l\u00e4stid\" \/>\n\t<meta name=\"twitter:data1\" content=\"4 minuter\" \/>\n<script type=\"application\/ld+json\" class=\"yoast-schema-graph\">{\"@context\":\"https:\/\/schema.org\",\"@graph\":[{\"@type\":\"WebSite\",\"@id\":\"https:\/\/theyoungmessiah.com\/sv\/#website\",\"url\":\"https:\/\/theyoungmessiah.com\/sv\/\",\"name\":\"Online Adult Dating\",\"description\":\"Local Sex Hookups\",\"potentialAction\":[{\"@type\":\"SearchAction\",\"target\":{\"@type\":\"EntryPoint\",\"urlTemplate\":\"https:\/\/theyoungmessiah.com\/sv\/?s={search_term_string}\"},\"query-input\":\"required name=search_term_string\"}],\"inLanguage\":\"sv-SE\"},{\"@type\":\"WebPage\",\"@id\":\"https:\/\/theyoungmessiah.com\/sv\/sugar-mummy-webbplatser\/#webpage\",\"url\":\"https:\/\/theyoungmessiah.com\/sv\/sugar-mummy-webbplatser\/\",\"name\":\"Sugar Mummy webbplatser - Online Adult Dating\",\"isPartOf\":{\"@id\":\"https:\/\/theyoungmessiah.com\/sv\/#website\"},\"datePublished\":\"2022-10-12T12:59:28+00:00\",\"dateModified\":\"2022-10-12T12:59:28+00:00\",\"breadcrumb\":{\"@id\":\"https:\/\/theyoungmessiah.com\/sv\/sugar-mummy-webbplatser\/#breadcrumb\"},\"inLanguage\":\"sv-SE\",\"potentialAction\":[{\"@type\":\"ReadAction\",\"target\":[\"https:\/\/theyoungmessiah.com\/sv\/sugar-mummy-webbplatser\/\"]}]},{\"@type\":\"BreadcrumbList\",\"@id\":\"https:\/\/theyoungmessiah.com\/sv\/sugar-mummy-webbplatser\/#breadcrumb\",\"itemListElement\":[{\"@type\":\"ListItem\",\"position\":1,\"name\":\"Home\",\"item\":\"http:\/\/theyoungmessiah.com\/sv\/\"},{\"@type\":\"ListItem\",\"position\":2,\"name\":\"Sugar Mummy webbplatser\"}]}]}<\/script>\n<!-- \/ Yoast SEO plugin. -->","yoast_head_json":{"title":"Sugar Mummy webbplatser - Online Adult Dating","robots":{"index":"index","follow":"follow","max-snippet":"max-snippet:-1","max-image-preview":"max-image-preview:large","max-video-preview":"max-video-preview:-1"},"canonical":"https:\/\/theyoungmessiah.com\/sv\/sugar-mummy-webbplatser\/","og_locale":"sv_SE","og_type":"article","og_title":"Sugar Mummy webbplatser - Online Adult Dating","og_description":"Det finns olika sockermammasidor tillg\u00e4ngliga p\u00e5 internet. Dessa webbplatser ger en plattform f\u00f6r \u00e4ldre kvinnor att f\u00e5 kontakt med yngre m\u00e4n f\u00f6r sexuella relationer. Sockermammorna tar vanligtvis ut en medlemsavgift, och de \u00e4ldre kvinnorna erbjuder ekonomiska incitament till de yngre m\u00e4nnen i utbyte mot sexuella tj\u00e4nster. Arrangemanget \u00e4r \u00f6msesidigt f\u00f6rdelaktigt, eftersom de \u00e4ldre kvinnorna f\u00e5r...Read more","og_url":"https:\/\/theyoungmessiah.com\/sv\/sugar-mummy-webbplatser\/","og_site_name":"Online Adult Dating","twitter_card":"summary_large_image","twitter_misc":{"Ber\u00e4knad l\u00e4stid":"4 minuter"},"schema":{"@context":"https:\/\/schema.org","@graph":[{"@type":"WebSite","@id":"https:\/\/theyoungmessiah.com\/sv\/#website","url":"https:\/\/theyoungmessiah.com\/sv\/","name":"Online Adult Dating","description":"Local Sex Hookups","potentialAction":[{"@type":"SearchAction","target":{"@type":"EntryPoint","urlTemplate":"https:\/\/theyoungmessiah.com\/sv\/?s={search_term_string}"},"query-input":"required name=search_term_string"}],"inLanguage":"sv-SE"},{"@type":"WebPage","@id":"https:\/\/theyoungmessiah.com\/sv\/sugar-mummy-webbplatser\/#webpage","url":"https:\/\/theyoungmessiah.com\/sv\/sugar-mummy-webbplatser\/","name":"Sugar Mummy webbplatser - Online Adult Dating","isPartOf":{"@id":"https:\/\/theyoungmessiah.com\/sv\/#website"},"datePublished":"2022-10-12T12:59:28+00:00","dateModified":"2022-10-12T12:59:28+00:00","breadcrumb":{"@id":"https:\/\/theyoungmessiah.com\/sv\/sugar-mummy-webbplatser\/#breadcrumb"},"inLanguage":"sv-SE","potentialAction":[{"@type":"ReadAction","target":["https:\/\/theyoungmessiah.com\/sv\/sugar-mummy-webbplatser\/"]}]},{"@type":"BreadcrumbList","@id":"https:\/\/theyoungmessiah.com\/sv\/sugar-mummy-webbplatser\/#breadcrumb","itemListElement":[{"@type":"ListItem","position":1,"name":"Home","item":"http:\/\/theyoungmessiah.com\/sv\/"},{"@type":"ListItem","position":2,"name":"Sugar Mummy webbplatser"}]}]}},"_links":{"self":[{"href":"https:\/\/theyoungmessiah.com\/sv\/wp-json\/wp\/v2\/pages\/165"}],"collection":[{"href":"https:\/\/theyoungmessiah.com\/sv\/wp-json\/wp\/v2\/pages"}],"about":[{"href":"https:\/\/theyoungmessiah.com\/sv\/wp-json\/wp\/v2\/types\/page"}],"author":[{"embeddable":true,"href":"https:\/\/theyoungmessiah.com\/sv\/wp-json\/wp\/v2\/users\/1"}],"replies":[{"embeddable":true,"href":"https:\/\/theyoungmessiah.com\/sv\/wp-json\/wp\/v2\/comments?post=165"}],"version-history":[{"count":0,"href":"https:\/\/theyoungmessiah.com\/sv\/wp-json\/wp\/v2\/pages\/165\/revisions"}],"wp:attachment":[{"href":"https:\/\/theyoungmessiah.com\/sv\/wp-json\/wp\/v2\/media?parent=165"}],"curies":[{"name":"wp","href":"https:\/\/api.w.org\/{rel}","templated":true}]}}