{"id":180,"date":"2022-10-12T13:59:19","date_gmt":"2022-10-12T12:59:19","guid":{"rendered":"http:\/\/theyoungmessiah.com\/kink-dejtingsajter\/"},"modified":"2022-10-12T13:59:19","modified_gmt":"2022-10-12T12:59:19","slug":"kink-dejtingsajter","status":"publish","type":"page","link":"https:\/\/theyoungmessiah.com\/sv\/kink-dejtingsajter\/","title":{"rendered":"Kink Dejtingsajter"},"content":{"rendered":"<p>Det finns en m\u00e4ngd olika kink dejtingsajter tillg\u00e4ngliga f\u00f6r m\u00e4nniskor som \u00e4r intresserade av att utforska sina sexuella fetischer och kinks. Dessa webbplatser ger en s\u00e4ker och bekv\u00e4m milj\u00f6 f\u00f6r m\u00e4nniskor att f\u00e5 kontakt med andra som delar liknande intressen. Kink dejtingsajter kan vara ett bra s\u00e4tt att tr\u00e4ffa nya m\u00e4nniskor och utforska din sexualitet p\u00e5 ett s\u00e4kert och samf\u00f6rst\u00e5ndsm\u00e4ssigt s\u00e4tt.<\/p>\n<h2>Lokal BDSM-anslutning<\/h2>\n<p>Om du letar efter lokala BDSM-anslutningar finns det n\u00e5gra saker du b\u00f6r t\u00e4nka p\u00e5. F\u00f6r det f\u00f6rsta \u00e4r det viktigt att hitta en grupp eller gemenskap som du \u00e4r bekv\u00e4m med. Det finns m\u00e5nga olika BDSM-grupper d\u00e4r ute, s\u00e5 det \u00e4r viktigt att hitta en som du passar in i. N\u00e4r du har hittat en grupp \u00e4r n\u00e4sta steg att hitta n\u00e5gon som du \u00e4r kompatibel med. Detta kan g\u00f6ras genom att delta i evenemang eller tr\u00e4ffa m\u00e4nniskor online. N\u00e4r du har hittat n\u00e5gon \u00e4r det viktigt att kommunicera och se till att ni b\u00e5da \u00e4r p\u00e5 samma sida. BDSM kan vara mycket roligt, men det \u00e4r viktigt att se till att alla \u00e4r bekv\u00e4ma och s\u00e4kra.<\/p>\n<p>Det finns gott om bondage dejtingsajter som tillgodoser dem som gillar BDSM och kinkier sexlek. Du kan s\u00f6ka efter lokala medlemmar som gillar samma saker som du och som bor i n\u00e4rheten. Detta g\u00f6r det enkelt att tr\u00e4ffas f\u00f6r lite kinky kul. M\u00e5nga av dessa webbplatser har gratis medlemskap, s\u00e5 du kan prova dem innan du f\u00f6rbinder dig till n\u00e5gonting. Se bara till att du l\u00e4ser recensionerna f\u00f6rst f\u00f6r att se vad andra tyckte om deras erfarenhet.<\/p>\n<h2>Gratis Kinky Kontaktannonser<\/h2>\n<p>Det finns m\u00e5nga kinky kontaktannonser webbplatser online, och de \u00e4r alla gratis att anv\u00e4nda. Du kan hitta kinky singlar i ditt omr\u00e5de som \u00e4r i alla typer av kinks och fetischer. Oavsett om du gillar BDSM, fotfetisch eller n\u00e5got annat, kommer du att kunna hitta n\u00e5gon som delar dina intressen p\u00e5 en kinky kontaktannonser.<\/p>\n<h3>AdultFriendFinder<\/h3>\n<p>AdultFriendFinder \u00e4r en av de mest popul\u00e4ra dejtingsapparna f\u00f6r kinksters. Den har en stor anv\u00e4ndarbas och \u00e4r mycket popul\u00e4r i kink-samh\u00e4llet. Appen \u00e4r enkel att anv\u00e4nda och har m\u00e5nga funktioner. Du kan s\u00f6ka efter anv\u00e4ndare efter plats, \u00e5lder, k\u00f6n och intressen. Appen har ocks\u00e5 en meddelandefunktion s\u00e5 att du kan kommunicera med andra anv\u00e4ndare. Appen \u00e4r gratis att anv\u00e4nda, men det finns ett betalt prenumerationsalternativ om du vill komma \u00e5t fler funktioner.<\/p>\n<h3>Rubmaps<\/h3>\n<p>Rubmaps \u00e4r en ny dejtingapp som v\u00e4nder sig till b\u00e5de kinksters och fetsters. Det \u00e4r ett enkelt koncept: anv\u00e4ndare skapar en profil och bl\u00e4ddrar sedan igenom potentiella matchningar och skickar meddelanden till dem som de \u00e4r intresserade av. Appen \u00e4r gratis att ladda ner och anv\u00e4nda, och det finns inga annonser. Det finns dock en premiumprenumeration tillg\u00e4nglig som l\u00e5ser upp ytterligare funktioner, till exempel obegr\u00e4nsade meddelanden och m\u00f6jligheten att se vem som har tittat p\u00e5 din profil. Oavsett om du letar efter en kinky anslutning eller ett l\u00e5ngsiktigt BDSM-f\u00f6rh\u00e5llande, \u00e4r Rubmaps v\u00e4rt att kolla in.<\/p>\n<h3>CharmDate<\/h3>\n<p>Om du letar efter en kink dejtingsajt som \u00e4r b\u00e5de rolig och enkel att anv\u00e4nda, vill du kolla in CharmDate. Appen har ett rent och modernt gr\u00e4nssnitt som g\u00f6r det enkelt att hitta och chatta med potentiella matchningar. Dessutom g\u00f6r webbplatsens omfattande s\u00f6k- och filtreringsalternativ det enkelt att hitta n\u00e5gon som uppfyller dina specifika kink- och relationsbehov.<\/p>\n<p>En nackdel med CharmDate \u00e4r dock att det inte \u00e4r det mest prisv\u00e4rda alternativet d\u00e4r ute. Men om du \u00e4r villig att betala f\u00f6r ett premiummedlemskap f\u00e5r du tillg\u00e5ng till en m\u00e4ngd funktioner som g\u00f6r webbplatsen v\u00e4rd priset, inklusive obegr\u00e4nsade meddelanden, avancerade s\u00f6kalternativ och m\u00f6jligheten att visa foton och videor.<\/p>\n<h3>BBWCupid<\/h3>\n<p>BBWCupid \u00e4r en fantastisk dejtingapp f\u00f6r singlar i plusstorlek eller de som \u00e4r intresserade av partners i plusstorlek. Appen \u00e4r enkel att anv\u00e4nda och har m\u00e5nga fantastiska funktioner, som s\u00f6kfilter och meddelanden. Den enda nackdelen \u00e4r att den inte har en mycket stor anv\u00e4ndarbas, s\u00e5 du kanske inte hittar s\u00e5 m\u00e5nga potentiella matchningar som du skulle g\u00f6ra i en mer popul\u00e4r app. Men om du specifikt letar efter en partner i plusstorlek \u00e4r BBWCupid definitivt v\u00e4rt ett f\u00f6rs\u00f6k!<\/p>\n","protected":false},"excerpt":{"rendered":"<p>Det finns en m\u00e4ngd olika kink dejtingsajter tillg\u00e4ngliga f\u00f6r m\u00e4nniskor som \u00e4r intresserade av att utforska sina sexuella fetischer och kinks. Dessa webbplatser ger en s\u00e4ker och bekv\u00e4m milj\u00f6 f\u00f6r m\u00e4nniskor att f\u00e5 kontakt med andra som delar liknande intressen. Kink dejtingsajter kan vara ett bra s\u00e4tt att tr\u00e4ffa nya m\u00e4nniskor och utforska din sexualitet&#8230;<a class=\"read-more-link button\" href=\"https:\/\/theyoungmessiah.com\/sv\/kink-dejtingsajter\/\">Read more<\/a><\/p>\n","protected":false},"author":1,"featured_media":0,"parent":0,"menu_order":0,"comment_status":"closed","ping_status":"closed","template":"","meta":[],"yoast_head":"<!-- This site is optimized with the Yoast SEO plugin v17.7.1 - https:\/\/yoast.com\/wordpress\/plugins\/seo\/ -->\n<title>Kink Dejtingsajter - Online Adult Dating<\/title>\n<meta name=\"robots\" content=\"index, follow, max-snippet:-1, max-image-preview:large, max-video-preview:-1\" \/>\n<link rel=\"canonical\" href=\"https:\/\/theyoungmessiah.com\/sv\/kink-dejtingsajter\/\" \/>\n<meta property=\"og:locale\" content=\"sv_SE\" \/>\n<meta property=\"og:type\" content=\"article\" \/>\n<meta property=\"og:title\" content=\"Kink Dejtingsajter - Online Adult Dating\" \/>\n<meta property=\"og:description\" content=\"Det finns en m\u00e4ngd olika kink dejtingsajter tillg\u00e4ngliga f\u00f6r m\u00e4nniskor som \u00e4r intresserade av att utforska sina sexuella fetischer och kinks. Dessa webbplatser ger en s\u00e4ker och bekv\u00e4m milj\u00f6 f\u00f6r m\u00e4nniskor att f\u00e5 kontakt med andra som delar liknande intressen. Kink dejtingsajter kan vara ett bra s\u00e4tt att tr\u00e4ffa nya m\u00e4nniskor och utforska din sexualitet...Read more\" \/>\n<meta property=\"og:url\" content=\"https:\/\/theyoungmessiah.com\/sv\/kink-dejtingsajter\/\" \/>\n<meta property=\"og:site_name\" content=\"Online Adult Dating\" \/>\n<meta name=\"twitter:card\" content=\"summary_large_image\" \/>\n<meta name=\"twitter:label1\" content=\"Ber\u00e4knad l\u00e4stid\" \/>\n\t<meta name=\"twitter:data1\" content=\"4 minuter\" \/>\n<script type=\"application\/ld+json\" class=\"yoast-schema-graph\">{\"@context\":\"https:\/\/schema.org\",\"@graph\":[{\"@type\":\"WebSite\",\"@id\":\"https:\/\/theyoungmessiah.com\/sv\/#website\",\"url\":\"https:\/\/theyoungmessiah.com\/sv\/\",\"name\":\"Online Adult Dating\",\"description\":\"Local Sex Hookups\",\"potentialAction\":[{\"@type\":\"SearchAction\",\"target\":{\"@type\":\"EntryPoint\",\"urlTemplate\":\"https:\/\/theyoungmessiah.com\/sv\/?s={search_term_string}\"},\"query-input\":\"required name=search_term_string\"}],\"inLanguage\":\"sv-SE\"},{\"@type\":\"WebPage\",\"@id\":\"https:\/\/theyoungmessiah.com\/sv\/kink-dejtingsajter\/#webpage\",\"url\":\"https:\/\/theyoungmessiah.com\/sv\/kink-dejtingsajter\/\",\"name\":\"Kink Dejtingsajter - Online Adult Dating\",\"isPartOf\":{\"@id\":\"https:\/\/theyoungmessiah.com\/sv\/#website\"},\"datePublished\":\"2022-10-12T12:59:19+00:00\",\"dateModified\":\"2022-10-12T12:59:19+00:00\",\"breadcrumb\":{\"@id\":\"https:\/\/theyoungmessiah.com\/sv\/kink-dejtingsajter\/#breadcrumb\"},\"inLanguage\":\"sv-SE\",\"potentialAction\":[{\"@type\":\"ReadAction\",\"target\":[\"https:\/\/theyoungmessiah.com\/sv\/kink-dejtingsajter\/\"]}]},{\"@type\":\"BreadcrumbList\",\"@id\":\"https:\/\/theyoungmessiah.com\/sv\/kink-dejtingsajter\/#breadcrumb\",\"itemListElement\":[{\"@type\":\"ListItem\",\"position\":1,\"name\":\"Home\",\"item\":\"http:\/\/theyoungmessiah.com\/sv\/\"},{\"@type\":\"ListItem\",\"position\":2,\"name\":\"Kink Dejtingsajter\"}]}]}<\/script>\n<!-- \/ Yoast SEO plugin. -->","yoast_head_json":{"title":"Kink Dejtingsajter - Online Adult Dating","robots":{"index":"index","follow":"follow","max-snippet":"max-snippet:-1","max-image-preview":"max-image-preview:large","max-video-preview":"max-video-preview:-1"},"canonical":"https:\/\/theyoungmessiah.com\/sv\/kink-dejtingsajter\/","og_locale":"sv_SE","og_type":"article","og_title":"Kink Dejtingsajter - Online Adult Dating","og_description":"Det finns en m\u00e4ngd olika kink dejtingsajter tillg\u00e4ngliga f\u00f6r m\u00e4nniskor som \u00e4r intresserade av att utforska sina sexuella fetischer och kinks. Dessa webbplatser ger en s\u00e4ker och bekv\u00e4m milj\u00f6 f\u00f6r m\u00e4nniskor att f\u00e5 kontakt med andra som delar liknande intressen. Kink dejtingsajter kan vara ett bra s\u00e4tt att tr\u00e4ffa nya m\u00e4nniskor och utforska din sexualitet...Read more","og_url":"https:\/\/theyoungmessiah.com\/sv\/kink-dejtingsajter\/","og_site_name":"Online Adult Dating","twitter_card":"summary_large_image","twitter_misc":{"Ber\u00e4knad l\u00e4stid":"4 minuter"},"schema":{"@context":"https:\/\/schema.org","@graph":[{"@type":"WebSite","@id":"https:\/\/theyoungmessiah.com\/sv\/#website","url":"https:\/\/theyoungmessiah.com\/sv\/","name":"Online Adult Dating","description":"Local Sex Hookups","potentialAction":[{"@type":"SearchAction","target":{"@type":"EntryPoint","urlTemplate":"https:\/\/theyoungmessiah.com\/sv\/?s={search_term_string}"},"query-input":"required name=search_term_string"}],"inLanguage":"sv-SE"},{"@type":"WebPage","@id":"https:\/\/theyoungmessiah.com\/sv\/kink-dejtingsajter\/#webpage","url":"https:\/\/theyoungmessiah.com\/sv\/kink-dejtingsajter\/","name":"Kink Dejtingsajter - Online Adult Dating","isPartOf":{"@id":"https:\/\/theyoungmessiah.com\/sv\/#website"},"datePublished":"2022-10-12T12:59:19+00:00","dateModified":"2022-10-12T12:59:19+00:00","breadcrumb":{"@id":"https:\/\/theyoungmessiah.com\/sv\/kink-dejtingsajter\/#breadcrumb"},"inLanguage":"sv-SE","potentialAction":[{"@type":"ReadAction","target":["https:\/\/theyoungmessiah.com\/sv\/kink-dejtingsajter\/"]}]},{"@type":"BreadcrumbList","@id":"https:\/\/theyoungmessiah.com\/sv\/kink-dejtingsajter\/#breadcrumb","itemListElement":[{"@type":"ListItem","position":1,"name":"Home","item":"http:\/\/theyoungmessiah.com\/sv\/"},{"@type":"ListItem","position":2,"name":"Kink Dejtingsajter"}]}]}},"_links":{"self":[{"href":"https:\/\/theyoungmessiah.com\/sv\/wp-json\/wp\/v2\/pages\/180"}],"collection":[{"href":"https:\/\/theyoungmessiah.com\/sv\/wp-json\/wp\/v2\/pages"}],"about":[{"href":"https:\/\/theyoungmessiah.com\/sv\/wp-json\/wp\/v2\/types\/page"}],"author":[{"embeddable":true,"href":"https:\/\/theyoungmessiah.com\/sv\/wp-json\/wp\/v2\/users\/1"}],"replies":[{"embeddable":true,"href":"https:\/\/theyoungmessiah.com\/sv\/wp-json\/wp\/v2\/comments?post=180"}],"version-history":[{"count":0,"href":"https:\/\/theyoungmessiah.com\/sv\/wp-json\/wp\/v2\/pages\/180\/revisions"}],"wp:attachment":[{"href":"https:\/\/theyoungmessiah.com\/sv\/wp-json\/wp\/v2\/media?parent=180"}],"curies":[{"name":"wp","href":"https:\/\/api.w.org\/{rel}","templated":true}]}}