{"id":194,"date":"2022-10-12T13:53:06","date_gmt":"2022-10-12T12:53:06","guid":{"rendered":"http:\/\/theyoungmessiah.com\/vanner-med-fordelar-webbplatser\/"},"modified":"2022-10-12T13:53:06","modified_gmt":"2022-10-12T12:53:06","slug":"vanner-med-fordelar-webbplatser","status":"publish","type":"page","link":"https:\/\/theyoungmessiah.com\/sv\/vanner-med-fordelar-webbplatser\/","title":{"rendered":"V\u00e4nner med f\u00f6rdelar webbplatser"},"content":{"rendered":"<p>Det finns n\u00e5gra olika typer av v\u00e4nner med f\u00f6rdelar webbplatser. Den f\u00f6rsta typen \u00e4r d\u00e4r du kan hitta m\u00e4nniskor att ansluta till utan n\u00e5grastr\u00e4ngar. Denna typ av webbplats \u00e4r utm\u00e4rkt f\u00f6r m\u00e4nniskor som bara vill ha kul och inte oroa sig f\u00f6r att komma in i ett f\u00f6rh\u00e5llande. Den andra typen av v\u00e4nner med f\u00f6rm\u00e5ner webbplats \u00e4r d\u00e4r du kan hitta m\u00e4nniskor att dejta och eventuellt ha en relation med. Denna typ av webbplats \u00e4r utm\u00e4rkt f\u00f6r m\u00e4nniskor som letar efter mer \u00e4n bara en anslutning.<\/p>\n<h2>B\u00e4sta webbplatsen f\u00f6r Fwb<\/h2>\n<p>Det finns m\u00e5nga bra webbplatser d\u00e4r ute f\u00f6r <a href=\"http:\/\/theyoungmessiah.com\/ebony-hookups\/\">att hitta en v\u00e4n med f\u00f6rdelar<\/a>, men min personliga favorit \u00e4r FWB Dates. Det \u00e4r l\u00e4tt att anv\u00e4nda och det har m\u00e5nga fantastiska funktioner som g\u00f6r det snabbt och enkelt att hitta en matchning. Dessutom \u00e4r webbplatsen gratis att g\u00e5 med, s\u00e5 att du kan b\u00f6rja hitta din perfekta match direkt. Det finns m\u00e5nga m\u00e4nniskor d\u00e4r ute som letar efter en knullkompis. Du kan hitta dem online p\u00e5 en dejtingsajt eller till och med p\u00e5 sociala medier. Allt du beh\u00f6ver g\u00f6ra \u00e4r att s\u00f6ka efter dem s\u00e5 hittar du dem.<\/p>\n<p>Om du letar efter en knullkompis \u00e4r det b\u00e4sta st\u00e4llet att leta online. Det finns m\u00e5nga webbplatser och appar som kan hj\u00e4lpa dig att hitta n\u00e5gon som \u00e4r nere f\u00f6r en anslutning. Allt du beh\u00f6ver g\u00f6ra \u00e4r att skapa en profil och b\u00f6rja bl\u00e4ddra igenom potentiella matchningar. N\u00e4r du hittar n\u00e5gon du \u00e4r intresserad av, skicka bara ett meddelande till dem och se vart saker och ting g\u00e5r.<\/p>\n<h3>Endastflings<\/h3>\n<p>Om du letar efter en v\u00e4n med f\u00f6rm\u00e5ner b\u00f6r du definitivt kolla in OnlyFlings. Det \u00e4r en fantastisk dejtingsapp som l\u00e5ter dig hitta potentiella matchningar i ditt omr\u00e5de. Appen \u00e4r enkel att anv\u00e4nda och har m\u00e5nga fantastiska funktioner, inklusive ett meddelandesystem som l\u00e5ter dig kommunicera med potentiella matchningar. Den enda nackdelen \u00e4r att appen \u00e4r lite dyr, men det \u00e4r definitivt v\u00e4rt det om du letar efter en v\u00e4n med f\u00f6rdelar.<\/p>\n<h3>BookOfSext<\/h3>\n<p>Om du letar efter en v\u00e4n med f\u00f6rdelar dejting app, BookOfSext \u00e4r ett bra alternativ. Appen \u00e4r gratis att ladda ner och anv\u00e4nda, och den \u00e4r full av funktioner som g\u00f6r det enkelt att hitta och ansluta till potentiella matchningar. S\u00f6kfunktionen \u00e4r s\u00e4rskilt anv\u00e4ndbar, och du kan anv\u00e4nda den f\u00f6r att hitta matchningar i ditt omr\u00e5de eller var som helst i v\u00e4rlden. Appen har ocks\u00e5 en meddelandefunktion s\u00e5 att du kan h\u00e5lla kontakten med dina matchningar \u00e4ven n\u00e4r du inte anv\u00e4nder appen. Sammantaget \u00e4r BookOfSext ett bra alternativ f\u00f6r alla som letar efter en v\u00e4n med f\u00f6rdelar dejtingsapp.<\/p>\n<h3>Gott om fisk<\/h3>\n<p>Det finns m\u00e5nga anledningar att prova Massor av fisk, s\u00e4rskilt om du letar efter v\u00e4nner med f\u00f6rdelar. Dejtingappen har en stor pool av anv\u00e4ndare att v\u00e4lja mellan, s\u00e5 du kommer s\u00e4kert att hitta n\u00e5gon som \u00e4r kompatibel med dig. Dessutom \u00e4r appen gratis att anv\u00e4nda, s\u00e5 att du kan spara dina pengar f\u00f6r andra saker.<\/p>\n<p>Appen \u00e4r enkel att anv\u00e4nda och navigera, och den \u00e4r inte alltf\u00f6r komplicerad. Du kan s\u00f6ka efter potentiella matchningar efter plats, \u00e5lder och andra kriterier, och du kan skicka meddelanden direkt till dem. Appen har ocks\u00e5 n\u00e5gra andra funktioner, som en &#8221;Poke&#8221; -funktion, som l\u00e5ter dig flirta med potentiella matchningar.<\/p>\n<p>Sammantaget \u00e4r Plenty of Fish ett bra alternativ f\u00f6r alla som letar efter v\u00e4nner med f\u00f6rdelar. Appen \u00e4r gratis att anv\u00e4nda och det \u00e4r l\u00e4tt att hitta potentiella matchningar. Dessutom har appen n\u00e5gra andra funktioner som g\u00f6r det v\u00e4rt att kolla in.<\/p>\n<h3>Xpress<\/h3>\n<p>Om du letar efter en webbplats med v\u00e4nner med f\u00f6rdelar som faktiskt levererar, \u00e4r Xpress appen f\u00f6r dig. Jag har provat m\u00e5nga av dessa appar och de flesta av dem \u00e4r komplett skr\u00e4p. De \u00e4r antingen fulla av falska profiler, eller s\u00e5 \u00e4r tjejerna s\u00e5 fula att du hellre bara runkar. Men Xpress \u00e4r annorlunda. Tjejerna h\u00e4r \u00e4r faktiskt ganska heta, och de \u00e4r ocks\u00e5 nere f\u00f6r att ansluta.<\/p>\n<p>Jag har anslutit mig till n\u00e5gra tjejer fr\u00e5n Xpress, och det har alltid varit en fantastisk upplevelse. Tjejerna \u00e4r l\u00e4tta att prata med och de \u00e4r faktiskt nere f\u00f6r att ha kul. Om du letar efter en webbplats f\u00f6r v\u00e4nner med f\u00f6rdelar som faktiskt fungerar, \u00e4r Xpress appen f\u00f6r dig.<\/p>\n","protected":false},"excerpt":{"rendered":"<p>Det finns n\u00e5gra olika typer av v\u00e4nner med f\u00f6rdelar webbplatser. Den f\u00f6rsta typen \u00e4r d\u00e4r du kan hitta m\u00e4nniskor att ansluta till utan n\u00e5grastr\u00e4ngar. Denna typ av webbplats \u00e4r utm\u00e4rkt f\u00f6r m\u00e4nniskor som bara vill ha kul och inte oroa sig f\u00f6r att komma in i ett f\u00f6rh\u00e5llande. Den andra typen av v\u00e4nner med f\u00f6rm\u00e5ner&#8230;<a class=\"read-more-link button\" href=\"https:\/\/theyoungmessiah.com\/sv\/vanner-med-fordelar-webbplatser\/\">Read more<\/a><\/p>\n","protected":false},"author":1,"featured_media":0,"parent":0,"menu_order":0,"comment_status":"closed","ping_status":"closed","template":"","meta":[],"yoast_head":"<!-- This site is optimized with the Yoast SEO plugin v17.7.1 - https:\/\/yoast.com\/wordpress\/plugins\/seo\/ -->\n<title>V\u00e4nner med f\u00f6rdelar webbplatser - Online Adult Dating<\/title>\n<meta name=\"robots\" content=\"index, follow, max-snippet:-1, max-image-preview:large, max-video-preview:-1\" \/>\n<link rel=\"canonical\" href=\"https:\/\/theyoungmessiah.com\/sv\/vanner-med-fordelar-webbplatser\/\" \/>\n<meta property=\"og:locale\" content=\"sv_SE\" \/>\n<meta property=\"og:type\" content=\"article\" \/>\n<meta property=\"og:title\" content=\"V\u00e4nner med f\u00f6rdelar webbplatser - Online Adult Dating\" \/>\n<meta property=\"og:description\" content=\"Det finns n\u00e5gra olika typer av v\u00e4nner med f\u00f6rdelar webbplatser. Den f\u00f6rsta typen \u00e4r d\u00e4r du kan hitta m\u00e4nniskor att ansluta till utan n\u00e5grastr\u00e4ngar. Denna typ av webbplats \u00e4r utm\u00e4rkt f\u00f6r m\u00e4nniskor som bara vill ha kul och inte oroa sig f\u00f6r att komma in i ett f\u00f6rh\u00e5llande. Den andra typen av v\u00e4nner med f\u00f6rm\u00e5ner...Read more\" \/>\n<meta property=\"og:url\" content=\"https:\/\/theyoungmessiah.com\/sv\/vanner-med-fordelar-webbplatser\/\" \/>\n<meta property=\"og:site_name\" content=\"Online Adult Dating\" \/>\n<meta name=\"twitter:card\" content=\"summary_large_image\" \/>\n<meta name=\"twitter:label1\" content=\"Ber\u00e4knad l\u00e4stid\" \/>\n\t<meta name=\"twitter:data1\" content=\"4 minuter\" \/>\n<script type=\"application\/ld+json\" class=\"yoast-schema-graph\">{\"@context\":\"https:\/\/schema.org\",\"@graph\":[{\"@type\":\"WebSite\",\"@id\":\"https:\/\/theyoungmessiah.com\/sv\/#website\",\"url\":\"https:\/\/theyoungmessiah.com\/sv\/\",\"name\":\"Online Adult Dating\",\"description\":\"Local Sex Hookups\",\"potentialAction\":[{\"@type\":\"SearchAction\",\"target\":{\"@type\":\"EntryPoint\",\"urlTemplate\":\"https:\/\/theyoungmessiah.com\/sv\/?s={search_term_string}\"},\"query-input\":\"required name=search_term_string\"}],\"inLanguage\":\"sv-SE\"},{\"@type\":\"WebPage\",\"@id\":\"https:\/\/theyoungmessiah.com\/sv\/vanner-med-fordelar-webbplatser\/#webpage\",\"url\":\"https:\/\/theyoungmessiah.com\/sv\/vanner-med-fordelar-webbplatser\/\",\"name\":\"V\\u00e4nner med f\\u00f6rdelar webbplatser - Online Adult Dating\",\"isPartOf\":{\"@id\":\"https:\/\/theyoungmessiah.com\/sv\/#website\"},\"datePublished\":\"2022-10-12T12:53:06+00:00\",\"dateModified\":\"2022-10-12T12:53:06+00:00\",\"breadcrumb\":{\"@id\":\"https:\/\/theyoungmessiah.com\/sv\/vanner-med-fordelar-webbplatser\/#breadcrumb\"},\"inLanguage\":\"sv-SE\",\"potentialAction\":[{\"@type\":\"ReadAction\",\"target\":[\"https:\/\/theyoungmessiah.com\/sv\/vanner-med-fordelar-webbplatser\/\"]}]},{\"@type\":\"BreadcrumbList\",\"@id\":\"https:\/\/theyoungmessiah.com\/sv\/vanner-med-fordelar-webbplatser\/#breadcrumb\",\"itemListElement\":[{\"@type\":\"ListItem\",\"position\":1,\"name\":\"Home\",\"item\":\"http:\/\/theyoungmessiah.com\/sv\/\"},{\"@type\":\"ListItem\",\"position\":2,\"name\":\"V\\u00e4nner med f\\u00f6rdelar webbplatser\"}]}]}<\/script>\n<!-- \/ Yoast SEO plugin. -->","yoast_head_json":{"title":"V\u00e4nner med f\u00f6rdelar webbplatser - Online Adult Dating","robots":{"index":"index","follow":"follow","max-snippet":"max-snippet:-1","max-image-preview":"max-image-preview:large","max-video-preview":"max-video-preview:-1"},"canonical":"https:\/\/theyoungmessiah.com\/sv\/vanner-med-fordelar-webbplatser\/","og_locale":"sv_SE","og_type":"article","og_title":"V\u00e4nner med f\u00f6rdelar webbplatser - Online Adult Dating","og_description":"Det finns n\u00e5gra olika typer av v\u00e4nner med f\u00f6rdelar webbplatser. Den f\u00f6rsta typen \u00e4r d\u00e4r du kan hitta m\u00e4nniskor att ansluta till utan n\u00e5grastr\u00e4ngar. Denna typ av webbplats \u00e4r utm\u00e4rkt f\u00f6r m\u00e4nniskor som bara vill ha kul och inte oroa sig f\u00f6r att komma in i ett f\u00f6rh\u00e5llande. Den andra typen av v\u00e4nner med f\u00f6rm\u00e5ner...Read more","og_url":"https:\/\/theyoungmessiah.com\/sv\/vanner-med-fordelar-webbplatser\/","og_site_name":"Online Adult Dating","twitter_card":"summary_large_image","twitter_misc":{"Ber\u00e4knad l\u00e4stid":"4 minuter"},"schema":{"@context":"https:\/\/schema.org","@graph":[{"@type":"WebSite","@id":"https:\/\/theyoungmessiah.com\/sv\/#website","url":"https:\/\/theyoungmessiah.com\/sv\/","name":"Online Adult Dating","description":"Local Sex Hookups","potentialAction":[{"@type":"SearchAction","target":{"@type":"EntryPoint","urlTemplate":"https:\/\/theyoungmessiah.com\/sv\/?s={search_term_string}"},"query-input":"required name=search_term_string"}],"inLanguage":"sv-SE"},{"@type":"WebPage","@id":"https:\/\/theyoungmessiah.com\/sv\/vanner-med-fordelar-webbplatser\/#webpage","url":"https:\/\/theyoungmessiah.com\/sv\/vanner-med-fordelar-webbplatser\/","name":"V\u00e4nner med f\u00f6rdelar webbplatser - Online Adult Dating","isPartOf":{"@id":"https:\/\/theyoungmessiah.com\/sv\/#website"},"datePublished":"2022-10-12T12:53:06+00:00","dateModified":"2022-10-12T12:53:06+00:00","breadcrumb":{"@id":"https:\/\/theyoungmessiah.com\/sv\/vanner-med-fordelar-webbplatser\/#breadcrumb"},"inLanguage":"sv-SE","potentialAction":[{"@type":"ReadAction","target":["https:\/\/theyoungmessiah.com\/sv\/vanner-med-fordelar-webbplatser\/"]}]},{"@type":"BreadcrumbList","@id":"https:\/\/theyoungmessiah.com\/sv\/vanner-med-fordelar-webbplatser\/#breadcrumb","itemListElement":[{"@type":"ListItem","position":1,"name":"Home","item":"http:\/\/theyoungmessiah.com\/sv\/"},{"@type":"ListItem","position":2,"name":"V\u00e4nner med f\u00f6rdelar webbplatser"}]}]}},"_links":{"self":[{"href":"https:\/\/theyoungmessiah.com\/sv\/wp-json\/wp\/v2\/pages\/194"}],"collection":[{"href":"https:\/\/theyoungmessiah.com\/sv\/wp-json\/wp\/v2\/pages"}],"about":[{"href":"https:\/\/theyoungmessiah.com\/sv\/wp-json\/wp\/v2\/types\/page"}],"author":[{"embeddable":true,"href":"https:\/\/theyoungmessiah.com\/sv\/wp-json\/wp\/v2\/users\/1"}],"replies":[{"embeddable":true,"href":"https:\/\/theyoungmessiah.com\/sv\/wp-json\/wp\/v2\/comments?post=194"}],"version-history":[{"count":0,"href":"https:\/\/theyoungmessiah.com\/sv\/wp-json\/wp\/v2\/pages\/194\/revisions"}],"wp:attachment":[{"href":"https:\/\/theyoungmessiah.com\/sv\/wp-json\/wp\/v2\/media?parent=194"}],"curies":[{"name":"wp","href":"https:\/\/api.w.org\/{rel}","templated":true}]}}