{"id":199,"date":"2022-10-12T14:00:02","date_gmt":"2022-10-12T13:00:02","guid":{"rendered":"http:\/\/theyoungmessiah.com\/gift-affar-dejtingsajter\/"},"modified":"2022-10-12T14:00:02","modified_gmt":"2022-10-12T13:00:02","slug":"gift-affar-dejtingsajter","status":"publish","type":"page","link":"https:\/\/theyoungmessiah.com\/sv\/gift-affar-dejtingsajter\/","title":{"rendered":"Gift aff\u00e4r dejtingsajter"},"content":{"rendered":"<p>Det finns ett antal dejtingsajter f\u00f6r gifta aff\u00e4rer som g\u00f6r det m\u00f6jligt f\u00f6r m\u00e4nniskor att ansluta sig till andra som ocks\u00e5 \u00e4r gifta. Dessa webbplatser kr\u00e4ver vanligtvis en medlemsavgift och erbjuder en m\u00e4ngd olika funktioner som \u00e4r utformade f\u00f6r att hj\u00e4lpa m\u00e4nniskor att f\u00e5 kontakt med andra som \u00e4r intresserade av att ha en aff\u00e4r. N\u00e5gra av de funktioner som erbjuds av dessa webbplatser inkluderar privata meddelanden, chattrum och s\u00f6kbara databaser med medlemmar. M\u00e5nga av dessa webbplatser erbjuder ocks\u00e5 r\u00e5d och st\u00f6d f\u00f6r personer som funderar p\u00e5 att ha en aff\u00e4r, eller som redan \u00e4r involverade i en.<\/p>\n<h2>Diskreta anslutningar<\/h2>\n<p>Diskreta anslutningar blir mer och mer popul\u00e4ra n\u00e4r m\u00e4nniskor letar efter s\u00e4tt att ha kul utan engagemang. Dessa arrangemang \u00e4r perfekta f\u00f6r dem som vill njuta av s\u00e4llskap med en annan person utan n\u00e5gra str\u00e4ngar. Det finns m\u00e5nga s\u00e4tt att hitta n\u00e5gon att ansluta sig till, och det finns lika m\u00e5nga anledningar till varf\u00f6r m\u00e4nniskor v\u00e4ljer att g\u00f6ra det. Oavsett om du letar efter en snabb fling eller n\u00e5got lite mer l\u00e5ngsiktigt, finns det n\u00e5gon d\u00e4r ute som letar efter samma sak. Allt du beh\u00f6ver g\u00f6ra \u00e4r att hitta dem.<\/p>\n<p>Det finns nu gifta dejtingsappar tillg\u00e4ngliga f\u00f6r dem som \u00e4r intresserade av att driva utom\u00e4ktenskapliga relationer. \u00c4ven om dessa appar g\u00f6r det l\u00e4ttare att f\u00e5 kontakt med potentiella partners, medf\u00f6r de ocks\u00e5 vissa risker. Om din make till exempel skulle ta reda p\u00e5 om din anv\u00e4ndning av en gift dejtingsapp kan det potentiellt skada ditt f\u00f6rh\u00e5llande. Dessutom finns det alltid potential att tr\u00e4ffa n\u00e5gon som inte \u00e4r den de p\u00e5st\u00e5r sig vara online, vilket kan leda till farliga situationer. Om du best\u00e4mmer dig f\u00f6r att anv\u00e4nda en gift dejtingsapp \u00e4r det viktigt att vara \u00e4rlig mot dina potentiella partners om ditt civilst\u00e5nd och att alltid tr\u00e4ffas p\u00e5 en offentlig plats.<\/p>\n<h2>Hitta en diskret anslutning<\/h2>\n<p>Det finns m\u00e5nga s\u00e4tt att hitta en diskret anslutning online. Du kan anv\u00e4nda en dejtingsajt som \u00e4r specialiserad p\u00e5 anslutningar, eller s\u00e5 kan du anv\u00e4nda en allm\u00e4n dejtingsajt och bara vara uppriktig om vad du letar efter. Du kan ocks\u00e5 anv\u00e4nda sociala medier som Facebook och Twitter f\u00f6r att hitta potentiella anslutningar. Ett annat alternativ \u00e4r att anv\u00e4nda en webbplats som Craigslist, som har ett avsnitt som \u00e4gnas \u00e5t avslappnade m\u00f6ten. Se bara till att vara s\u00e4ker och anv\u00e4nd sunt f\u00f6rnuft n\u00e4r du tr\u00e4ffar n\u00e5gon fr\u00e5n online.<\/p>\n<h3>Fn\u00f6ske<\/h3>\n<p>Tinder \u00e4r en av de mest popul\u00e4ra dejtingapparna med \u00f6ver 50 miljoner anv\u00e4ndare. Det har beskrivits som en &#8221;anslutningsapp&#8221; men den kan ocks\u00e5 anv\u00e4ndas f\u00f6r dejting och har anv\u00e4nts av m\u00e4nniskor i relationer f\u00f6r aff\u00e4rer. Tinder \u00e4r snabbt och enkelt att anv\u00e4nda och du kan f\u00e5 kontakt med m\u00e4nniskor i ditt omr\u00e5de som letar efter samma sak som du. Appen \u00e4r gratis att ladda ner och anv\u00e4nda men det finns n\u00e5gra betalda funktioner som du kan anv\u00e4nda f\u00f6r att f\u00e5 ut mer av appen. Sammantaget \u00e4r Tinder en bra dejtingsapp f\u00f6r m\u00e4nniskor som letar efter ett snabbt och enkelt s\u00e4tt att f\u00e5 kontakt med m\u00e4nniskor i deras omr\u00e5de.<\/p>\n<h3>XPickup<\/h3>\n<p>Om du letar efter en dejtingsajt som l\u00e5ter dig utforska dina alternativ och hitta en matchning \u00e4r XPickup ett utm\u00e4rkt val. Webbplatsen har en stor anv\u00e4ndarbas och ett brett utbud av funktioner, vilket g\u00f6r den till ett utm\u00e4rkt alternativ f\u00f6r att hitta en matchning. Webbplatsen har ocks\u00e5 ett gott rykte f\u00f6r att vara s\u00e4ker och s\u00e4ker, s\u00e5 du kan vara s\u00e4ker p\u00e5 att din information \u00e4r s\u00e4ker. Sammantaget \u00e4r XPickup ett utm\u00e4rkt val f\u00f6r dejting med gifta aff\u00e4rer.<\/p>\n<h3>Uberhorny<\/h3>\n<p>Om du letar efter en dejtingsapp som hj\u00e4lper dig att ha en gift aff\u00e4r \u00e4r Uberhorny ett bra alternativ. Appen \u00e4r enkel att anv\u00e4nda och har m\u00e5nga fantastiska funktioner som hj\u00e4lper dig att hitta n\u00e5gon att fuska med. S\u00f6kfunktionen \u00e4r mycket omfattande och du kan begr\u00e4nsa dina resultat med en m\u00e4ngd olika kriterier. Meddelandesystemet \u00e4r ocks\u00e5 mycket bra, och du kan enkelt h\u00e5lla reda p\u00e5 dina konversationer. Sammantaget \u00e4r Uberhorny ett utm\u00e4rkt alternativ f\u00f6r dejting med gifta aff\u00e4rer och vi rekommenderar det till alla som letar efter ett diskret s\u00e4tt att fuska p\u00e5 sin make.<\/p>\n<h3>Endastflings<\/h3>\n<p>Om du letar efter en diskret dejtingsajt f\u00f6r aff\u00e4rer \u00e4r OnlyFlings ett bra alternativ. Webbplatsen \u00e4r enkel att anv\u00e4nda och erbjuder en m\u00e4ngd olika funktioner som hj\u00e4lper dig att hitta en matchning. Webbplatsen har ocks\u00e5 ett gott rykte f\u00f6r s\u00e4kerhet och integritet.<\/p>\n","protected":false},"excerpt":{"rendered":"<p>Det finns ett antal dejtingsajter f\u00f6r gifta aff\u00e4rer som g\u00f6r det m\u00f6jligt f\u00f6r m\u00e4nniskor att ansluta sig till andra som ocks\u00e5 \u00e4r gifta. Dessa webbplatser kr\u00e4ver vanligtvis en medlemsavgift och erbjuder en m\u00e4ngd olika funktioner som \u00e4r utformade f\u00f6r att hj\u00e4lpa m\u00e4nniskor att f\u00e5 kontakt med andra som \u00e4r intresserade av att ha en aff\u00e4r&#8230;.<a class=\"read-more-link button\" href=\"https:\/\/theyoungmessiah.com\/sv\/gift-affar-dejtingsajter\/\">Read more<\/a><\/p>\n","protected":false},"author":1,"featured_media":0,"parent":0,"menu_order":0,"comment_status":"closed","ping_status":"closed","template":"","meta":[],"yoast_head":"<!-- This site is optimized with the Yoast SEO plugin v17.7.1 - https:\/\/yoast.com\/wordpress\/plugins\/seo\/ -->\n<title>Gift aff\u00e4r dejtingsajter - Online Adult Dating<\/title>\n<meta name=\"robots\" content=\"index, follow, max-snippet:-1, max-image-preview:large, max-video-preview:-1\" \/>\n<link rel=\"canonical\" href=\"https:\/\/theyoungmessiah.com\/sv\/gift-affar-dejtingsajter\/\" \/>\n<meta property=\"og:locale\" content=\"sv_SE\" \/>\n<meta property=\"og:type\" content=\"article\" \/>\n<meta property=\"og:title\" content=\"Gift aff\u00e4r dejtingsajter - Online Adult Dating\" \/>\n<meta property=\"og:description\" content=\"Det finns ett antal dejtingsajter f\u00f6r gifta aff\u00e4rer som g\u00f6r det m\u00f6jligt f\u00f6r m\u00e4nniskor att ansluta sig till andra som ocks\u00e5 \u00e4r gifta. Dessa webbplatser kr\u00e4ver vanligtvis en medlemsavgift och erbjuder en m\u00e4ngd olika funktioner som \u00e4r utformade f\u00f6r att hj\u00e4lpa m\u00e4nniskor att f\u00e5 kontakt med andra som \u00e4r intresserade av att ha en aff\u00e4r....Read more\" \/>\n<meta property=\"og:url\" content=\"https:\/\/theyoungmessiah.com\/sv\/gift-affar-dejtingsajter\/\" \/>\n<meta property=\"og:site_name\" content=\"Online Adult Dating\" \/>\n<meta name=\"twitter:card\" content=\"summary_large_image\" \/>\n<meta name=\"twitter:label1\" content=\"Ber\u00e4knad l\u00e4stid\" \/>\n\t<meta name=\"twitter:data1\" content=\"4 minuter\" \/>\n<script type=\"application\/ld+json\" class=\"yoast-schema-graph\">{\"@context\":\"https:\/\/schema.org\",\"@graph\":[{\"@type\":\"WebSite\",\"@id\":\"https:\/\/theyoungmessiah.com\/sv\/#website\",\"url\":\"https:\/\/theyoungmessiah.com\/sv\/\",\"name\":\"Online Adult Dating\",\"description\":\"Local Sex Hookups\",\"potentialAction\":[{\"@type\":\"SearchAction\",\"target\":{\"@type\":\"EntryPoint\",\"urlTemplate\":\"https:\/\/theyoungmessiah.com\/sv\/?s={search_term_string}\"},\"query-input\":\"required name=search_term_string\"}],\"inLanguage\":\"sv-SE\"},{\"@type\":\"WebPage\",\"@id\":\"https:\/\/theyoungmessiah.com\/sv\/gift-affar-dejtingsajter\/#webpage\",\"url\":\"https:\/\/theyoungmessiah.com\/sv\/gift-affar-dejtingsajter\/\",\"name\":\"Gift aff\\u00e4r dejtingsajter - Online Adult Dating\",\"isPartOf\":{\"@id\":\"https:\/\/theyoungmessiah.com\/sv\/#website\"},\"datePublished\":\"2022-10-12T13:00:02+00:00\",\"dateModified\":\"2022-10-12T13:00:02+00:00\",\"breadcrumb\":{\"@id\":\"https:\/\/theyoungmessiah.com\/sv\/gift-affar-dejtingsajter\/#breadcrumb\"},\"inLanguage\":\"sv-SE\",\"potentialAction\":[{\"@type\":\"ReadAction\",\"target\":[\"https:\/\/theyoungmessiah.com\/sv\/gift-affar-dejtingsajter\/\"]}]},{\"@type\":\"BreadcrumbList\",\"@id\":\"https:\/\/theyoungmessiah.com\/sv\/gift-affar-dejtingsajter\/#breadcrumb\",\"itemListElement\":[{\"@type\":\"ListItem\",\"position\":1,\"name\":\"Home\",\"item\":\"http:\/\/theyoungmessiah.com\/sv\/\"},{\"@type\":\"ListItem\",\"position\":2,\"name\":\"Gift aff\\u00e4r dejtingsajter\"}]}]}<\/script>\n<!-- \/ Yoast SEO plugin. -->","yoast_head_json":{"title":"Gift aff\u00e4r dejtingsajter - Online Adult Dating","robots":{"index":"index","follow":"follow","max-snippet":"max-snippet:-1","max-image-preview":"max-image-preview:large","max-video-preview":"max-video-preview:-1"},"canonical":"https:\/\/theyoungmessiah.com\/sv\/gift-affar-dejtingsajter\/","og_locale":"sv_SE","og_type":"article","og_title":"Gift aff\u00e4r dejtingsajter - Online Adult Dating","og_description":"Det finns ett antal dejtingsajter f\u00f6r gifta aff\u00e4rer som g\u00f6r det m\u00f6jligt f\u00f6r m\u00e4nniskor att ansluta sig till andra som ocks\u00e5 \u00e4r gifta. Dessa webbplatser kr\u00e4ver vanligtvis en medlemsavgift och erbjuder en m\u00e4ngd olika funktioner som \u00e4r utformade f\u00f6r att hj\u00e4lpa m\u00e4nniskor att f\u00e5 kontakt med andra som \u00e4r intresserade av att ha en aff\u00e4r....Read more","og_url":"https:\/\/theyoungmessiah.com\/sv\/gift-affar-dejtingsajter\/","og_site_name":"Online Adult Dating","twitter_card":"summary_large_image","twitter_misc":{"Ber\u00e4knad l\u00e4stid":"4 minuter"},"schema":{"@context":"https:\/\/schema.org","@graph":[{"@type":"WebSite","@id":"https:\/\/theyoungmessiah.com\/sv\/#website","url":"https:\/\/theyoungmessiah.com\/sv\/","name":"Online Adult Dating","description":"Local Sex Hookups","potentialAction":[{"@type":"SearchAction","target":{"@type":"EntryPoint","urlTemplate":"https:\/\/theyoungmessiah.com\/sv\/?s={search_term_string}"},"query-input":"required name=search_term_string"}],"inLanguage":"sv-SE"},{"@type":"WebPage","@id":"https:\/\/theyoungmessiah.com\/sv\/gift-affar-dejtingsajter\/#webpage","url":"https:\/\/theyoungmessiah.com\/sv\/gift-affar-dejtingsajter\/","name":"Gift aff\u00e4r dejtingsajter - Online Adult Dating","isPartOf":{"@id":"https:\/\/theyoungmessiah.com\/sv\/#website"},"datePublished":"2022-10-12T13:00:02+00:00","dateModified":"2022-10-12T13:00:02+00:00","breadcrumb":{"@id":"https:\/\/theyoungmessiah.com\/sv\/gift-affar-dejtingsajter\/#breadcrumb"},"inLanguage":"sv-SE","potentialAction":[{"@type":"ReadAction","target":["https:\/\/theyoungmessiah.com\/sv\/gift-affar-dejtingsajter\/"]}]},{"@type":"BreadcrumbList","@id":"https:\/\/theyoungmessiah.com\/sv\/gift-affar-dejtingsajter\/#breadcrumb","itemListElement":[{"@type":"ListItem","position":1,"name":"Home","item":"http:\/\/theyoungmessiah.com\/sv\/"},{"@type":"ListItem","position":2,"name":"Gift aff\u00e4r dejtingsajter"}]}]}},"_links":{"self":[{"href":"https:\/\/theyoungmessiah.com\/sv\/wp-json\/wp\/v2\/pages\/199"}],"collection":[{"href":"https:\/\/theyoungmessiah.com\/sv\/wp-json\/wp\/v2\/pages"}],"about":[{"href":"https:\/\/theyoungmessiah.com\/sv\/wp-json\/wp\/v2\/types\/page"}],"author":[{"embeddable":true,"href":"https:\/\/theyoungmessiah.com\/sv\/wp-json\/wp\/v2\/users\/1"}],"replies":[{"embeddable":true,"href":"https:\/\/theyoungmessiah.com\/sv\/wp-json\/wp\/v2\/comments?post=199"}],"version-history":[{"count":0,"href":"https:\/\/theyoungmessiah.com\/sv\/wp-json\/wp\/v2\/pages\/199\/revisions"}],"wp:attachment":[{"href":"https:\/\/theyoungmessiah.com\/sv\/wp-json\/wp\/v2\/media?parent=199"}],"curies":[{"name":"wp","href":"https:\/\/api.w.org\/{rel}","templated":true}]}}