{"id":217,"date":"2022-10-12T13:52:44","date_gmt":"2022-10-12T12:52:44","guid":{"rendered":"http:\/\/theyoungmessiah.com\/ebenholts-anslutningar\/"},"modified":"2022-10-12T13:52:44","modified_gmt":"2022-10-12T12:52:44","slug":"ebenholts-anslutningar","status":"publish","type":"page","link":"https:\/\/theyoungmessiah.com\/sv\/ebenholts-anslutningar\/","title":{"rendered":"Ebenholts anslutningar"},"content":{"rendered":"<p>Det finns ett antal gratis svarta <a href=\"http:\/\/theyoungmessiah.com\/senior-dating-apps\/\">anslutningssidor tillg\u00e4ngliga online<\/a>. Dessa webbplatser ger en plattform f\u00f6r svarta singlar att ansluta och ansluta sig till likasinnade individer. Webbplatserna \u00e4r enkla att anv\u00e4nda och till\u00e5ter anv\u00e4ndare att skapa en profil och bl\u00e4ddra igenom andra medlemmars profiler. N\u00e5gra av de popul\u00e4ra gratis svarta anslutningssidorna inkluderar BlackPeopleMeet och BlackSingles.<\/p>\n<h2>Svarta gratis dejtingsappar<\/h2>\n<p>Det finns m\u00e5nga svarta gratis dejtingsappar tillg\u00e4ngliga p\u00e5 internet. En av de mest popul\u00e4ra \u00e4r Tinder. Tinder till\u00e5ter anv\u00e4ndare att svepa \u00e5t h\u00f6ger om de \u00e4r intresserade av personen de tittar p\u00e5 och v\u00e4nster om de inte \u00e4r det. Om b\u00e5da anv\u00e4ndarna sveper \u00e5t h\u00f6ger p\u00e5 varandra \u00e4r de en matchning och kan b\u00f6rja chatta. Tinder \u00e4r ett popul\u00e4rt val f\u00f6r svarta singlar eftersom det \u00e4r en av de mest anv\u00e4ndarv\u00e4nliga och enkla dejtingapparna som finns tillg\u00e4ngliga. En annan popul\u00e4r svart gratis dejtingsapp \u00e4r Plenty of Fish. Denna app till\u00e5ter anv\u00e4ndare att skapa en profil och bl\u00e4ddra igenom potentiella matchningar. Anv\u00e4ndare kan skicka meddelanden till varandra och st\u00e4lla in datum om de \u00e4r intresserade. Plenty of Fish \u00e4r ett bra alternativ f\u00f6r svarta singlar som letar efter ett mer seri\u00f6st f\u00f6rh\u00e5llande.<\/p>\n<p>Om du letar efter ebenholtsanslutningar \u00e4r online-dating v\u00e4gen att g\u00e5. Du kan hitta ebenholtssinglar p\u00e5 dejtingsajter och appar som tillgodoser svarta singlar, och du kan skicka meddelanden och chatta med dem f\u00f6r att l\u00e4ra k\u00e4nna dem b\u00e4ttre. N\u00e4r du har hittat n\u00e5gon du \u00e4r intresserad av kan du ordna att tr\u00e4ffas personligen f\u00f6r att se om det finns en gnista. Om ni b\u00e5da \u00e4r intresserade av varandra kan ni ta saker till n\u00e4sta niv\u00e5 och inleda ett f\u00f6rh\u00e5llande. Online dating g\u00f6r det enkelt att hitta ebenholts anslutningar, s\u00e5 varf\u00f6r inte prova?<\/p>\n<h2>Dejta en ebenholtsdam<\/h2>\n<p>Om du vill tr\u00e4ffa en ebenholtsdam finns det n\u00e5gra saker du b\u00f6r t\u00e4nka p\u00e5. F\u00f6r det f\u00f6rsta \u00e4r ebenholtsdamer vanligtvis mycket sj\u00e4lvs\u00e4kra och oberoende, s\u00e5 du m\u00e5ste vara bekv\u00e4m med det. F\u00f6r det andra attraheras de ofta av m\u00e4n som \u00e4r framg\u00e5ngsrika och ambiti\u00f6sa, s\u00e5 det \u00e4r viktigt att visa henne att du \u00e4r driven och har m\u00e5l. Slutligen f\u00f6redrar ebenholtsdamer ofta m\u00e4n som \u00e4r l\u00e5nga och muskul\u00f6sa, s\u00e5 det \u00e4r viktigt att visa upp dina b\u00e4sta fysiska egenskaper. Med dessa tips i \u00e5tanke \u00e4r du p\u00e5 god v\u00e4g att imponera p\u00e5 dina dr\u00f6mmars ebenholtsdam.<\/p>\n<h3>Lovoo<\/h3>\n<p>Lovoo \u00e4r en gratis svart anslutningssida som l\u00e5ter dig hitta svarta singlar i ditt omr\u00e5de. Webbplatsen har en stor databas med svarta singlar, och du kan anv\u00e4nda s\u00f6kfunktionen f\u00f6r att hitta svarta singlar som matchar dina kriterier. Webbplatsen har ocks\u00e5 en chattfunktion, s\u00e5 att du kan chatta med svarta singlar som du \u00e4r intresserad av. Webbplatsen har ocks\u00e5 en videofunktion s\u00e5 att du kan titta p\u00e5 svarta singlar som du \u00e4r intresserad av. Webbplatsen har ocks\u00e5 en bloggfunktion, s\u00e5 att du kan l\u00e4sa svarta singlar som du \u00e4r intresserad av. Webbplatsen har ocks\u00e5 en forumfunktion, s\u00e5 att du kan diskutera svarta singlar som du \u00e4r intresserad av.<\/p>\n<h3>TinderMeets<\/h3>\n<p>Om du letar efter en gratis svart anslutningssida \u00e4r TinderMeets ett bra alternativ. Webbplatsen har ett rent, anv\u00e4ndarv\u00e4nligt gr\u00e4nssnitt och erbjuder ett brett utbud av funktioner som hj\u00e4lper dig att hitta en matchning. Du kan s\u00f6ka efter matchningar efter plats, \u00e5lder och intressen och visa profiler p\u00e5 en m\u00e4ngd olika s\u00e4tt. Webbplatsen har ocks\u00e5 ett meddelandesystem s\u00e5 att du kan l\u00e4ra k\u00e4nna potentiella matchningar innan du tr\u00e4ffas personligen.<\/p>\n<p>Sammantaget \u00e4r TinderMeets ett utm\u00e4rkt alternativ f\u00f6r att hitta en gratis svart anslutningssida. Webbplatsen \u00e4r enkel att anv\u00e4nda och har m\u00e5nga funktioner som hj\u00e4lper dig att hitta en matchning. Den enda nackdelen \u00e4r att webbplatsen inte har m\u00e5nga medlemmar, s\u00e5 du kan beh\u00f6va s\u00f6ka ett tag f\u00f6r att hitta n\u00e5gon som passar dig bra.<\/p>\n<h3>FlingPals<\/h3>\n<p>Om du letar efter en gratis svart anslutningssida b\u00f6r du definitivt kolla in FlingPals. Denna webbplats \u00e4r speciellt utformad f\u00f6r svarta singlar som letar efter avslappnade anslutningar. Du kan skapa en profil, bl\u00e4ddra bland andra profiler och skicka meddelanden gratis.<\/p>\n<p>Webbplatsen \u00e4r l\u00e4tt att anv\u00e4nda och har m\u00e5nga fantastiska funktioner. Du kan s\u00f6ka efter andra svarta singlar efter plats, \u00e5lder och intressen. Du kan ocks\u00e5 visa foton och videor av andra medlemmar.<\/p>\n<p>Sammantaget \u00e4r FlingPals ett utm\u00e4rkt val f\u00f6r svarta singlar som letar efter en avslappnad anslutningssida. Webbplatsen \u00e4r gratis att anv\u00e4nda och har m\u00e5nga fantastiska funktioner.<\/p>\n<h3>Zoosk<\/h3>\n<p>Zoosk \u00e4r en dejtingsapp som l\u00e5ter dig ansluta till potentiella matchningar via Facebook, ditt telefonnummer eller din e-postadress. Du kan ocks\u00e5 skapa en profil som g\u00f6r att andra anv\u00e4ndare kan hitta dig baserat p\u00e5 dina intressen och preferenser. Zoosk har ocks\u00e5 en &#8221;Carousel&#8221; -funktion, som l\u00e5ter dig svepa genom potentiella matchningar och skicka meddelanden direkt till dem. Zoosk \u00e4r en gratis app, men du kan uppgradera till ett betalt medlemskap f\u00f6r att l\u00e5sa upp fler funktioner.<\/p>\n","protected":false},"excerpt":{"rendered":"<p>Det finns ett antal gratis svarta anslutningssidor tillg\u00e4ngliga online. Dessa webbplatser ger en plattform f\u00f6r svarta singlar att ansluta och ansluta sig till likasinnade individer. Webbplatserna \u00e4r enkla att anv\u00e4nda och till\u00e5ter anv\u00e4ndare att skapa en profil och bl\u00e4ddra igenom andra medlemmars profiler. N\u00e5gra av de popul\u00e4ra gratis svarta anslutningssidorna inkluderar BlackPeopleMeet och BlackSingles. Svarta&#8230;<a class=\"read-more-link button\" href=\"https:\/\/theyoungmessiah.com\/sv\/ebenholts-anslutningar\/\">Read more<\/a><\/p>\n","protected":false},"author":1,"featured_media":0,"parent":0,"menu_order":0,"comment_status":"closed","ping_status":"closed","template":"","meta":[],"yoast_head":"<!-- This site is optimized with the Yoast SEO plugin v17.7.1 - https:\/\/yoast.com\/wordpress\/plugins\/seo\/ -->\n<title>Ebenholts anslutningar - Online Adult Dating<\/title>\n<meta name=\"robots\" content=\"index, follow, max-snippet:-1, max-image-preview:large, max-video-preview:-1\" \/>\n<link rel=\"canonical\" href=\"https:\/\/theyoungmessiah.com\/sv\/ebenholts-anslutningar\/\" \/>\n<meta property=\"og:locale\" content=\"sv_SE\" \/>\n<meta property=\"og:type\" content=\"article\" \/>\n<meta property=\"og:title\" content=\"Ebenholts anslutningar - Online Adult Dating\" \/>\n<meta property=\"og:description\" content=\"Det finns ett antal gratis svarta anslutningssidor tillg\u00e4ngliga online. Dessa webbplatser ger en plattform f\u00f6r svarta singlar att ansluta och ansluta sig till likasinnade individer. Webbplatserna \u00e4r enkla att anv\u00e4nda och till\u00e5ter anv\u00e4ndare att skapa en profil och bl\u00e4ddra igenom andra medlemmars profiler. N\u00e5gra av de popul\u00e4ra gratis svarta anslutningssidorna inkluderar BlackPeopleMeet och BlackSingles. Svarta...Read more\" \/>\n<meta property=\"og:url\" content=\"https:\/\/theyoungmessiah.com\/sv\/ebenholts-anslutningar\/\" \/>\n<meta property=\"og:site_name\" content=\"Online Adult Dating\" \/>\n<meta name=\"twitter:card\" content=\"summary_large_image\" \/>\n<meta name=\"twitter:label1\" content=\"Ber\u00e4knad l\u00e4stid\" \/>\n\t<meta name=\"twitter:data1\" content=\"4 minuter\" \/>\n<script type=\"application\/ld+json\" class=\"yoast-schema-graph\">{\"@context\":\"https:\/\/schema.org\",\"@graph\":[{\"@type\":\"WebSite\",\"@id\":\"https:\/\/theyoungmessiah.com\/sv\/#website\",\"url\":\"https:\/\/theyoungmessiah.com\/sv\/\",\"name\":\"Online Adult Dating\",\"description\":\"Local Sex Hookups\",\"potentialAction\":[{\"@type\":\"SearchAction\",\"target\":{\"@type\":\"EntryPoint\",\"urlTemplate\":\"https:\/\/theyoungmessiah.com\/sv\/?s={search_term_string}\"},\"query-input\":\"required name=search_term_string\"}],\"inLanguage\":\"sv-SE\"},{\"@type\":\"WebPage\",\"@id\":\"https:\/\/theyoungmessiah.com\/sv\/ebenholts-anslutningar\/#webpage\",\"url\":\"https:\/\/theyoungmessiah.com\/sv\/ebenholts-anslutningar\/\",\"name\":\"Ebenholts anslutningar - Online Adult Dating\",\"isPartOf\":{\"@id\":\"https:\/\/theyoungmessiah.com\/sv\/#website\"},\"datePublished\":\"2022-10-12T12:52:44+00:00\",\"dateModified\":\"2022-10-12T12:52:44+00:00\",\"breadcrumb\":{\"@id\":\"https:\/\/theyoungmessiah.com\/sv\/ebenholts-anslutningar\/#breadcrumb\"},\"inLanguage\":\"sv-SE\",\"potentialAction\":[{\"@type\":\"ReadAction\",\"target\":[\"https:\/\/theyoungmessiah.com\/sv\/ebenholts-anslutningar\/\"]}]},{\"@type\":\"BreadcrumbList\",\"@id\":\"https:\/\/theyoungmessiah.com\/sv\/ebenholts-anslutningar\/#breadcrumb\",\"itemListElement\":[{\"@type\":\"ListItem\",\"position\":1,\"name\":\"Home\",\"item\":\"http:\/\/theyoungmessiah.com\/sv\/\"},{\"@type\":\"ListItem\",\"position\":2,\"name\":\"Ebenholts anslutningar\"}]}]}<\/script>\n<!-- \/ Yoast SEO plugin. -->","yoast_head_json":{"title":"Ebenholts anslutningar - Online Adult Dating","robots":{"index":"index","follow":"follow","max-snippet":"max-snippet:-1","max-image-preview":"max-image-preview:large","max-video-preview":"max-video-preview:-1"},"canonical":"https:\/\/theyoungmessiah.com\/sv\/ebenholts-anslutningar\/","og_locale":"sv_SE","og_type":"article","og_title":"Ebenholts anslutningar - Online Adult Dating","og_description":"Det finns ett antal gratis svarta anslutningssidor tillg\u00e4ngliga online. Dessa webbplatser ger en plattform f\u00f6r svarta singlar att ansluta och ansluta sig till likasinnade individer. Webbplatserna \u00e4r enkla att anv\u00e4nda och till\u00e5ter anv\u00e4ndare att skapa en profil och bl\u00e4ddra igenom andra medlemmars profiler. N\u00e5gra av de popul\u00e4ra gratis svarta anslutningssidorna inkluderar BlackPeopleMeet och BlackSingles. Svarta...Read more","og_url":"https:\/\/theyoungmessiah.com\/sv\/ebenholts-anslutningar\/","og_site_name":"Online Adult Dating","twitter_card":"summary_large_image","twitter_misc":{"Ber\u00e4knad l\u00e4stid":"4 minuter"},"schema":{"@context":"https:\/\/schema.org","@graph":[{"@type":"WebSite","@id":"https:\/\/theyoungmessiah.com\/sv\/#website","url":"https:\/\/theyoungmessiah.com\/sv\/","name":"Online Adult Dating","description":"Local Sex Hookups","potentialAction":[{"@type":"SearchAction","target":{"@type":"EntryPoint","urlTemplate":"https:\/\/theyoungmessiah.com\/sv\/?s={search_term_string}"},"query-input":"required name=search_term_string"}],"inLanguage":"sv-SE"},{"@type":"WebPage","@id":"https:\/\/theyoungmessiah.com\/sv\/ebenholts-anslutningar\/#webpage","url":"https:\/\/theyoungmessiah.com\/sv\/ebenholts-anslutningar\/","name":"Ebenholts anslutningar - Online Adult Dating","isPartOf":{"@id":"https:\/\/theyoungmessiah.com\/sv\/#website"},"datePublished":"2022-10-12T12:52:44+00:00","dateModified":"2022-10-12T12:52:44+00:00","breadcrumb":{"@id":"https:\/\/theyoungmessiah.com\/sv\/ebenholts-anslutningar\/#breadcrumb"},"inLanguage":"sv-SE","potentialAction":[{"@type":"ReadAction","target":["https:\/\/theyoungmessiah.com\/sv\/ebenholts-anslutningar\/"]}]},{"@type":"BreadcrumbList","@id":"https:\/\/theyoungmessiah.com\/sv\/ebenholts-anslutningar\/#breadcrumb","itemListElement":[{"@type":"ListItem","position":1,"name":"Home","item":"http:\/\/theyoungmessiah.com\/sv\/"},{"@type":"ListItem","position":2,"name":"Ebenholts anslutningar"}]}]}},"_links":{"self":[{"href":"https:\/\/theyoungmessiah.com\/sv\/wp-json\/wp\/v2\/pages\/217"}],"collection":[{"href":"https:\/\/theyoungmessiah.com\/sv\/wp-json\/wp\/v2\/pages"}],"about":[{"href":"https:\/\/theyoungmessiah.com\/sv\/wp-json\/wp\/v2\/types\/page"}],"author":[{"embeddable":true,"href":"https:\/\/theyoungmessiah.com\/sv\/wp-json\/wp\/v2\/users\/1"}],"replies":[{"embeddable":true,"href":"https:\/\/theyoungmessiah.com\/sv\/wp-json\/wp\/v2\/comments?post=217"}],"version-history":[{"count":0,"href":"https:\/\/theyoungmessiah.com\/sv\/wp-json\/wp\/v2\/pages\/217\/revisions"}],"wp:attachment":[{"href":"https:\/\/theyoungmessiah.com\/sv\/wp-json\/wp\/v2\/media?parent=217"}],"curies":[{"name":"wp","href":"https:\/\/api.w.org\/{rel}","templated":true}]}}