{"id":241,"date":"2022-10-12T13:52:14","date_gmt":"2022-10-12T12:52:14","guid":{"rendered":"http:\/\/theyoungmessiah.com\/gratis-lokala-anslutningswebbplatser\/"},"modified":"2022-10-12T13:52:14","modified_gmt":"2022-10-12T12:52:14","slug":"gratis-lokala-anslutningswebbplatser","status":"publish","type":"page","link":"https:\/\/theyoungmessiah.com\/sv\/gratis-lokala-anslutningswebbplatser\/","title":{"rendered":"Gratis lokala anslutningswebbplatser"},"content":{"rendered":"<p>Det finns m\u00e5nga <a href=\"http:\/\/theyoungmessiah.com\/free-milf-chat-sites\/\">lokala anslutningssidor<\/a> som kan hj\u00e4lpa dig att hitta n\u00e5gon att ansluta till. Allt du beh\u00f6ver g\u00f6ra \u00e4r att skapa en profil och b\u00f6rja s\u00f6ka efter n\u00e5gon som uppfyller dina kriterier. Att ansluta sig till n\u00e5gon kan vara ett bra s\u00e4tt att ha kul och uppleva nya saker, men det \u00e4r viktigt att vara s\u00e4ker och ansvarsfull n\u00e4r du g\u00f6r det. Se till att du k\u00e4nner personen v\u00e4l innan du tr\u00e4ffas och tr\u00e4ffas alltid p\u00e5 en offentlig plats f\u00f6rst. Med lite planering och tur kan du hitta n\u00e5gon att ansluta till p\u00e5 en av dessa lokala platser.<\/p>\n<h2>Lokal hook up n\u00e4ra mig<\/h2>\n<p>Det finns inget som liknar sp\u00e4nningen i att tr\u00e4ffa n\u00e5gon ny och f\u00f6rv\u00e4ntan p\u00e5 vad som kan h\u00e4nda h\u00e4rn\u00e4st. N\u00e4r det g\u00e4ller att hitta en lokal anslutning n\u00e4ra mig finns det ingen brist p\u00e5 alternativ. Oavsett om du letar efter ett avslappnat m\u00f6te eller n\u00e5got lite mer allvarligt, finns det s\u00e4kert n\u00e5gon d\u00e4r ute som \u00e4r precis r\u00e4tt f\u00f6r dig.<\/p>\n<p>Det fantastiska med internet \u00e4r att det har \u00f6ppnat upp v\u00e4rlden av dejting och anslutning till alla. Oavsett var du bor kommer det s\u00e4kert att finnas n\u00e5gon i n\u00e4rheten som letar efter samma sak som du. Allt du beh\u00f6ver g\u00f6ra \u00e4r att s\u00e4tta dig sj\u00e4lv d\u00e4r ute och se vad som h\u00e4nder.<\/p>\n<p>Vem vet, du kanske bara hittar ditt livs k\u00e4rlek. Eller \u00e5tminstone har du n\u00e5gra fantastiska historier att ber\u00e4tta f\u00f6r dina v\u00e4nner.<\/p>\n<p>Det finns m\u00e5nga dejtingsajter och appar d\u00e4r ute som erbjuder gratis lokala anslutningar. Det betyder att du kan anv\u00e4nda dem f\u00f6r att hitta m\u00e4nniskor i ditt omr\u00e5de som letar efter samma sak som du. Allt du beh\u00f6ver g\u00f6ra \u00e4r att skapa en profil och b\u00f6rja s\u00f6ka. Du kan ocks\u00e5 anv\u00e4nda dessa webbplatser och appar f\u00f6r att chatta med personer i ditt omr\u00e5de som letar efter samma sak som du.<\/p>\n<h2>Lokala anslutningar n\u00e4ra mig<\/h2>\n<p>Det finns gott om lokala anslutningsm\u00f6jligheter n\u00e4ra mig n\u00e4r det g\u00e4ller online-dating. Du kan hitta webbplatser och appar som \u00e4r s\u00e4rskilt utformade f\u00f6r att hj\u00e4lpa dig att f\u00e5 kontakt med andra singlar i ditt omr\u00e5de. Detta g\u00f6r det enkelt att hitta ett datum eller anslutning utan att beh\u00f6va resa s\u00e4rskilt l\u00e5ngt. Det finns ocks\u00e5 gott om m\u00e4nniskor som anv\u00e4nder n\u00e4tdejting som ett s\u00e4tt att tr\u00e4ffa nya m\u00e4nniskor och f\u00e5 nya v\u00e4nner. Oavsett om du letar efter en avslappnad anslutning eller ett seri\u00f6st f\u00f6rh\u00e5llande, finns det n\u00e5gon d\u00e4r ute f\u00f6r dig.<\/p>\n<h3>BBWCupid<\/h3>\n<p>BBWCupid \u00e4r en av de mest popul\u00e4ra dejtingapparna f\u00f6r kurviga kvinnor och m\u00e4n som \u00e4lskar dem. Appen \u00e4r gratis att ladda ner och anv\u00e4nda, och den erbjuder ett premiummedlemskap f\u00f6r $ 9.99 \/ m\u00e5nad som l\u00e5ser upp n\u00e5gra extra funktioner.<\/p>\n<p>Appen \u00e4r v\u00e4ldesignad och enkel att anv\u00e4nda, med ett rent och modernt gr\u00e4nssnitt. Det \u00e4r ocks\u00e5 en av f\u00e5 dejtingappar som specifikt v\u00e4nder sig till kurviga kvinnor och deras beundrare.<\/p>\n<p>En nackdel \u00e4r att det inte finns m\u00e5nga anv\u00e4ndare i mitt omr\u00e5de, s\u00e5 det kan vara sv\u00e5rt att hitta matchningar. Men totalt sett tycker jag att BBWCupid \u00e4r en bra dejtingapp f\u00f6r kurviga kvinnor och deras beundrare.<\/p>\n<h3>Gott om fisk<\/h3>\n<p>Om du letar efter en lokal anslutningssida \u00e4r Plenty of Fish ett bra alternativ. Den har en stor anv\u00e4ndarbas och \u00e4r l\u00e4tt att anv\u00e4nda. Det har dock inte s\u00e5 m\u00e5nga funktioner som n\u00e5gra av de andra webbplatserna p\u00e5 den h\u00e4r listan.<\/p>\n<h3>Stappla<\/h3>\n<p>Bumble \u00e4r en platsbaserad social och dejtingsapplikation som underl\u00e4ttar kommunikationen mellan intresserade anv\u00e4ndare. I heterosexuella matchningar kan endast kvinnliga anv\u00e4ndare initiera kontakt med manliga anv\u00e4ndare, medan i samk\u00f6nade matchningar kan endera deltagaren initiera kontakt. Anv\u00e4ndare kan registrera sig med sitt telefonnummer eller sin Facebook-profil och har m\u00f6jlighet att d\u00f6lja sin \u00e5lder, plats och namn f\u00f6r andra anv\u00e4ndare. Bumble har sitt huvudkontor i Austin, Texas, och har \u00f6ver 50 miljoner anv\u00e4ndare \u00f6ver hela v\u00e4rlden.<\/p>\n<p>Appen \u00e4r utformad f\u00f6r att skapa meningsfulla kontakter, med m\u00e5let om \u00e4ktenskap eller l\u00e5ngsiktiga relationer. Appen har ett 4-stj\u00e4rnigt betyg i App Store, med anv\u00e4ndare som ber\u00f6mmer dess anv\u00e4ndarv\u00e4nlighet och s\u00e4kerhetsfunktioner. Vissa anv\u00e4ndare har dock klagat p\u00e5 att appen \u00e4r f\u00f6r anslutningsfokuserad och att det \u00e4r sv\u00e5rt att hitta ett seri\u00f6st f\u00f6rh\u00e5llande. Sammantaget \u00e4r Bumble ett bra alternativ f\u00f6r dem som letar efter ett seri\u00f6st f\u00f6rh\u00e5llande, eller bara ett roligt och enkelt s\u00e4tt att tr\u00e4ffa nya m\u00e4nniskor.<\/p>\n<h3>Zoosk<\/h3>\n<p>Zoosk \u00e4r en dejtingsapp som l\u00e5ter dig se profiler av lokala singlar i ditt omr\u00e5de. Du kan ocks\u00e5 se foton av lokala singlar och se vem som \u00e4r online nu. Appen har ocks\u00e5 en meddelandefunktion s\u00e5 att du kan skicka meddelanden till dina matchningar. Appen \u00e4r gratis att ladda ner och anv\u00e4nda, men du kan uppgradera till ett betalt medlemskap f\u00f6r att l\u00e5sa upp alla funktioner. Appen \u00e4r tillg\u00e4nglig f\u00f6r iPhone och Android.<\/p>\n","protected":false},"excerpt":{"rendered":"<p>Det finns m\u00e5nga lokala anslutningssidor som kan hj\u00e4lpa dig att hitta n\u00e5gon att ansluta till. Allt du beh\u00f6ver g\u00f6ra \u00e4r att skapa en profil och b\u00f6rja s\u00f6ka efter n\u00e5gon som uppfyller dina kriterier. Att ansluta sig till n\u00e5gon kan vara ett bra s\u00e4tt att ha kul och uppleva nya saker, men det \u00e4r viktigt att&#8230;<a class=\"read-more-link button\" href=\"https:\/\/theyoungmessiah.com\/sv\/gratis-lokala-anslutningswebbplatser\/\">Read more<\/a><\/p>\n","protected":false},"author":1,"featured_media":0,"parent":0,"menu_order":0,"comment_status":"closed","ping_status":"closed","template":"","meta":[],"yoast_head":"<!-- This site is optimized with the Yoast SEO plugin v17.7.1 - https:\/\/yoast.com\/wordpress\/plugins\/seo\/ -->\n<title>Gratis lokala anslutningswebbplatser - Online Adult Dating<\/title>\n<meta name=\"robots\" content=\"index, follow, max-snippet:-1, max-image-preview:large, max-video-preview:-1\" \/>\n<link rel=\"canonical\" href=\"https:\/\/theyoungmessiah.com\/sv\/gratis-lokala-anslutningswebbplatser\/\" \/>\n<meta property=\"og:locale\" content=\"sv_SE\" \/>\n<meta property=\"og:type\" content=\"article\" \/>\n<meta property=\"og:title\" content=\"Gratis lokala anslutningswebbplatser - Online Adult Dating\" \/>\n<meta property=\"og:description\" content=\"Det finns m\u00e5nga lokala anslutningssidor som kan hj\u00e4lpa dig att hitta n\u00e5gon att ansluta till. Allt du beh\u00f6ver g\u00f6ra \u00e4r att skapa en profil och b\u00f6rja s\u00f6ka efter n\u00e5gon som uppfyller dina kriterier. Att ansluta sig till n\u00e5gon kan vara ett bra s\u00e4tt att ha kul och uppleva nya saker, men det \u00e4r viktigt att...Read more\" \/>\n<meta property=\"og:url\" content=\"https:\/\/theyoungmessiah.com\/sv\/gratis-lokala-anslutningswebbplatser\/\" \/>\n<meta property=\"og:site_name\" content=\"Online Adult Dating\" \/>\n<meta name=\"twitter:card\" content=\"summary_large_image\" \/>\n<meta name=\"twitter:label1\" content=\"Ber\u00e4knad l\u00e4stid\" \/>\n\t<meta name=\"twitter:data1\" content=\"5 minuter\" \/>\n<script type=\"application\/ld+json\" class=\"yoast-schema-graph\">{\"@context\":\"https:\/\/schema.org\",\"@graph\":[{\"@type\":\"WebSite\",\"@id\":\"https:\/\/theyoungmessiah.com\/sv\/#website\",\"url\":\"https:\/\/theyoungmessiah.com\/sv\/\",\"name\":\"Online Adult Dating\",\"description\":\"Local Sex Hookups\",\"potentialAction\":[{\"@type\":\"SearchAction\",\"target\":{\"@type\":\"EntryPoint\",\"urlTemplate\":\"https:\/\/theyoungmessiah.com\/sv\/?s={search_term_string}\"},\"query-input\":\"required name=search_term_string\"}],\"inLanguage\":\"sv-SE\"},{\"@type\":\"WebPage\",\"@id\":\"https:\/\/theyoungmessiah.com\/sv\/gratis-lokala-anslutningswebbplatser\/#webpage\",\"url\":\"https:\/\/theyoungmessiah.com\/sv\/gratis-lokala-anslutningswebbplatser\/\",\"name\":\"Gratis lokala anslutningswebbplatser - Online Adult Dating\",\"isPartOf\":{\"@id\":\"https:\/\/theyoungmessiah.com\/sv\/#website\"},\"datePublished\":\"2022-10-12T12:52:14+00:00\",\"dateModified\":\"2022-10-12T12:52:14+00:00\",\"breadcrumb\":{\"@id\":\"https:\/\/theyoungmessiah.com\/sv\/gratis-lokala-anslutningswebbplatser\/#breadcrumb\"},\"inLanguage\":\"sv-SE\",\"potentialAction\":[{\"@type\":\"ReadAction\",\"target\":[\"https:\/\/theyoungmessiah.com\/sv\/gratis-lokala-anslutningswebbplatser\/\"]}]},{\"@type\":\"BreadcrumbList\",\"@id\":\"https:\/\/theyoungmessiah.com\/sv\/gratis-lokala-anslutningswebbplatser\/#breadcrumb\",\"itemListElement\":[{\"@type\":\"ListItem\",\"position\":1,\"name\":\"Home\",\"item\":\"http:\/\/theyoungmessiah.com\/sv\/\"},{\"@type\":\"ListItem\",\"position\":2,\"name\":\"Gratis lokala anslutningswebbplatser\"}]}]}<\/script>\n<!-- \/ Yoast SEO plugin. -->","yoast_head_json":{"title":"Gratis lokala anslutningswebbplatser - Online Adult Dating","robots":{"index":"index","follow":"follow","max-snippet":"max-snippet:-1","max-image-preview":"max-image-preview:large","max-video-preview":"max-video-preview:-1"},"canonical":"https:\/\/theyoungmessiah.com\/sv\/gratis-lokala-anslutningswebbplatser\/","og_locale":"sv_SE","og_type":"article","og_title":"Gratis lokala anslutningswebbplatser - Online Adult Dating","og_description":"Det finns m\u00e5nga lokala anslutningssidor som kan hj\u00e4lpa dig att hitta n\u00e5gon att ansluta till. Allt du beh\u00f6ver g\u00f6ra \u00e4r att skapa en profil och b\u00f6rja s\u00f6ka efter n\u00e5gon som uppfyller dina kriterier. Att ansluta sig till n\u00e5gon kan vara ett bra s\u00e4tt att ha kul och uppleva nya saker, men det \u00e4r viktigt att...Read more","og_url":"https:\/\/theyoungmessiah.com\/sv\/gratis-lokala-anslutningswebbplatser\/","og_site_name":"Online Adult Dating","twitter_card":"summary_large_image","twitter_misc":{"Ber\u00e4knad l\u00e4stid":"5 minuter"},"schema":{"@context":"https:\/\/schema.org","@graph":[{"@type":"WebSite","@id":"https:\/\/theyoungmessiah.com\/sv\/#website","url":"https:\/\/theyoungmessiah.com\/sv\/","name":"Online Adult Dating","description":"Local Sex Hookups","potentialAction":[{"@type":"SearchAction","target":{"@type":"EntryPoint","urlTemplate":"https:\/\/theyoungmessiah.com\/sv\/?s={search_term_string}"},"query-input":"required name=search_term_string"}],"inLanguage":"sv-SE"},{"@type":"WebPage","@id":"https:\/\/theyoungmessiah.com\/sv\/gratis-lokala-anslutningswebbplatser\/#webpage","url":"https:\/\/theyoungmessiah.com\/sv\/gratis-lokala-anslutningswebbplatser\/","name":"Gratis lokala anslutningswebbplatser - Online Adult Dating","isPartOf":{"@id":"https:\/\/theyoungmessiah.com\/sv\/#website"},"datePublished":"2022-10-12T12:52:14+00:00","dateModified":"2022-10-12T12:52:14+00:00","breadcrumb":{"@id":"https:\/\/theyoungmessiah.com\/sv\/gratis-lokala-anslutningswebbplatser\/#breadcrumb"},"inLanguage":"sv-SE","potentialAction":[{"@type":"ReadAction","target":["https:\/\/theyoungmessiah.com\/sv\/gratis-lokala-anslutningswebbplatser\/"]}]},{"@type":"BreadcrumbList","@id":"https:\/\/theyoungmessiah.com\/sv\/gratis-lokala-anslutningswebbplatser\/#breadcrumb","itemListElement":[{"@type":"ListItem","position":1,"name":"Home","item":"http:\/\/theyoungmessiah.com\/sv\/"},{"@type":"ListItem","position":2,"name":"Gratis lokala anslutningswebbplatser"}]}]}},"_links":{"self":[{"href":"https:\/\/theyoungmessiah.com\/sv\/wp-json\/wp\/v2\/pages\/241"}],"collection":[{"href":"https:\/\/theyoungmessiah.com\/sv\/wp-json\/wp\/v2\/pages"}],"about":[{"href":"https:\/\/theyoungmessiah.com\/sv\/wp-json\/wp\/v2\/types\/page"}],"author":[{"embeddable":true,"href":"https:\/\/theyoungmessiah.com\/sv\/wp-json\/wp\/v2\/users\/1"}],"replies":[{"embeddable":true,"href":"https:\/\/theyoungmessiah.com\/sv\/wp-json\/wp\/v2\/comments?post=241"}],"version-history":[{"count":0,"href":"https:\/\/theyoungmessiah.com\/sv\/wp-json\/wp\/v2\/pages\/241\/revisions"}],"wp:attachment":[{"href":"https:\/\/theyoungmessiah.com\/sv\/wp-json\/wp\/v2\/media?parent=241"}],"curies":[{"name":"wp","href":"https:\/\/api.w.org\/{rel}","templated":true}]}}