{"id":242,"date":"2022-10-12T13:52:31","date_gmt":"2022-10-12T12:52:31","guid":{"rendered":"http:\/\/theyoungmessiah.com\/senior-dejting-apps\/"},"modified":"2022-10-12T13:52:31","modified_gmt":"2022-10-12T12:52:31","slug":"senior-dejting-apps","status":"publish","type":"page","link":"https:\/\/theyoungmessiah.com\/sv\/senior-dejting-apps\/","title":{"rendered":"Senior Dejting Apps"},"content":{"rendered":"<p>Det finns n\u00e5gra olika senior dejtingappar, men den mest popul\u00e4ra \u00e4r Tinder. Tinder \u00e4r en <a href=\"http:\/\/theyoungmessiah.com\/free-local-hookups-sites\/\">dejtingsapp<\/a> som till\u00e5ter anv\u00e4ndare att svepa \u00e5t v\u00e4nster eller h\u00f6ger p\u00e5 potentiella matchningar. Om tv\u00e5 anv\u00e4ndare sveper \u00e5t h\u00f6ger p\u00e5 varandra matchas de och kan chatta. Tinder anv\u00e4nds oftast f\u00f6r att ansluta, men det kan ocks\u00e5 anv\u00e4ndas f\u00f6r dejting.<\/p>\n<h2>Dejtingsajter f\u00f6r \u00f6ver 40-talet<\/h2>\n<p>Det finns m\u00e5nga dejtingsajter f\u00f6r \u00f6ver 40-talet d\u00e4r ute, s\u00e5 det kan vara \u00f6verv\u00e4ldigande att f\u00f6rs\u00f6ka best\u00e4mma vilken som \u00e4r r\u00e4tt f\u00f6r dig. Ett bra st\u00e4lle att b\u00f6rja \u00e4r att t\u00e4nka p\u00e5 vad du letar efter hos en partner. Vill du ha n\u00e5gon som \u00e4r rolig och l\u00e4ttsam? N\u00e5gon som \u00e4r seri\u00f6s och motiverad? N\u00e4r du vet vad du letar efter kan du b\u00f6rja begr\u00e4nsa dina alternativ.<\/p>\n<p>En annan sak att t\u00e4nka p\u00e5 \u00e4r vilken typ av dejting du \u00e4r intresserad av. Letar du efter n\u00e5got avslappnat, eller \u00e4r du intresserad av n\u00e5got mer allvarligt? Det finns dejtingsajter f\u00f6r b\u00e5da typerna av relationer, s\u00e5 du m\u00e5ste best\u00e4mma vilken som passar dig.<\/p>\n<p>Om du \u00e4r \u00f6ver 40 och singel finns det ingen anledning att f\u00f6rtvivla. Det finns gott om dejtingsajter d\u00e4r ute som kan hj\u00e4lpa dig att hitta den perfekta partnern. Ta dig bara tid, g\u00f6r din forskning s\u00e5 hittar du den som passar dig.<\/p>\n<h2>Gratis Senior Dating Webbplatser<\/h2>\n<p>Det finns gott om gratis senior dejtingsajter tillg\u00e4ngliga online, men inte alla \u00e4r v\u00e4rda din tid. De b\u00e4sta gratis dejtingsajterna f\u00f6r seniorer \u00e4r de som ger dig chansen att tr\u00e4ffa nya m\u00e4nniskor, bygga relationer och kanske till och med hitta k\u00e4rlek. F\u00f6r att hitta de b\u00e4sta gratis dejtingsajterna f\u00f6r seniorer vill du se till att de har en stor anv\u00e4ndarbas, erbjuder m\u00e5nga funktioner och har ett positivt rykte. Med s\u00e5 m\u00e5nga gratis dejtingsajter f\u00f6r seniorer att v\u00e4lja mellan \u00e4r det viktigt att hitta den som passar dig.<\/p>\n<p>Det finns m\u00e5nga anledningar till att m\u00e4nniskor kan v\u00e4lja att dejta senare i livet. Kanske \u00e4r de mer mogna och har en b\u00e4ttre uppfattning om vad de letar efter i ett f\u00f6rh\u00e5llande. Kanske har de g\u00e5tt igenom en skilsm\u00e4ssa eller haft n\u00e5gon annan livserfarenhet som har gjort dem mer f\u00f6rsiktiga med att engagera sig med n\u00e5gon. Oavsett anledning finns det gott om mogna singlar d\u00e4r ute som anv\u00e4nder online dating webbplatser f\u00f6r att hitta k\u00e4rlek och s\u00e4llskap.<\/p>\n<p>Om du funderar p\u00e5 att prova online dating \u00e4r det viktigt att v\u00e4lja en webbplats som \u00e4r inriktad p\u00e5 mogna singlar. Du vill leta efter en webbplats som har en stor och aktiv medlemsbas, samt en robust upps\u00e4ttning funktioner och s\u00e4kerhets\u00e5tg\u00e4rder. Och naturligtvis vill du se till att webbplatsen du v\u00e4ljer \u00e4r en som du k\u00e4nner dig bekv\u00e4m med att anv\u00e4nda.<\/p>\n<p>Med lite forskning b\u00f6r du kunna hitta en online dejtingsajt som \u00e4r perfekt f\u00f6r dig. Och vem vet, du kanske bara hittar ditt livs k\u00e4rlek.<\/p>\n<h3>LuckyCrush<\/h3>\n<p>Om du letar efter en senior dejtingsapp som \u00e4r Luck-baserad \u00e4r LuckyCrush ett bra alternativ. Det \u00e4r en gratis app som matchar dig med andra anv\u00e4ndare baserat p\u00e5 din plats, och du kan chatta med dem om ni b\u00e5da \u00e4r intresserade. Appen har ocks\u00e5 ett 4-stj\u00e4rnigt betyg i App Store, s\u00e5 det \u00e4r definitivt v\u00e4rt att kolla in.<\/p>\n<h3>OneNightFriend<\/h3>\n<p>Om du letar efter en senior dejtingsapp \u00e4r OneNightFriend ett bra alternativ. Det \u00e4r l\u00e4tt att anv\u00e4nda och har m\u00e5nga funktioner som g\u00f6r det till ett utm\u00e4rkt val f\u00f6r seniorer. Appen \u00e4r gratis att ladda ner och anv\u00e4nda, och den \u00e4r tillg\u00e4nglig p\u00e5 b\u00e5de iOS- och Android-enheter. OneNightFriend \u00e4r ett bra s\u00e4tt att tr\u00e4ffa nya m\u00e4nniskor och hitta potentiella matchningar. Appen \u00e4r enkel att anv\u00e4nda och har m\u00e5nga funktioner som g\u00f6r den till ett utm\u00e4rkt val f\u00f6r seniorer. OneNightFriend \u00e4r ett bra s\u00e4tt att tr\u00e4ffa nya m\u00e4nniskor och hitta potentiella matchningar.<\/p>\n<h3>XPickup<\/h3>\n<p>XPickup \u00e4r en ny dejtingapp som \u00e4r speciellt utformad f\u00f6r seniorer. Den \u00e4r tillg\u00e4nglig gratis i App Store och Google Play. Appen har ett enkelt och anv\u00e4ndarv\u00e4nligt gr\u00e4nssnitt. Anv\u00e4ndare kan skapa en profil och l\u00e4gga till foton. De kan sedan s\u00f6ka efter andra seniorer som letar efter ett datum. XPickup erbjuder ocks\u00e5 en chattfunktion s\u00e5 att anv\u00e4ndare kan kommunicera med varandra. Appen \u00e4r trygg och s\u00e4ker och den \u00e4r enkel att anv\u00e4nda. Sammantaget \u00e4r XPickup en bra dejtingsapp f\u00f6r seniorer.<\/p>\n<h3>BoneAMilf<\/h3>\n<p>Om du letar efter en dejtingsapp speciellt utformad f\u00f6r \u00e4ldre vuxna, b\u00f6r du definitivt kolla in BoneAMilf. Denna app \u00e4r full av funktioner som g\u00f6r det enkelt att hitta och ansluta till potentiella matchningar, och den har ocks\u00e5 ett bra anv\u00e4ndargr\u00e4nssnitt.<\/p>\n<p>En av de b\u00e4sta sakerna med BoneAMilf \u00e4r att den erbjuder ett brett utbud av s\u00f6kalternativ, s\u00e5 att du enkelt kan hitta personer som uppfyller dina specifika kriterier. Du kan ocks\u00e5 anv\u00e4nda appen f\u00f6r att visa profiler f\u00f6r andra anv\u00e4ndare och se vem som f\u00f6r n\u00e4rvarande \u00e4r online.<\/p>\n<p>Appen har ocks\u00e5 ett inbyggt meddelandesystem s\u00e5 att du enkelt kan chatta med potentiella matchningar. Sammantaget \u00e4r BoneAMilf ett utm\u00e4rkt alternativ f\u00f6r \u00e4ldre vuxna som letar efter en dejtingsapp som \u00e4r l\u00e4tt att anv\u00e4nda och full av funktioner.<\/p>\n","protected":false},"excerpt":{"rendered":"<p>Det finns n\u00e5gra olika senior dejtingappar, men den mest popul\u00e4ra \u00e4r Tinder. Tinder \u00e4r en dejtingsapp som till\u00e5ter anv\u00e4ndare att svepa \u00e5t v\u00e4nster eller h\u00f6ger p\u00e5 potentiella matchningar. Om tv\u00e5 anv\u00e4ndare sveper \u00e5t h\u00f6ger p\u00e5 varandra matchas de och kan chatta. Tinder anv\u00e4nds oftast f\u00f6r att ansluta, men det kan ocks\u00e5 anv\u00e4ndas f\u00f6r dejting. Dejtingsajter&#8230;<a class=\"read-more-link button\" href=\"https:\/\/theyoungmessiah.com\/sv\/senior-dejting-apps\/\">Read more<\/a><\/p>\n","protected":false},"author":1,"featured_media":0,"parent":0,"menu_order":0,"comment_status":"closed","ping_status":"closed","template":"","meta":[],"yoast_head":"<!-- This site is optimized with the Yoast SEO plugin v17.7.1 - https:\/\/yoast.com\/wordpress\/plugins\/seo\/ -->\n<title>Senior Dejting Apps - Online Adult Dating<\/title>\n<meta name=\"robots\" content=\"index, follow, max-snippet:-1, max-image-preview:large, max-video-preview:-1\" \/>\n<link rel=\"canonical\" href=\"https:\/\/theyoungmessiah.com\/sv\/senior-dejting-apps\/\" \/>\n<meta property=\"og:locale\" content=\"sv_SE\" \/>\n<meta property=\"og:type\" content=\"article\" \/>\n<meta property=\"og:title\" content=\"Senior Dejting Apps - Online Adult Dating\" \/>\n<meta property=\"og:description\" content=\"Det finns n\u00e5gra olika senior dejtingappar, men den mest popul\u00e4ra \u00e4r Tinder. Tinder \u00e4r en dejtingsapp som till\u00e5ter anv\u00e4ndare att svepa \u00e5t v\u00e4nster eller h\u00f6ger p\u00e5 potentiella matchningar. Om tv\u00e5 anv\u00e4ndare sveper \u00e5t h\u00f6ger p\u00e5 varandra matchas de och kan chatta. Tinder anv\u00e4nds oftast f\u00f6r att ansluta, men det kan ocks\u00e5 anv\u00e4ndas f\u00f6r dejting. Dejtingsajter...Read more\" \/>\n<meta property=\"og:url\" content=\"https:\/\/theyoungmessiah.com\/sv\/senior-dejting-apps\/\" \/>\n<meta property=\"og:site_name\" content=\"Online Adult Dating\" \/>\n<meta name=\"twitter:card\" content=\"summary_large_image\" \/>\n<meta name=\"twitter:label1\" content=\"Ber\u00e4knad l\u00e4stid\" \/>\n\t<meta name=\"twitter:data1\" content=\"5 minuter\" \/>\n<script type=\"application\/ld+json\" class=\"yoast-schema-graph\">{\"@context\":\"https:\/\/schema.org\",\"@graph\":[{\"@type\":\"WebSite\",\"@id\":\"https:\/\/theyoungmessiah.com\/sv\/#website\",\"url\":\"https:\/\/theyoungmessiah.com\/sv\/\",\"name\":\"Online Adult Dating\",\"description\":\"Local Sex Hookups\",\"potentialAction\":[{\"@type\":\"SearchAction\",\"target\":{\"@type\":\"EntryPoint\",\"urlTemplate\":\"https:\/\/theyoungmessiah.com\/sv\/?s={search_term_string}\"},\"query-input\":\"required name=search_term_string\"}],\"inLanguage\":\"sv-SE\"},{\"@type\":\"WebPage\",\"@id\":\"https:\/\/theyoungmessiah.com\/sv\/senior-dejting-apps\/#webpage\",\"url\":\"https:\/\/theyoungmessiah.com\/sv\/senior-dejting-apps\/\",\"name\":\"Senior Dejting Apps - Online Adult Dating\",\"isPartOf\":{\"@id\":\"https:\/\/theyoungmessiah.com\/sv\/#website\"},\"datePublished\":\"2022-10-12T12:52:31+00:00\",\"dateModified\":\"2022-10-12T12:52:31+00:00\",\"breadcrumb\":{\"@id\":\"https:\/\/theyoungmessiah.com\/sv\/senior-dejting-apps\/#breadcrumb\"},\"inLanguage\":\"sv-SE\",\"potentialAction\":[{\"@type\":\"ReadAction\",\"target\":[\"https:\/\/theyoungmessiah.com\/sv\/senior-dejting-apps\/\"]}]},{\"@type\":\"BreadcrumbList\",\"@id\":\"https:\/\/theyoungmessiah.com\/sv\/senior-dejting-apps\/#breadcrumb\",\"itemListElement\":[{\"@type\":\"ListItem\",\"position\":1,\"name\":\"Home\",\"item\":\"http:\/\/theyoungmessiah.com\/sv\/\"},{\"@type\":\"ListItem\",\"position\":2,\"name\":\"Senior Dejting Apps\"}]}]}<\/script>\n<!-- \/ Yoast SEO plugin. -->","yoast_head_json":{"title":"Senior Dejting Apps - Online Adult Dating","robots":{"index":"index","follow":"follow","max-snippet":"max-snippet:-1","max-image-preview":"max-image-preview:large","max-video-preview":"max-video-preview:-1"},"canonical":"https:\/\/theyoungmessiah.com\/sv\/senior-dejting-apps\/","og_locale":"sv_SE","og_type":"article","og_title":"Senior Dejting Apps - Online Adult Dating","og_description":"Det finns n\u00e5gra olika senior dejtingappar, men den mest popul\u00e4ra \u00e4r Tinder. Tinder \u00e4r en dejtingsapp som till\u00e5ter anv\u00e4ndare att svepa \u00e5t v\u00e4nster eller h\u00f6ger p\u00e5 potentiella matchningar. Om tv\u00e5 anv\u00e4ndare sveper \u00e5t h\u00f6ger p\u00e5 varandra matchas de och kan chatta. Tinder anv\u00e4nds oftast f\u00f6r att ansluta, men det kan ocks\u00e5 anv\u00e4ndas f\u00f6r dejting. Dejtingsajter...Read more","og_url":"https:\/\/theyoungmessiah.com\/sv\/senior-dejting-apps\/","og_site_name":"Online Adult Dating","twitter_card":"summary_large_image","twitter_misc":{"Ber\u00e4knad l\u00e4stid":"5 minuter"},"schema":{"@context":"https:\/\/schema.org","@graph":[{"@type":"WebSite","@id":"https:\/\/theyoungmessiah.com\/sv\/#website","url":"https:\/\/theyoungmessiah.com\/sv\/","name":"Online Adult Dating","description":"Local Sex Hookups","potentialAction":[{"@type":"SearchAction","target":{"@type":"EntryPoint","urlTemplate":"https:\/\/theyoungmessiah.com\/sv\/?s={search_term_string}"},"query-input":"required name=search_term_string"}],"inLanguage":"sv-SE"},{"@type":"WebPage","@id":"https:\/\/theyoungmessiah.com\/sv\/senior-dejting-apps\/#webpage","url":"https:\/\/theyoungmessiah.com\/sv\/senior-dejting-apps\/","name":"Senior Dejting Apps - Online Adult Dating","isPartOf":{"@id":"https:\/\/theyoungmessiah.com\/sv\/#website"},"datePublished":"2022-10-12T12:52:31+00:00","dateModified":"2022-10-12T12:52:31+00:00","breadcrumb":{"@id":"https:\/\/theyoungmessiah.com\/sv\/senior-dejting-apps\/#breadcrumb"},"inLanguage":"sv-SE","potentialAction":[{"@type":"ReadAction","target":["https:\/\/theyoungmessiah.com\/sv\/senior-dejting-apps\/"]}]},{"@type":"BreadcrumbList","@id":"https:\/\/theyoungmessiah.com\/sv\/senior-dejting-apps\/#breadcrumb","itemListElement":[{"@type":"ListItem","position":1,"name":"Home","item":"http:\/\/theyoungmessiah.com\/sv\/"},{"@type":"ListItem","position":2,"name":"Senior Dejting Apps"}]}]}},"_links":{"self":[{"href":"https:\/\/theyoungmessiah.com\/sv\/wp-json\/wp\/v2\/pages\/242"}],"collection":[{"href":"https:\/\/theyoungmessiah.com\/sv\/wp-json\/wp\/v2\/pages"}],"about":[{"href":"https:\/\/theyoungmessiah.com\/sv\/wp-json\/wp\/v2\/types\/page"}],"author":[{"embeddable":true,"href":"https:\/\/theyoungmessiah.com\/sv\/wp-json\/wp\/v2\/users\/1"}],"replies":[{"embeddable":true,"href":"https:\/\/theyoungmessiah.com\/sv\/wp-json\/wp\/v2\/comments?post=242"}],"version-history":[{"count":0,"href":"https:\/\/theyoungmessiah.com\/sv\/wp-json\/wp\/v2\/pages\/242\/revisions"}],"wp:attachment":[{"href":"https:\/\/theyoungmessiah.com\/sv\/wp-json\/wp\/v2\/media?parent=242"}],"curies":[{"name":"wp","href":"https:\/\/api.w.org\/{rel}","templated":true}]}}