{"id":262,"date":"2022-10-12T13:51:02","date_gmt":"2022-10-12T12:51:02","guid":{"rendered":"http:\/\/theyoungmessiah.com\/lokala-kvinnor-som-letar-efter-sex\/"},"modified":"2022-10-12T13:51:02","modified_gmt":"2022-10-12T12:51:02","slug":"lokala-kvinnor-som-letar-efter-sex","status":"publish","type":"page","link":"https:\/\/theyoungmessiah.com\/sv\/lokala-kvinnor-som-letar-efter-sex\/","title":{"rendered":"Lokala kvinnor som letar efter sex"},"content":{"rendered":"<p>Lokala kvinnor som letar efter sex \u00e4r ofta villiga att ansluta sig till m\u00e4n de tr\u00e4ffar online. Det finns ett antal webbplatser och appar som tillgodoser denna demografi, vilket g\u00f6r det enkelt att f\u00e5 kontakt med potentiella partners. I m\u00e5nga fall letar dessa kvinnor helt enkelt efter en fysisk anslutning och \u00e4r inte intresserade av n\u00e5got mer. Men det finns ocks\u00e5 n\u00e5gra kvinnor som letar efter ett mer seri\u00f6st f\u00f6rh\u00e5llande. Dessa kvinnor kan vara sv\u00e5rare att hitta, men de finns d\u00e4r ute. Det b\u00e4sta s\u00e4ttet att hitta dem \u00e4r att anv\u00e4nda en dejtingsajt eller app som l\u00e5ter dig s\u00f6ka efter kvinnor som letar efter <a href=\"http:\/\/theyoungmessiah.com\/date-in-your-area\/\">n\u00e5got mer \u00e4n bara en anslutning<\/a>.<\/p>\n<h2>Kvinnor som vill knulla<\/h2>\n<p>Det \u00e4r inget fel med att vilja knulla, och det finns gott om kvinnor d\u00e4r ute som k\u00e4nner likadant. Nyckeln \u00e4r att hitta n\u00e5gon som delar dina \u00f6nskningar och som du \u00e4r kompatibel med.<\/p>\n<p>Det finns n\u00e5gra saker att t\u00e4nka p\u00e5 n\u00e4r du letar efter en knullkompis.<\/p>\n<ul>\n<li>Se f\u00f6rst till att du \u00e4r p\u00e5 samma sida om vad du letar efter. Det \u00e4r ingen mening att engagera sig med n\u00e5gon om du inte \u00e4r p\u00e5 samma sida om vad du g\u00f6r.<\/li>\n<li>F\u00f6r det andra, se till att ni b\u00e5da \u00e4r bekv\u00e4ma med varandra. Om ni inte \u00e4r bekv\u00e4ma med varandra kommer det inte att bli en bra tid.<\/li>\n<li>F\u00f6r det tredje \u00e4r kommunikation nyckeln. Se till att ni b\u00e5da kommunicerar vad ni vill och beh\u00f6ver av relationen. Om du inte \u00e4r p\u00e5 samma sida kommer det inte att fungera.<\/li>\n<li>Slutligen, var inte r\u00e4dd f\u00f6r att experimentera. Om du inte \u00e4r s\u00e4ker p\u00e5 vad du vill, prova olika saker och se vad som fungerar f\u00f6r dig. Det finns inget r\u00e4tt s\u00e4tt att g\u00f6ra saker, s\u00e5 var inte r\u00e4dd f\u00f6r att utforska.<\/li>\n<\/ul>\n<p>Det finns m\u00e5nga s\u00e4tt att tr\u00e4ffa k\u00e5ta kvinnor n\u00e4ra dig, men det mest popul\u00e4ra s\u00e4ttet \u00e4r definitivt online dating. Detta beror p\u00e5 att online dating ger dig mycket fler alternativ och mycket mer flexibilitet n\u00e4r det g\u00e4ller att v\u00e4lja vem du vill tr\u00e4ffa. Du kan ocks\u00e5 anv\u00e4nda online dating f\u00f6r att hitta kvinnor som letar efter samma sak som du, vilket \u00e4r mycket l\u00e4ttare \u00e4n att f\u00f6rs\u00f6ka h\u00e4mta dem personligen.<\/p>\n<h2>Tr\u00e4ffa lokala kvinnor f\u00f6r sex<\/h2>\n<p>Det finns m\u00e5nga webbplatser som l\u00e5ter dig tr\u00e4ffa lokala kvinnor f\u00f6r sex. Du kan anv\u00e4nda dessa webbplatser f\u00f6r att hitta kvinnor som letar efter sex i ditt omr\u00e5de. Du kan ocks\u00e5 anv\u00e4nda dessa webbplatser f\u00f6r att hitta kvinnor som letar efter ett f\u00f6rh\u00e5llande. Du kan anv\u00e4nda dessa webbplatser f\u00f6r att hitta kvinnor som letar efter ett one night stand. Du kan anv\u00e4nda dessa webbplatser f\u00f6r att hitta kvinnor som letar efter ett avslappnat m\u00f6te.<\/p>\n<h3>Zoosk<\/h3>\n<p>Zoosk \u00e4r en dejtingsapp som l\u00e5ter dig f\u00e5 kontakt med lokala kvinnor som letar efter sex. Appen \u00e4r enkel att anv\u00e4nda och har en m\u00e4ngd olika funktioner som g\u00f6r den till ett utm\u00e4rkt alternativ f\u00f6r dem som letar efter en avslappnad anslutning eller ett mer seri\u00f6st f\u00f6rh\u00e5llande. Appen har ocks\u00e5 en stor anv\u00e4ndarbas, vilket inneb\u00e4r att du \u00e4r mer ben\u00e4gna att hitta n\u00e5gon som passar dig bra.<\/p>\n<h3>Milfaholic<\/h3>\n<p>Det finns m\u00e5nga dejtingappar d\u00e4r ute, men Milfaholic \u00e4r en av de enda som \u00e4r speciellt utformade f\u00f6r \u00e4ldre kvinnor och yngre m\u00e4n. Den h\u00e4r appen \u00e4r perfekt f\u00f6r alla som letar efter ett f\u00f6rh\u00e5llande utan str\u00e4ngar med en het \u00e4ldre kvinna. Registreringsprocessen \u00e4r snabb och enkel och du kan b\u00f6rja skicka meddelanden till kvinnor direkt. Kvinnorna p\u00e5 Milfaholic \u00e4r alla lokala, s\u00e5 du kan vara s\u00e4ker p\u00e5 att hitta n\u00e5gon i ditt omr\u00e5de. Och om du letar efter n\u00e5got lite mer l\u00e5ngsiktigt kan du ocks\u00e5 anv\u00e4nda Milfaholic f\u00f6r att hitta \u00e4ldre kvinnor som \u00e4r intresserade av att tr\u00e4ffa yngre m\u00e4n.<\/p>\n<h3>Flingster<\/h3>\n<p>Om du letar efter en fling eller en anslutning \u00e4r Flingster definitivt dejtingsappen f\u00f6r dig. Appen \u00e4r otroligt enkel att anv\u00e4nda och det \u00e4r gratis att registrera sig. Du kan bl\u00e4ddra igenom lokala profiler och skicka meddelanden till alla du \u00e4r intresserad av. Appen \u00e4r ocks\u00e5 mycket popul\u00e4r bland lokala kvinnor som letar efter sex. S\u00f6kfunktionen \u00e4r mycket anv\u00e4ndarv\u00e4nlig och du kan filtrera efter plats, \u00e5lder och intressen. Sammantaget \u00e4r Flingster ett utm\u00e4rkt alternativ f\u00f6r alla som letar efter en avslappnad anslutning eller en fling.<\/p>\n<h3>ComeWithYou<\/h3>\n<p>ComeWithYou \u00e4r en ny dejtingapp som f\u00e5r mycket surr. Appen \u00e4r utformad f\u00f6r att hj\u00e4lpa kvinnor att hitta lokala m\u00e4n f\u00f6r avslappnad sex. Appen \u00e4r v\u00e4ldigt enkel att anv\u00e4nda och det tar bara n\u00e5gra sekunder att registrera sig. Appen \u00e4r gratis att ladda ner och den \u00e4r tillg\u00e4nglig f\u00f6r b\u00e5de iOS och Android. ComeWithYou \u00e4r ett bra alternativ f\u00f6r kvinnor som letar efter avslappnad sex. Appen \u00e4r mycket enkel att anv\u00e4nda och den \u00e4r gratis att ladda ner. Appen \u00e4r ocks\u00e5 tillg\u00e4nglig f\u00f6r b\u00e5de iOS och Android.<\/p>\n","protected":false},"excerpt":{"rendered":"<p>Lokala kvinnor som letar efter sex \u00e4r ofta villiga att ansluta sig till m\u00e4n de tr\u00e4ffar online. Det finns ett antal webbplatser och appar som tillgodoser denna demografi, vilket g\u00f6r det enkelt att f\u00e5 kontakt med potentiella partners. I m\u00e5nga fall letar dessa kvinnor helt enkelt efter en fysisk anslutning och \u00e4r inte intresserade av&#8230;<a class=\"read-more-link button\" href=\"https:\/\/theyoungmessiah.com\/sv\/lokala-kvinnor-som-letar-efter-sex\/\">Read more<\/a><\/p>\n","protected":false},"author":1,"featured_media":0,"parent":0,"menu_order":0,"comment_status":"closed","ping_status":"closed","template":"","meta":[],"yoast_head":"<!-- This site is optimized with the Yoast SEO plugin v17.7.1 - https:\/\/yoast.com\/wordpress\/plugins\/seo\/ -->\n<title>Lokala kvinnor som letar efter sex - Online Adult Dating<\/title>\n<meta name=\"robots\" content=\"index, follow, max-snippet:-1, max-image-preview:large, max-video-preview:-1\" \/>\n<link rel=\"canonical\" href=\"https:\/\/theyoungmessiah.com\/sv\/lokala-kvinnor-som-letar-efter-sex\/\" \/>\n<meta property=\"og:locale\" content=\"sv_SE\" \/>\n<meta property=\"og:type\" content=\"article\" \/>\n<meta property=\"og:title\" content=\"Lokala kvinnor som letar efter sex - Online Adult Dating\" \/>\n<meta property=\"og:description\" content=\"Lokala kvinnor som letar efter sex \u00e4r ofta villiga att ansluta sig till m\u00e4n de tr\u00e4ffar online. Det finns ett antal webbplatser och appar som tillgodoser denna demografi, vilket g\u00f6r det enkelt att f\u00e5 kontakt med potentiella partners. I m\u00e5nga fall letar dessa kvinnor helt enkelt efter en fysisk anslutning och \u00e4r inte intresserade av...Read more\" \/>\n<meta property=\"og:url\" content=\"https:\/\/theyoungmessiah.com\/sv\/lokala-kvinnor-som-letar-efter-sex\/\" \/>\n<meta property=\"og:site_name\" content=\"Online Adult Dating\" \/>\n<meta name=\"twitter:card\" content=\"summary_large_image\" \/>\n<meta name=\"twitter:label1\" content=\"Ber\u00e4knad l\u00e4stid\" \/>\n\t<meta name=\"twitter:data1\" content=\"5 minuter\" \/>\n<script type=\"application\/ld+json\" class=\"yoast-schema-graph\">{\"@context\":\"https:\/\/schema.org\",\"@graph\":[{\"@type\":\"WebSite\",\"@id\":\"https:\/\/theyoungmessiah.com\/sv\/#website\",\"url\":\"https:\/\/theyoungmessiah.com\/sv\/\",\"name\":\"Online Adult Dating\",\"description\":\"Local Sex Hookups\",\"potentialAction\":[{\"@type\":\"SearchAction\",\"target\":{\"@type\":\"EntryPoint\",\"urlTemplate\":\"https:\/\/theyoungmessiah.com\/sv\/?s={search_term_string}\"},\"query-input\":\"required name=search_term_string\"}],\"inLanguage\":\"sv-SE\"},{\"@type\":\"WebPage\",\"@id\":\"https:\/\/theyoungmessiah.com\/sv\/lokala-kvinnor-som-letar-efter-sex\/#webpage\",\"url\":\"https:\/\/theyoungmessiah.com\/sv\/lokala-kvinnor-som-letar-efter-sex\/\",\"name\":\"Lokala kvinnor som letar efter sex - Online Adult Dating\",\"isPartOf\":{\"@id\":\"https:\/\/theyoungmessiah.com\/sv\/#website\"},\"datePublished\":\"2022-10-12T12:51:02+00:00\",\"dateModified\":\"2022-10-12T12:51:02+00:00\",\"breadcrumb\":{\"@id\":\"https:\/\/theyoungmessiah.com\/sv\/lokala-kvinnor-som-letar-efter-sex\/#breadcrumb\"},\"inLanguage\":\"sv-SE\",\"potentialAction\":[{\"@type\":\"ReadAction\",\"target\":[\"https:\/\/theyoungmessiah.com\/sv\/lokala-kvinnor-som-letar-efter-sex\/\"]}]},{\"@type\":\"BreadcrumbList\",\"@id\":\"https:\/\/theyoungmessiah.com\/sv\/lokala-kvinnor-som-letar-efter-sex\/#breadcrumb\",\"itemListElement\":[{\"@type\":\"ListItem\",\"position\":1,\"name\":\"Home\",\"item\":\"http:\/\/theyoungmessiah.com\/sv\/\"},{\"@type\":\"ListItem\",\"position\":2,\"name\":\"Lokala kvinnor som letar efter sex\"}]}]}<\/script>\n<!-- \/ Yoast SEO plugin. -->","yoast_head_json":{"title":"Lokala kvinnor som letar efter sex - Online Adult Dating","robots":{"index":"index","follow":"follow","max-snippet":"max-snippet:-1","max-image-preview":"max-image-preview:large","max-video-preview":"max-video-preview:-1"},"canonical":"https:\/\/theyoungmessiah.com\/sv\/lokala-kvinnor-som-letar-efter-sex\/","og_locale":"sv_SE","og_type":"article","og_title":"Lokala kvinnor som letar efter sex - Online Adult Dating","og_description":"Lokala kvinnor som letar efter sex \u00e4r ofta villiga att ansluta sig till m\u00e4n de tr\u00e4ffar online. Det finns ett antal webbplatser och appar som tillgodoser denna demografi, vilket g\u00f6r det enkelt att f\u00e5 kontakt med potentiella partners. I m\u00e5nga fall letar dessa kvinnor helt enkelt efter en fysisk anslutning och \u00e4r inte intresserade av...Read more","og_url":"https:\/\/theyoungmessiah.com\/sv\/lokala-kvinnor-som-letar-efter-sex\/","og_site_name":"Online Adult Dating","twitter_card":"summary_large_image","twitter_misc":{"Ber\u00e4knad l\u00e4stid":"5 minuter"},"schema":{"@context":"https:\/\/schema.org","@graph":[{"@type":"WebSite","@id":"https:\/\/theyoungmessiah.com\/sv\/#website","url":"https:\/\/theyoungmessiah.com\/sv\/","name":"Online Adult Dating","description":"Local Sex Hookups","potentialAction":[{"@type":"SearchAction","target":{"@type":"EntryPoint","urlTemplate":"https:\/\/theyoungmessiah.com\/sv\/?s={search_term_string}"},"query-input":"required name=search_term_string"}],"inLanguage":"sv-SE"},{"@type":"WebPage","@id":"https:\/\/theyoungmessiah.com\/sv\/lokala-kvinnor-som-letar-efter-sex\/#webpage","url":"https:\/\/theyoungmessiah.com\/sv\/lokala-kvinnor-som-letar-efter-sex\/","name":"Lokala kvinnor som letar efter sex - Online Adult Dating","isPartOf":{"@id":"https:\/\/theyoungmessiah.com\/sv\/#website"},"datePublished":"2022-10-12T12:51:02+00:00","dateModified":"2022-10-12T12:51:02+00:00","breadcrumb":{"@id":"https:\/\/theyoungmessiah.com\/sv\/lokala-kvinnor-som-letar-efter-sex\/#breadcrumb"},"inLanguage":"sv-SE","potentialAction":[{"@type":"ReadAction","target":["https:\/\/theyoungmessiah.com\/sv\/lokala-kvinnor-som-letar-efter-sex\/"]}]},{"@type":"BreadcrumbList","@id":"https:\/\/theyoungmessiah.com\/sv\/lokala-kvinnor-som-letar-efter-sex\/#breadcrumb","itemListElement":[{"@type":"ListItem","position":1,"name":"Home","item":"http:\/\/theyoungmessiah.com\/sv\/"},{"@type":"ListItem","position":2,"name":"Lokala kvinnor som letar efter sex"}]}]}},"_links":{"self":[{"href":"https:\/\/theyoungmessiah.com\/sv\/wp-json\/wp\/v2\/pages\/262"}],"collection":[{"href":"https:\/\/theyoungmessiah.com\/sv\/wp-json\/wp\/v2\/pages"}],"about":[{"href":"https:\/\/theyoungmessiah.com\/sv\/wp-json\/wp\/v2\/types\/page"}],"author":[{"embeddable":true,"href":"https:\/\/theyoungmessiah.com\/sv\/wp-json\/wp\/v2\/users\/1"}],"replies":[{"embeddable":true,"href":"https:\/\/theyoungmessiah.com\/sv\/wp-json\/wp\/v2\/comments?post=262"}],"version-history":[{"count":0,"href":"https:\/\/theyoungmessiah.com\/sv\/wp-json\/wp\/v2\/pages\/262\/revisions"}],"wp:attachment":[{"href":"https:\/\/theyoungmessiah.com\/sv\/wp-json\/wp\/v2\/media?parent=262"}],"curies":[{"name":"wp","href":"https:\/\/api.w.org\/{rel}","templated":true}]}}