{"id":265,"date":"2022-10-12T13:51:18","date_gmt":"2022-10-12T12:51:18","guid":{"rendered":"http:\/\/theyoungmessiah.com\/kata-manniskor-nara-mig\/"},"modified":"2022-10-12T13:51:18","modified_gmt":"2022-10-12T12:51:18","slug":"kata-manniskor-nara-mig","status":"publish","type":"page","link":"https:\/\/theyoungmessiah.com\/sv\/kata-manniskor-nara-mig\/","title":{"rendered":"K\u00e5ta m\u00e4nniskor n\u00e4ra mig"},"content":{"rendered":"<p>Det finns gott om k\u00e5ta m\u00e4nniskor n\u00e4ra dig om du vill ansluta dig. Det b\u00e4sta s\u00e4ttet att hitta dem \u00e4r att anv\u00e4nda en dejting- eller anslutningsapp som Tinder, Bumble eller Grindr. Du kan ocks\u00e5 prova att g\u00e5 till popul\u00e4ra barer eller klubbar i ditt omr\u00e5de. Om du k\u00e4mpar f\u00f6r att hitta n\u00e5gon kan du alltid fr\u00e5ga dina v\u00e4nner om de k\u00e4nner n\u00e5gon som kan vara intresserad.<\/p>\n<p><a href=\"http:\/\/theyoungmessiah.com\/local-women-looking-for-sex\/\">K\u00e5ta kvinnor<\/a> finns \u00f6ver hela internet, och de \u00e4r vanligtvis nere f\u00f6r att chatta om allt och allt. Men n\u00e4r det g\u00e4ller dejting finns det n\u00e5gra saker du b\u00f6r t\u00e4nka p\u00e5. F\u00f6r det f\u00f6rsta \u00e4r k\u00e5ta kvinnor ofta v\u00e4ldigt fram\u00e5t, s\u00e5 du m\u00e5ste vara beredd p\u00e5 det. F\u00f6r det andra letar de vanligtvis efter en snabb anslutning, s\u00e5 f\u00f6rv\u00e4nta dig inte n\u00e5got f\u00f6r allvarligt. Slutligen \u00e4r k\u00e5ta kvinnor ofta ganska vilda i s\u00e4ngen, s\u00e5 var beredd p\u00e5 en bra tid!<\/p>\n<h2>M\u00f6te med k\u00e5ta tjejer<\/h2>\n<p>Det finns inget som att tr\u00e4ffa en het tjej online och veta att hon \u00e4r lika k\u00e5t som du \u00e4r. Det \u00e4r ett bra s\u00e4tt att l\u00e4ra k\u00e4nna n\u00e5gon och att g\u00e5 av samtidigt. Se bara till att vara s\u00e4ker och att anv\u00e4nda en ansedd webbplats.<\/p>\n<p>Det finns gott om k\u00e5ta kvinnor n\u00e4ra mig och \u00f6ver hela landet som letar efter en kille precis som du. Du kan hitta dem online p\u00e5 valfritt antal dejtingsajter. Allt du beh\u00f6ver g\u00f6ra \u00e4r att skapa en profil, l\u00e4gga upp n\u00e5gra bilder och b\u00f6rja skicka meddelanden. Kvinnorna p\u00e5 dessa webbplatser \u00e4r vanligtvis \u00f6ppna f\u00f6r att tr\u00e4ffas f\u00f6r avslappnad sex, s\u00e5 du borde inte ha n\u00e5gra problem med att hitta n\u00e5gon att ansluta till.<\/p>\n<h3>Chatt Avenyn<\/h3>\n<p>Om du letar efter en dejtingsapp som hj\u00e4lper dig att hitta k\u00e5ta m\u00e4nniskor n\u00e4ra dig \u00e4r Chat Avenue ett bra alternativ. Appen har en stor anv\u00e4ndarbas, s\u00e5 du kommer sannolikt att hitta n\u00e5gon som \u00e4r intresserad av att ansluta. Appen \u00e4r gratis att ladda ner och anv\u00e4nda, och det \u00e4r enkelt att registrera sig och b\u00f6rja chatta med m\u00e4nniskor. Appen \u00e4r dock inte utan sina brister. Vissa anv\u00e4ndare har rapporterat att appen \u00e4r buggy och kraschar ofta. Dessutom har appen inte m\u00e5nga funktioner, s\u00e5 den \u00e4r inte lika omfattande som n\u00e5gra av de andra dejtingapparna d\u00e4r ute. Sammantaget \u00e4r Chat Avenue ett anst\u00e4ndigt alternativ f\u00f6r att hitta k\u00e5ta m\u00e4nniskor att ansluta sig till.<\/p>\n<h3>Zoosk<\/h3>\n<p>Om du letar efter en dejtingsapp som g\u00f6r det enkelt att ansluta till lokala singlar, \u00e4r Zoosk ett utm\u00e4rkt val. Med \u00f6ver 30 miljoner medlemmar \u00e4r det en av de mest popul\u00e4ra dejtingapparna som finns. Och det \u00e4r s\u00e4rskilt popul\u00e4rt bland k\u00e5ta m\u00e4nniskor n\u00e4ra mig.<\/p>\n<p>Zoosk-appen \u00e4r gratis att ladda ner och anv\u00e4nda, och den \u00e4r ganska l\u00e4tt att anv\u00e4nda. Skapa bara en profil, ladda upp ett foto och b\u00f6rja surfa efter lokala singlar. Du kan filtrera din s\u00f6kning efter plats, \u00e5lder och intressen, och du kan skicka meddelanden till alla som f\u00e5ngar ditt \u00f6ga.<\/p>\n<p>Den enda nackdelen med Zoosk \u00e4r att det inte \u00e4r lika popul\u00e4rt som n\u00e5gra av de andra dejtingapparna d\u00e4r ute, s\u00e5 du kan ha sv\u00e5rare att hitta matchningar. Men om du letar efter en snabb anslutning \u00e4r det definitivt v\u00e4rt ett f\u00f6rs\u00f6k.<\/p>\n<h3>Fling.com<\/h3>\n<p>Fling.com \u00e4r en dejtingapp som l\u00e5ter dig hitta k\u00e5ta m\u00e4nniskor n\u00e4ra dig. Appen \u00e4r gratis att ladda ner och anv\u00e4nda, och den erbjuder en m\u00e4ngd olika funktioner som hj\u00e4lper dig att hitta en matchning. Du kan s\u00f6ka efter anv\u00e4ndare efter plats, \u00e5lder och k\u00f6n, och du kan skicka meddelanden till dem f\u00f6r att starta en konversation. Appen inneh\u00e5ller ocks\u00e5 en &#8221;fling finder&#8221; -funktion som l\u00e5ter dig hitta anv\u00e4ndare som letar efter en fling. sammantaget \u00e4r appen ett utm\u00e4rkt s\u00e4tt att tr\u00e4ffa nya m\u00e4nniskor och l\u00e4gga sig.<\/p>\n<h3>Stappla<\/h3>\n<p>Bumble \u00e4r en dejtingapp som l\u00e5ter dig hitta potentiella datum n\u00e4ra dig. Det liknar andra dejtingsappar som Tinder och OkCupid, men det har n\u00e5gra viktiga skillnader. F\u00f6r det f\u00f6rsta har kvinnor kontroll. De m\u00e5ste g\u00f6ra det f\u00f6rsta steget, och de kan bara meddela m\u00e4n som de har matchat med. F\u00f6r det andra \u00e4r appen inriktad p\u00e5 mer seri\u00f6sa relationer. Det \u00e4r inte lika avslappnat som Tinder, och det \u00e4r mer troligt att du hittar n\u00e5gon som letar efter ett l\u00e5ngsiktigt f\u00f6rh\u00e5llande. Sammantaget \u00e4r Bumble en bra dejtingsapp f\u00f6r kvinnor som vill ha kontroll och f\u00f6r m\u00e4nniskor som letar efter mer seri\u00f6sa relationer.<\/p>\n","protected":false},"excerpt":{"rendered":"<p>Det finns gott om k\u00e5ta m\u00e4nniskor n\u00e4ra dig om du vill ansluta dig. Det b\u00e4sta s\u00e4ttet att hitta dem \u00e4r att anv\u00e4nda en dejting- eller anslutningsapp som Tinder, Bumble eller Grindr. Du kan ocks\u00e5 prova att g\u00e5 till popul\u00e4ra barer eller klubbar i ditt omr\u00e5de. Om du k\u00e4mpar f\u00f6r att hitta n\u00e5gon kan du alltid&#8230;<a class=\"read-more-link button\" href=\"https:\/\/theyoungmessiah.com\/sv\/kata-manniskor-nara-mig\/\">Read more<\/a><\/p>\n","protected":false},"author":1,"featured_media":0,"parent":0,"menu_order":0,"comment_status":"closed","ping_status":"closed","template":"","meta":[],"yoast_head":"<!-- This site is optimized with the Yoast SEO plugin v17.7.1 - https:\/\/yoast.com\/wordpress\/plugins\/seo\/ -->\n<title>K\u00e5ta m\u00e4nniskor n\u00e4ra mig - Online Adult Dating<\/title>\n<meta name=\"robots\" content=\"index, follow, max-snippet:-1, max-image-preview:large, max-video-preview:-1\" \/>\n<link rel=\"canonical\" href=\"https:\/\/theyoungmessiah.com\/sv\/kata-manniskor-nara-mig\/\" \/>\n<meta property=\"og:locale\" content=\"sv_SE\" \/>\n<meta property=\"og:type\" content=\"article\" \/>\n<meta property=\"og:title\" content=\"K\u00e5ta m\u00e4nniskor n\u00e4ra mig - Online Adult Dating\" \/>\n<meta property=\"og:description\" content=\"Det finns gott om k\u00e5ta m\u00e4nniskor n\u00e4ra dig om du vill ansluta dig. Det b\u00e4sta s\u00e4ttet att hitta dem \u00e4r att anv\u00e4nda en dejting- eller anslutningsapp som Tinder, Bumble eller Grindr. Du kan ocks\u00e5 prova att g\u00e5 till popul\u00e4ra barer eller klubbar i ditt omr\u00e5de. Om du k\u00e4mpar f\u00f6r att hitta n\u00e5gon kan du alltid...Read more\" \/>\n<meta property=\"og:url\" content=\"https:\/\/theyoungmessiah.com\/sv\/kata-manniskor-nara-mig\/\" \/>\n<meta property=\"og:site_name\" content=\"Online Adult Dating\" \/>\n<meta name=\"twitter:card\" content=\"summary_large_image\" \/>\n<meta name=\"twitter:label1\" content=\"Ber\u00e4knad l\u00e4stid\" \/>\n\t<meta name=\"twitter:data1\" content=\"4 minuter\" \/>\n<script type=\"application\/ld+json\" class=\"yoast-schema-graph\">{\"@context\":\"https:\/\/schema.org\",\"@graph\":[{\"@type\":\"WebSite\",\"@id\":\"https:\/\/theyoungmessiah.com\/sv\/#website\",\"url\":\"https:\/\/theyoungmessiah.com\/sv\/\",\"name\":\"Online Adult Dating\",\"description\":\"Local Sex Hookups\",\"potentialAction\":[{\"@type\":\"SearchAction\",\"target\":{\"@type\":\"EntryPoint\",\"urlTemplate\":\"https:\/\/theyoungmessiah.com\/sv\/?s={search_term_string}\"},\"query-input\":\"required name=search_term_string\"}],\"inLanguage\":\"sv-SE\"},{\"@type\":\"WebPage\",\"@id\":\"https:\/\/theyoungmessiah.com\/sv\/kata-manniskor-nara-mig\/#webpage\",\"url\":\"https:\/\/theyoungmessiah.com\/sv\/kata-manniskor-nara-mig\/\",\"name\":\"K\\u00e5ta m\\u00e4nniskor n\\u00e4ra mig - Online Adult Dating\",\"isPartOf\":{\"@id\":\"https:\/\/theyoungmessiah.com\/sv\/#website\"},\"datePublished\":\"2022-10-12T12:51:18+00:00\",\"dateModified\":\"2022-10-12T12:51:18+00:00\",\"breadcrumb\":{\"@id\":\"https:\/\/theyoungmessiah.com\/sv\/kata-manniskor-nara-mig\/#breadcrumb\"},\"inLanguage\":\"sv-SE\",\"potentialAction\":[{\"@type\":\"ReadAction\",\"target\":[\"https:\/\/theyoungmessiah.com\/sv\/kata-manniskor-nara-mig\/\"]}]},{\"@type\":\"BreadcrumbList\",\"@id\":\"https:\/\/theyoungmessiah.com\/sv\/kata-manniskor-nara-mig\/#breadcrumb\",\"itemListElement\":[{\"@type\":\"ListItem\",\"position\":1,\"name\":\"Home\",\"item\":\"http:\/\/theyoungmessiah.com\/sv\/\"},{\"@type\":\"ListItem\",\"position\":2,\"name\":\"K\\u00e5ta m\\u00e4nniskor n\\u00e4ra mig\"}]}]}<\/script>\n<!-- \/ Yoast SEO plugin. -->","yoast_head_json":{"title":"K\u00e5ta m\u00e4nniskor n\u00e4ra mig - Online Adult Dating","robots":{"index":"index","follow":"follow","max-snippet":"max-snippet:-1","max-image-preview":"max-image-preview:large","max-video-preview":"max-video-preview:-1"},"canonical":"https:\/\/theyoungmessiah.com\/sv\/kata-manniskor-nara-mig\/","og_locale":"sv_SE","og_type":"article","og_title":"K\u00e5ta m\u00e4nniskor n\u00e4ra mig - Online Adult Dating","og_description":"Det finns gott om k\u00e5ta m\u00e4nniskor n\u00e4ra dig om du vill ansluta dig. Det b\u00e4sta s\u00e4ttet att hitta dem \u00e4r att anv\u00e4nda en dejting- eller anslutningsapp som Tinder, Bumble eller Grindr. Du kan ocks\u00e5 prova att g\u00e5 till popul\u00e4ra barer eller klubbar i ditt omr\u00e5de. Om du k\u00e4mpar f\u00f6r att hitta n\u00e5gon kan du alltid...Read more","og_url":"https:\/\/theyoungmessiah.com\/sv\/kata-manniskor-nara-mig\/","og_site_name":"Online Adult Dating","twitter_card":"summary_large_image","twitter_misc":{"Ber\u00e4knad l\u00e4stid":"4 minuter"},"schema":{"@context":"https:\/\/schema.org","@graph":[{"@type":"WebSite","@id":"https:\/\/theyoungmessiah.com\/sv\/#website","url":"https:\/\/theyoungmessiah.com\/sv\/","name":"Online Adult Dating","description":"Local Sex Hookups","potentialAction":[{"@type":"SearchAction","target":{"@type":"EntryPoint","urlTemplate":"https:\/\/theyoungmessiah.com\/sv\/?s={search_term_string}"},"query-input":"required name=search_term_string"}],"inLanguage":"sv-SE"},{"@type":"WebPage","@id":"https:\/\/theyoungmessiah.com\/sv\/kata-manniskor-nara-mig\/#webpage","url":"https:\/\/theyoungmessiah.com\/sv\/kata-manniskor-nara-mig\/","name":"K\u00e5ta m\u00e4nniskor n\u00e4ra mig - Online Adult Dating","isPartOf":{"@id":"https:\/\/theyoungmessiah.com\/sv\/#website"},"datePublished":"2022-10-12T12:51:18+00:00","dateModified":"2022-10-12T12:51:18+00:00","breadcrumb":{"@id":"https:\/\/theyoungmessiah.com\/sv\/kata-manniskor-nara-mig\/#breadcrumb"},"inLanguage":"sv-SE","potentialAction":[{"@type":"ReadAction","target":["https:\/\/theyoungmessiah.com\/sv\/kata-manniskor-nara-mig\/"]}]},{"@type":"BreadcrumbList","@id":"https:\/\/theyoungmessiah.com\/sv\/kata-manniskor-nara-mig\/#breadcrumb","itemListElement":[{"@type":"ListItem","position":1,"name":"Home","item":"http:\/\/theyoungmessiah.com\/sv\/"},{"@type":"ListItem","position":2,"name":"K\u00e5ta m\u00e4nniskor n\u00e4ra mig"}]}]}},"_links":{"self":[{"href":"https:\/\/theyoungmessiah.com\/sv\/wp-json\/wp\/v2\/pages\/265"}],"collection":[{"href":"https:\/\/theyoungmessiah.com\/sv\/wp-json\/wp\/v2\/pages"}],"about":[{"href":"https:\/\/theyoungmessiah.com\/sv\/wp-json\/wp\/v2\/types\/page"}],"author":[{"embeddable":true,"href":"https:\/\/theyoungmessiah.com\/sv\/wp-json\/wp\/v2\/users\/1"}],"replies":[{"embeddable":true,"href":"https:\/\/theyoungmessiah.com\/sv\/wp-json\/wp\/v2\/comments?post=265"}],"version-history":[{"count":0,"href":"https:\/\/theyoungmessiah.com\/sv\/wp-json\/wp\/v2\/pages\/265\/revisions"}],"wp:attachment":[{"href":"https:\/\/theyoungmessiah.com\/sv\/wp-json\/wp\/v2\/media?parent=265"}],"curies":[{"name":"wp","href":"https:\/\/api.w.org\/{rel}","templated":true}]}}