{"id":270,"date":"2022-10-12T13:51:58","date_gmt":"2022-10-12T12:51:58","guid":{"rendered":"http:\/\/theyoungmessiah.com\/gratis-milf-chat-webbplatser\/"},"modified":"2022-10-12T13:51:58","modified_gmt":"2022-10-12T12:51:58","slug":"gratis-milf-chat-webbplatser","status":"publish","type":"page","link":"https:\/\/theyoungmessiah.com\/sv\/gratis-milf-chat-webbplatser\/","title":{"rendered":"Gratis Milf Chat-webbplatser"},"content":{"rendered":"<p>Det finns gott om gratis milf chattwebbplatser online som l\u00e5ter dig chatta med mogna kvinnor som letar efter en fling. Dessa webbplatser \u00e4r ett utm\u00e4rkt s\u00e4tt att f\u00e5 kontakt med \u00e4ldre kvinnor som \u00e4r intresserade av att ansluta sig. Allt du beh\u00f6ver g\u00f6ra \u00e4r att skapa en profil och b\u00f6rja chatta. Du kommer att bli f\u00f6rv\u00e5nad \u00f6ver hur l\u00e4tt det \u00e4r att hitta en milf att chatta med.<\/p>\n<h2>Gratis MILF chattrum<\/h2>\n<p>Det finns m\u00e5nga gratis milf chattrum tillg\u00e4ngliga online som kan <a href=\"http:\/\/theyoungmessiah.com\/horny-people-near-me\/\">anv\u00e4ndas f\u00f6r dating \u00e4ndam\u00e5l<\/a>. Dessa chattrum ger en bra plattform f\u00f6r att tr\u00e4ffa potentiella partners och l\u00e4ra k\u00e4nna dem b\u00e4ttre. M\u00e5nga chattrum erbjuder ocks\u00e5 webbkamerafaciliteter som kan anv\u00e4ndas f\u00f6r vidare kommunikation. Gratis milf chattrum finns p\u00e5 m\u00e5nga dejtingsajter och \u00e4r en bra resurs f\u00f6r att tr\u00e4ffa nya m\u00e4nniskor.<\/p>\n<p>Att chatta med milfs online kan vara ett bra s\u00e4tt att l\u00e4ra k\u00e4nna dem b\u00e4ttre och bygga en relation. H\u00e4r \u00e4r n\u00e5gra tips f\u00f6r att f\u00e5 ut mesta m\u00f6jliga av dina konversationer:<\/p>\n<p>Ta dig tid att l\u00e4sa deras profil innan du b\u00f6rjar chatta. Detta ger dig en uppfattning om vad de \u00e4r intresserade av och hj\u00e4lper dig att styra konversationen i den riktningen.<\/p>\n<ul>\n<li>Var respektfull och undvik att g\u00f6ra n\u00e5gra st\u00f6tande eller suggestiva kommentarer.<\/li>\n<li>St\u00e4ll fr\u00e5gor och lyssna noga p\u00e5 deras svar. Detta visar att du \u00e4r intresserad av dem och hj\u00e4lper till att h\u00e5lla konversationen flytande.<\/li>\n<li>Var inte r\u00e4dd f\u00f6r att flirta lite &#8211; det \u00e4r en del av det roliga!<\/li>\n<li>Avsluta konversationen p\u00e5 ett positivt s\u00e4tt, l\u00e5t dem veta att du har tyckt om att prata med dem och hoppas kunna chatta snart igen.<\/li>\n<\/ul>\n<h2>Prata med Milfs<\/h2>\n<p>Jag har haft n\u00e5gra bra samtal med milfs p\u00e5 online dating webbplatser. De \u00e4r vanligtvis v\u00e4ldigt \u00f6ppensinnade och villiga att prata om en m\u00e4ngd olika \u00e4mnen. Jag har uppt\u00e4ckt att de ofta \u00e4r mer erfarna \u00e4n yngre kvinnor och de \u00e4r vanligtvis mer sj\u00e4lvs\u00e4kra i sin sexualitet. Detta ger en bra kombination i sovrummet. Jag har ocks\u00e5 uppt\u00e4ckt att milfs ofta \u00e4r v\u00e4ldigt \u00f6ppna f\u00f6r att prova nya saker och de \u00e4r vanligtvis villiga att experimentera. Jag har haft n\u00e5gra fantastiska upplevelser med milfs och jag skulle definitivt rekommendera dem till alla som letar efter en fantastisk tid.<\/p>\n<h3>Geek2Geek<\/h3>\n<p>Om du letar efter en dejtingsapp som v\u00e4nder sig till n\u00f6rdar, vill du kolla in Geek2Geek. Denna app \u00e4r utformad speciellt f\u00f6r n\u00f6rdar och ger ett roligt, s\u00e4kert och enkelt s\u00e4tt att tr\u00e4ffa och chatta med andra n\u00f6rdar. Appen \u00e4r gratis att ladda ner och anv\u00e4nda, och den \u00e4r tillg\u00e4nglig f\u00f6r b\u00e5de iOS- och Android-enheter. En av de b\u00e4sta sakerna med Geek2Geek \u00e4r att det \u00e4r en bed\u00f6mningsfri zon. Oavsett om du gillar cosplay, spel, serier eller n\u00e5got annat n\u00f6rdigt, hittar du en gemenskap av likasinnade m\u00e4nniskor i den h\u00e4r appen. Appen har ocks\u00e5 en m\u00e4ngd olika funktioner som hj\u00e4lper dig att f\u00e5 kontakt med andra n\u00f6rdar, inklusive ett privat meddelandesystem, en &#8221;n\u00f6rdquiz&#8221; som hj\u00e4lper dig att hitta matchningar och en &#8221;geekipedia&#8221; med massor av information om allt n\u00f6rdigt.<\/p>\n<p>Om du letar efter ett roligt, s\u00e4kert och enkelt s\u00e4tt att f\u00e5 kontakt med andra n\u00f6rdar \u00e4r Geek2Geek dejtingsappen f\u00f6r dig.<\/p>\n<h3>Chatzy<\/h3>\n<p>Om du letar efter en gratis milfchattwebbplats \u00e4r Chatzy ett bra alternativ. Webbplatsen har ett rent, anv\u00e4ndarv\u00e4nligt gr\u00e4nssnitt och det \u00e4r l\u00e4tt att hitta och g\u00e5 med i chattrum. Det finns ocks\u00e5 en m\u00e4ngd olika funktioner, inklusive m\u00f6jligheten att skicka privata meddelanden, dela foton och skapa grupper.<\/p>\n<p>\u00c4ven om webbplatsen inte har massor av anv\u00e4ndare, \u00e4r det fortfarande ett bra alternativ f\u00f6r att chatta med milfs. Rummen \u00e4r i allm\u00e4nhet aktiva, och du kan vanligtvis hitta en milf att chatta med. Webbplatsen har ocks\u00e5 ett bra urval av rum, s\u00e5 du \u00e4r s\u00e4ker p\u00e5 att hitta ett som passar dig.<\/p>\n<h3>Uppv\u00e4rmdaaffairer<\/h3>\n<p>HeatedAffairs \u00e4r en milf chattsida som l\u00e5ter dig f\u00e5 kontakt med \u00e4ldre kvinnor gratis. Webbplatsen har en enkel design och \u00e4r l\u00e4tt att anv\u00e4nda. Du kan bl\u00e4ddra igenom profiler och skicka meddelanden till de kvinnor du \u00e4r intresserad av. Kvinnorna p\u00e5 sajten \u00e4r aktiva och lyh\u00f6rda. Du kan ocks\u00e5 anv\u00e4nda webbplatsen f\u00f6r att hitta milfs i ditt omr\u00e5de.<\/p>\n<h3>Milfaholic<\/h3>\n<p>Om du letar efter en gratis milf chattsida, b\u00f6r du definitivt kolla in Milfaholic. Denna webbplats \u00e4r ett utm\u00e4rkt alternativ f\u00f6r dem som letar efter en plats att chatta med \u00e4ldre kvinnor. Det finns m\u00e5nga olika chattrum p\u00e5 webbplatsen, s\u00e5 du kan alltid hitta ett som intresserar dig. Du kan ocks\u00e5 s\u00f6ka efter medlemmar efter \u00e5lder, plats eller intressen.<\/p>\n<p>Det b\u00e4sta med Milfaholic \u00e4r att det \u00e4r helt gratis att anv\u00e4nda. Du kan registrera dig f\u00f6r ett konto och b\u00f6rja chatta direkt. Det finns inget behov av att betala n\u00e5got f\u00f6r att anv\u00e4nda webbplatsen. Detta g\u00f6r det till ett utm\u00e4rkt alternativ f\u00f6r dem som vill chatta med \u00e4ldre kvinnor utan att beh\u00f6va spendera n\u00e5gra pengar.<\/p>\n","protected":false},"excerpt":{"rendered":"<p>Det finns gott om gratis milf chattwebbplatser online som l\u00e5ter dig chatta med mogna kvinnor som letar efter en fling. Dessa webbplatser \u00e4r ett utm\u00e4rkt s\u00e4tt att f\u00e5 kontakt med \u00e4ldre kvinnor som \u00e4r intresserade av att ansluta sig. Allt du beh\u00f6ver g\u00f6ra \u00e4r att skapa en profil och b\u00f6rja chatta. Du kommer att bli&#8230;<a class=\"read-more-link button\" href=\"https:\/\/theyoungmessiah.com\/sv\/gratis-milf-chat-webbplatser\/\">Read more<\/a><\/p>\n","protected":false},"author":1,"featured_media":0,"parent":0,"menu_order":0,"comment_status":"closed","ping_status":"closed","template":"","meta":[],"yoast_head":"<!-- This site is optimized with the Yoast SEO plugin v17.7.1 - https:\/\/yoast.com\/wordpress\/plugins\/seo\/ -->\n<title>Gratis Milf Chat-webbplatser - Online Adult Dating<\/title>\n<meta name=\"robots\" content=\"index, follow, max-snippet:-1, max-image-preview:large, max-video-preview:-1\" \/>\n<link rel=\"canonical\" href=\"https:\/\/theyoungmessiah.com\/sv\/gratis-milf-chat-webbplatser\/\" \/>\n<meta property=\"og:locale\" content=\"sv_SE\" \/>\n<meta property=\"og:type\" content=\"article\" \/>\n<meta property=\"og:title\" content=\"Gratis Milf Chat-webbplatser - Online Adult Dating\" \/>\n<meta property=\"og:description\" content=\"Det finns gott om gratis milf chattwebbplatser online som l\u00e5ter dig chatta med mogna kvinnor som letar efter en fling. Dessa webbplatser \u00e4r ett utm\u00e4rkt s\u00e4tt att f\u00e5 kontakt med \u00e4ldre kvinnor som \u00e4r intresserade av att ansluta sig. Allt du beh\u00f6ver g\u00f6ra \u00e4r att skapa en profil och b\u00f6rja chatta. Du kommer att bli...Read more\" \/>\n<meta property=\"og:url\" content=\"https:\/\/theyoungmessiah.com\/sv\/gratis-milf-chat-webbplatser\/\" \/>\n<meta property=\"og:site_name\" content=\"Online Adult Dating\" \/>\n<meta name=\"twitter:card\" content=\"summary_large_image\" \/>\n<meta name=\"twitter:label1\" content=\"Ber\u00e4knad l\u00e4stid\" \/>\n\t<meta name=\"twitter:data1\" content=\"5 minuter\" \/>\n<script type=\"application\/ld+json\" class=\"yoast-schema-graph\">{\"@context\":\"https:\/\/schema.org\",\"@graph\":[{\"@type\":\"WebSite\",\"@id\":\"http:\/\/theyoungmessiah.com\/sv\/#website\",\"url\":\"http:\/\/theyoungmessiah.com\/sv\/\",\"name\":\"Online Adult Dating\",\"description\":\"Local Sex Hookups\",\"potentialAction\":[{\"@type\":\"SearchAction\",\"target\":{\"@type\":\"EntryPoint\",\"urlTemplate\":\"http:\/\/theyoungmessiah.com\/sv\/?s={search_term_string}\"},\"query-input\":\"required name=search_term_string\"}],\"inLanguage\":\"sv-SE\"},{\"@type\":\"WebPage\",\"@id\":\"https:\/\/theyoungmessiah.com\/sv\/gratis-milf-chat-webbplatser\/#webpage\",\"url\":\"https:\/\/theyoungmessiah.com\/sv\/gratis-milf-chat-webbplatser\/\",\"name\":\"Gratis Milf Chat-webbplatser - Online Adult Dating\",\"isPartOf\":{\"@id\":\"http:\/\/theyoungmessiah.com\/sv\/#website\"},\"datePublished\":\"2022-10-12T12:51:58+00:00\",\"dateModified\":\"2022-10-12T12:51:58+00:00\",\"breadcrumb\":{\"@id\":\"https:\/\/theyoungmessiah.com\/sv\/gratis-milf-chat-webbplatser\/#breadcrumb\"},\"inLanguage\":\"sv-SE\",\"potentialAction\":[{\"@type\":\"ReadAction\",\"target\":[\"https:\/\/theyoungmessiah.com\/sv\/gratis-milf-chat-webbplatser\/\"]}]},{\"@type\":\"BreadcrumbList\",\"@id\":\"https:\/\/theyoungmessiah.com\/sv\/gratis-milf-chat-webbplatser\/#breadcrumb\",\"itemListElement\":[{\"@type\":\"ListItem\",\"position\":1,\"name\":\"Home\",\"item\":\"https:\/\/theyoungmessiah.com\/sv\/\"},{\"@type\":\"ListItem\",\"position\":2,\"name\":\"Gratis Milf Chat-webbplatser\"}]}]}<\/script>\n<!-- \/ Yoast SEO plugin. -->","yoast_head_json":{"title":"Gratis Milf Chat-webbplatser - Online Adult Dating","robots":{"index":"index","follow":"follow","max-snippet":"max-snippet:-1","max-image-preview":"max-image-preview:large","max-video-preview":"max-video-preview:-1"},"canonical":"https:\/\/theyoungmessiah.com\/sv\/gratis-milf-chat-webbplatser\/","og_locale":"sv_SE","og_type":"article","og_title":"Gratis Milf Chat-webbplatser - Online Adult Dating","og_description":"Det finns gott om gratis milf chattwebbplatser online som l\u00e5ter dig chatta med mogna kvinnor som letar efter en fling. Dessa webbplatser \u00e4r ett utm\u00e4rkt s\u00e4tt att f\u00e5 kontakt med \u00e4ldre kvinnor som \u00e4r intresserade av att ansluta sig. Allt du beh\u00f6ver g\u00f6ra \u00e4r att skapa en profil och b\u00f6rja chatta. Du kommer att bli...Read more","og_url":"https:\/\/theyoungmessiah.com\/sv\/gratis-milf-chat-webbplatser\/","og_site_name":"Online Adult Dating","twitter_card":"summary_large_image","twitter_misc":{"Ber\u00e4knad l\u00e4stid":"5 minuter"},"schema":{"@context":"https:\/\/schema.org","@graph":[{"@type":"WebSite","@id":"http:\/\/theyoungmessiah.com\/sv\/#website","url":"http:\/\/theyoungmessiah.com\/sv\/","name":"Online Adult Dating","description":"Local Sex Hookups","potentialAction":[{"@type":"SearchAction","target":{"@type":"EntryPoint","urlTemplate":"http:\/\/theyoungmessiah.com\/sv\/?s={search_term_string}"},"query-input":"required name=search_term_string"}],"inLanguage":"sv-SE"},{"@type":"WebPage","@id":"https:\/\/theyoungmessiah.com\/sv\/gratis-milf-chat-webbplatser\/#webpage","url":"https:\/\/theyoungmessiah.com\/sv\/gratis-milf-chat-webbplatser\/","name":"Gratis Milf Chat-webbplatser - Online Adult Dating","isPartOf":{"@id":"http:\/\/theyoungmessiah.com\/sv\/#website"},"datePublished":"2022-10-12T12:51:58+00:00","dateModified":"2022-10-12T12:51:58+00:00","breadcrumb":{"@id":"https:\/\/theyoungmessiah.com\/sv\/gratis-milf-chat-webbplatser\/#breadcrumb"},"inLanguage":"sv-SE","potentialAction":[{"@type":"ReadAction","target":["https:\/\/theyoungmessiah.com\/sv\/gratis-milf-chat-webbplatser\/"]}]},{"@type":"BreadcrumbList","@id":"https:\/\/theyoungmessiah.com\/sv\/gratis-milf-chat-webbplatser\/#breadcrumb","itemListElement":[{"@type":"ListItem","position":1,"name":"Home","item":"https:\/\/theyoungmessiah.com\/sv\/"},{"@type":"ListItem","position":2,"name":"Gratis Milf Chat-webbplatser"}]}]}},"_links":{"self":[{"href":"https:\/\/theyoungmessiah.com\/sv\/wp-json\/wp\/v2\/pages\/270"}],"collection":[{"href":"https:\/\/theyoungmessiah.com\/sv\/wp-json\/wp\/v2\/pages"}],"about":[{"href":"https:\/\/theyoungmessiah.com\/sv\/wp-json\/wp\/v2\/types\/page"}],"author":[{"embeddable":true,"href":"https:\/\/theyoungmessiah.com\/sv\/wp-json\/wp\/v2\/users\/1"}],"replies":[{"embeddable":true,"href":"https:\/\/theyoungmessiah.com\/sv\/wp-json\/wp\/v2\/comments?post=270"}],"version-history":[{"count":0,"href":"https:\/\/theyoungmessiah.com\/sv\/wp-json\/wp\/v2\/pages\/270\/revisions"}],"wp:attachment":[{"href":"https:\/\/theyoungmessiah.com\/sv\/wp-json\/wp\/v2\/media?parent=270"}],"curies":[{"name":"wp","href":"https:\/\/api.w.org\/{rel}","templated":true}]}}