{"id":293,"date":"2022-10-12T13:50:25","date_gmt":"2022-10-12T12:50:25","guid":{"rendered":"http:\/\/theyoungmessiah.com\/lokal-milf-dating\/"},"modified":"2022-10-12T13:50:25","modified_gmt":"2022-10-12T12:50:25","slug":"lokal-milf-dating","status":"publish","type":"page","link":"https:\/\/theyoungmessiah.com\/sv\/lokal-milf-dating\/","title":{"rendered":"Lokal Milf Dating"},"content":{"rendered":"<p>Det finns m\u00e5nga s\u00e4tt att f\u00e5 en gratis milf-anslutning. Du kan hitta webbplatser som \u00e4r specialiserade p\u00e5 MILF-anslutningar, eller s\u00e5 kan du anv\u00e4nda vanliga dejtingsajter. Du kan ocks\u00e5 prova sociala medier som Facebook och Twitter. Oavsett vilken metod du v\u00e4ljer, se till att du \u00e4r respektfull och omt\u00e4nksam mot den milf du f\u00f6rs\u00f6ker ansluta dig till.<\/p>\n<h2>MILF Dejting<\/h2>\n<p>Det \u00e4r n\u00e5got sp\u00e4nnande med milfs. De \u00e4r erfarna, de vet vad de vill och de \u00e4r inte r\u00e4dda f\u00f6r att g\u00e5 efter det. Det \u00e4r d\u00e4rf\u00f6r MILF Dating kan vara s\u00e5 sp\u00e4nnande. Man f\u00e5r l\u00e4ra sig av n\u00e5gon som vet vad de g\u00f6r, och man f\u00e5r uppleva nya saker.<\/p>\n<p>Men milf <a href=\"http:\/\/theyoungmessiah.com\/granny-hookup\/\">dejting<\/a> kan ocks\u00e5 vara utmanande. Dessa kvinnor \u00e4r ofta upptagna, och de kanske inte har mycket tid f\u00f6r dejting. D\u00e4rf\u00f6r \u00e4r det viktigt att ha t\u00e5lamod och f\u00f6rst\u00e5 att saker kanske inte alltid h\u00e4nder s\u00e5 snabbt som du skulle vilja.<\/p>\n<p>Om du \u00e4r intresserad av att dejta milf \u00e4r det viktigt att vara respektfull och f\u00f6rst\u00e5 vad hon letar efter. Hon letar inte efter ett one night stand, hon letar efter ett f\u00f6rh\u00e5llande. S\u00e5 ta dig tid, l\u00e4r k\u00e4nna henne och se vart saker och ting tar v\u00e4gen.<\/p>\n<p>Det kan inte f\u00f6rnekas att dejting online har sina f\u00f6rdelar &#8211; du kan n\u00e5 en bredare pool av potentiella partners och du kan g\u00f6ra det fr\u00e5n ditt eget hem. Men en sak som online dating inte kan ge dig \u00e4r m\u00f6jligheten att tr\u00e4ffa n\u00e5gon personligen direkt. Och det \u00e4r d\u00e4r lokala MILF kommer in.<\/p>\n<p>Lokala MILFs \u00e4r bra f\u00f6r m\u00e4nniskor som vill ta online-datingprocessen offline s\u00e5 snabbt som m\u00f6jligt. De \u00e4r ocks\u00e5 perfekta f\u00f6r dem som kanske \u00e4r lite rostiga n\u00e4r det g\u00e4ller dejting. N\u00e4r allt kommer omkring sl\u00e5r ingenting \u00f6vning.<\/p>\n<p>S\u00e5 om du vill tr\u00e4ffa n\u00e5gon speciell och du inte \u00e4r s\u00e4ker p\u00e5 var du ska b\u00f6rja, varf\u00f6r inte f\u00f6rs\u00f6ka s\u00f6ka efter lokala MILFs i ditt omr\u00e5de? Du kanske bara blir f\u00f6rv\u00e5nad \u00f6ver hur m\u00e5nga attraktiva, ber\u00e4ttigade kvinnor som finns d\u00e4r ute &#8211; och hur l\u00e4tt det \u00e4r att hitta dem.<\/p>\n<h2>M\u00f6t en MILF<\/h2>\n<p>Det \u00e4r n\u00e5got med att dejta en MILF som bara f\u00e5r dig att k\u00e4nna dig som en man. Kanske \u00e4r det f\u00f6r att de vet vad de vill, eller kanske \u00e4r det f\u00f6r att de inte \u00e4r r\u00e4dda f\u00f6r att g\u00e5 efter det. Hur som helst, om du vill tr\u00e4ffa en MILF finns det inget b\u00e4ttre st\u00e4lle att g\u00f6ra det \u00e4n online.<\/p>\n<p>Det finns gott om MILF dejtingsajter d\u00e4r ute, men inte alla \u00e4r skapade lika. Du vill se till att du anv\u00e4nder en webbplats som \u00e4r popul\u00e4r och har ett gott rykte. Du vill ocks\u00e5 se till att du anv\u00e4nder en webbplats som har m\u00e5nga aktiva medlemmar. P\u00e5 s\u00e5 s\u00e4tt \u00e4r det mer troligt att du hittar n\u00e5gon som faktiskt \u00e4r intresserad av att tr\u00e4ffas.<\/p>\n<p>N\u00e4r du har hittat en MILF-dejtingsajt som du gillar, registrera dig och skapa en profil. Se till att ha med lite bilder och lite om dig sj\u00e4lv. B\u00f6rja sedan s\u00f6ka efter MILF i ditt omr\u00e5de. N\u00e4r du hittar n\u00e5gon du \u00e4r intresserad av, skicka ett meddelande till dem och se om de \u00e4r intresserade av att tr\u00e4ffas.<\/p>\n<p>Om du spelar dina kort r\u00e4tt kan du tr\u00e4ffa en MILF p\u00e5 nolltid. Kom bara ih\u00e5g att vara respektfull och att ta det lugnt. N\u00e4r allt kommer omkring vill du inte rusa in i n\u00e5gonting och sluta bli skadad.<\/p>\n<h3>Endastflings<\/h3>\n<p>Om du letar efter en gratis milf-anslutning \u00e4r OnlyFlings ett bra alternativ. Appen \u00e4r enkel att anv\u00e4nda och har m\u00e5nga fantastiska funktioner, som videochatt och ett inbyggt meddelandesystem. Den enda nackdelen \u00e4r att det inte finns m\u00e5nga anv\u00e4ndare i appen \u00e4nnu, s\u00e5 du kan ha problem med att hitta n\u00e5gon i ditt omr\u00e5de. Sammantaget \u00e4r dock OnlyFlings ett bra alternativ f\u00f6r en gratis milf-anslutning.<\/p>\n<h3>Stappla<\/h3>\n<p>Bumble \u00e4r en gratis online dating app som till\u00e5ter anv\u00e4ndare att ansluta till potentiella matchningar runt om i v\u00e4rlden. Appen har ett enkelt gr\u00e4nssnitt och \u00e4r l\u00e4tt att anv\u00e4nda. Bumble har en stor pool av potentiella matchningar och m\u00e5nga funktioner som g\u00f6r det till ett utm\u00e4rkt val f\u00f6r online dating. Appen \u00e4r gratis att ladda ner och anv\u00e4nda, och den har ett betalt prenumerationsalternativ som ger anv\u00e4ndarna tillg\u00e5ng till fler funktioner. Sammantaget \u00e4r Bumble ett utm\u00e4rkt val f\u00f6r online dating och \u00e4r v\u00e4rt att prova.<\/p>\n<h3>BoneAMilf<\/h3>\n<p>Om du letar efter en gratis milf-anslutning \u00e4r BoneAMilf appen f\u00f6r dig. Med \u00f6ver 1 miljon medlemmar \u00f6ver hela v\u00e4rlden \u00e4r det l\u00e4tt att hitta n\u00e5gon i ditt omr\u00e5de att ansluta sig till. Appen \u00e4r gratis att ladda ner och anv\u00e4nda, och det finns inga k\u00f6p i appen. Du kan s\u00f6ka efter medlemmar efter plats, \u00e5lder och intressen, och du kan skicka meddelanden direkt till dem. Appen har ocks\u00e5 en &#8221;favorit&#8221; -funktion, s\u00e5 att du kan h\u00e5lla reda p\u00e5 de medlemmar du \u00e4r intresserad av. Den enda nackdelen \u00e4r att appen endast \u00e4r tillg\u00e4nglig p\u00e5 engelska.<\/p>\n<h3>G\u00e5ngj\u00e4rn<\/h3>\n<p>Om du letar efter en dejtingsapp som inte kr\u00e4ver mycket engagemang \u00e4r Hinge ett bra alternativ. Appen \u00e4r gratis att ladda ner och anv\u00e4nda, och den erbjuder en m\u00e4ngd olika funktioner som hj\u00e4lper dig att hitta en matchning. Du kan skapa en profil, visa andra anv\u00e4ndares profiler och skicka meddelanden gratis. Du kan ocks\u00e5 uppgradera till ett betalt medlemskap f\u00f6r att l\u00e5sa upp ytterligare funktioner.<\/p>\n<p>Hinge \u00e4r en popul\u00e4r dejtingsapp av en anledning. Det \u00e4r l\u00e4tt att anv\u00e4nda och det \u00e4r gratis att ladda ner och anv\u00e4nda. Appen erbjuder en m\u00e4ngd olika funktioner som hj\u00e4lper dig att hitta en matchning, och det \u00e4r l\u00e4tt att navigera. Om du letar efter en dejtingsapp som inte kr\u00e4ver mycket engagemang \u00e4r Hinge ett bra alternativ.<\/p>\n","protected":false},"excerpt":{"rendered":"<p>Det finns m\u00e5nga s\u00e4tt att f\u00e5 en gratis milf-anslutning. Du kan hitta webbplatser som \u00e4r specialiserade p\u00e5 MILF-anslutningar, eller s\u00e5 kan du anv\u00e4nda vanliga dejtingsajter. Du kan ocks\u00e5 prova sociala medier som Facebook och Twitter. Oavsett vilken metod du v\u00e4ljer, se till att du \u00e4r respektfull och omt\u00e4nksam mot den milf du f\u00f6rs\u00f6ker ansluta dig&#8230;<a class=\"read-more-link button\" href=\"https:\/\/theyoungmessiah.com\/sv\/lokal-milf-dating\/\">Read more<\/a><\/p>\n","protected":false},"author":1,"featured_media":0,"parent":0,"menu_order":0,"comment_status":"closed","ping_status":"closed","template":"","meta":[],"yoast_head":"<!-- This site is optimized with the Yoast SEO plugin v17.7.1 - https:\/\/yoast.com\/wordpress\/plugins\/seo\/ -->\n<title>Lokal Milf Dating - Online Adult Dating<\/title>\n<meta name=\"robots\" content=\"index, follow, max-snippet:-1, max-image-preview:large, max-video-preview:-1\" \/>\n<link rel=\"canonical\" href=\"https:\/\/theyoungmessiah.com\/sv\/lokal-milf-dating\/\" \/>\n<meta property=\"og:locale\" content=\"sv_SE\" \/>\n<meta property=\"og:type\" content=\"article\" \/>\n<meta property=\"og:title\" content=\"Lokal Milf Dating - Online Adult Dating\" \/>\n<meta property=\"og:description\" content=\"Det finns m\u00e5nga s\u00e4tt att f\u00e5 en gratis milf-anslutning. Du kan hitta webbplatser som \u00e4r specialiserade p\u00e5 MILF-anslutningar, eller s\u00e5 kan du anv\u00e4nda vanliga dejtingsajter. Du kan ocks\u00e5 prova sociala medier som Facebook och Twitter. Oavsett vilken metod du v\u00e4ljer, se till att du \u00e4r respektfull och omt\u00e4nksam mot den milf du f\u00f6rs\u00f6ker ansluta dig...Read more\" \/>\n<meta property=\"og:url\" content=\"https:\/\/theyoungmessiah.com\/sv\/lokal-milf-dating\/\" \/>\n<meta property=\"og:site_name\" content=\"Online Adult Dating\" \/>\n<meta name=\"twitter:card\" content=\"summary_large_image\" \/>\n<meta name=\"twitter:label1\" content=\"Ber\u00e4knad l\u00e4stid\" \/>\n\t<meta name=\"twitter:data1\" content=\"5 minuter\" \/>\n<script type=\"application\/ld+json\" class=\"yoast-schema-graph\">{\"@context\":\"https:\/\/schema.org\",\"@graph\":[{\"@type\":\"WebSite\",\"@id\":\"https:\/\/theyoungmessiah.com\/sv\/#website\",\"url\":\"https:\/\/theyoungmessiah.com\/sv\/\",\"name\":\"Online Adult Dating\",\"description\":\"Local Sex Hookups\",\"potentialAction\":[{\"@type\":\"SearchAction\",\"target\":{\"@type\":\"EntryPoint\",\"urlTemplate\":\"https:\/\/theyoungmessiah.com\/sv\/?s={search_term_string}\"},\"query-input\":\"required name=search_term_string\"}],\"inLanguage\":\"sv-SE\"},{\"@type\":\"WebPage\",\"@id\":\"https:\/\/theyoungmessiah.com\/sv\/lokal-milf-dating\/#webpage\",\"url\":\"https:\/\/theyoungmessiah.com\/sv\/lokal-milf-dating\/\",\"name\":\"Lokal Milf Dating - Online Adult Dating\",\"isPartOf\":{\"@id\":\"https:\/\/theyoungmessiah.com\/sv\/#website\"},\"datePublished\":\"2022-10-12T12:50:25+00:00\",\"dateModified\":\"2022-10-12T12:50:25+00:00\",\"breadcrumb\":{\"@id\":\"https:\/\/theyoungmessiah.com\/sv\/lokal-milf-dating\/#breadcrumb\"},\"inLanguage\":\"sv-SE\",\"potentialAction\":[{\"@type\":\"ReadAction\",\"target\":[\"https:\/\/theyoungmessiah.com\/sv\/lokal-milf-dating\/\"]}]},{\"@type\":\"BreadcrumbList\",\"@id\":\"https:\/\/theyoungmessiah.com\/sv\/lokal-milf-dating\/#breadcrumb\",\"itemListElement\":[{\"@type\":\"ListItem\",\"position\":1,\"name\":\"Home\",\"item\":\"http:\/\/theyoungmessiah.com\/sv\/\"},{\"@type\":\"ListItem\",\"position\":2,\"name\":\"Lokal Milf Dating\"}]}]}<\/script>\n<!-- \/ Yoast SEO plugin. -->","yoast_head_json":{"title":"Lokal Milf Dating - Online Adult Dating","robots":{"index":"index","follow":"follow","max-snippet":"max-snippet:-1","max-image-preview":"max-image-preview:large","max-video-preview":"max-video-preview:-1"},"canonical":"https:\/\/theyoungmessiah.com\/sv\/lokal-milf-dating\/","og_locale":"sv_SE","og_type":"article","og_title":"Lokal Milf Dating - Online Adult Dating","og_description":"Det finns m\u00e5nga s\u00e4tt att f\u00e5 en gratis milf-anslutning. Du kan hitta webbplatser som \u00e4r specialiserade p\u00e5 MILF-anslutningar, eller s\u00e5 kan du anv\u00e4nda vanliga dejtingsajter. Du kan ocks\u00e5 prova sociala medier som Facebook och Twitter. Oavsett vilken metod du v\u00e4ljer, se till att du \u00e4r respektfull och omt\u00e4nksam mot den milf du f\u00f6rs\u00f6ker ansluta dig...Read more","og_url":"https:\/\/theyoungmessiah.com\/sv\/lokal-milf-dating\/","og_site_name":"Online Adult Dating","twitter_card":"summary_large_image","twitter_misc":{"Ber\u00e4knad l\u00e4stid":"5 minuter"},"schema":{"@context":"https:\/\/schema.org","@graph":[{"@type":"WebSite","@id":"https:\/\/theyoungmessiah.com\/sv\/#website","url":"https:\/\/theyoungmessiah.com\/sv\/","name":"Online Adult Dating","description":"Local Sex Hookups","potentialAction":[{"@type":"SearchAction","target":{"@type":"EntryPoint","urlTemplate":"https:\/\/theyoungmessiah.com\/sv\/?s={search_term_string}"},"query-input":"required name=search_term_string"}],"inLanguage":"sv-SE"},{"@type":"WebPage","@id":"https:\/\/theyoungmessiah.com\/sv\/lokal-milf-dating\/#webpage","url":"https:\/\/theyoungmessiah.com\/sv\/lokal-milf-dating\/","name":"Lokal Milf Dating - Online Adult Dating","isPartOf":{"@id":"https:\/\/theyoungmessiah.com\/sv\/#website"},"datePublished":"2022-10-12T12:50:25+00:00","dateModified":"2022-10-12T12:50:25+00:00","breadcrumb":{"@id":"https:\/\/theyoungmessiah.com\/sv\/lokal-milf-dating\/#breadcrumb"},"inLanguage":"sv-SE","potentialAction":[{"@type":"ReadAction","target":["https:\/\/theyoungmessiah.com\/sv\/lokal-milf-dating\/"]}]},{"@type":"BreadcrumbList","@id":"https:\/\/theyoungmessiah.com\/sv\/lokal-milf-dating\/#breadcrumb","itemListElement":[{"@type":"ListItem","position":1,"name":"Home","item":"http:\/\/theyoungmessiah.com\/sv\/"},{"@type":"ListItem","position":2,"name":"Lokal Milf Dating"}]}]}},"_links":{"self":[{"href":"https:\/\/theyoungmessiah.com\/sv\/wp-json\/wp\/v2\/pages\/293"}],"collection":[{"href":"https:\/\/theyoungmessiah.com\/sv\/wp-json\/wp\/v2\/pages"}],"about":[{"href":"https:\/\/theyoungmessiah.com\/sv\/wp-json\/wp\/v2\/types\/page"}],"author":[{"embeddable":true,"href":"https:\/\/theyoungmessiah.com\/sv\/wp-json\/wp\/v2\/users\/1"}],"replies":[{"embeddable":true,"href":"https:\/\/theyoungmessiah.com\/sv\/wp-json\/wp\/v2\/comments?post=293"}],"version-history":[{"count":0,"href":"https:\/\/theyoungmessiah.com\/sv\/wp-json\/wp\/v2\/pages\/293\/revisions"}],"wp:attachment":[{"href":"https:\/\/theyoungmessiah.com\/sv\/wp-json\/wp\/v2\/media?parent=293"}],"curies":[{"name":"wp","href":"https:\/\/api.w.org\/{rel}","templated":true}]}}