{"id":313,"date":"2022-10-12T13:50:13","date_gmt":"2022-10-12T12:50:13","guid":{"rendered":"http:\/\/theyoungmessiah.com\/farmor-anslutning\/"},"modified":"2022-10-12T13:50:13","modified_gmt":"2022-10-12T12:50:13","slug":"farmor-anslutning","status":"publish","type":"page","link":"https:\/\/theyoungmessiah.com\/sv\/farmor-anslutning\/","title":{"rendered":"Farmor Anslutning"},"content":{"rendered":"<p>Det \u00e4r n\u00e5got sp\u00e4nnande med tanken p\u00e5 att ansluta sig till en mormor. Kanske \u00e4r det tabubelagda i det, eller det faktum att de \u00e4r erfarna och vet vad de g\u00f6r. Oavsett anledning kan mormorsanslutningar vara mycket roliga.<\/p>\n<p>Naturligtvis finns det n\u00e5gra saker du m\u00e5ste t\u00e4nka p\u00e5 innan <a href=\"http:\/\/theyoungmessiah.com\/dating-site-for-older-women\/\">du ansluter dig<\/a> till en mormor. Till att b\u00f6rja med kommer de sannolikt att vara mycket mer erfarna \u00e4n du \u00e4r, s\u00e5 f\u00f6rv\u00e4nta dig inte att vara den som har kontroll. De kanske inte \u00e4r lika flexibla som du \u00e4r van vid, s\u00e5 var beredd p\u00e5 n\u00e5gra okonventionella positioner.<\/p>\n<p>Men om du \u00e4r ute efter lite kul kan en mormorsanslutning vara en fantastisk upplevelse. Se bara till att du g\u00e5r in i det med r\u00e4tt f\u00f6rv\u00e4ntningar och att du \u00e4r s\u00e4ker p\u00e5 att ha det bra.<\/p>\n<h2>Lokala granny dejtingsajter<\/h2>\n<p>Det finns m\u00e5nga lokala mormor dejtingsajter som kan hj\u00e4lpa dig att tr\u00e4ffa \u00e4ldre kvinnor i ditt omr\u00e5de. Dessa webbplatser kan vara ett bra s\u00e4tt att tr\u00e4ffa nya m\u00e4nniskor och bygga nya relationer. M\u00e5nga av dessa webbplatser erbjuder gratis medlemskap, s\u00e5 du kan prova dem innan du f\u00f6rbinder dig till ett betalt medlemskap. Var noga med att l\u00e4sa villkoren f\u00f6r varje webbplats innan du registrerar dig, s\u00e5 att du vet vad du ger dig in p\u00e5. N\u00e4r du har hittat n\u00e5gra potentiella matchningar, ta dig tid att skicka meddelanden till dem och l\u00e4ra k\u00e4nna dem b\u00e4ttre. Om allt g\u00e5r bra kan du ordna att tr\u00e4ffas personligen och se om det finns en gnista. Lycka till!<\/p>\n<p>Det finns gott om \u00e4ldre kvinnor d\u00e4r ute som \u00e4r intresserade av att dejta yngre m\u00e4n, och vice versa. Det kan dock vara sv\u00e5rt att hitta matchningar genom traditionella dejtingmetoder som n\u00e4tdejting. Detta beror p\u00e5 att m\u00e5nga dejtingsajter och appar \u00e4r inriktade p\u00e5 att matcha m\u00e4nniskor i liknande \u00e5ldrar, ist\u00e4llet f\u00f6r att matcha m\u00e4nniskor baserat p\u00e5 deras intressen.<\/p>\n<p>Ett s\u00e4tt att hitta matchningar med \u00e4ldre kvinnor, om du \u00e4r en yngre man som \u00e4r intresserad av att tr\u00e4ffa dem, \u00e4r att leta efter webbplatser och appar som specifikt tillgodoser denna demografi. Till exempel finns det webbplatser som CougarLife.com som \u00e4r utformade speciellt f\u00f6r \u00e4ldre kvinnor och yngre m\u00e4n att tr\u00e4ffas och dejta. Det finns ocks\u00e5 dejtingappar som Tinder som l\u00e5ter dig st\u00e4lla in dina \u00e5lderspreferenser, s\u00e5 att du bara kan se \u00e4ldre kvinnor som ligger inom ditt \u00f6nskade \u00e5ldersintervall.<\/p>\n<p>Naturligtvis kan du ocks\u00e5 f\u00f6rs\u00f6ka tr\u00e4ffa \u00e4ldre kvinnor offline, genom gemensamma v\u00e4nner eller helt enkelt genom att n\u00e4rma dig dem personligen. Online dating kan dock vara ett bra s\u00e4tt att f\u00e5 kontakt med \u00e4ldre kvinnor som du annars kanske inte skulle ha chansen att tr\u00e4ffa.<\/p>\n<h2>\u00c4ldre kvinnor som letar efter sex<\/h2>\n<p>Det finns en v\u00e4xande trend av \u00e4ldre kvinnor som letar efter sex p\u00e5 n\u00e4tet. Detta beror sannolikt p\u00e5 det faktum att m\u00e5nga kvinnor nu \u00e4r mer bekv\u00e4ma med sin sexualitet och \u00e4r mer \u00f6ppna f\u00f6r att utforska sina sexuella \u00f6nskningar. Dessutom kan \u00e4ldre kvinnor ha sv\u00e5rare att hitta partners i sin egen \u00e5lder, s\u00e5 de v\u00e4nder sig till internet f\u00f6r att hitta potentiella sexpartners.<\/p>\n<p>Det finns ett antal webbplatser och appar som tillgodoser \u00e4ldre kvinnor som letar efter sex. Dessa plattformar ger en s\u00e4ker och bekv\u00e4m milj\u00f6 f\u00f6r kvinnor att utforska sin sexualitet och hitta sexpartners. Dessutom erbjuder dessa plattformar en m\u00e4ngd olika funktioner och s\u00f6kfilter som g\u00f6r det m\u00f6jligt f\u00f6r kvinnor att hitta partners som uppfyller deras specifika behov och \u00f6nskem\u00e5l.<\/p>\n<h3>DateMyAge<\/h3>\n<p>DateMyAge \u00e4r en granny hookup-app som l\u00e5ter dig hitta lokala \u00e4ldre kvinnor som letar efter en fling. Appen \u00e4r enkel att anv\u00e4nda och har m\u00e5nga funktioner som g\u00f6r att du kan hitta exakt det du letar efter. S\u00f6kfunktionen \u00e4r mycket anv\u00e4ndarv\u00e4nlig och appen l\u00e5ter dig ocks\u00e5 se profiler f\u00f6r andra medlemmar i ditt omr\u00e5de. Sammantaget \u00e4r detta en bra app f\u00f6r att hitta en mormorsanslutning.<\/p>\n<h3>ComeWithYou<\/h3>\n<p>ComeWithYou \u00e4r en ny dejtingapp som \u00e4r perfekt f\u00f6r mormorsanslutningar. Appen \u00e4r mycket anv\u00e4ndarv\u00e4nlig och l\u00e4tt att navigera. Den har m\u00e5nga fantastiska funktioner som g\u00f6r det enkelt att hitta och ansluta till potentiella matchningar. S\u00f6kfunktionen \u00e4r mycket omfattande och l\u00e5ter dig hitta matchningar baserat p\u00e5 en m\u00e4ngd olika kriterier. Meddelandefunktionen \u00e4r ocks\u00e5 mycket bra och l\u00e5ter dig enkelt ansluta till matchningar. Sammantaget \u00e4r ComeWithYou ett bra alternativ f\u00f6r mormorsanslutningar och jag rekommenderar det starkt till alla som letar efter en ny dejtingsapp.<\/p>\n<h3>DatumDu<\/h3>\n<p>Jag tyckte att Dejtingappen DateYou var ett bra s\u00e4tt att tr\u00e4ffa mormor f\u00f6r anslutningar. Appen \u00e4r enkel att anv\u00e4nda och har m\u00e5nga fantastiska funktioner. S\u00f6kfunktionen \u00e4r bra och meddelandesystemet \u00e4r mycket anv\u00e4ndarv\u00e4nligt. Jag gillar ocks\u00e5 det faktum att du kan se vem som \u00e4r online och vem som inte \u00e4r det. Sammantaget skulle jag definitivt rekommendera den h\u00e4r appen till alla som letar efter en mormorsanslutning.<\/p>\n<h3>Badoo<\/h3>\n<p>Om du letar efter en mormorsanslutning \u00e4r Badoo f\u00f6rmodligen inte dejtingsappen f\u00f6r dig. \u00c4ven om det fakturerar sig sj\u00e4lv som en dejtingsapp, rapporterar m\u00e5nga anv\u00e4ndare att det \u00e4r sv\u00e5rt att faktiskt hitta matchningar i appen. Faktum \u00e4r att m\u00e5nga anv\u00e4ndare rapporterar att appen \u00e4r full av falska profiler och att det \u00e4r sv\u00e5rt att komma i kontakt med kundtj\u00e4nst n\u00e4r du har problem. S\u00e5 om du letar efter en mormorsanslutning kanske du vill prova en annan app.<\/p>\n","protected":false},"excerpt":{"rendered":"<p>Det \u00e4r n\u00e5got sp\u00e4nnande med tanken p\u00e5 att ansluta sig till en mormor. Kanske \u00e4r det tabubelagda i det, eller det faktum att de \u00e4r erfarna och vet vad de g\u00f6r. Oavsett anledning kan mormorsanslutningar vara mycket roliga. Naturligtvis finns det n\u00e5gra saker du m\u00e5ste t\u00e4nka p\u00e5 innan du ansluter dig till en mormor. Till&#8230;<a class=\"read-more-link button\" href=\"https:\/\/theyoungmessiah.com\/sv\/farmor-anslutning\/\">Read more<\/a><\/p>\n","protected":false},"author":1,"featured_media":0,"parent":0,"menu_order":0,"comment_status":"closed","ping_status":"closed","template":"","meta":[],"yoast_head":"<!-- This site is optimized with the Yoast SEO plugin v17.7.1 - https:\/\/yoast.com\/wordpress\/plugins\/seo\/ -->\n<title>Farmor Anslutning - Online Adult Dating<\/title>\n<meta name=\"robots\" content=\"index, follow, max-snippet:-1, max-image-preview:large, max-video-preview:-1\" \/>\n<link rel=\"canonical\" href=\"https:\/\/theyoungmessiah.com\/sv\/farmor-anslutning\/\" \/>\n<meta property=\"og:locale\" content=\"sv_SE\" \/>\n<meta property=\"og:type\" content=\"article\" \/>\n<meta property=\"og:title\" content=\"Farmor Anslutning - Online Adult Dating\" \/>\n<meta property=\"og:description\" content=\"Det \u00e4r n\u00e5got sp\u00e4nnande med tanken p\u00e5 att ansluta sig till en mormor. Kanske \u00e4r det tabubelagda i det, eller det faktum att de \u00e4r erfarna och vet vad de g\u00f6r. Oavsett anledning kan mormorsanslutningar vara mycket roliga. Naturligtvis finns det n\u00e5gra saker du m\u00e5ste t\u00e4nka p\u00e5 innan du ansluter dig till en mormor. Till...Read more\" \/>\n<meta property=\"og:url\" content=\"https:\/\/theyoungmessiah.com\/sv\/farmor-anslutning\/\" \/>\n<meta property=\"og:site_name\" content=\"Online Adult Dating\" \/>\n<meta name=\"twitter:card\" content=\"summary_large_image\" \/>\n<meta name=\"twitter:label1\" content=\"Ber\u00e4knad l\u00e4stid\" \/>\n\t<meta name=\"twitter:data1\" content=\"5 minuter\" \/>\n<script type=\"application\/ld+json\" class=\"yoast-schema-graph\">{\"@context\":\"https:\/\/schema.org\",\"@graph\":[{\"@type\":\"WebSite\",\"@id\":\"https:\/\/theyoungmessiah.com\/sv\/#website\",\"url\":\"https:\/\/theyoungmessiah.com\/sv\/\",\"name\":\"Online Adult Dating\",\"description\":\"Local Sex Hookups\",\"potentialAction\":[{\"@type\":\"SearchAction\",\"target\":{\"@type\":\"EntryPoint\",\"urlTemplate\":\"https:\/\/theyoungmessiah.com\/sv\/?s={search_term_string}\"},\"query-input\":\"required name=search_term_string\"}],\"inLanguage\":\"sv-SE\"},{\"@type\":\"WebPage\",\"@id\":\"https:\/\/theyoungmessiah.com\/sv\/farmor-anslutning\/#webpage\",\"url\":\"https:\/\/theyoungmessiah.com\/sv\/farmor-anslutning\/\",\"name\":\"Farmor Anslutning - Online Adult Dating\",\"isPartOf\":{\"@id\":\"https:\/\/theyoungmessiah.com\/sv\/#website\"},\"datePublished\":\"2022-10-12T12:50:13+00:00\",\"dateModified\":\"2022-10-12T12:50:13+00:00\",\"breadcrumb\":{\"@id\":\"https:\/\/theyoungmessiah.com\/sv\/farmor-anslutning\/#breadcrumb\"},\"inLanguage\":\"sv-SE\",\"potentialAction\":[{\"@type\":\"ReadAction\",\"target\":[\"https:\/\/theyoungmessiah.com\/sv\/farmor-anslutning\/\"]}]},{\"@type\":\"BreadcrumbList\",\"@id\":\"https:\/\/theyoungmessiah.com\/sv\/farmor-anslutning\/#breadcrumb\",\"itemListElement\":[{\"@type\":\"ListItem\",\"position\":1,\"name\":\"Home\",\"item\":\"http:\/\/theyoungmessiah.com\/sv\/\"},{\"@type\":\"ListItem\",\"position\":2,\"name\":\"Farmor Anslutning\"}]}]}<\/script>\n<!-- \/ Yoast SEO plugin. -->","yoast_head_json":{"title":"Farmor Anslutning - Online Adult Dating","robots":{"index":"index","follow":"follow","max-snippet":"max-snippet:-1","max-image-preview":"max-image-preview:large","max-video-preview":"max-video-preview:-1"},"canonical":"https:\/\/theyoungmessiah.com\/sv\/farmor-anslutning\/","og_locale":"sv_SE","og_type":"article","og_title":"Farmor Anslutning - Online Adult Dating","og_description":"Det \u00e4r n\u00e5got sp\u00e4nnande med tanken p\u00e5 att ansluta sig till en mormor. Kanske \u00e4r det tabubelagda i det, eller det faktum att de \u00e4r erfarna och vet vad de g\u00f6r. Oavsett anledning kan mormorsanslutningar vara mycket roliga. Naturligtvis finns det n\u00e5gra saker du m\u00e5ste t\u00e4nka p\u00e5 innan du ansluter dig till en mormor. Till...Read more","og_url":"https:\/\/theyoungmessiah.com\/sv\/farmor-anslutning\/","og_site_name":"Online Adult Dating","twitter_card":"summary_large_image","twitter_misc":{"Ber\u00e4knad l\u00e4stid":"5 minuter"},"schema":{"@context":"https:\/\/schema.org","@graph":[{"@type":"WebSite","@id":"https:\/\/theyoungmessiah.com\/sv\/#website","url":"https:\/\/theyoungmessiah.com\/sv\/","name":"Online Adult Dating","description":"Local Sex Hookups","potentialAction":[{"@type":"SearchAction","target":{"@type":"EntryPoint","urlTemplate":"https:\/\/theyoungmessiah.com\/sv\/?s={search_term_string}"},"query-input":"required name=search_term_string"}],"inLanguage":"sv-SE"},{"@type":"WebPage","@id":"https:\/\/theyoungmessiah.com\/sv\/farmor-anslutning\/#webpage","url":"https:\/\/theyoungmessiah.com\/sv\/farmor-anslutning\/","name":"Farmor Anslutning - Online Adult Dating","isPartOf":{"@id":"https:\/\/theyoungmessiah.com\/sv\/#website"},"datePublished":"2022-10-12T12:50:13+00:00","dateModified":"2022-10-12T12:50:13+00:00","breadcrumb":{"@id":"https:\/\/theyoungmessiah.com\/sv\/farmor-anslutning\/#breadcrumb"},"inLanguage":"sv-SE","potentialAction":[{"@type":"ReadAction","target":["https:\/\/theyoungmessiah.com\/sv\/farmor-anslutning\/"]}]},{"@type":"BreadcrumbList","@id":"https:\/\/theyoungmessiah.com\/sv\/farmor-anslutning\/#breadcrumb","itemListElement":[{"@type":"ListItem","position":1,"name":"Home","item":"http:\/\/theyoungmessiah.com\/sv\/"},{"@type":"ListItem","position":2,"name":"Farmor Anslutning"}]}]}},"_links":{"self":[{"href":"https:\/\/theyoungmessiah.com\/sv\/wp-json\/wp\/v2\/pages\/313"}],"collection":[{"href":"https:\/\/theyoungmessiah.com\/sv\/wp-json\/wp\/v2\/pages"}],"about":[{"href":"https:\/\/theyoungmessiah.com\/sv\/wp-json\/wp\/v2\/types\/page"}],"author":[{"embeddable":true,"href":"https:\/\/theyoungmessiah.com\/sv\/wp-json\/wp\/v2\/users\/1"}],"replies":[{"embeddable":true,"href":"https:\/\/theyoungmessiah.com\/sv\/wp-json\/wp\/v2\/comments?post=313"}],"version-history":[{"count":0,"href":"https:\/\/theyoungmessiah.com\/sv\/wp-json\/wp\/v2\/pages\/313\/revisions"}],"wp:attachment":[{"href":"https:\/\/theyoungmessiah.com\/sv\/wp-json\/wp\/v2\/media?parent=313"}],"curies":[{"name":"wp","href":"https:\/\/api.w.org\/{rel}","templated":true}]}}