{"id":322,"date":"2022-10-12T13:50:05","date_gmt":"2022-10-12T12:50:05","guid":{"rendered":"http:\/\/theyoungmessiah.com\/dejtingsajt-for-aldre-kvinnor\/"},"modified":"2022-10-12T13:50:05","modified_gmt":"2022-10-12T12:50:05","slug":"dejtingsajt-for-aldre-kvinnor","status":"publish","type":"page","link":"https:\/\/theyoungmessiah.com\/sv\/dejtingsajt-for-aldre-kvinnor\/","title":{"rendered":"Dejtingsajt f\u00f6r \u00e4ldre kvinnor"},"content":{"rendered":"<p>Det finns n\u00e5gra <a href=\"http:\/\/theyoungmessiah.com\/local-fuck-sites\/\">dejtingsajter<\/a> f\u00f6r \u00e4ldre kvinnor som \u00e4r v\u00e4rda att kolla in. Om du letar efter en fling eller en anslutning kan dessa webbplatser hj\u00e4lpa dig att hitta det du letar efter. \u00c4ldre kvinnor \u00e4r ofta mer erfarna och mer sj\u00e4lvs\u00e4kra \u00e4n yngre kvinnor, s\u00e5 de kan vara ett bra alternativ f\u00f6r en rolig utekv\u00e4ll. Se bara till att l\u00e4sa recensionerna innan du registrerar dig f\u00f6r n\u00e5got, s\u00e5 att du vet vad du ger dig in p\u00e5.<\/p>\n<p>Dejtingsajter f\u00f6r \u00e4ldre kvinnor \u00e4r ett bra s\u00e4tt f\u00f6r \u00e4ldre kvinnor att tr\u00e4ffa yngre m\u00e4n. Det finns m\u00e5nga webbplatser som tillgodoser specifikt \u00e4ldre kvinnor och yngre m\u00e4n, och dessa kan vara ett bra s\u00e4tt att hitta en matchning. \u00c4ldre kvinnor kan ha mer livserfarenhet och visdom \u00e4n yngre kvinnor, och detta kan vara tilltalande f\u00f6r yngre m\u00e4n. Yngre m\u00e4n kan ocks\u00e5 lockas till \u00e4ldre kvinnor eftersom de tenderar att vara mer sj\u00e4lvs\u00e4kra och sj\u00e4lvs\u00e4kra. Dejtingsajter f\u00f6r \u00e4ldre kvinnor kan vara ett bra s\u00e4tt f\u00f6r b\u00e5de \u00e4ldre kvinnor och yngre m\u00e4n att hitta k\u00e4rlek och s\u00e4llskap.<\/p>\n<h2>Var kan man h\u00e4mta \u00e4ldre kvinnor<\/h2>\n<p>Det finns m\u00e5nga \u00e4ldre kvinnor som letar efter k\u00e4rlek online. Du hittar dem p\u00e5 dejtingsajter som OurTime och eHarmony. Du kan ocks\u00e5 hitta dem p\u00e5 sociala medier som Facebook och Twitter. Se bara till att vara respektfull och artig n\u00e4r du n\u00e5r ut till dem.<\/p>\n<h2>\u00c4ldre kvinnor dating webbplatser<\/h2>\n<p>Det finns m\u00e5nga dejtingsajter som v\u00e4nder sig till \u00e4ldre kvinnor som s\u00f6ker yngre m\u00e4n, och vice versa. Dessa webbplatser ger ett bekv\u00e4mt s\u00e4tt f\u00f6r \u00e4ldre kvinnor att hitta potentiella partners utan att beh\u00f6va g\u00e5 ut och g\u00e5, och de erbjuder ocks\u00e5 en s\u00e4ker och s\u00e4ker milj\u00f6 d\u00e4r man kan chatta och l\u00e4ra k\u00e4nna varandra. M\u00e5nga av dessa webbplatser har ocks\u00e5 forum och chattrum, vilket kan vara ett bra s\u00e4tt att l\u00e4ra k\u00e4nna andra medlemmar och ta reda p\u00e5 mer om dejtingscenen i allm\u00e4nhet.<\/p>\n<h3>Passion.com<\/h3>\n<p>Om du letar efter en app som l\u00e5ter dig f\u00e5 kontakt med \u00e4ldre kvinnor f\u00f6r dejting \u00e4r Passion.com ett bra alternativ. Appen \u00e4r enkel att anv\u00e4nda och har ett rent, modernt gr\u00e4nssnitt. Du kan s\u00f6ka efter kvinnor efter \u00e5lder, plats och intressen och visa profiler i ett rutn\u00e4t eller en listvy. Passion.com erbjuder ocks\u00e5 en fantastisk funktion som heter &#8221;Passion Points&#8221; som l\u00e5ter dig tj\u00e4na po\u00e4ng genom att slutf\u00f6ra vissa aktiviteter i appen, som du sedan kan l\u00f6sa in f\u00f6r gratis medlemsuppgraderingar och andra f\u00f6rm\u00e5ner. Sammantaget \u00e4r Passion.com ett bra alternativ f\u00f6r \u00e4ldre kvinnor som letar efter en dejtingsapp som \u00e4r l\u00e4tt att anv\u00e4nda och har m\u00e5nga funktioner.<\/p>\n<h3>FindMyFlings<\/h3>\n<p>FindMyFlings \u00e4r en dejtingsapp som \u00e4r speciellt utformad f\u00f6r \u00e4ldre kvinnor. Appen \u00e4r enkel att anv\u00e4nda och har m\u00e5nga fantastiska funktioner, till exempel en s\u00f6kfunktion som l\u00e5ter dig hitta \u00e4ldre kvinnor i ditt omr\u00e5de. Appen har ocks\u00e5 en meddelandefunktion som l\u00e5ter dig kontakta \u00e4ldre kvinnor direkt. Sammantaget \u00e4r FindMyFlings en bra dejtingsapp f\u00f6r \u00e4ldre kvinnor och \u00e4r definitivt v\u00e4rt att kolla in.<\/p>\n<h3>Kasual-appen<\/h3>\n<p>Kasual App \u00e4r en ny dejtingsapp som \u00e4r speciellt utformad f\u00f6r \u00e4ldre kvinnor. Appen \u00e4r gratis att ladda ner och anv\u00e4nda, och den erbjuder en m\u00e4ngd olika funktioner som \u00e4r utformade f\u00f6r att g\u00f6ra dejtingupplevelsen roligare f\u00f6r \u00e4ldre kvinnor. Appen inneh\u00e5ller en s\u00f6kfunktion som g\u00f6r det m\u00f6jligt f\u00f6r anv\u00e4ndare att hitta andra anv\u00e4ndare som \u00e4r i n\u00e4rheten, och den inneh\u00e5ller ocks\u00e5 en meddelandefunktion som g\u00f6r det m\u00f6jligt f\u00f6r anv\u00e4ndare att kommunicera med andra anv\u00e4ndare. Appen \u00e4r f\u00f6r n\u00e4rvarande tillg\u00e4nglig f\u00f6r nedladdning i App Store och Google Play, och den f\u00f6rv\u00e4ntas vara tillg\u00e4nglig f\u00f6r nedladdning p\u00e5 Windows Store och Amazon Appstore inom en snar framtid.<\/p>\n<h3>Ashley Madison<\/h3>\n<p>Ashley Madison \u00e4r en dejtingsapp som \u00e4r speciellt utformad f\u00f6r \u00e4ldre kvinnor. Det \u00e4r en bra app f\u00f6r \u00e4ldre kvinnor som letar efter ett seri\u00f6st f\u00f6rh\u00e5llande eller bara en avslappnad fling. Appen \u00e4r enkel att anv\u00e4nda och har m\u00e5nga fantastiska funktioner. Appen har ocks\u00e5 ett gott rykte f\u00f6r att vara en s\u00e4ker och s\u00e4ker dejtingsapp.<\/p>\n","protected":false},"excerpt":{"rendered":"<p>Det finns n\u00e5gra dejtingsajter f\u00f6r \u00e4ldre kvinnor som \u00e4r v\u00e4rda att kolla in. Om du letar efter en fling eller en anslutning kan dessa webbplatser hj\u00e4lpa dig att hitta det du letar efter. \u00c4ldre kvinnor \u00e4r ofta mer erfarna och mer sj\u00e4lvs\u00e4kra \u00e4n yngre kvinnor, s\u00e5 de kan vara ett bra alternativ f\u00f6r en rolig&#8230;<a class=\"read-more-link button\" href=\"https:\/\/theyoungmessiah.com\/sv\/dejtingsajt-for-aldre-kvinnor\/\">Read more<\/a><\/p>\n","protected":false},"author":1,"featured_media":0,"parent":0,"menu_order":0,"comment_status":"closed","ping_status":"closed","template":"","meta":[],"yoast_head":"<!-- This site is optimized with the Yoast SEO plugin v17.7.1 - https:\/\/yoast.com\/wordpress\/plugins\/seo\/ -->\n<title>Dejtingsajt f\u00f6r \u00e4ldre kvinnor - Online Adult Dating<\/title>\n<meta name=\"robots\" content=\"index, follow, max-snippet:-1, max-image-preview:large, max-video-preview:-1\" \/>\n<link rel=\"canonical\" href=\"https:\/\/theyoungmessiah.com\/sv\/dejtingsajt-for-aldre-kvinnor\/\" \/>\n<meta property=\"og:locale\" content=\"sv_SE\" \/>\n<meta property=\"og:type\" content=\"article\" \/>\n<meta property=\"og:title\" content=\"Dejtingsajt f\u00f6r \u00e4ldre kvinnor - Online Adult Dating\" \/>\n<meta property=\"og:description\" content=\"Det finns n\u00e5gra dejtingsajter f\u00f6r \u00e4ldre kvinnor som \u00e4r v\u00e4rda att kolla in. Om du letar efter en fling eller en anslutning kan dessa webbplatser hj\u00e4lpa dig att hitta det du letar efter. \u00c4ldre kvinnor \u00e4r ofta mer erfarna och mer sj\u00e4lvs\u00e4kra \u00e4n yngre kvinnor, s\u00e5 de kan vara ett bra alternativ f\u00f6r en rolig...Read more\" \/>\n<meta property=\"og:url\" content=\"https:\/\/theyoungmessiah.com\/sv\/dejtingsajt-for-aldre-kvinnor\/\" \/>\n<meta property=\"og:site_name\" content=\"Online Adult Dating\" \/>\n<meta name=\"twitter:card\" content=\"summary_large_image\" \/>\n<meta name=\"twitter:label1\" content=\"Ber\u00e4knad l\u00e4stid\" \/>\n\t<meta name=\"twitter:data1\" content=\"4 minuter\" \/>\n<script type=\"application\/ld+json\" class=\"yoast-schema-graph\">{\"@context\":\"https:\/\/schema.org\",\"@graph\":[{\"@type\":\"WebSite\",\"@id\":\"https:\/\/theyoungmessiah.com\/sv\/#website\",\"url\":\"https:\/\/theyoungmessiah.com\/sv\/\",\"name\":\"Online Adult Dating\",\"description\":\"Local Sex Hookups\",\"potentialAction\":[{\"@type\":\"SearchAction\",\"target\":{\"@type\":\"EntryPoint\",\"urlTemplate\":\"https:\/\/theyoungmessiah.com\/sv\/?s={search_term_string}\"},\"query-input\":\"required name=search_term_string\"}],\"inLanguage\":\"sv-SE\"},{\"@type\":\"WebPage\",\"@id\":\"https:\/\/theyoungmessiah.com\/sv\/dejtingsajt-for-aldre-kvinnor\/#webpage\",\"url\":\"https:\/\/theyoungmessiah.com\/sv\/dejtingsajt-for-aldre-kvinnor\/\",\"name\":\"Dejtingsajt f\\u00f6r \\u00e4ldre kvinnor - Online Adult Dating\",\"isPartOf\":{\"@id\":\"https:\/\/theyoungmessiah.com\/sv\/#website\"},\"datePublished\":\"2022-10-12T12:50:05+00:00\",\"dateModified\":\"2022-10-12T12:50:05+00:00\",\"breadcrumb\":{\"@id\":\"https:\/\/theyoungmessiah.com\/sv\/dejtingsajt-for-aldre-kvinnor\/#breadcrumb\"},\"inLanguage\":\"sv-SE\",\"potentialAction\":[{\"@type\":\"ReadAction\",\"target\":[\"https:\/\/theyoungmessiah.com\/sv\/dejtingsajt-for-aldre-kvinnor\/\"]}]},{\"@type\":\"BreadcrumbList\",\"@id\":\"https:\/\/theyoungmessiah.com\/sv\/dejtingsajt-for-aldre-kvinnor\/#breadcrumb\",\"itemListElement\":[{\"@type\":\"ListItem\",\"position\":1,\"name\":\"Home\",\"item\":\"http:\/\/theyoungmessiah.com\/sv\/\"},{\"@type\":\"ListItem\",\"position\":2,\"name\":\"Dejtingsajt f\\u00f6r \\u00e4ldre kvinnor\"}]}]}<\/script>\n<!-- \/ Yoast SEO plugin. -->","yoast_head_json":{"title":"Dejtingsajt f\u00f6r \u00e4ldre kvinnor - Online Adult Dating","robots":{"index":"index","follow":"follow","max-snippet":"max-snippet:-1","max-image-preview":"max-image-preview:large","max-video-preview":"max-video-preview:-1"},"canonical":"https:\/\/theyoungmessiah.com\/sv\/dejtingsajt-for-aldre-kvinnor\/","og_locale":"sv_SE","og_type":"article","og_title":"Dejtingsajt f\u00f6r \u00e4ldre kvinnor - Online Adult Dating","og_description":"Det finns n\u00e5gra dejtingsajter f\u00f6r \u00e4ldre kvinnor som \u00e4r v\u00e4rda att kolla in. Om du letar efter en fling eller en anslutning kan dessa webbplatser hj\u00e4lpa dig att hitta det du letar efter. \u00c4ldre kvinnor \u00e4r ofta mer erfarna och mer sj\u00e4lvs\u00e4kra \u00e4n yngre kvinnor, s\u00e5 de kan vara ett bra alternativ f\u00f6r en rolig...Read more","og_url":"https:\/\/theyoungmessiah.com\/sv\/dejtingsajt-for-aldre-kvinnor\/","og_site_name":"Online Adult Dating","twitter_card":"summary_large_image","twitter_misc":{"Ber\u00e4knad l\u00e4stid":"4 minuter"},"schema":{"@context":"https:\/\/schema.org","@graph":[{"@type":"WebSite","@id":"https:\/\/theyoungmessiah.com\/sv\/#website","url":"https:\/\/theyoungmessiah.com\/sv\/","name":"Online Adult Dating","description":"Local Sex Hookups","potentialAction":[{"@type":"SearchAction","target":{"@type":"EntryPoint","urlTemplate":"https:\/\/theyoungmessiah.com\/sv\/?s={search_term_string}"},"query-input":"required name=search_term_string"}],"inLanguage":"sv-SE"},{"@type":"WebPage","@id":"https:\/\/theyoungmessiah.com\/sv\/dejtingsajt-for-aldre-kvinnor\/#webpage","url":"https:\/\/theyoungmessiah.com\/sv\/dejtingsajt-for-aldre-kvinnor\/","name":"Dejtingsajt f\u00f6r \u00e4ldre kvinnor - Online Adult Dating","isPartOf":{"@id":"https:\/\/theyoungmessiah.com\/sv\/#website"},"datePublished":"2022-10-12T12:50:05+00:00","dateModified":"2022-10-12T12:50:05+00:00","breadcrumb":{"@id":"https:\/\/theyoungmessiah.com\/sv\/dejtingsajt-for-aldre-kvinnor\/#breadcrumb"},"inLanguage":"sv-SE","potentialAction":[{"@type":"ReadAction","target":["https:\/\/theyoungmessiah.com\/sv\/dejtingsajt-for-aldre-kvinnor\/"]}]},{"@type":"BreadcrumbList","@id":"https:\/\/theyoungmessiah.com\/sv\/dejtingsajt-for-aldre-kvinnor\/#breadcrumb","itemListElement":[{"@type":"ListItem","position":1,"name":"Home","item":"http:\/\/theyoungmessiah.com\/sv\/"},{"@type":"ListItem","position":2,"name":"Dejtingsajt f\u00f6r \u00e4ldre kvinnor"}]}]}},"_links":{"self":[{"href":"https:\/\/theyoungmessiah.com\/sv\/wp-json\/wp\/v2\/pages\/322"}],"collection":[{"href":"https:\/\/theyoungmessiah.com\/sv\/wp-json\/wp\/v2\/pages"}],"about":[{"href":"https:\/\/theyoungmessiah.com\/sv\/wp-json\/wp\/v2\/types\/page"}],"author":[{"embeddable":true,"href":"https:\/\/theyoungmessiah.com\/sv\/wp-json\/wp\/v2\/users\/1"}],"replies":[{"embeddable":true,"href":"https:\/\/theyoungmessiah.com\/sv\/wp-json\/wp\/v2\/comments?post=322"}],"version-history":[{"count":0,"href":"https:\/\/theyoungmessiah.com\/sv\/wp-json\/wp\/v2\/pages\/322\/revisions"}],"wp:attachment":[{"href":"https:\/\/theyoungmessiah.com\/sv\/wp-json\/wp\/v2\/media?parent=322"}],"curies":[{"name":"wp","href":"https:\/\/api.w.org\/{rel}","templated":true}]}}