{"id":339,"date":"2022-10-12T12:56:34","date_gmt":"2022-10-12T11:56:34","guid":{"rendered":"http:\/\/theyoungmessiah.com\/varld-av-online-dating\/"},"modified":"2022-10-12T12:56:34","modified_gmt":"2022-10-12T11:56:34","slug":"varld-av-online-dating","status":"publish","type":"page","link":"https:\/\/theyoungmessiah.com\/sv\/","title":{"rendered":"V\u00e4rld av online dating"},"content":{"rendered":"<p>V\u00e4rlden av online dating har f\u00f6r\u00e4ndrats dramatiskt under det senaste decenniet. Numera finns det m\u00e5nga val f\u00f6r att hitta k\u00e4rlek &#8211; fr\u00e5n traditionella matchmaking-tj\u00e4nster till nischappar som tillgodoser specifika intressen.<\/p>\n<p>Men vilka \u00e4r v\u00e4rda att kolla in? Vi har sammanst\u00e4llt v\u00e5ra favorit dejtingsajter baserat p\u00e5 kategorier som kostnad, funktioner, popularitet och anv\u00e4ndarv\u00e4nlighet.<\/p>\n<h2>Hur vi rankar webbplatserna<\/h2>\n<p>Vi testade varje webbplats noggrant och rankade dem baserat p\u00e5 antal medlemmar, s\u00e4kerhet, framg\u00e5ngshistorier, funktioner, pris, mobilappar, platstillg\u00e4nglighet och mer.<\/p>\n<p>Casual dating kan fungera som ett \u00f6verg\u00e5ngssteg mellan anslutningar och ett mer seri\u00f6st f\u00f6rh\u00e5llande. Vissa m\u00e4nniskor k\u00e4nner sig obekv\u00e4ma med att vara romantiska med n\u00e5gon de inte k\u00e4nner v\u00e4l. Andra \u00e4r r\u00e4dda f\u00f6r att bli skadade igen. Ytterligare andra oroar sig f\u00f6r hur de ska hantera intimitet. Att dejta avslappnat kan ge dig \u00f6vning i att prata om k\u00e4nslor, s\u00e4tta gr\u00e4nser och \u00f6va sj\u00e4lvs\u00e4kerhet.<\/p>\n<h2>Kom ig\u00e5ng med casual dating<\/h2>\n<p>Inte varje person k\u00e4nner sig bekv\u00e4m att dejta p\u00e5 allvar (och m\u00e5nga \u00e4r inte intresserade av det). Om du inte vill tr\u00e4ffa n\u00e5gon \u00e4r det bra. Men om du vill prova avslappnad dejting, h\u00e4r \u00e4r vad du beh\u00f6ver t\u00e4nka p\u00e5.<\/p>\n<p>FWB och anslutningar tenderar att fungera under en upps\u00e4ttning regler. Casual dating involverar vanligtvis n\u00e5gon form av relationsliknande parametrar, oavsett om det \u00e4r en engagerad v\u00e4nskap utan f\u00f6rbeh\u00e5ll eller n\u00e5got mer allvarligt. \u00c4ven om det finns gott om m\u00e4nniskor d\u00e4r ute som anv\u00e4nder termen &#8221;avslappnad dejting&#8221; omv\u00e4xlande med &#8221;anslutning&#8221;, \u00e4r det inte n\u00f6dv\u00e4ndigtvis vad ordet antyder.<\/p>\n<h3>Casual Dating Vs. Seri\u00f6s Dejting<\/h3>\n<p>Skillnaden mellan avslappnad dejting och seri\u00f6s dejting &#8211; det finns n\u00e5gra tydliga skillnader. Vi fick reda p\u00e5 att m\u00e4nniskor definierar avslappnad dejting annorlunda &#8211; vissa tror att det betyder att kunna g\u00e5 p\u00e5 datum utan att beh\u00f6va planera i f\u00f6rv\u00e4g, medan andra s\u00e4ger att det betyder att du inte vill g\u00f6ra en stor sak av det. Och det finns de som tror att du inte ska tr\u00e4ffa n\u00e5gon om ni inte b\u00e5da \u00e4r redo att engagera er.<\/p>\n<ul>\n<li>Casual Dating: Detta \u00e4r ofta (men \u00e4r inte alltid) icke-exklusivt. M\u00e4nniskor antar ofta att det \u00e4r okej att tr\u00e4ffa andra m\u00e4nniskor om du inte har haft en uttrycklig konversation om exklusivitet. \u00c4nd\u00e5 \u00e4r det alltid smart att prata om exklusivitet i n\u00e5got skede bara f\u00f6r att se till att alla \u00e4r p\u00e5 samma sida. Generellt sett h\u00e4nvisar avslappnad dejting till anslutningar som involverar en viss grad k\u00e4nslom\u00e4ssig anknytning.<\/li>\n<li>Allvarlig dejting: M\u00e4nniskor dejtar ofta p\u00e5 allvar i hopp om att hitta en partner att gifta sig med en dag. Men vad \u00e4r egentligen ett seri\u00f6st f\u00f6rh\u00e5llande? Handlar det om att vara k\u00e4nslom\u00e4ssigt knuten? Eller beh\u00f6ver ni diskutera er framtid tillsammans? Om du letar efter en livspartner, s\u00e5 h\u00e4r vet du om n\u00e5gon kan vara den.<\/li>\n<\/ul>\n<p><img loading=\"lazy\" class=\" wp-image-35 aligncenter\" src=\"http:\/\/theyoungmessiah.com\/wp-content\/uploads\/2022\/10\/meet-up-dating-1024x684.jpeg\" alt=\"\" width=\"612\" height=\"409\" srcset=\"https:\/\/theyoungmessiah.com\/wp-content\/uploads\/2022\/10\/meet-up-dating-1024x684.jpeg 1024w, https:\/\/theyoungmessiah.com\/wp-content\/uploads\/2022\/10\/meet-up-dating-300x200.jpeg 300w, https:\/\/theyoungmessiah.com\/wp-content\/uploads\/2022\/10\/meet-up-dating-768x513.jpeg 768w, https:\/\/theyoungmessiah.com\/wp-content\/uploads\/2022\/10\/meet-up-dating-1536x1025.jpeg 1536w, https:\/\/theyoungmessiah.com\/wp-content\/uploads\/2022\/10\/meet-up-dating-2048x1367.jpeg 2048w\" sizes=\"(max-width: 612px) 100vw, 612px\" \/><\/p>\n<h3>Vad du ska g\u00f6ra initialt<\/h3>\n<p>Till en b\u00f6rjan verkar avslappnad dejting som ett enkelt s\u00e4tt att tr\u00e4ffa m\u00e4nniskor utan att bli f\u00f6r knuten. N\u00e4r allt kommer omkring finns det inga f\u00f6rv\u00e4ntningar, \u00e5taganden eller ansvar. Men avslappnad dejting handlar inte bara om att hitta n\u00e5gon att g\u00e5 p\u00e5 dejt med; det handlar om att bygga relationer baserade p\u00e5 f\u00f6rtroende och \u00f6msesidig respekt. Casual dating kr\u00e4ver mycket kommunikation och k\u00e4nslom\u00e4ssig mognad. Om du n\u00e4rmar dig avslappnad dejting med fel attityd kan du bli besviken senare p\u00e5 v\u00e4gen.<\/p>\n<p>F\u00f6rutom att vara respektfull, \u00f6verv\u00e4ga f\u00f6ljande tips innan du hoppar in i avslappnad dejting:<\/p>\n<ul>\n<li>\u00c4rligt talat. Ber\u00e4tta f\u00f6r potentiella datum vad du verkligen vill ha. Ge inte l\u00f6ften som du inte kommer att h\u00e5lla.<\/li>\n<li>K\u00e4nn dina gr\u00e4nser. Vad k\u00e4nner du dig bekv\u00e4m med att dela med dig av till andra? \u00c4r du villig att l\u00e4mna ut dina personuppgifter online? Har du ett s\u00e4kert ord?<\/li>\n<li>Ha realistiska m\u00e5l. \u00c4r avslappnad dejting n\u00e5got du ser fram emot eller fruktar? T\u00e4nk p\u00e5 hur engagerad du vill vara och om du \u00e4r redo att ta saker vidare.<\/li>\n<li>S\u00e4tt gr\u00e4nser. Se till att du vet var du st\u00e5r innan du g\u00e5r in i ett f\u00f6rh\u00e5llande.<\/li>\n<li>Var \u00f6ppen f\u00f6r f\u00f6r\u00e4ndring. Du vet aldrig vad som kan h\u00e4nda under ett avslappnat m\u00f6te.<\/li>\n<\/ul>\n<p>Online dating har blivit en alltmer popul\u00e4r metod f\u00f6r att tr\u00e4ffa potentiella partners. Det \u00e4r ingen \u00f6verraskning att miljontals singlar \u00f6ver hela v\u00e4rlden anv\u00e4nder dessa webbplatser f\u00f6r att hitta k\u00e4rlek.<\/p>\n<p>De flesta inser dock inte att online-datingsidor fungerar annorlunda \u00e4n traditionella metoder f\u00f6r att tr\u00e4ffa m\u00e4nniskor.<\/p>\n<h3>Online Dating webbplatser fungerar annorlunda \u00e4n traditionella metoder<\/h3>\n<p>Traditionella dejtingmetoder inkluderar att g\u00e5 till barer, klubbar, restauranger, fester och evenemang. Dessa platser \u00e4r tr\u00e5nga och ofta fyllda med fr\u00e4mlingar. Detta g\u00f6r det sv\u00e5rt att f\u00e5 kontakt med andra. \u00c5 andra sidan l\u00e5ter online-dejtingsajter dig s\u00f6ka efter matchningar baserat p\u00e5 specifika kriterier. Det betyder att du kan begr\u00e4nsa dina s\u00f6kresultat tills du hittar exakt det du letar efter. Du kan till exempel filtrera dina s\u00f6kresultat f\u00f6r att hitta m\u00e4n eller kvinnor mellan 18 och 35 \u00e5r. Eller s\u00e5 kan du ange om du \u00e4r intresserad av m\u00e4n eller kvinnor. Du kan ocks\u00e5 st\u00e4lla in preferenser som plats, religion, etnicitet, utbildningsniv\u00e5, yrke, hobbyer, intressen och politiska \u00e5sikter.<\/p>\n<p>Alla dessa saker hj\u00e4lper dig att begr\u00e4nsa dina s\u00f6kresultat och hitta r\u00e4tt person f\u00f6r dig.<\/p>\n<h3>Singlar som vill tr\u00e4ffa nya m\u00e4nniskor<\/h3>\n<p>De flesta som anv\u00e4nder n\u00e4tdejtingsajter \u00e4r singlar. De kanske letar efter ett f\u00f6rh\u00e5llande eller helt enkelt f\u00f6rs\u00f6ker tr\u00e4ffa nya m\u00e4nniskor. Eftersom online dating webbplatser l\u00e5ter dig s\u00f6ka efter matchningar baserat p\u00e5 vissa kriterier, kan du enkelt hitta n\u00e5gon som delar liknande v\u00e4rderingar och \u00f6vertygelser. N\u00e4r du tr\u00e4ffar n\u00e5gon som delar dina v\u00e4rderingar och \u00f6vertygelser k\u00e4nner du dig bekv\u00e4m med att prata med honom eller henne. Detta hj\u00e4lper dig att utveckla starkare relationer snabbare.<\/p>\n","protected":false},"excerpt":{"rendered":"<p>V\u00e4rlden av online dating har f\u00f6r\u00e4ndrats dramatiskt under det senaste decenniet. Numera finns det m\u00e5nga val f\u00f6r att hitta k\u00e4rlek &#8211; fr\u00e5n traditionella matchmaking-tj\u00e4nster till nischappar som tillgodoser specifika intressen. Men vilka \u00e4r v\u00e4rda att kolla in? Vi har sammanst\u00e4llt v\u00e5ra favorit dejtingsajter baserat p\u00e5 kategorier som kostnad, funktioner, popularitet och anv\u00e4ndarv\u00e4nlighet. Hur vi rankar&#8230;<a class=\"read-more-link button\" href=\"https:\/\/theyoungmessiah.com\/sv\/\">Read more<\/a><\/p>\n","protected":false},"author":1,"featured_media":134,"parent":0,"menu_order":0,"comment_status":"closed","ping_status":"closed","template":"","meta":[],"yoast_head":"<!-- This site is optimized with the Yoast SEO plugin v17.7.1 - https:\/\/yoast.com\/wordpress\/plugins\/seo\/ -->\n<title>V\u00e4rld av online dating - Online Adult Dating<\/title>\n<meta name=\"robots\" content=\"index, follow, max-snippet:-1, max-image-preview:large, max-video-preview:-1\" \/>\n<link rel=\"canonical\" href=\"https:\/\/theyoungmessiah.com\/sv\/\" \/>\n<meta property=\"og:locale\" content=\"sv_SE\" \/>\n<meta property=\"og:type\" content=\"article\" \/>\n<meta property=\"og:title\" content=\"V\u00e4rld av online dating - Online Adult Dating\" \/>\n<meta property=\"og:description\" content=\"V\u00e4rlden av online dating har f\u00f6r\u00e4ndrats dramatiskt under det senaste decenniet. Numera finns det m\u00e5nga val f\u00f6r att hitta k\u00e4rlek &#8211; fr\u00e5n traditionella matchmaking-tj\u00e4nster till nischappar som tillgodoser specifika intressen. Men vilka \u00e4r v\u00e4rda att kolla in? Vi har sammanst\u00e4llt v\u00e5ra favorit dejtingsajter baserat p\u00e5 kategorier som kostnad, funktioner, popularitet och anv\u00e4ndarv\u00e4nlighet. Hur vi rankar...Read more\" \/>\n<meta property=\"og:url\" content=\"https:\/\/theyoungmessiah.com\/sv\/\" \/>\n<meta property=\"og:site_name\" content=\"Online Adult Dating\" \/>\n<meta property=\"og:image\" content=\"http:\/\/theyoungmessiah.com\/wp-content\/uploads\/2022\/10\/hookup-finder.jpeg\" \/>\n\t<meta property=\"og:image:width\" content=\"1600\" \/>\n\t<meta property=\"og:image:height\" content=\"1067\" \/>\n<meta name=\"twitter:card\" content=\"summary_large_image\" \/>\n<meta name=\"twitter:label1\" content=\"Ber\u00e4knad l\u00e4stid\" \/>\n\t<meta name=\"twitter:data1\" content=\"5 minuter\" \/>\n<script type=\"application\/ld+json\" class=\"yoast-schema-graph\">{\"@context\":\"https:\/\/schema.org\",\"@graph\":[{\"@type\":\"WebSite\",\"@id\":\"https:\/\/theyoungmessiah.com\/sv\/#website\",\"url\":\"https:\/\/theyoungmessiah.com\/sv\/\",\"name\":\"Online Adult Dating\",\"description\":\"Local Sex Hookups\",\"potentialAction\":[{\"@type\":\"SearchAction\",\"target\":{\"@type\":\"EntryPoint\",\"urlTemplate\":\"https:\/\/theyoungmessiah.com\/sv\/?s={search_term_string}\"},\"query-input\":\"required name=search_term_string\"}],\"inLanguage\":\"sv-SE\"},{\"@type\":\"ImageObject\",\"@id\":\"https:\/\/theyoungmessiah.com\/sv\/#primaryimage\",\"inLanguage\":\"sv-SE\",\"url\":\"https:\/\/theyoungmessiah.com\/wp-content\/uploads\/2022\/10\/hookup-finder.jpeg\",\"contentUrl\":\"https:\/\/theyoungmessiah.com\/wp-content\/uploads\/2022\/10\/hookup-finder.jpeg\",\"width\":1600,\"height\":1067},{\"@type\":\"WebPage\",\"@id\":\"https:\/\/theyoungmessiah.com\/sv\/#webpage\",\"url\":\"https:\/\/theyoungmessiah.com\/sv\/\",\"name\":\"V\\u00e4rld av online dating - Online Adult Dating\",\"isPartOf\":{\"@id\":\"https:\/\/theyoungmessiah.com\/sv\/#website\"},\"primaryImageOfPage\":{\"@id\":\"https:\/\/theyoungmessiah.com\/sv\/#primaryimage\"},\"datePublished\":\"2022-10-12T11:56:34+00:00\",\"dateModified\":\"2022-10-12T11:56:34+00:00\",\"breadcrumb\":{\"@id\":\"https:\/\/theyoungmessiah.com\/sv\/#breadcrumb\"},\"inLanguage\":\"sv-SE\",\"potentialAction\":[{\"@type\":\"ReadAction\",\"target\":[\"https:\/\/theyoungmessiah.com\/sv\/\"]}]},{\"@type\":\"BreadcrumbList\",\"@id\":\"https:\/\/theyoungmessiah.com\/sv\/#breadcrumb\",\"itemListElement\":[{\"@type\":\"ListItem\",\"position\":1,\"name\":\"Home\",\"item\":\"http:\/\/theyoungmessiah.com\/sv\/\"},{\"@type\":\"ListItem\",\"position\":2,\"name\":\"V\\u00e4rld av online dating\"}]}]}<\/script>\n<!-- \/ Yoast SEO plugin. -->","yoast_head_json":{"title":"V\u00e4rld av online dating - Online Adult Dating","robots":{"index":"index","follow":"follow","max-snippet":"max-snippet:-1","max-image-preview":"max-image-preview:large","max-video-preview":"max-video-preview:-1"},"canonical":"https:\/\/theyoungmessiah.com\/sv\/","og_locale":"sv_SE","og_type":"article","og_title":"V\u00e4rld av online dating - Online Adult Dating","og_description":"V\u00e4rlden av online dating har f\u00f6r\u00e4ndrats dramatiskt under det senaste decenniet. Numera finns det m\u00e5nga val f\u00f6r att hitta k\u00e4rlek &#8211; fr\u00e5n traditionella matchmaking-tj\u00e4nster till nischappar som tillgodoser specifika intressen. Men vilka \u00e4r v\u00e4rda att kolla in? Vi har sammanst\u00e4llt v\u00e5ra favorit dejtingsajter baserat p\u00e5 kategorier som kostnad, funktioner, popularitet och anv\u00e4ndarv\u00e4nlighet. Hur vi rankar...Read more","og_url":"https:\/\/theyoungmessiah.com\/sv\/","og_site_name":"Online Adult Dating","og_image":[{"width":1600,"height":1067,"url":"http:\/\/theyoungmessiah.com\/wp-content\/uploads\/2022\/10\/hookup-finder.jpeg","type":"image\/jpeg"}],"twitter_card":"summary_large_image","twitter_misc":{"Ber\u00e4knad l\u00e4stid":"5 minuter"},"schema":{"@context":"https:\/\/schema.org","@graph":[{"@type":"WebSite","@id":"https:\/\/theyoungmessiah.com\/sv\/#website","url":"https:\/\/theyoungmessiah.com\/sv\/","name":"Online Adult Dating","description":"Local Sex Hookups","potentialAction":[{"@type":"SearchAction","target":{"@type":"EntryPoint","urlTemplate":"https:\/\/theyoungmessiah.com\/sv\/?s={search_term_string}"},"query-input":"required name=search_term_string"}],"inLanguage":"sv-SE"},{"@type":"ImageObject","@id":"https:\/\/theyoungmessiah.com\/sv\/#primaryimage","inLanguage":"sv-SE","url":"https:\/\/theyoungmessiah.com\/wp-content\/uploads\/2022\/10\/hookup-finder.jpeg","contentUrl":"https:\/\/theyoungmessiah.com\/wp-content\/uploads\/2022\/10\/hookup-finder.jpeg","width":1600,"height":1067},{"@type":"WebPage","@id":"https:\/\/theyoungmessiah.com\/sv\/#webpage","url":"https:\/\/theyoungmessiah.com\/sv\/","name":"V\u00e4rld av online dating - Online Adult Dating","isPartOf":{"@id":"https:\/\/theyoungmessiah.com\/sv\/#website"},"primaryImageOfPage":{"@id":"https:\/\/theyoungmessiah.com\/sv\/#primaryimage"},"datePublished":"2022-10-12T11:56:34+00:00","dateModified":"2022-10-12T11:56:34+00:00","breadcrumb":{"@id":"https:\/\/theyoungmessiah.com\/sv\/#breadcrumb"},"inLanguage":"sv-SE","potentialAction":[{"@type":"ReadAction","target":["https:\/\/theyoungmessiah.com\/sv\/"]}]},{"@type":"BreadcrumbList","@id":"https:\/\/theyoungmessiah.com\/sv\/#breadcrumb","itemListElement":[{"@type":"ListItem","position":1,"name":"Home","item":"http:\/\/theyoungmessiah.com\/sv\/"},{"@type":"ListItem","position":2,"name":"V\u00e4rld av online dating"}]}]}},"_links":{"self":[{"href":"https:\/\/theyoungmessiah.com\/sv\/wp-json\/wp\/v2\/pages\/339"}],"collection":[{"href":"https:\/\/theyoungmessiah.com\/sv\/wp-json\/wp\/v2\/pages"}],"about":[{"href":"https:\/\/theyoungmessiah.com\/sv\/wp-json\/wp\/v2\/types\/page"}],"author":[{"embeddable":true,"href":"https:\/\/theyoungmessiah.com\/sv\/wp-json\/wp\/v2\/users\/1"}],"replies":[{"embeddable":true,"href":"https:\/\/theyoungmessiah.com\/sv\/wp-json\/wp\/v2\/comments?post=339"}],"version-history":[{"count":0,"href":"https:\/\/theyoungmessiah.com\/sv\/wp-json\/wp\/v2\/pages\/339\/revisions"}],"wp:featuredmedia":[{"embeddable":true,"href":"https:\/\/theyoungmessiah.com\/sv\/wp-json\/wp\/v2\/media\/134"}],"wp:attachment":[{"href":"https:\/\/theyoungmessiah.com\/sv\/wp-json\/wp\/v2\/media?parent=339"}],"curies":[{"name":"wp","href":"https:\/\/api.w.org\/{rel}","templated":true}]}}